
{"id":2989,"date":"2022-05-09T17:15:33","date_gmt":"2022-05-09T17:15:33","guid":{"rendered":"https:\/\/sic.nodscloud.com\/javeriana\/?page_id=2989"},"modified":"2023-02-14T12:16:19","modified_gmt":"2023-02-14T12:16:19","slug":"javeriana-preguntas-frecuentes","status":"publish","type":"page","link":"https:\/\/sic.nodscloud.com\/javeriana\/javeriana-preguntas-frecuentes\/","title":{"rendered":"JAVERIANA &#8211; preguntas frecuentes"},"content":{"rendered":"<p>[vc_row css_animation=\u00bb\u00bb row_type=\u00bbrow\u00bb use_row_as_full_screen_section=\u00bbno\u00bb type=\u00bbfull_width\u00bb angled_section=\u00bbno\u00bb text_align=\u00bbleft\u00bb background_image_as_pattern=\u00bbwithout_pattern\u00bb][vc_column][vc_column_text]<\/p>\n<h1 style=\"text-align: center;\"><strong>Preguntas Frecuentes<\/strong><\/h1>\n<h1 style=\"text-align: center;\"><strong>JAVERIANA<\/strong><\/h1>\n<p>&nbsp;<\/p>\n<p>&nbsp;<\/p>\n<p>&nbsp;<\/p>\n<h3><span style=\"color: #0000ff;\"><strong><a style=\"color: #0000ff;\" href=\"https:\/\/sic.nodscloud.com\/javeriana\/wp-content\/uploads\/sites\/22\/2022\/11\/CALENDARIO-GENERAL-2023-PUJ.pdf\" target=\"_blank\" rel=\"noopener\">Calendario General 2023<\/a><\/strong><\/span><\/h3>\n<h3><span style=\"color: #0000ff;\"><strong><a style=\"color: #0000ff;\" href=\"https:\/\/docs.google.com\/spreadsheets\/d\/1o3yO8nRiGdqlDNeH52hEEHSIFrhdHC-o834ND5uOmYw\/edit?usp=sharing\" target=\"_blank\" rel=\"noopener\">Preguntas Especificas &#8211; Grupo de WhatsApp<\/a><\/strong><\/span><\/h3>\n<p>&nbsp;<\/p>\n<h3><span style=\"color: #0000ff;\"><strong><a href=\"https:\/\/docs.google.com\/spreadsheets\/d\/1dczzKCwr6n-OFjTgIo-UxwN8nvVCw37DZzA3vKr6RYk\/edit#gid=0\" target=\"_blank\" rel=\"noopener\">DRIVE de Facultad &#8211; Programa Acad\u00e9mico &#8211; PERIODO DE INGRESO &#8211; Fecha Apertura &#8211; Inscripciones &#8211; Fecha Cierre Inscripciones<\/a><\/strong><\/span><\/h3>\n<p>&nbsp;<\/p>\n<h3><span style=\"color: #0000ff;\"><strong><a style=\"color: #0000ff;\" href=\"https:\/\/drive.google.com\/drive\/folders\/1ME-tjbk1nfZcAzacVmp0iJhLS0_Mxydv?usp=sharing\" target=\"_blank\" rel=\"noopener\">Capacitaciones grabadas de Javeriana<\/a><\/strong><\/span><\/h3>\n<p>&nbsp;<\/p>\n<h3><span style=\"color: #0000ff;\"><strong><a style=\"color: #0000ff;\" href=\"https:\/\/livejaverianaedu-my.sharepoint.com\/:x:\/r\/personal\/catalina_vallejo_javeriana_edu_co\/_layouts\/15\/Doc.aspx?sourcedoc=%7B8A10BC72-77F9-4AC9-8339-BD623D6C336C%7D&amp;file=Planes%20de%20estudio%20pregrado%20y%20posgrado%20OCTUBRE2021.xlsx&amp;action=default&amp;mobileredirect=true\" target=\"_blank\" rel=\"noopener\">Planes de estudios &#8211; Pregrado y Posgrado<\/a><\/strong><\/span><\/h3>\n<p>&nbsp;<\/p>\n<p>&nbsp;<\/p>\n<h4><strong>PREGUNTAS FRECUENTES<\/strong><\/h4>\n<p><strong>1- \u00bfPuedo inscribirme a m\u00e1s de un Programa?<\/strong><br \/>\nS\u00ed, debes completar todo el proceso anterior incluyendo el pago por cada programa.<\/p>\n<p>&nbsp;<\/p>\n<p><strong>2- Despu\u00e9s de realizar el pago de inscripci\u00f3n \u00bfEn cu\u00e1nto tiempo me contactan para la entrevista?<\/strong><br \/>\nDesde la Facultad programamos la entrevista o el reto en grupo (dependiendo del programa al que te inscribiste) y te informamos por correo electr\u00f3nico la fecha designada durante la semana posterior a tu inscripci\u00f3n. Como aspirante tu no realizas el agendamiento de la cita.<\/p>\n<p>&nbsp;<\/p>\n<p><strong>3- \u00bfQu\u00e9 pasa si no puedo asistir a la entrevista?<\/strong><br \/>\nPuedes solicitar reprogramaci\u00f3n de la entrevista respondiendo al correo del cual te enviaron la citaci\u00f3n.<\/p>\n<p>&nbsp;<\/p>\n<p><strong>4- \u00bfC\u00f3mo es la entrevista?<\/strong><br \/>\nDepende del programa, puede ser un reto en grupo o una entrevista con un profesor.<\/p>\n<p>&nbsp;<\/p>\n<p><strong>5- \u00bfEn cu\u00e1nto tiempo me dan resultados de admisi\u00f3n?<\/strong><br \/>\nLos resultados tardan en promedio dos semanas y te enviaremos al correo registrado una carta con los resultados y los pasos a seguir en el proceso. Tambi\u00e9n puedes consultarlos en la p\u00e1gina de \u201cACCESO ADMISIONES\u201d. Es importante mencionar que el resultado depende, tambi\u00e9n, que cargues en la plataforma todos los documentos solicitados (calificaciones del colegio o resultados de la prueba saber 11, documento de identificaci\u00f3n)<\/p>\n<p>&nbsp;<\/p>\n<p><strong>6- Soy extranjero, \u00bfcomo puedo convalidar mi titulo en Colombia?\u00a0<\/strong><br \/>\n<span style=\"color: #0000ff;\"><a style=\"color: #0000ff;\" href=\"https:\/\/www.mineducacion.gov.co\/portal\/convalidaciones\/Convalidaciones-Educacion-Superior\/350670:Conozca-el-proceso\" target=\"_blank\" rel=\"noopener\">Convalidaci\u00f3n de T\u00edtulos obtenidos en el Exterior<\/a><\/span><\/p>\n<p>&nbsp;<\/p>\n<p><strong>7- \u00bfQuienes deben inscribirse en el RETHUS?<\/strong><br \/>\nToda persona egresada de una facultad o programa de enfermer\u00eda en Colombia, o extranjera que ha convalidado previamente su t\u00edtulo profesional ante el Ministerio de Educaci\u00f3n Nacional y pretenda ejercer la profesi\u00f3n, debe inscribirse en el RETHUS sin ning\u00fan costo.<\/p>\n<p>&nbsp;<\/p>\n<p><strong>8- Descuento y convenios para estudiantes de Pregrado<\/strong><\/p>\n<ul>\n<li><span style=\"color: #0000ff;\"><a style=\"color: #0000ff;\" href=\"https:\/\/www.javeriana.edu.co\/construye-futuro\/opciones\/descuentos-estudiante-pregrado\/\" target=\"_blank\" rel=\"noopener\">Descuento hermanos Javerianos<\/a><\/span><\/li>\n<li><span style=\"color: #0000ff;\">Beneficios Ministerio de Defensa<\/span><\/li>\n<li><span style=\"color: #0000ff;\">Otros descuentos<\/span><\/li>\n<li><span style=\"color: #0000ff;\">Familias Javerianas<\/span><\/li>\n<li><span style=\"color: #0000ff;\"><a style=\"color: #0000ff;\" href=\"https:\/\/sic.nodscloud.com\/javeriana\/wp-content\/uploads\/sites\/22\/2022\/08\/Presentacio\u0301n-Convenios.pdf\" target=\"_blank\" rel=\"noopener\">Convenios<\/a><\/span><\/li>\n<\/ul>\n<p>&nbsp;<\/p>\n<p><strong>9- Gu\u00eda de solicitud de cr\u00e9dito directo con la Universidad, documento de alta demanda por nuestros estudiantes<\/strong><br \/>\n<span style=\"color: #0000ff;\"><a style=\"color: #0000ff;\" href=\"https:\/\/sic.nodscloud.com\/javeriana\/wp-content\/uploads\/sites\/22\/2022\/09\/FI-P12-G32-Gui\u0301a-de-usuario-Solicitud-de-cre\u0301dito-directo-con-la-universidad-estudiantes-pregrado-y-posgrado.pdf\" target=\"_blank\" rel=\"noopener\">GU\u00cdA PARA SOLICITUD CR\u00c9DITO (NUEVO O RENOVACI\u00d3N DE CR\u00c9DITO)<\/a><\/span><\/p>\n<p>&nbsp;<\/p>\n<p><strong>10- Actualizaci\u00f3n Cuotas Vencidas <\/strong><span style=\"color: #0000ff;\"><a style=\"color: #0000ff;\" href=\"https:\/\/sic.nodscloud.com\/javeriana\/wp-content\/uploads\/sites\/22\/2022\/09\/ACTUALIZACIO\u0301N-CUOTAS-VENCIDAS.pdf\" target=\"_blank\" rel=\"noopener\">(VER ARCHIVO)<\/a><\/span><br \/>\nUn volumen importante de llamadas recibidas son\u00a0 para actualizar la factura de cuota(s) vencidas. En la gran mayor\u00eda de casos el estudiante puede hacer el proceso a trav\u00e9s del Autoservicio y para esto tambi\u00e9n tenemos una gu\u00eda.<\/p>\n<p>&nbsp;<\/p>\n<p><strong>11- <span style=\"color: #0000ff;\"><a style=\"color: #0000ff;\" href=\"https:\/\/sic.nodscloud.com\/javeriana\/wp-content\/uploads\/sites\/22\/2022\/10\/Anexo-1.-Acuerdo-Cre\u0301ditos-Condonables-para-Maestri\u0301as-y-Doctorados-\u2013-primer-Semestre-de-2023.docx\" target=\"_blank\" rel=\"noopener\">Anexo 1. Acuerdo Cre\u0301ditos Condonables para Maestri\u0301as y Doctorados \u2013 primer Semestre de 2023<\/a><\/span><\/strong><\/p>\n<p>&nbsp;<\/p>\n<p><strong>12- <span style=\"color: #0000ff;\"><a style=\"color: #0000ff;\" href=\"https:\/\/sic.nodscloud.com\/javeriana\/wp-content\/uploads\/sites\/22\/2022\/10\/Anexo-2.-Formato-de-Renovacio\u0301n-y-Culminacio\u0301n.docx\" target=\"_blank\" rel=\"noopener\">Anexo 2. Formato de Renovacio\u0301n y Culminacio\u0301n<\/a><\/span><\/strong><\/p>\n<p>&nbsp;<\/p>\n<p><strong>13- <a href=\"Convocatoria Cre\u0301ditos Condonables Facultad de Arquitectura y Disen\u0303o \u2013 Orientaciones 2023-1\" target=\"_blank\" rel=\"noopener\"><span style=\"color: #0000ff;\">Convocatoria Cre\u0301ditos Condonables Facultad de Arquitectura y Disen\u0303o \u2013 Orientaciones 2023-1<\/span><\/a><\/strong><\/p>\n<p>&nbsp;<\/p>\n<p><strong>14- <a href=\"https:\/\/sic.nodscloud.com\/javeriana\/wp-content\/uploads\/sites\/22\/2022\/12\/Presentacion-Convenios.pdf\" target=\"_blank\" rel=\"noopener\"><span style=\"color: #0000ff;\">Convenios<\/span><\/a><\/strong><\/p>\n<p>&nbsp;<\/p>\n<p>&nbsp;<\/p>\n<p>&nbsp;<\/p>\n<p>&nbsp;<\/p>\n<p>&nbsp;<\/p>\n<p>&nbsp;<\/p>\n<p>&nbsp;<\/p>\n<p>&nbsp;<\/p>\n<p>.<\/p>\n<p>[\/vc_column_text][\/vc_column][\/vc_row]<\/p>\n","protected":false},"excerpt":{"rendered":"<p>[vc_row css_animation=\u00bb\u00bb row_type=\u00bbrow\u00bb use_row_as_full_screen_section=\u00bbno\u00bb type=\u00bbfull_width\u00bb angled_section=\u00bbno\u00bb text_align=\u00bbleft\u00bb background_image_as_pattern=\u00bbwithout_pattern\u00bb][vc_column][vc_column_text] Preguntas Frecuentes JAVERIANA &nbsp; &nbsp; &nbsp; Calendario General 2023 Preguntas Especificas &#8211; Grupo de WhatsApp &nbsp; DRIVE de Facultad &#8211; Programa Acad\u00e9mico &#8211; PERIODO DE INGRESO &#8211; Fecha Apertura &#8211; Inscripciones &#8211; Fecha Cierre Inscripciones &nbsp; Capacitaciones&#8230;<\/p>\n","protected":false},"author":16,"featured_media":0,"parent":0,"menu_order":0,"comment_status":"closed","ping_status":"closed","template":"","meta":{"footnotes":""},"class_list":["post-2989","page","type-page","status-publish","hentry"],"aioseo_notices":[],"_links":{"self":[{"href":"https:\/\/sic.nodscloud.com\/javeriana\/wp-json\/wp\/v2\/pages\/2989","targetHints":{"allow":["GET"]}}],"collection":[{"href":"https:\/\/sic.nodscloud.com\/javeriana\/wp-json\/wp\/v2\/pages"}],"about":[{"href":"https:\/\/sic.nodscloud.com\/javeriana\/wp-json\/wp\/v2\/types\/page"}],"author":[{"embeddable":true,"href":"https:\/\/sic.nodscloud.com\/javeriana\/wp-json\/wp\/v2\/users\/16"}],"replies":[{"embeddable":true,"href":"https:\/\/sic.nodscloud.com\/javeriana\/wp-json\/wp\/v2\/comments?post=2989"}],"version-history":[{"count":26,"href":"https:\/\/sic.nodscloud.com\/javeriana\/wp-json\/wp\/v2\/pages\/2989\/revisions"}],"predecessor-version":[{"id":3247,"href":"https:\/\/sic.nodscloud.com\/javeriana\/wp-json\/wp\/v2\/pages\/2989\/revisions\/3247"}],"wp:attachment":[{"href":"https:\/\/sic.nodscloud.com\/javeriana\/wp-json\/wp\/v2\/media?parent=2989"}],"curies":[{"name":"wp","href":"https:\/\/api.w.org\/{rel}","templated":true}]}}