
{"id":3135,"date":"2022-10-11T20:26:40","date_gmt":"2022-10-11T20:26:40","guid":{"rendered":"https:\/\/sic.nodscloud.com\/javeriana\/?page_id=3135"},"modified":"2022-10-11T20:54:39","modified_gmt":"2022-10-11T20:54:39","slug":"javeriana-consultas-de-apoyo-financiero","status":"publish","type":"page","link":"https:\/\/sic.nodscloud.com\/javeriana\/javeriana-consultas-de-apoyo-financiero\/","title":{"rendered":"Javeriana &#8211; Consultas de Apoyo Financiero"},"content":{"rendered":"<h1 style=\"text-align: center;\"><strong>Consultas de Apoyo Financiero<\/strong><\/h1>\n<h1 style=\"text-align: center;\"><strong>JAVERIANA IN<\/strong><\/h1>\n<p>&nbsp;<\/p>\n<p>&nbsp;<\/p>\n<p><span style=\"font-weight: 400;\">Los diferentes casos o consultas los pueden escalar a trav\u00e9s del grupo de Whatsapp de Apoyo Financiero detallando cada caso.<\/span><\/p>\n<p>&nbsp;<\/p>\n<h4><b>Ejemplos:<\/b><\/h4>\n<p><span style=\"font-weight: 400;\">Nombre estudiante de la U \/ Aspirante a ingresar a la U: <span style=\"color: #ff0000;\">Fabi\u00e1n Jara<\/span><\/span><\/p>\n<p><span style=\"font-weight: 400;\">C.C.: <span style=\"color: #ff0000;\">C\u00e9dula de Ciudadan\u00eda o T I (Tarjeta de Identidad para los menos de edad)<\/span><\/span><\/p>\n<p><span style=\"font-weight: 400;\">ID: <span style=\"color: #ff0000;\">(esto lo podr\u00e1n consultar cuando ya tengan usuarios para ingresar al sistema)<\/span><\/span><\/p>\n<p><span style=\"font-weight: 400;\">Celular: <span style=\"color: #ff0000;\">312 573 94 90<\/span>\u00a0<\/span><\/p>\n<p><span style=\"font-weight: 400;\">Programa: <span style=\"color: #ff0000;\">Pregrado o Posgrado<\/span><\/span><\/p>\n<p><span style=\"font-weight: 400;\">Solicitud: <span style=\"color: #ff0000;\">Caso que nos trasmiten, detallar la situaci\u00f3n<\/span><\/span><\/p>\n<p>&nbsp;<\/p>\n<p>&nbsp;<\/p>\n<p><b>Ejemplos de caso reales podr\u00eda ser:<\/b><\/p>\n<p><span style=\"font-weight: 400;\">Nombre estudiante: <span style=\"color: #ff0000;\">Fabi\u00e1n Jara<\/span><\/span><\/p>\n<p><span style=\"font-weight: 400;\">C.C: <span style=\"color: #ff0000;\">1032438827<\/span><\/span><\/p>\n<p><span style=\"font-weight: 400;\">ID: <span style=\"color: #ff0000;\">00020403058<\/span><\/span><\/p>\n<p><span style=\"font-weight: 400;\">Celular: <span style=\"color: #ff0000;\">312 573 94 90\u00a0<\/span><\/span><\/p>\n<p><span style=\"font-weight: 400;\">Programa: <span style=\"color: #ff0000;\">Especializaci\u00f3n en Administraci\u00f3n<\/span><\/span><\/p>\n<p><span style=\"font-weight: 400;\">Solicitud: <span style=\"color: #ff0000;\">Se comunica estudiante para saber a partir de qu\u00e9 fecha puede renovar el cr\u00e9dito con la Universidad.<\/span><\/span><\/p>\n<p>&nbsp;<\/p>\n<p><span style=\"font-weight: 400;\">Nombre aspirante a la U: <span style=\"color: #ff0000;\">Laura P\u00e9rez<\/span><\/span><\/p>\n<p><span style=\"font-weight: 400;\">C.C: <span style=\"color: #ff0000;\">1019090415<\/span><\/span><\/p>\n<p><span style=\"font-weight: 400;\">ID: <span style=\"color: #ff0000;\">00020403058<\/span><\/span><\/p>\n<p><span style=\"font-weight: 400;\">Celular: <span style=\"color: #ff0000;\">310 775 28 97\u00a0<\/span><\/span><\/p>\n<p><span style=\"font-weight: 400;\">Programa: <span style=\"color: #ff0000;\">Periodismo<\/span><\/span><\/p>\n<p><span style=\"font-weight: 400;\">Solicitud: <span style=\"color: #ff0000;\">Se comunica mam\u00e1 de una estudiante de colegio que quiere ingresar a la Universidad y desea saber cu\u00e1l es el costo para la carrera de Periodismo y qu\u00e9 tipo de cr\u00e9ditos o financiaci\u00f3n aplican para esta carrera.<\/span><\/span><\/p>\n<p>&nbsp;<\/p>\n<p>&nbsp;<\/p>\n<p>&nbsp;<\/p>\n<p>&nbsp;<\/p>\n<p>.<\/p>\n<p>&nbsp;<\/p>\n","protected":false},"excerpt":{"rendered":"<p>Consultas de Apoyo Financiero JAVERIANA IN &nbsp; &nbsp; Los diferentes casos o consultas los pueden escalar a trav\u00e9s del grupo de Whatsapp de Apoyo Financiero detallando cada caso. &nbsp; Ejemplos: Nombre estudiante de la U \/ Aspirante a ingresar a la U: Fabi\u00e1n Jara C.C.:&#8230;<\/p>\n","protected":false},"author":16,"featured_media":0,"parent":0,"menu_order":0,"comment_status":"closed","ping_status":"closed","template":"","meta":{"footnotes":""},"class_list":["post-3135","page","type-page","status-publish","hentry"],"aioseo_notices":[],"_links":{"self":[{"href":"https:\/\/sic.nodscloud.com\/javeriana\/wp-json\/wp\/v2\/pages\/3135","targetHints":{"allow":["GET"]}}],"collection":[{"href":"https:\/\/sic.nodscloud.com\/javeriana\/wp-json\/wp\/v2\/pages"}],"about":[{"href":"https:\/\/sic.nodscloud.com\/javeriana\/wp-json\/wp\/v2\/types\/page"}],"author":[{"embeddable":true,"href":"https:\/\/sic.nodscloud.com\/javeriana\/wp-json\/wp\/v2\/users\/16"}],"replies":[{"embeddable":true,"href":"https:\/\/sic.nodscloud.com\/javeriana\/wp-json\/wp\/v2\/comments?post=3135"}],"version-history":[{"count":2,"href":"https:\/\/sic.nodscloud.com\/javeriana\/wp-json\/wp\/v2\/pages\/3135\/revisions"}],"predecessor-version":[{"id":3139,"href":"https:\/\/sic.nodscloud.com\/javeriana\/wp-json\/wp\/v2\/pages\/3135\/revisions\/3139"}],"wp:attachment":[{"href":"https:\/\/sic.nodscloud.com\/javeriana\/wp-json\/wp\/v2\/media?parent=3135"}],"curies":[{"name":"wp","href":"https:\/\/api.w.org\/{rel}","templated":true}]}}