
{"id":3248,"date":"2023-02-14T12:21:35","date_gmt":"2023-02-14T12:21:35","guid":{"rendered":"https:\/\/sic.nodscloud.com\/javeriana\/?page_id=3248"},"modified":"2023-02-17T12:29:28","modified_gmt":"2023-02-17T12:29:28","slug":"capacitaciones","status":"publish","type":"page","link":"https:\/\/sic.nodscloud.com\/javeriana\/capacitaciones\/","title":{"rendered":"Capacitaciones"},"content":{"rendered":"<p><img loading=\"lazy\" decoding=\"async\" class=\"size-medium wp-image-3011 aligncenter\" src=\"https:\/\/sic.nodscloud.com\/javeriana\/wp-content\/uploads\/sites\/22\/2021\/05\/logo-universidad-pontifica-javeriana-300x101.png\" alt=\"\" width=\"300\" height=\"101\" srcset=\"https:\/\/sic.nodscloud.com\/javeriana\/wp-content\/uploads\/sites\/22\/2021\/05\/logo-universidad-pontifica-javeriana-300x101.png 300w, https:\/\/sic.nodscloud.com\/javeriana\/wp-content\/uploads\/sites\/22\/2021\/05\/logo-universidad-pontifica-javeriana-1024x346.png 1024w, https:\/\/sic.nodscloud.com\/javeriana\/wp-content\/uploads\/sites\/22\/2021\/05\/logo-universidad-pontifica-javeriana-768x259.png 768w, https:\/\/sic.nodscloud.com\/javeriana\/wp-content\/uploads\/sites\/22\/2021\/05\/logo-universidad-pontifica-javeriana-1536x519.png 1536w, https:\/\/sic.nodscloud.com\/javeriana\/wp-content\/uploads\/sites\/22\/2021\/05\/logo-universidad-pontifica-javeriana-700x236.png 700w, https:\/\/sic.nodscloud.com\/javeriana\/wp-content\/uploads\/sites\/22\/2021\/05\/logo-universidad-pontifica-javeriana.png 1641w\" sizes=\"auto, (max-width: 300px) 100vw, 300px\" \/><\/p>\n<ul>\n<li><span style=\"color: #0000ff;\"><a style=\"color: #0000ff;\" href=\"https:\/\/drive.google.com\/drive\/folders\/1wgL9wHBY-ldxNrxKbNjzbrzBLBuMT3by\" target=\"_blank\" rel=\"noopener\">Facultad de Arquitectura y Dise\u00f1o<\/a><\/span><\/li>\n<li><span style=\"color: #0000ff;\"><a style=\"color: #0000ff;\" href=\"https:\/\/drive.google.com\/drive\/folders\/1QgFo7E_t2fI-X9zY-hnlJuMmvuSmiF00\" target=\"_blank\" rel=\"noopener\">Facultad de Artes<\/a><\/span><\/li>\n<li><span style=\"color: #0000ff;\"><a style=\"color: #0000ff;\" href=\"https:\/\/drive.google.com\/drive\/folders\/1jvb7mP28BuwPHHqn5At0ckltYYM6t3MX\" target=\"_blank\" rel=\"noopener\">Facultad de Ciencias<\/a><\/span><\/li>\n<li><span style=\"color: #0000ff;\"><a style=\"color: #0000ff;\" href=\"https:\/\/drive.google.com\/drive\/folders\/1aR0vsJD5pF0dv7Bq8-g0LCiiFvNDHlWa\" target=\"_blank\" rel=\"noopener\">Facultad de Ciencias Econ\u00f3micas y Administrativas<\/a><\/span><\/li>\n<li><span style=\"color: #0000ff;\"><a style=\"color: #0000ff;\" href=\"https:\/\/drive.google.com\/drive\/folders\/1GIYAn0EMv8jRQ6lZW5BCNhbOe09JcYdC\" target=\"_blank\" rel=\"noopener\">Facultad de Ciencias Jur\u00eddicas<\/a><\/span><\/li>\n<li><span style=\"color: #0000ff;\"><a style=\"color: #0000ff;\" href=\"https:\/\/drive.google.com\/drive\/folders\/1eHBuMORxURVSMYW0RcEnLPU61jtBX67L\" target=\"_blank\" rel=\"noopener\">Facultad de Ciencias Sociales<\/a><\/span><\/li>\n<li><span style=\"color: #0000ff;\"><a style=\"color: #0000ff;\" href=\"https:\/\/drive.google.com\/drive\/folders\/1y_T7FkhlDU3oBEMdRanNKC3EKAMBzOdc\" target=\"_blank\" rel=\"noopener\">Facultad de Comunicaci\u00f3n y Lenguaje<\/a><\/span><\/li>\n<li><span style=\"color: #0000ff;\"><a style=\"color: #0000ff;\" href=\"https:\/\/drive.google.com\/drive\/folders\/1DbwLK1i-mPxKuwGPJVkdtOq6yX43DJau\" target=\"_blank\" rel=\"noopener\">Facultad de Educaci\u00f3n<\/a><\/span><\/li>\n<li><span style=\"color: #0000ff;\"><a style=\"color: #0000ff;\" href=\"https:\/\/drive.google.com\/drive\/folders\/1UcaNlhiAgnHmD5CsG0NFFeAVEL7cNpXb\" target=\"_blank\" rel=\"noopener\">Facultad de Enfermer\u00eda<\/a><\/span><\/li>\n<li><span style=\"color: #0000ff;\"><a style=\"color: #0000ff;\" href=\"https:\/\/drive.google.com\/drive\/folders\/1g_ij1yu0tizARzRjNFqYoP5PBJqkzkj-\" target=\"_blank\" rel=\"noopener\">Facultad de Estudios Ambientales y Rurales<\/a><\/span><\/li>\n<li><span style=\"color: #0000ff;\"><a style=\"color: #0000ff;\" href=\"https:\/\/drive.google.com\/drive\/folders\/1nLzUG_mCgdP7VGgGQvRzyTxhkZJ4HdY-\" target=\"_blank\" rel=\"noopener\">Facultad de Ingenier\u00eda<\/a><\/span><\/li>\n<li><span style=\"color: #0000ff;\"><a style=\"color: #0000ff;\" href=\"https:\/\/drive.google.com\/drive\/folders\/1FLGsfIiKuN23mwsnmxWCIEA9BiMSCtka\" target=\"_blank\" rel=\"noopener\">Facultad de Medicina<\/a><\/span><\/li>\n<li><span style=\"color: #0000ff;\"><a style=\"color: #0000ff;\" href=\"https:\/\/drive.google.com\/drive\/folders\/19k31Nzm26VdiuJVWwhEoguQtkK2VEwqD\" target=\"_blank\" rel=\"noopener\">Facultad de Odontolog\u00eda<\/a><\/span><\/li>\n<li><span style=\"color: #0000ff;\"><a style=\"color: #0000ff;\" href=\"https:\/\/drive.google.com\/drive\/folders\/1E4rZEI8__dwAHNYcIj2ep4S8X-gyav3L\" target=\"_blank\" rel=\"noopener\">Facultad de Psicolog\u00eda<\/a><\/span><\/li>\n<li><span style=\"color: #0000ff;\"><a style=\"color: #0000ff;\" href=\"https:\/\/drive.google.com\/drive\/folders\/1ASDHJdFxMoVUxBlxRJQWlNynT8dRoCl8\" target=\"_blank\" rel=\"noopener\">Facultad de Teolog\u00eda<\/a><\/span><\/li>\n<li><span style=\"color: #0000ff;\"><a style=\"color: #0000ff;\" href=\"https:\/\/drive.google.com\/drive\/folders\/1D_PtHBRuc1wJUV6Ps9vmyENGz3ykHrH_\" target=\"_blank\" rel=\"noopener\">Instituto de Salud P\u00fablica<\/a><\/span><\/li>\n<li><span style=\"color: #0000ff;\"><a style=\"color: #0000ff;\" href=\"https:\/\/drive.google.com\/drive\/folders\/1aVLhduJpuIRQkPGeVnNYImh0trbiRVad\" target=\"_blank\" rel=\"noopener\">Apoyo Financiero<\/a><\/span><\/li>\n<\/ul>\n","protected":false},"excerpt":{"rendered":"<p>Facultad de Arquitectura y Dise\u00f1o Facultad de Artes Facultad de Ciencias Facultad de Ciencias Econ\u00f3micas y Administrativas Facultad de Ciencias Jur\u00eddicas Facultad de Ciencias Sociales Facultad de Comunicaci\u00f3n y Lenguaje Facultad de Educaci\u00f3n Facultad de Enfermer\u00eda Facultad de Estudios Ambientales y Rurales Facultad de Ingenier\u00eda&#8230;<\/p>\n","protected":false},"author":16,"featured_media":0,"parent":0,"menu_order":0,"comment_status":"closed","ping_status":"closed","template":"","meta":{"footnotes":""},"class_list":["post-3248","page","type-page","status-publish","hentry"],"aioseo_notices":[],"_links":{"self":[{"href":"https:\/\/sic.nodscloud.com\/javeriana\/wp-json\/wp\/v2\/pages\/3248","targetHints":{"allow":["GET"]}}],"collection":[{"href":"https:\/\/sic.nodscloud.com\/javeriana\/wp-json\/wp\/v2\/pages"}],"about":[{"href":"https:\/\/sic.nodscloud.com\/javeriana\/wp-json\/wp\/v2\/types\/page"}],"author":[{"embeddable":true,"href":"https:\/\/sic.nodscloud.com\/javeriana\/wp-json\/wp\/v2\/users\/16"}],"replies":[{"embeddable":true,"href":"https:\/\/sic.nodscloud.com\/javeriana\/wp-json\/wp\/v2\/comments?post=3248"}],"version-history":[{"count":6,"href":"https:\/\/sic.nodscloud.com\/javeriana\/wp-json\/wp\/v2\/pages\/3248\/revisions"}],"predecessor-version":[{"id":3255,"href":"https:\/\/sic.nodscloud.com\/javeriana\/wp-json\/wp\/v2\/pages\/3248\/revisions\/3255"}],"wp:attachment":[{"href":"https:\/\/sic.nodscloud.com\/javeriana\/wp-json\/wp\/v2\/media?parent=3248"}],"curies":[{"name":"wp","href":"https:\/\/api.w.org\/{rel}","templated":true}]}}