
{"id":3277,"date":"2023-07-14T14:20:48","date_gmt":"2023-07-14T14:20:48","guid":{"rendered":"https:\/\/sic.nodscloud.com\/javeriana\/?page_id=3277"},"modified":"2023-07-14T14:35:41","modified_gmt":"2023-07-14T14:35:41","slug":"extensiones-correos-facultades-javeriana","status":"publish","type":"page","link":"https:\/\/sic.nodscloud.com\/javeriana\/extensiones-correos-facultades-javeriana\/","title":{"rendered":"Extensiones\/Correos &#8211; Facultades Javeriana"},"content":{"rendered":"<table style=\"height: 2566px;\" width=\"1026\">\n<tbody>\n<tr>\n<td style=\"text-align: center;\" width=\"174\"><strong><span style=\"color: #000000;\">Facultades<\/span><\/strong><\/td>\n<td style=\"text-align: center;\" width=\"242\"><strong><span style=\"color: #000000;\">Nombres<\/span><\/strong><\/td>\n<td style=\"text-align: center;\" width=\"143\"><strong><span style=\"color: #000000;\">Extensiones<\/span><\/strong><\/td>\n<td style=\"text-align: center;\" width=\"223\"><strong><span style=\"color: #000000;\">Correo<\/span><\/strong><\/td>\n<td style=\"text-align: center;\" width=\"224\"><strong><span style=\"color: #000000;\">Cargo<\/span><\/strong><\/td>\n<\/tr>\n<tr>\n<td width=\"174\"><strong><span style=\"color: #000000;\">Ingenier\u00eda<\/span><\/strong><\/td>\n<td width=\"242\"><span style=\"color: #000000;\">\u00a0Carlos Alberto Parra Velez<\/span><br \/>\n<span style=\"color: #000000;\">Edison Hernandez Garzon<\/span><br \/>\n<span style=\"color: #000000;\">Martha Cortes Gonzalez<\/span><br \/>\n<span style=\"color: #000000;\">Sixta Del Carmen Herazo\u00a0<\/span><br \/>\n<span style=\"color: #000000;\">Yuri Natalia Romero Salgado<\/span><\/td>\n<td width=\"143\"><span style=\"color: #000000;\">5275<\/span><br \/>\n<span style=\"color: #000000;\">5273<\/span><br \/>\n<span style=\"color: #000000;\">5276<\/span><br \/>\n<span style=\"color: #000000;\">5394<\/span><br \/>\n<span style=\"color: #000000;\">5990<\/span><\/td>\n<td width=\"223\"><span style=\"color: #000000;\">cparra@javeriana.edu.co<\/span><br \/>\n<span style=\"color: #000000;\">edhernan@javeriana.edu.co<\/span><br \/>\n<span style=\"color: #000000;\">mycortes@javeriana.edu.co<\/span><br \/>\n<span style=\"color: #000000;\">sixta.herazo@javeriana.edu.co<\/span><br \/>\n<span style=\"color: #000000;\">yuri.romero@javeriana.edu.co<\/span><\/td>\n<td width=\"224\"><span style=\"color: #000000;\">Secretar\u00eda Fac. Ingenier\u00eda<\/span><br \/>\n<span style=\"color: #000000;\">Secretar\u00eda Fac. Ingenier\u00eda<\/span><br \/>\n<span style=\"color: #000000;\">Secretar\u00eda Fac. Ingenier\u00eda<\/span><br \/>\n<span style=\"color: #000000;\">Secretar\u00eda Fac. Ingenier\u00eda<\/span><\/td>\n<\/tr>\n<tr>\n<td width=\"174\"><strong><span style=\"color: #000000;\">Medicina<\/span><\/strong><\/td>\n<td width=\"242\"><span style=\"color: #000000;\">Diana Marcela Ochoa<\/span><br \/>\n<span style=\"color: #000000;\">Johanna Alexandra Acosta<\/span><br \/>\n<span style=\"color: #000000;\">Jorge Enrique Guerra<\/span><br \/>\n<span style=\"color: #000000;\">Marisol Macheta Rico<\/span><br \/>\n<span style=\"color: #000000;\">Yulieth Bibiana Gonzalez<\/span><\/td>\n<td width=\"143\"><span style=\"color: #000000;\">2780<\/span><br \/>\n<span style=\"color: #000000;\">3566<\/span><br \/>\n<span style=\"color: #000000;\">3562<\/span><br \/>\n<span style=\"color: #000000;\">3567<\/span><br \/>\n<span style=\"color: #000000;\">2778<\/span><\/td>\n<td width=\"223\"><span style=\"color: #000000;\">diana.ochoa@javeriana.edu.co<\/span><br \/>\n<span style=\"color: #000000;\">ja-acosta@javeriana.edu.co<\/span><br \/>\n<span style=\"color: #000000;\">guerrajorge@javeriana.edu.co<\/span><br \/>\n<span style=\"color: #000000;\">mmacheta@javeriana.edu.co<\/span><br \/>\n<span style=\"color: #000000;\">juliethgonzalez@javeriana.edu.co<\/span><\/td>\n<td width=\"224\"><span style=\"color: #000000;\">Secretar\u00eda Fac. Medicina<\/span><br \/>\n<span style=\"color: #000000;\">Direcci\u00f3n Posgrados\u00a0<\/span><br \/>\n<span style=\"color: #000000;\">Carrera de Medicina<\/span><br \/>\n<span style=\"color: #000000;\">Carrera de Medicina<\/span><br \/>\n<span style=\"color: #000000;\">Auxiliar I Adminis. Secretar\u00eda<\/span><\/td>\n<\/tr>\n<tr>\n<td width=\"174\"><strong><span style=\"color: #000000;\">FCEA<\/span><\/strong><\/td>\n<td width=\"242\"><span style=\"color: #000000;\">Alba Patricia Lancheros<\/span><br \/>\n<span style=\"color: #000000;\">Andres Giovanny Rodriguez<\/span><br \/>\n<span style=\"color: #000000;\">Carlos Augusto Mendoza\u00a0<\/span><br \/>\n<span style=\"color: #000000;\">Claudia Nerdy Ramirez\u00a0<\/span><br \/>\n<span style=\"color: #000000;\">Gabriel Jose Lubo Cardenas<\/span><br \/>\n<span style=\"color: #000000;\">Maria Isabel Aragon Rizo<\/span><\/td>\n<td width=\"143\"><span style=\"color: #000000;\">5091<\/span><br \/>\n<span style=\"color: #000000;\">5107<\/span><br \/>\n<span style=\"color: #000000;\">5140<\/span><br \/>\n<span style=\"color: #000000;\">5104<\/span><br \/>\n<span style=\"color: #000000;\">5106<\/span><br \/>\n<span style=\"color: #000000;\">5093<\/span><\/td>\n<td width=\"223\"><span style=\"color: #000000;\">plancher@javeriana.edu.co<\/span><br \/>\n<span style=\"color: #000000;\">rodriguezr_a@javeriana.edu.co<\/span><br \/>\n<span style=\"color: #000000;\">mendoza.carlos@javeriana.edu.co<\/span><br \/>\n<span style=\"color: #000000;\">cramirezc@javeriana.edu.co<\/span><br \/>\n<span style=\"color: #000000;\">lubo@javeriana.edu.co<\/span><br \/>\n<span style=\"color: #000000;\">m.aragon@javeriana.edu.co<\/span><\/td>\n<td width=\"224\"><span style=\"color: #000000;\">Auxiliar I Secretar\u00eda Cea<\/span><br \/>\n<span style=\"color: #000000;\">Auxiliar II Secretar\u00eda Cea<\/span><br \/>\n<span style=\"color: #000000;\">Recepcionista Secretaria Cea<\/span><br \/>\n<span style=\"color: #000000;\">Auxiliar I Adtivo Posgrados<\/span><br \/>\n<span style=\"color: #000000;\">Secretario Fac\u00a0<\/span><br \/>\n<span style=\"color: #000000;\">Coordinador de Posgrados<\/span><\/td>\n<\/tr>\n<tr>\n<td width=\"174\"><strong><span style=\"color: #000000;\">Ciencias Jur\u00eddicas<\/span><\/strong><\/td>\n<td width=\"242\"><span style=\"color: #000000;\">Henry Augusto Sandoval\u00a0<\/span><br \/>\n<span style=\"color: #000000;\">JESSICA JULIETH ARIAS\u00a0<\/span><br \/>\n<span style=\"color: #000000;\">Karen Yuliet Yopasa Redondo<\/span><br \/>\n<span style=\"color: #000000;\">Laura Cristina Mojica P\u00e9rez<\/span><\/td>\n<td width=\"143\"><span style=\"color: #000000;\">5205<\/span><br \/>\n<span style=\"color: #000000;\">5454<\/span><br \/>\n<span style=\"color: #000000;\">5236<\/span><br \/>\n<span style=\"color: #000000;\">5217<\/span><\/td>\n<td width=\"223\"><span style=\"color: #000000;\">hsandoval01@javeriana.edu.co<\/span><br \/>\n<span style=\"color: #000000;\">jearias@javeriana.edu.co<\/span><br \/>\n<span style=\"color: #000000;\">karen-yredondo02@javeriana.edu.co<\/span><br \/>\n<span style=\"color: #000000;\">lauramojica@javeriana.edu.co<\/span><\/td>\n<td width=\"224\"><span style=\"color: #000000;\">Auxiliar de Departamento<\/span><br \/>\n<span style=\"color: #000000;\">Auxiliar I Admin. Registo\u00a0<\/span><br \/>\n<span style=\"color: #000000;\">Auxiliar de Departamento<\/span><br \/>\n<span style=\"color: #000000;\">Secretario Fac Ciencias Jur\u00eddi<\/span><\/td>\n<\/tr>\n<tr>\n<td width=\"174\"><strong><span style=\"color: #000000;\">Ciencias Sociales<\/span><\/strong><\/td>\n<td width=\"242\"><span style=\"color: #000000;\">Angela Milena Guaje Abril<\/span><br \/>\n<span style=\"color: #000000;\">Carolina Martinez Santofimio<\/span><br \/>\n<span style=\"color: #000000;\">Edgar Agustin Pena Yanquen<\/span><br \/>\n<span style=\"color: #000000;\">Erika Jazmin Sequeda Ferro<\/span><\/td>\n<td width=\"143\"><span style=\"color: #000000;\">5893<\/span><br \/>\n<span style=\"color: #000000;\">5880<\/span><br \/>\n<span style=\"color: #000000;\">5877<\/span><br \/>\n<span style=\"color: #000000;\">5895<\/span><\/td>\n<td width=\"223\"><span style=\"color: #000000;\">angela_guaje@javeriana.edu.co<\/span><br \/>\n<span style=\"color: #000000;\">c.martinezs@javeriana.edu.co<\/span><br \/>\n<span style=\"color: #000000;\">pena@javeriana.edu.co<\/span><br \/>\n<span style=\"color: #000000;\">erika.sequeda@javeriana.edu.co<\/span><\/td>\n<td width=\"224\"><span style=\"color: #000000;\">Auxiliar Programas A.<\/span><br \/>\n<span style=\"color: #000000;\">Auxiliar Programas A.<\/span><br \/>\n<span style=\"color: #000000;\">Analista Secretar\u00eda Facultad<\/span><br \/>\n<span style=\"color: #000000;\">Coordinador E de Dep.<\/span><\/td>\n<\/tr>\n<tr>\n<td width=\"174\"><strong><span style=\"color: #000000;\">Educaci\u00f3n<\/span><\/strong><\/td>\n<td width=\"242\"><span style=\"color: #000000;\">Alexandra Manchego\u00a0<\/span><br \/>\n<span style=\"color: #000000;\">Jorge Alberto Zarate Duran<\/span><\/td>\n<td width=\"143\"><span style=\"color: #000000;\">2625<\/span><br \/>\n<span style=\"color: #000000;\">2620<\/span><\/td>\n<td width=\"223\"><span style=\"color: #000000;\">amanchego@javeriana.edu.co<\/span><br \/>\n<span style=\"color: #000000;\">j-zarate@javeriana.edu.co<\/span><\/td>\n<td width=\"224\"><span style=\"color: #000000;\">Secretario Aux Fac Educaci\u00f3n<\/span><br \/>\n<span style=\"color: #000000;\">Secretario Fac Educaci\u00f3n<\/span><\/td>\n<\/tr>\n<tr>\n<td width=\"174\"><strong><span style=\"color: #000000;\">Ciencias Pol\u00edticas y RRH<\/span><\/strong><\/td>\n<td width=\"242\"><span style=\"color: #000000;\">Carolina Orjuela Abril<\/span><br \/>\n<span style=\"color: #000000;\">Edwin Alfonso Vargas\u00a0<\/span><br \/>\n<span style=\"color: #000000;\">Lina Mar\u00eda Hern\u00e1ndez\u00a0<\/span><br \/>\n<span style=\"color: #000000;\">Omar Simon Salavarrieta\u00a0<\/span><\/td>\n<td width=\"143\"><span style=\"color: #000000;\">2492<\/span><br \/>\n<span style=\"color: #000000;\">2466<\/span><br \/>\n<span style=\"color: #000000;\">2501<\/span><br \/>\n<span style=\"color: #000000;\">2499<\/span><\/td>\n<td width=\"223\"><span style=\"color: #000000;\">orjuela-c@javeriana.edu.co<\/span><br \/>\n<span style=\"color: #000000;\">edwin_vargas@javeriana.edu.co<\/span><br \/>\n<span style=\"color: #000000;\">lmhernandez@javeriana.edu.co<\/span><br \/>\n<span style=\"color: #000000;\">salavar@javeriana.edu.co<\/span><\/td>\n<td width=\"224\"><span style=\"color: #000000;\">Secretario Aux Fac. Cs Polit<\/span><br \/>\n<span style=\"color: #000000;\">Auxiliar I Publicaciones \/ web<\/span><br \/>\n<span style=\"color: #000000;\">Secretario Fac\u00a0<\/span><br \/>\n<span style=\"color: #000000;\">Analista Secretar\u00eda Facultad<\/span><\/td>\n<\/tr>\n<tr>\n<td width=\"174\"><strong><span style=\"color: #000000;\">Enfermer\u00eda<\/span><\/strong><\/td>\n<td width=\"242\"><span style=\"color: #000000;\">Diana Catherine Ortiz Acero<\/span><br \/>\n<span style=\"color: #000000;\">Edwin Albeiro Lizarazo\u00a0<\/span><br \/>\n<span style=\"color: #000000;\">Edwin Alexander Torres\u00a0<\/span><\/td>\n<td width=\"143\"><span style=\"color: #000000;\">2667<\/span><br \/>\n<span style=\"color: #000000;\">2675<\/span><br \/>\n<span style=\"color: #000000;\">2672<\/span><\/td>\n<td width=\"223\"><span style=\"color: #000000;\">dortiza@javeriana.edu.co<\/span><br \/>\n<span style=\"color: #000000;\">elizarazo@javeriana.edu.co<\/span><br \/>\n<span style=\"color: #000000;\">etorres@javeriana.edu.co<\/span><\/td>\n<td width=\"224\"><span style=\"color: #000000;\">Analista Secretar\u00eda Facultad<\/span><br \/>\n<span style=\"color: #000000;\">Auxiliar Admi Reg Acad\u00e9mico<\/span><br \/>\n<span style=\"color: #000000;\">Secretario Fac Enfermer\u00eda<\/span><\/td>\n<\/tr>\n<tr>\n<td width=\"174\"><strong><span style=\"color: #000000;\">Comunicaci\u00f3n y Lenguaje<\/span><\/strong><\/td>\n<td width=\"242\"><span style=\"color: #000000;\">David Franco Quintero<\/span><br \/>\n<span style=\"color: #000000;\">Eduar Yair Daza Mateus<\/span><br \/>\n<span style=\"color: #000000;\">Juan Manuel Pe\u00f1a Uribe<\/span><br \/>\n<span style=\"color: #000000;\">Raquel Liliana Velasco Chaves<\/span><\/td>\n<td width=\"143\"><span style=\"color: #000000;\">4565<\/span><br \/>\n<span style=\"color: #000000;\">4560<\/span><br \/>\n<span style=\"color: #000000;\">4646<\/span><br \/>\n<span style=\"color: #000000;\">4578<\/span><\/td>\n<td width=\"223\"><span style=\"color: #000000;\">dfrancoq@javeriana.edu.co<\/span><br \/>\n<span style=\"color: #000000;\">e-daza01@javeriana.edu.co<\/span><br \/>\n<span style=\"color: #000000;\">jpenau@javeriana.edu.co<\/span><br \/>\n<span style=\"color: #000000;\">raquelvelasco@javeriana.edu.co<\/span><\/td>\n<td width=\"224\"><span style=\"color: #000000;\">Analista-Secretaria Facultad<\/span><br \/>\n<span style=\"color: #000000;\">Secretaria Dec Secretaria<\/span><br \/>\n<span style=\"color: #000000;\">Coordinador Administrativo<\/span><br \/>\n<span style=\"color: #000000;\">Secretario Fac Comunic<\/span><\/td>\n<\/tr>\n<tr>\n<td width=\"174\"><strong><span style=\"color: #000000;\">Arquidise\u00f1o<\/span><\/strong><\/td>\n<td width=\"242\"><span style=\"color: #000000;\">Benjamin Alexander Cruz\u00a0<\/span><br \/>\n<span style=\"color: #000000;\">Diana Marcela Pulido Coca<\/span><br \/>\n<span style=\"color: #000000;\">Gloria Ines Montano\u00a0<\/span><br \/>\n<span style=\"color: #000000;\">Monica Narvaez Jacome<\/span><\/td>\n<td width=\"143\"><span style=\"color: #000000;\">2424<\/span><br \/>\n<span style=\"color: #000000;\">2512<\/span><br \/>\n<span style=\"color: #000000;\">2390<\/span><br \/>\n<span style=\"color: #000000;\">2400<\/span><\/td>\n<td width=\"223\"><span style=\"color: #000000;\">benjamin.cruz@javeriana.edu.co<\/span><br \/>\n<span style=\"color: #000000;\">pulido-diana01@javeriana.edu.co<\/span><br \/>\n<span style=\"color: #000000;\">gmontano@javeriana.edu.co<\/span><br \/>\n<span style=\"color: #000000;\">narvaez.monica@javeriana.edu.co<\/span><\/td>\n<td width=\"224\"><span style=\"color: #000000;\">Analista &#8211; Secretar\u00eda Facultad<\/span><br \/>\n<span style=\"color: #000000;\">Auxiliar I Administrativo<\/span><br \/>\n<span style=\"color: #000000;\">Analista Secretar\u00eda Facultad<\/span><br \/>\n<span style=\"color: #000000;\">Secretario Fac Arquitec<\/span><\/td>\n<\/tr>\n<tr>\n<td width=\"174\"><strong><span style=\"color: #000000;\">Artes<\/span><\/strong><\/td>\n<td width=\"242\"><span style=\"color: #000000;\">Eliana Lissed Cabezas\u00a0<\/span><br \/>\n<span style=\"color: #000000;\">Jeimmy Raquel Mu\u00f1oz\u00a0<\/span><br \/>\n<span style=\"color: #000000;\">Maria Fernanda Lopez Sierra<\/span><br \/>\n<span style=\"color: #000000;\">Cindy Lorena Capera\u00a0<\/span><\/td>\n<td width=\"143\"><span style=\"color: #000000;\">2440<\/span><br \/>\n<span style=\"color: #000000;\">2458<\/span><br \/>\n<span style=\"color: #000000;\">2965<\/span><br \/>\n<span style=\"color: #000000;\">&#8211;<\/span><\/td>\n<td width=\"223\"><span style=\"color: #000000;\">elianal-cabezasl@javeriana.edu.co<\/span><br \/>\n<span style=\"color: #000000;\">jeimmymunoz@javeriana.edu.co<\/span><br \/>\n<span style=\"color: #000000;\">mflopez@javeriana.edu.co<\/span><br \/>\n<span style=\"color: #000000;\">cindy-capera@javeriana.edu.co<\/span><\/td>\n<td width=\"224\"><span style=\"color: #000000;\">Auxiliar Administrativo<\/span><br \/>\n<span style=\"color: #000000;\">Secretario Auxiliar Fac Artes<\/span><br \/>\n<span style=\"color: #000000;\">Secretario Fac Artes<\/span><br \/>\n<span style=\"color: #000000;\">Recepcionista Secretaria\u00a0<\/span><\/td>\n<\/tr>\n<tr>\n<td width=\"174\"><strong><span style=\"color: #000000;\">Psicolog\u00eda<\/span><\/strong><\/td>\n<td width=\"242\"><span style=\"color: #000000;\">Ana Beatriz Alvarez\u00a0<\/span><br \/>\n<span style=\"color: #000000;\">Claudia Patricia Riveros\u00a0<\/span><br \/>\n<span style=\"color: #000000;\">Karen Stephannie\u00a0<\/span><br \/>\n<span style=\"color: #000000;\">Martha Judyeth Lopez<\/span><\/td>\n<td width=\"143\"><span style=\"color: #000000;\">5720<\/span><br \/>\n<span style=\"color: #000000;\">5719<\/span><br \/>\n<span style=\"color: #000000;\">5751<\/span><br \/>\n<span style=\"color: #000000;\">5722<\/span><\/td>\n<td width=\"223\"><span style=\"color: #000000;\">anaalvarez@javeriana.edu.co<\/span><br \/>\n<span style=\"color: #000000;\">criveros@javeriana.edu.co<\/span><br \/>\n<span style=\"color: #000000;\">kroncancio@javeriana.edu.co<\/span><br \/>\n<span style=\"color: #000000;\">martha-lopez@javeriana.edu.co<\/span><\/td>\n<td width=\"224\"><span style=\"color: #000000;\">Profesional Programas\u00a0<\/span><br \/>\n<span style=\"color: #000000;\">Secretario Fac Psicolog\u00eda<\/span><br \/>\n<span style=\"color: #000000;\">Analista Programas\u00a0<\/span><br \/>\n<span style=\"color: #000000;\">Analista Secretar\u00eda Facultad<\/span><\/td>\n<\/tr>\n<tr>\n<td width=\"174\"><strong><span style=\"color: #000000;\">Ciencias<\/span><\/strong><\/td>\n<td width=\"242\"><span style=\"color: #000000;\">Diana Ximena Delgado\u00a0<\/span><br \/>\n<span style=\"color: #000000;\">Ingrid Carolina Vargas\u00a0<\/span><br \/>\n<span style=\"color: #000000;\">Juliana Milena Reina\u00a0<\/span><br \/>\n<span style=\"color: #000000;\">Mayra Solangy Medina\u00a0<\/span><\/td>\n<td width=\"143\"><span style=\"color: #000000;\">4118<\/span><br \/>\n<span style=\"color: #000000;\">4309<\/span><br \/>\n<span style=\"color: #000000;\">4143<\/span><br \/>\n<span style=\"color: #000000;\">4060<\/span><\/td>\n<td width=\"223\"><span style=\"color: #000000;\">ddelgadog@javeriana.edu.co<\/span><br \/>\n<span style=\"color: #000000;\">vargas_i@javeriana.edu.co<\/span><br \/>\n<span style=\"color: #000000;\">juliana.reina@javeriana.edu.co<\/span><br \/>\n<span style=\"color: #000000;\">msolangy.medina@javeriana.edu.co<\/span><\/td>\n<td width=\"224\"><span style=\"color: #000000;\">Secretario Fac Ciencias<\/span><br \/>\n<span style=\"color: #000000;\">Auxiliar I de Secret Ciencias<\/span><br \/>\n<span style=\"color: #000000;\">Auxiliar I de Secret Ciencias<\/span><br \/>\n<span style=\"color: #000000;\">Secretaria de Secretar\u00eda Facul<\/span><\/td>\n<\/tr>\n<tr>\n<td width=\"174\"><strong><span style=\"color: #000000;\">Odontolog\u00eda<\/span><\/strong><\/td>\n<td width=\"242\"><span style=\"color: #000000;\">Guillermo Alfonso Urrego\u00a0<\/span><br \/>\n<span style=\"color: #000000;\">Jenny Faber Moreno\u00a0<\/span><br \/>\n<span style=\"color: #000000;\">John Arles Cabezas Garcia<\/span><br \/>\n<span style=\"color: #000000;\">Raul Ernesto Carrillo\u00a0<\/span><\/td>\n<td width=\"143\"><span style=\"color: #000000;\">2894<\/span><br \/>\n<span style=\"color: #000000;\">2876<\/span><br \/>\n<span style=\"color: #000000;\">2897<\/span><br \/>\n<span style=\"color: #000000;\">2888<\/span><\/td>\n<td width=\"223\"><span style=\"color: #000000;\">gaurrego@javeriana.edu.co<\/span><br \/>\n<span style=\"color: #000000;\">jenny.moreno@javeriana.edu.co<\/span><br \/>\n<span style=\"color: #000000;\">cabezas@javeriana.edu.co<\/span><br \/>\n<span style=\"color: #000000;\">raul.carrillo@javeriana.edu.co<\/span><\/td>\n<td width=\"224\"><span style=\"color: #000000;\">Secretario Fac Odontolog\u00eda<\/span><br \/>\n<span style=\"color: #000000;\">Secretaria de Secretar\u00eda Facul<\/span><br \/>\n<span style=\"color: #000000;\">Profesional I de Secretar\u00eda<\/span><br \/>\n<span style=\"color: #000000;\">Auxiliar II Admin\u00a0<\/span><\/td>\n<\/tr>\n<tr>\n<td width=\"174\"><strong><span style=\"color: #000000;\">EAR<\/span><\/strong><\/td>\n<td width=\"242\"><span style=\"color: #000000;\">Alba Esperanza Medina\u00a0<\/span><br \/>\n<span style=\"color: #000000;\">Carlos Alberto Villamizar\u00a0<\/span><br \/>\n<span style=\"color: #000000;\">Maritza Dianuth Saenz\u00a0<\/span><\/td>\n<td width=\"143\"><span style=\"color: #000000;\">4811<\/span><br \/>\n<span style=\"color: #000000;\">4808<\/span><br \/>\n<span style=\"color: #000000;\">4809<\/span><\/td>\n<td width=\"223\"><span style=\"color: #000000;\">aemedina@javeriana.edu.co<\/span><br \/>\n<span style=\"color: #000000;\">cvillamizar@javeriana.edu.co<\/span><br \/>\n<span style=\"color: #000000;\">cmsaenz@javeriana.edu.co<\/span><\/td>\n<td width=\"224\"><span style=\"color: #000000;\">Secretaria en Secretar\u00eda Facul<\/span><br \/>\n<span style=\"color: #000000;\">Secretario Fac\u00a0<\/span><br \/>\n<span style=\"color: #000000;\">Asistente Secretar\u00eda Fac. Ear<\/span><\/td>\n<\/tr>\n<tr>\n<td width=\"174\"><strong><span style=\"color: #000000;\">Filosof\u00eda<\/span><\/strong><\/td>\n<td width=\"242\"><span style=\"color: #000000;\">Jenny Marcela Sanchez\u00a0<\/span><br \/>\n<span style=\"color: #000000;\">Luz Angelica Campuzano\u00a0<\/span><\/td>\n<td width=\"143\"><span style=\"color: #000000;\">5834<\/span><br \/>\n<span style=\"color: #000000;\">5800<\/span><\/td>\n<td width=\"223\"><span style=\"color: #000000;\">jennny.sanchez@javeriana.edu.co<\/span><br \/>\n<span style=\"color: #000000;\">luzcampuzanor@javeriana.edu.co<\/span><\/td>\n<td width=\"224\"><span style=\"color: #000000;\">Secretario Aux Fac Filosofia<\/span><br \/>\n<span style=\"color: #000000;\">Recepcionista Filosof\u00eda<\/span><\/td>\n<\/tr>\n<tr>\n<td width=\"174\"><strong><span style=\"color: #000000;\">Teolog\u00eda<\/span><\/strong><\/td>\n<td width=\"242\"><span style=\"color: #000000;\">Ayde Monsalve Pimiento<\/span><br \/>\n<span style=\"color: #000000;\">Martha Elena Martinez\u00a0<\/span><br \/>\n<span style=\"color: #000000;\">Yudy Mabel Gonzalez\u00a0<\/span><\/td>\n<td width=\"143\"><span style=\"color: #000000;\">5603<\/span><br \/>\n<span style=\"color: #000000;\">5603<\/span><br \/>\n<span style=\"color: #000000;\">5654<\/span><\/td>\n<td width=\"223\"><span style=\"color: #000000;\">ayde.monsalve@javeriana.edu.co<\/span><br \/>\n<span style=\"color: #000000;\">me.martinez@javeriana.edu.co<\/span><br \/>\n<span style=\"color: #000000;\">yudym-gonzalezf@javeriana.edu.co<\/span><\/td>\n<td width=\"224\"><span style=\"color: #000000;\">Secretario Aux Fac. Teolog\u00eda<\/span><br \/>\n<span style=\"color: #000000;\">Secretario Fac Teolog\u00eda<\/span><br \/>\n<span style=\"color: #000000;\">Secretaria de Secretar\u00eda Facul<\/span><\/td>\n<\/tr>\n<tr>\n<td width=\"174\"><strong><span style=\"color: #000000;\">Instituto de Salud P\u00fablica<\/span><\/strong><\/td>\n<td width=\"242\"><span style=\"color: #000000;\">Andr\u00e9s Felipe Cubillos\u00a0<\/span><br \/>\n<span style=\"color: #000000;\">Claudia Yaneth Villagran\u00a0<\/span><br \/>\n<span style=\"color: #000000;\">Diana Carolina Vargas Castro<\/span><br \/>\n<span style=\"color: #000000;\">Viviana Ram\u00edrez Correa<\/span><\/td>\n<td width=\"143\"><span style=\"color: #000000;\">2207<\/span><br \/>\n<span style=\"color: #000000;\">2195<\/span><br \/>\n<span style=\"color: #000000;\">2206<\/span><br \/>\n<span style=\"color: #000000;\">2200<\/span><\/td>\n<td width=\"223\"><span style=\"color: #000000;\">cubillos.a@javeriana.edu.co<\/span><br \/>\n<span style=\"color: #000000;\">claudia.villagran@javeriana.edu.co<\/span><br \/>\n<span style=\"color: #000000;\">dvargasc@javeriana.edu.co<\/span><br \/>\n<span style=\"color: #000000;\">ramirez.viviana@javeriana.edu.co<\/span><\/td>\n<td width=\"224\"><span style=\"color: #000000;\">Director Posgrados Salud Pu<\/span><br \/>\n<span style=\"color: #000000;\">Secretaria Ins. de Salud P\u00fabli<\/span><br \/>\n<span style=\"color: #000000;\">Profesional de Posgrados<\/span><br \/>\n<span style=\"color: #000000;\">Auxiliar Adtivo Salud P\u00fabl<\/span><\/td>\n<\/tr>\n<tr>\n<td width=\"174\"><strong><span style=\"color: #000000;\">Derecho Can\u00f3nico<\/span><\/strong><\/td>\n<td width=\"242\"><span style=\"color: #000000;\">Neisy Bola\u00f1os Correa<\/span><br \/>\n<span style=\"color: #000000;\">Juliana Moreno Polania<\/span><\/td>\n<td width=\"143\"><span style=\"color: #000000;\">5973<\/span><br \/>\n<span style=\"color: #000000;\">&#8211;<\/span><\/td>\n<td width=\"223\"><span style=\"color: #000000;\">neisy.bolanos@javeriana.edu.co<\/span><br \/>\n<span style=\"color: #000000;\">j-polania@javeriana.edu.co<\/span><\/td>\n<td width=\"224\"><span style=\"color: #000000;\">Secretaria Aux Fac. Derecho\u00a0<\/span><br \/>\n<span style=\"color: #000000;\">Auxiliar Administrativo<\/span><\/td>\n<\/tr>\n<tr>\n<td width=\"174\"><strong><span style=\"color: #000000;\">U. College<\/span><\/strong><\/td>\n<td width=\"242\"><span style=\"color: #000000;\">Alejandra Maria Gonzalez\u00a0\u00a0<\/span><\/td>\n<td width=\"143\"><span style=\"color: #000000;\">5318<\/span><\/td>\n<td width=\"223\"><span style=\"color: #000000;\">agonzalez@javeriana.edu.co<\/span><\/td>\n<td width=\"224\"><span style=\"color: #000000;\">Directora de College\u00a0<\/span><\/td>\n<\/tr>\n<tr>\n<td style=\"text-align: center;\" width=\"174\"><strong><span style=\"color: #000000;\">Instituto Pensar<\/span><\/strong><\/td>\n<td style=\"text-align: center;\" width=\"242\"><span style=\"color: #000000;\">Leydi Yorlyn M\u00e9ndez Ar\u00e9valo<\/span><br \/>\n<span style=\"color: #000000;\">Oscar Andres Hernandez\u00a0\u00a0<\/span><\/td>\n<td style=\"text-align: center;\" width=\"143\"><span style=\"color: #000000;\">5540<\/span><br \/>\n<span style=\"color: #000000;\">5443<\/span><\/td>\n<td style=\"text-align: center;\" width=\"223\"><span style=\"color: #000000;\">leydi.mendez@javeriana.edu.co<\/span><br \/>\n<span style=\"color: #000000;\">oscar.hernandez@javeriana.edu.co<\/span><\/td>\n<td style=\"text-align: center;\" width=\"224\"><span style=\"color: #000000;\">Secretaria Instituto Pensar<\/span><br \/>\n<span style=\"color: #000000;\">Director Instituto Pensar<\/span><\/td>\n<\/tr>\n<\/tbody>\n<\/table>\n","protected":false},"excerpt":{"rendered":"<p>Facultades Nombres Extensiones Correo Cargo Ingenier\u00eda \u00a0Carlos Alberto Parra Velez Edison Hernandez Garzon Martha Cortes Gonzalez Sixta Del Carmen Herazo\u00a0 Yuri Natalia Romero Salgado 5275 5273 5276 5394 5990 cparra@javeriana.edu.co edhernan@javeriana.edu.co mycortes@javeriana.edu.co sixta.herazo@javeriana.edu.co yuri.romero@javeriana.edu.co Secretar\u00eda Fac. Ingenier\u00eda Secretar\u00eda Fac. Ingenier\u00eda Secretar\u00eda Fac. Ingenier\u00eda Secretar\u00eda Fac&#8230;.<\/p>\n","protected":false},"author":16,"featured_media":0,"parent":0,"menu_order":0,"comment_status":"closed","ping_status":"closed","template":"","meta":{"footnotes":""},"class_list":["post-3277","page","type-page","status-publish","hentry"],"aioseo_notices":[],"_links":{"self":[{"href":"https:\/\/sic.nodscloud.com\/javeriana\/wp-json\/wp\/v2\/pages\/3277","targetHints":{"allow":["GET"]}}],"collection":[{"href":"https:\/\/sic.nodscloud.com\/javeriana\/wp-json\/wp\/v2\/pages"}],"about":[{"href":"https:\/\/sic.nodscloud.com\/javeriana\/wp-json\/wp\/v2\/types\/page"}],"author":[{"embeddable":true,"href":"https:\/\/sic.nodscloud.com\/javeriana\/wp-json\/wp\/v2\/users\/16"}],"replies":[{"embeddable":true,"href":"https:\/\/sic.nodscloud.com\/javeriana\/wp-json\/wp\/v2\/comments?post=3277"}],"version-history":[{"count":6,"href":"https:\/\/sic.nodscloud.com\/javeriana\/wp-json\/wp\/v2\/pages\/3277\/revisions"}],"predecessor-version":[{"id":3284,"href":"https:\/\/sic.nodscloud.com\/javeriana\/wp-json\/wp\/v2\/pages\/3277\/revisions\/3284"}],"wp:attachment":[{"href":"https:\/\/sic.nodscloud.com\/javeriana\/wp-json\/wp\/v2\/media?parent=3277"}],"curies":[{"name":"wp","href":"https:\/\/api.w.org\/{rel}","templated":true}]}}