
{"id":1213,"date":"2021-05-07T15:00:19","date_gmt":"2021-05-07T15:00:19","guid":{"rendered":"http:\/\/sic.nodscloud.com\/nodsglobal\/?page_id=1213"},"modified":"2021-05-19T16:23:06","modified_gmt":"2021-05-19T16:23:06","slug":"medios-de-pago","status":"publish","type":"page","link":"https:\/\/sic.nodscloud.com\/nodsglobal\/medios-de-pago\/","title":{"rendered":"Medios de pago &#8211; eobs"},"content":{"rendered":"<h3><strong>MEDIOS DE PAGO<\/strong><\/h3>\n<p>&nbsp;<\/p>\n<p>&#8211; EOBS ofrece financiaci\u00f3n de hasta 12 cuotas, pero esa financiaci\u00f3n la debe pagar el alumno desde la<br \/>\nplataforma de pago interna de la Instituci\u00f3n.<\/p>\n<p>&nbsp;<\/p>\n<p>&#8211; El Link de Pago lo env\u00eda la universidad una vez inscripto.<\/p>\n<p>&nbsp;<\/p>\n<p>&#8211; El link de pago ofrece dos formas de pago:<\/p>\n<p>1. con tarjeta de cr\u00e9dito<br \/>\n2. por transferencia bancaria*<br \/>\n*los pagos los debe hacer del 1 al 5 de cada mes.<\/p>\n<p>&nbsp;<\/p>\n<p>&nbsp;<\/p>\n","protected":false},"excerpt":{"rendered":"<p>MEDIOS DE PAGO &nbsp; &#8211; EOBS ofrece financiaci\u00f3n de hasta 12 cuotas, pero esa financiaci\u00f3n la debe pagar el alumno desde la plataforma de pago interna de la Instituci\u00f3n. &nbsp; &#8211; El Link de Pago lo env\u00eda la universidad una vez inscripto. &nbsp; &#8211; El&#8230;<\/p>\n","protected":false},"author":1,"featured_media":0,"parent":0,"menu_order":0,"comment_status":"closed","ping_status":"closed","template":"","meta":{"footnotes":""},"class_list":["post-1213","page","type-page","status-publish","hentry"],"aioseo_notices":[],"_links":{"self":[{"href":"https:\/\/sic.nodscloud.com\/nodsglobal\/wp-json\/wp\/v2\/pages\/1213","targetHints":{"allow":["GET"]}}],"collection":[{"href":"https:\/\/sic.nodscloud.com\/nodsglobal\/wp-json\/wp\/v2\/pages"}],"about":[{"href":"https:\/\/sic.nodscloud.com\/nodsglobal\/wp-json\/wp\/v2\/types\/page"}],"author":[{"embeddable":true,"href":"https:\/\/sic.nodscloud.com\/nodsglobal\/wp-json\/wp\/v2\/users\/1"}],"replies":[{"embeddable":true,"href":"https:\/\/sic.nodscloud.com\/nodsglobal\/wp-json\/wp\/v2\/comments?post=1213"}],"version-history":[{"count":6,"href":"https:\/\/sic.nodscloud.com\/nodsglobal\/wp-json\/wp\/v2\/pages\/1213\/revisions"}],"predecessor-version":[{"id":1512,"href":"https:\/\/sic.nodscloud.com\/nodsglobal\/wp-json\/wp\/v2\/pages\/1213\/revisions\/1512"}],"wp:attachment":[{"href":"https:\/\/sic.nodscloud.com\/nodsglobal\/wp-json\/wp\/v2\/media?parent=1213"}],"curies":[{"name":"wp","href":"https:\/\/api.w.org\/{rel}","templated":true}]}}