
{"id":1216,"date":"2021-05-07T15:03:06","date_gmt":"2021-05-07T15:03:06","guid":{"rendered":"http:\/\/sic.nodscloud.com\/nodsglobal\/?page_id=1216"},"modified":"2024-10-24T14:48:33","modified_gmt":"2024-10-24T14:48:33","slug":"portfolio-academico","status":"publish","type":"page","link":"https:\/\/sic.nodscloud.com\/nodsglobal\/portfolio-academico\/","title":{"rendered":"Portfolio acad\u00e9mico &#8211; EOBS"},"content":{"rendered":"<h2 align=\"center\"><\/h2>\n<h2 align=\"center\"><strong><span style=\"font-size: xx-large;\"><img fetchpriority=\"high\" decoding=\"async\" class=\"alignnone size-full wp-image-5573\" src=\"https:\/\/sic.nodscloud.com\/nodsglobal\/wp-content\/uploads\/sites\/3\/2024\/10\/eobs.png\" alt=\"\" width=\"379\" height=\"133\" srcset=\"https:\/\/sic.nodscloud.com\/nodsglobal\/wp-content\/uploads\/sites\/3\/2024\/10\/eobs.png 379w, https:\/\/sic.nodscloud.com\/nodsglobal\/wp-content\/uploads\/sites\/3\/2024\/10\/eobs-300x105.png 300w\" sizes=\"(max-width: 379px) 100vw, 379px\" \/><\/span><\/strong><\/h2>\n<h2 align=\"center\"><span style=\"color: #008000;\"><strong><span style=\"font-size: xx-large;\">PORTFOLIO<\/span><\/strong><\/span><\/h2>\n<h2 align=\"center\"><span style=\"color: #008000;\"><strong><span style=\"font-size: xx-large;\">European Open Business School<\/span><\/strong><\/span><\/h2>\n<p>&nbsp;<\/p>\n<p><strong>EUROPEAN OPEN BUSINESS SCHOOL<\/strong>, es una Escuela de Negocios con sede en Espa\u00f1a y con filiales en varios pa\u00edses del mundo, nace el 4 de febrero del 2014. Es la \u00fanica escuela de negocios totalmente especializada en programas de Alta Direcci\u00f3n Empresarial y a la organizaci\u00f3n de cursos especializados de formaci\u00f3n para directivos y emprendedores adaptados a las necesidades espec\u00edficas de las distintas empresas.<\/p>\n<p>EOBS es una instituci\u00f3n centrada en el desarrollo de programas de formaci\u00f3n, que para el posgraduado supongan un puente de uni\u00f3n entre la universidad y la empresa y para que el profesional adquiera los conocimientos y desarrolle las habilidades claves para la progresi\u00f3n en su carrera profesional.<\/p>\n<p>Nuestra constante capacidad de innovaci\u00f3n y mejora nos han llevado a formar parte de la \u00e9lite mundial de Escuelas de Negocio online de habla hispana. Esto implica que aprovechamos de manera eficaz las ventajas que nos brinda internet y las nuevas tecnolog\u00edas para desarrollar programas de la m\u00e1xima calidad en el \u00e1mbito de la alta direcci\u00f3n empresarial, ofreciendo al alumno la posibilidad de cursarlos desde cualquier lugar del mundo y con el horario que mejor se adapte a sus necesidades.<\/p>\n<p>EOBS supone, por lo tanto, una alternativa futurista al modelo de ense\u00f1anza tradicional basado en el \u00e9xito profesional del alumno como constataci\u00f3n del \u00e9xito del programa. EOBS cuenta con una estructura organizacional, planificaci\u00f3n, recursos, procesos, procedimientos y documentos para lograr la calidad de los productos y servicios que se ofrecen al estudiante; es decir, planificar, controlar y mejorar aquellos elementos de una organizaci\u00f3n que influyen en satisfacci\u00f3n del cliente y en logro de los resultados deseados por la organizaci\u00f3n.<\/p>\n<p>&nbsp;<\/p>\n<p>&nbsp;<\/p>\n<h4><strong>MISION\u00a0<\/strong><\/h4>\n<p style=\"text-align: left;\" align=\"justify\">Nuestro objetivo es acompa\u00f1ar al alumno durante su formaci\u00f3n para que consiga alcanzar sus metas profesionales, ayud\u00e1ndole en todo lo que nos sea posible ante cualquier duda o dificultad que pueda surgir durante este aprendizaje.<\/p>\n<h4 style=\"text-align: left;\" align=\"justify\"><strong>VISION<\/strong><\/h4>\n<p style=\"text-align: left;\" align=\"justify\">Crecer como empresa en el \u00e1mbito de la educaci\u00f3n profesional, posicion\u00e1ndonos como un referente dentro de este sector gracias a la calidad de los cursos, trato personalizado e innovaci\u00f3n que ofrecemos.\u200b<\/p>\n<h4 style=\"text-align: left;\" align=\"justify\"><strong>VALORES<\/strong><\/h4>\n<p style=\"text-align: left;\">&#8211; Calidad: Nuestros cursos son impartidos por profesionales ampliamente formados en el campo y con gran experiencia.<\/p>\n<p style=\"text-align: left;\">&#8211; Orientaci\u00f3n al cliente: siempre buscamos un trato personalizado y profesional, adapt\u00e1ndonos a las posibles dificultades que pueda tener cada persona.<\/p>\n<p style=\"text-align: left;\">&#8211; Competitividad: nuestra meta no es solo llegar a la cima, sino mantenernos en ella, es por eso que nunca nos conformamos y estamos constantemente innovando para ser \u00fanicos y poder convertirnos en los mejores de nuestro sector.<\/p>\n<p style=\"text-align: left;\">&#8211; Innovaci\u00f3n: estamos constantemente en formaci\u00f3n para ofrecer contenido actualizado y de inter\u00e9s, creando nuevos proyectos y cursos que permitan una formaci\u00f3n excepcional.<\/p>\n<p>&nbsp;<\/p>\n<p>&nbsp;<\/p>\n<h3 style=\"text-align: center;\"><span style=\"color: #008000;\"><strong><span style=\"font-size: medium;\">\u00bfPor qu\u00e9 estudiar en European Open Business School?<\/span><\/strong><\/span><\/h3>\n<p style=\"text-align: center;\" align=\"left\"><span style=\"font-size: medium;\">European Open Business School, es <\/span><span style=\"font-size: medium;\"><b>una de las instituciones referentes y con m\u00e1s prestigio en Europa<\/b><\/span>. <span style=\"font-size: medium;\">Es la<\/span><span style=\"font-size: medium;\"><b> \u00fanica escuela de negocios Top Mundial<\/b><\/span><span style=\"font-size: medium;\"> de habla hispana, totalmente especializada en programas de Alta Direcci\u00f3n.<\/span><\/p>\n<p style=\"text-align: center;\" align=\"left\"><span style=\"font-size: medium;\">EOBS apuesta por una <\/span><span style=\"font-size: medium;\"><b>formaci\u00f3n online<\/b><\/span><span style=\"font-size: medium;\">, innovadora pero altamente contrastada. Basa su educaci\u00f3n en una metodolog\u00eda fundamentada en el estudio y desarrollo del m\u00e9todo del caso, que ense\u00f1a las t\u00e9cnicas de la gesti\u00f3n eficaz.<\/span><\/p>\n<p style=\"text-align: center;\" align=\"left\"><span style=\"font-size: medium;\">Buscando siempre innovar, <\/span><span style=\"font-size: medium;\"><b>analizando las \u00e1reas de negocio emergentes<\/b><\/span><span style=\"font-size: medium;\">, focaliz\u00e1ndose en la formaci\u00f3n empresarial de excelencia, con los docentes m\u00e1s reconocidos de Iberoam\u00e9rica.<\/span><\/p>\n<p style=\"text-align: center;\" align=\"justify\"><span style=\"font-size: medium;\">EOBS es la \u00fanica escuela de negocios totalmente especializada en programas de Alta Direcci\u00f3n. Nuestro \u00e9xito reside en que analizamos \u00e1reas de negocio emergentes y formamos a nuestro alumnado en consecuencia de los resultados obtenidos, consider\u00e1ndonos as\u00ed unos verdaderos educadores de profesionales y empresarios de primer nivel.<\/span><\/p>\n<p style=\"text-align: center;\" align=\"left\"><span style=\"font-size: medium;\">Asumimos el compromiso de formar al m\u00e1s alto nivel a todos aquellos que deseen mejorar en su trayectoria y alcanzar sus metas profesionales en el \u00e1mbito de la empresa.<\/span><\/p>\n<p style=\"text-align: center;\" align=\"left\"><span style=\"font-size: medium;\">Somos una escuela que surge para liderar un nuevo modelo de formaci\u00f3n de postgrado basado en el \u00e9xito profesional del alumno como constataci\u00f3n del \u00e9xito del programa.<\/span><\/p>\n<p style=\"text-align: center;\" align=\"left\"><span style=\"font-size: medium;\">EOBS ha acumulado una gran experiencia desarrollando todo tipo de proyectos formativos. Su consejo asesor y su claustro de profesores, est\u00e1n conformados por directivos de primer nivel.<\/span><\/p>\n<h3><\/h3>\n<p>&nbsp;<\/p>\n","protected":false},"excerpt":{"rendered":"<p>PORTFOLIO European Open Business School &nbsp; EUROPEAN OPEN BUSINESS SCHOOL, es una Escuela de Negocios con sede en Espa\u00f1a y con filiales en varios pa\u00edses del mundo, nace el 4 de febrero del 2014. Es la \u00fanica escuela de negocios totalmente especializada en programas de&#8230;<\/p>\n","protected":false},"author":2,"featured_media":0,"parent":0,"menu_order":0,"comment_status":"closed","ping_status":"closed","template":"","meta":{"footnotes":""},"class_list":["post-1216","page","type-page","status-publish","hentry"],"aioseo_notices":[],"_links":{"self":[{"href":"https:\/\/sic.nodscloud.com\/nodsglobal\/wp-json\/wp\/v2\/pages\/1216","targetHints":{"allow":["GET"]}}],"collection":[{"href":"https:\/\/sic.nodscloud.com\/nodsglobal\/wp-json\/wp\/v2\/pages"}],"about":[{"href":"https:\/\/sic.nodscloud.com\/nodsglobal\/wp-json\/wp\/v2\/types\/page"}],"author":[{"embeddable":true,"href":"https:\/\/sic.nodscloud.com\/nodsglobal\/wp-json\/wp\/v2\/users\/2"}],"replies":[{"embeddable":true,"href":"https:\/\/sic.nodscloud.com\/nodsglobal\/wp-json\/wp\/v2\/comments?post=1216"}],"version-history":[{"count":50,"href":"https:\/\/sic.nodscloud.com\/nodsglobal\/wp-json\/wp\/v2\/pages\/1216\/revisions"}],"predecessor-version":[{"id":5592,"href":"https:\/\/sic.nodscloud.com\/nodsglobal\/wp-json\/wp\/v2\/pages\/1216\/revisions\/5592"}],"wp:attachment":[{"href":"https:\/\/sic.nodscloud.com\/nodsglobal\/wp-json\/wp\/v2\/media?parent=1216"}],"curies":[{"name":"wp","href":"https:\/\/api.w.org\/{rel}","templated":true}]}}