
{"id":1425,"date":"2021-05-12T14:49:15","date_gmt":"2021-05-12T14:49:15","guid":{"rendered":"https:\/\/sic.nodscloud.com\/nodsglobal\/?page_id=1425"},"modified":"2021-07-08T17:04:13","modified_gmt":"2021-07-08T17:04:13","slug":"requisitos-medios-de-pago-puc","status":"publish","type":"page","link":"https:\/\/sic.nodscloud.com\/nodsglobal\/requisitos-medios-de-pago-puc\/","title":{"rendered":"Requisitos de admisi\u00f3n + Medios de pago &#8211; PUC"},"content":{"rendered":"<h3><strong>REQUISITOS DE ADMISION + MEDIOS DE PAGO<\/strong><\/h3>\n<p>&nbsp;<\/p>\n<p><strong>Requisitos de <\/strong><b>Admisi\u00f3n<\/b><br \/>\n\u2013 Copia del certificado de t\u00edtulo<br \/>\n\u2013 C\u00e9dula de identidad \/ DNI<br \/>\n\u2013 Curriculum Vitae<\/p>\n<p>&nbsp;<\/p>\n<p>\u2022 Todos los programas tiene un 30% de descuento sobre la inversi\u00f3n total<br \/>\n\u2022 Todos los programas aceptan hasta 6 cuotas sin inter\u00e9s<\/p>\n<p>&nbsp;<\/p>\n<p><strong>Modalidad de pago<\/strong><br \/>\n&#8211; Web Pay\/ PayPal<br \/>\n\u2013 Transferencia bancaria<\/p>\n<p>Tarjetas habilitadas<br \/>\n\u2022 Todas las tarjetas internacionales<br \/>\n\u25e6 Visa<br \/>\n\u25e6 Mastercad<br \/>\n\u25e6 American Express<br \/>\n\u25e6 Diners<br \/>\n\u25e6 etc.<br \/>\n\u2022 No se aceptan tarjetas nacionales (Ej. Tarjeta Naranja. Deber\u00eda ser Tarjeta Naranja VISA)<\/p>\n<p>&nbsp;<\/p>\n<p><strong>Proceso de cuotas<\/strong><br \/>\n\u2022 Se enviar\u00e1 un pagar\u00e9 a modo de compromiso de pago que deber\u00e1 ser devuelto firmado (y reenviado a la Universidad).<br \/>\n\u2022 Se enviar\u00e1 link de pago todos los comienzos de mes con el equivalente a la cuota<br \/>\n\u2022 En el caso de superponerse dos cuotas sin abonar se suspender\u00e1 el usuario de acceso al aula virtual no pudiendo acceder a las clases ni a material de estudio.<\/p>\n<p>&nbsp;<\/p>\n<p>En el caso de pago en cuotas(hasta 6), deber\u00e1n remitir firmado un pagar\u00e9 y abonar el monto equivalente a una cuota para la reserva de lugar a trav\u00e9s de PayPal. Luego antes del vencimiento mensual de cada cuota, les llegar\u00e1 a su correo un link de pago.<\/p>\n","protected":false},"excerpt":{"rendered":"<p>REQUISITOS DE ADMISION + MEDIOS DE PAGO &nbsp; Requisitos de Admisi\u00f3n \u2013 Copia del certificado de t\u00edtulo \u2013 C\u00e9dula de identidad \/ DNI \u2013 Curriculum Vitae &nbsp; \u2022 Todos los programas tiene un 30% de descuento sobre la inversi\u00f3n total \u2022 Todos los programas aceptan&#8230;<\/p>\n","protected":false},"author":1,"featured_media":0,"parent":0,"menu_order":0,"comment_status":"closed","ping_status":"closed","template":"","meta":{"footnotes":""},"class_list":["post-1425","page","type-page","status-publish","hentry"],"aioseo_notices":[],"_links":{"self":[{"href":"https:\/\/sic.nodscloud.com\/nodsglobal\/wp-json\/wp\/v2\/pages\/1425","targetHints":{"allow":["GET"]}}],"collection":[{"href":"https:\/\/sic.nodscloud.com\/nodsglobal\/wp-json\/wp\/v2\/pages"}],"about":[{"href":"https:\/\/sic.nodscloud.com\/nodsglobal\/wp-json\/wp\/v2\/types\/page"}],"author":[{"embeddable":true,"href":"https:\/\/sic.nodscloud.com\/nodsglobal\/wp-json\/wp\/v2\/users\/1"}],"replies":[{"embeddable":true,"href":"https:\/\/sic.nodscloud.com\/nodsglobal\/wp-json\/wp\/v2\/comments?post=1425"}],"version-history":[{"count":8,"href":"https:\/\/sic.nodscloud.com\/nodsglobal\/wp-json\/wp\/v2\/pages\/1425\/revisions"}],"predecessor-version":[{"id":1849,"href":"https:\/\/sic.nodscloud.com\/nodsglobal\/wp-json\/wp\/v2\/pages\/1425\/revisions\/1849"}],"wp:attachment":[{"href":"https:\/\/sic.nodscloud.com\/nodsglobal\/wp-json\/wp\/v2\/media?parent=1425"}],"curies":[{"name":"wp","href":"https:\/\/api.w.org\/{rel}","templated":true}]}}