
{"id":1442,"date":"2021-05-12T14:57:59","date_gmt":"2021-05-12T14:57:59","guid":{"rendered":"https:\/\/sic.nodscloud.com\/nodsglobal\/?page_id=1442"},"modified":"2023-05-09T17:44:21","modified_gmt":"2023-05-09T17:44:21","slug":"brochures-ue","status":"publish","type":"page","link":"https:\/\/sic.nodscloud.com\/nodsglobal\/brochures-ue\/","title":{"rendered":"Brochures UE"},"content":{"rendered":"<h3 style=\"text-align: center;\"><\/h3>\n<h2 style=\"text-align: center;\"><strong>Brochures UE<\/strong><\/h2>\n<p>&nbsp;<\/p>\n<h3 style=\"text-align: center;\"><strong>MASTERS PRESENCIALES<\/strong><\/h3>\n<p style=\"text-align: center;\"><a href=\"https:\/\/sic.nodscloud.com\/nodsglobal\/wp-content\/uploads\/sites\/3\/2021\/05\/Master-Universitario-en-Direccion-de-Entidades-Deportivas-MBA.pdf\" target=\"_blank\" rel=\"noopener\">M\u00e1ster Universitario en Direcci\u00f3n de Entidades Deportivas MBA<\/a><\/p>\n<p style=\"text-align: center;\"><a href=\"https:\/\/sic.nodscloud.com\/nodsglobal\/wp-content\/uploads\/sites\/3\/2021\/05\/Master-Universitario-en-Direccion-y-Gestion-de-Recursos-Humanos.pdf\" target=\"_blank\" rel=\"noopener\">M\u00e1ster Universitario en Direcci\u00f3n y Gesti\u00f3n de Recursos Humanos<\/a><\/p>\n<p style=\"text-align: center;\"><a href=\"https:\/\/sic.nodscloud.com\/nodsglobal\/wp-content\/uploads\/sites\/3\/2021\/05\/Master-Universitario-en-Marketing-Deportivo.pdf\" target=\"_blank\" rel=\"noopener\">M\u00e1ster Universitario en Marketing Deportivo<\/a><\/p>\n<p style=\"text-align: center;\"><a href=\"https:\/\/sic.nodscloud.com\/nodsglobal\/wp-content\/uploads\/sites\/3\/2021\/05\/Master-Universitario-en-Marketing.pdf\" target=\"_blank\" rel=\"noopener\">Master Universitario en Marketing<\/a><\/p>\n<p style=\"text-align: center;\"><a href=\"https:\/\/sic.nodscloud.com\/nodsglobal\/wp-content\/uploads\/sites\/3\/2023\/05\/MU_Seguridad_Tecnologias_Informacion_-Comunicaciones_2023-1.pdf\" target=\"_blank\" rel=\"noopener\">M\u00e1ster Universitario en Seguridad de las Tecnolog\u00edas de la Informaci\u00f3n y las Comunicaciones<\/a><\/p>\n<p style=\"text-align: center;\"><a href=\"https:\/\/sic.nodscloud.com\/nodsglobal\/wp-content\/uploads\/sites\/3\/2023\/05\/PMD_Project-Management_EN.pdf\" target=\"_blank\" rel=\"noopener\">Postgrado de Experto en Gesti\u00f3n de Proyectos, BIM Manager<\/a><\/p>\n<p style=\"text-align: center;\"><a href=\"https:\/\/sic.nodscloud.com\/nodsglobal\/wp-content\/uploads\/sites\/3\/2021\/05\/Master-en-Business-Analytics.pdf\" target=\"_blank\" rel=\"noopener\">M\u00e1ster en Business Analytics<\/a><\/p>\n<p style=\"text-align: center;\"><a href=\"https:\/\/sic.nodscloud.com\/nodsglobal\/wp-content\/uploads\/sites\/3\/2023\/05\/MU_Direccion_Gestion_RRHH_UEM_2023.pdf\" target=\"_blank\" rel=\"noopener\">M\u00e1ster en Gesti\u00f3n Global de Recursos Humanos<\/a><\/p>\n<p style=\"text-align: center;\"><a href=\"https:\/\/sic.nodscloud.com\/nodsglobal\/wp-content\/uploads\/sites\/3\/2021\/05\/Master-en-Marketing-Digital-y-Big-Data.pdf\" target=\"_blank\" rel=\"noopener\">M\u00e1ster en Marketing Digital y Big Data<\/a><\/p>\n<p style=\"text-align: center;\"><a href=\"https:\/\/sic.nodscloud.com\/nodsglobal\/wp-content\/uploads\/sites\/3\/2023\/05\/PMD_ANALISIS_DATOS_MASIVOS_EN.pdf\" target=\"_blank\" rel=\"noopener\">M\u00e1ster Universitario en Big Data Analytics &#8211; MBI _ An\u00e1lisis de Grandes Cantidades de Datos &#8211; MBI<\/a><\/p>\n<p style=\"text-align: center;\"><a href=\"https:\/\/sic.nodscloud.com\/nodsglobal\/wp-content\/uploads\/sites\/3\/2021\/05\/Master-Universitario-en-Comercio-y-Relaciones-Economicas-Internacionales.pdf\" target=\"_blank\" rel=\"noopener\">M\u00e1ster Universitario en Comercio y Relaciones Econ\u00f3micas Internacionales<\/a><\/p>\n<p style=\"text-align: center;\"><a href=\"https:\/\/sic.nodscloud.com\/nodsglobal\/wp-content\/uploads\/sites\/3\/2021\/05\/Master-Universitario-en-Comunicacion-y-Emprendimiento-Digital.pdf\" target=\"_blank\" rel=\"noopener\">Master Universitario en Comunicaci\u00f3n y Emprendimiento Digital<\/a><\/p>\n<p style=\"text-align: center;\"><a href=\"https:\/\/sic.nodscloud.com\/nodsglobal\/wp-content\/uploads\/sites\/3\/2021\/05\/Master-Universitario-en-Direccion-de-Comunicacion-y-Asuntos-Publicos-Public-Affairs.pdf\" target=\"_blank\" rel=\"noopener\">M\u00e1ster Universitario en Direcci\u00f3n de Comunicaci\u00f3n y Asuntos P\u00fablicos (Public Affairs)<\/a><\/p>\n<p style=\"text-align: center;\"><a href=\"https:\/\/sic.nodscloud.com\/nodsglobal\/wp-content\/uploads\/sites\/3\/2021\/05\/Master-Universitario-en-Direccion-de-Empresas-MBA.pdf\" target=\"_blank\" rel=\"noopener\">M\u00e1ster Universitario en Direcci\u00f3n de Empresas MBA<\/a><\/p>\n<p style=\"text-align: center;\"><a href=\"https:\/\/sic.nodscloud.com\/nodsglobal\/wp-content\/uploads\/sites\/3\/2023\/05\/M.U.ENTRENAMIENTO_V3.pdf\" target=\"_blank\" rel=\"noopener\">M\u00e1ster Universitario en Entrenamiento y Nutrici\u00f3n Deportiva<\/a><\/p>\n<p style=\"text-align: center;\"><a href=\"https:\/\/sic.nodscloud.com\/nodsglobal\/wp-content\/uploads\/sites\/3\/2023\/05\/MU_en_Nutricion_Clinica-23-24.pdf\" target=\"_blank\" rel=\"noopener\">M\u00e1ster Universitario en Nutrici\u00f3n Clinica<\/a><\/p>\n<p style=\"text-align: center;\"><a href=\"https:\/\/sic.nodscloud.com\/nodsglobal\/wp-content\/uploads\/sites\/3\/2021\/06\/Master-Universitario-en-Fisioterapia-Deportiva.pdf\">M\u00e1ster Universitario en Fisioterapia Deportiva<\/a><\/p>\n<p style=\"text-align: center;\"><a href=\"https:\/\/sic.nodscloud.com\/nodsglobal\/wp-content\/uploads\/sites\/3\/2021\/06\/Ma\u0301ster-Universitario-en-ACTIVIDAD-FISICA-Y-SALUD.pdf\">M\u00e1ster Universitario en Actividad F\u00edsica y Salud<\/a><\/p>\n<p style=\"text-align: center;\"><a href=\"https:\/\/sic.nodscloud.com\/nodsglobal\/wp-content\/uploads\/sites\/3\/2021\/06\/Master-Universitario-trastornos-comportamiento-alimentario.pdf\">M\u00e1ster Universitario en Trastornos del Comportamiento Alimentario y Obesidad<\/a><\/p>\n<p style=\"text-align: center;\"><a href=\"https:\/\/sic.nodscloud.com\/nodsglobal\/wp-content\/uploads\/sites\/3\/2023\/05\/MU_en_Terapia_Manual_Ortopedica_en_el_Tratamiento_del_Dolor-23-24.pdf\" target=\"_blank\" rel=\"noopener\">M\u00e1ster Universitario en Terapia Manual Ortopedica y Tratamiento del Dolor<\/a><\/p>\n<p>&nbsp;<\/p>\n<p>&nbsp;<\/p>\n<h3 style=\"text-align: center;\"><strong>MASTERS ONLINE<\/strong><\/h3>\n<p style=\"text-align: center;\"><a href=\"https:\/\/sic.nodscloud.com\/nodsglobal\/wp-content\/uploads\/sites\/3\/2021\/05\/Master-Universitario-en-Marketing.pdf\" target=\"_blank\" rel=\"noopener\">Master Universitario en Marketing<\/a><\/p>\n<p style=\"text-align: center;\"><a href=\"https:\/\/sic.nodscloud.com\/nodsglobal\/wp-content\/uploads\/sites\/3\/2021\/05\/Master-Universitario-en-Direccion-de-Empresas-MBA.pdf\" target=\"_blank\" rel=\"noopener\">M\u00e1ster Universitario en Direcci\u00f3n de Empresas MBA<\/a><\/p>\n<p style=\"text-align: center;\"><a href=\"https:\/\/sic.nodscloud.com\/nodsglobal\/wp-content\/uploads\/sites\/3\/2021\/05\/Master-en-Business-Analytics.pdf\" target=\"_blank\" rel=\"noopener\">M\u00e1ster en Business Analytics<\/a><\/p>\n<p style=\"text-align: center;\"><a href=\"https:\/\/sic.nodscloud.com\/nodsglobal\/wp-content\/uploads\/sites\/3\/2021\/05\/Master-Universitario-en-Seguridad-de-las-Tecnologias-de-la-Informacion-y-las-Comunicaciones-ONLINE.pdf\" target=\"_blank\" rel=\"noopener\">M\u00e1ster Universitario en Seguridad de las Tecnolog\u00edas de la Informaci\u00f3n y las Comunicaciones<\/a><\/p>\n<p style=\"text-align: center;\"><a href=\"https:\/\/sic.nodscloud.com\/nodsglobal\/wp-content\/uploads\/sites\/3\/2021\/05\/Master-Universitario-en-Big-Data-Analytics-MBI-_-Analisis-de-Grandes-Cantidades-de-Datos-MBI.pdf\" target=\"_blank\" rel=\"noopener\">M\u00e1ster Universitario en Big Data Analytics &#8211; MBI _ An\u00e1lisis de Grandes Cantidades de Datos &#8211; MBI<\/a><\/p>\n<p style=\"text-align: center;\"><a href=\"https:\/\/sic.nodscloud.com\/nodsglobal\/wp-content\/uploads\/sites\/3\/2021\/05\/Master-en-Protocolo-y-Organizacio\u0301n-de-Eventos-online-1.pdf\"><span data-sheets-value=\"{&quot;1&quot;:2,&quot;2&quot;:&quot;Master en Direcci\u00f3n de Protocolo y Organizacion de Eventos&quot;}\" data-sheets-userformat=\"{&quot;2&quot;:12734,&quot;4&quot;:[null,2,16777215],&quot;5&quot;:{&quot;1&quot;:[{&quot;1&quot;:2,&quot;2&quot;:0,&quot;5&quot;:[null,2,0]},{&quot;1&quot;:0,&quot;2&quot;:0,&quot;3&quot;:3},{&quot;1&quot;:1,&quot;2&quot;:0,&quot;4&quot;:1}]},&quot;6&quot;:{&quot;1&quot;:[{&quot;1&quot;:2,&quot;2&quot;:0,&quot;5&quot;:[null,2,0]},{&quot;1&quot;:0,&quot;2&quot;:0,&quot;3&quot;:3},{&quot;1&quot;:1,&quot;2&quot;:0,&quot;4&quot;:1}]},&quot;7&quot;:{&quot;1&quot;:[{&quot;1&quot;:2,&quot;2&quot;:0,&quot;5&quot;:[null,2,0]},{&quot;1&quot;:0,&quot;2&quot;:0,&quot;3&quot;:3},{&quot;1&quot;:1,&quot;2&quot;:0,&quot;4&quot;:1}]},&quot;8&quot;:{&quot;1&quot;:[{&quot;1&quot;:2,&quot;2&quot;:0,&quot;5&quot;:[null,2,0]},{&quot;1&quot;:0,&quot;2&quot;:0,&quot;3&quot;:3},{&quot;1&quot;:1,&quot;2&quot;:0,&quot;4&quot;:1}]},&quot;10&quot;:2,&quot;11&quot;:4,&quot;15&quot;:&quot;Calibri&quot;,&quot;16&quot;:11}\">Master en Direcci\u00f3n de Protocolo y Organizaci\u00f3n de Eventos<\/span><\/a><\/p>\n<p style=\"text-align: center;\"><a href=\"https:\/\/sic.nodscloud.com\/nodsglobal\/wp-content\/uploads\/sites\/3\/2021\/05\/master-universitario-industria-4.0-online-1.pdf\"><span data-sheets-value=\"{&quot;1&quot;:2,&quot;2&quot;:&quot;Master en Direcci\u00f3n de Protocolo y Organizacion de Eventos&quot;}\" data-sheets-userformat=\"{&quot;2&quot;:12734,&quot;4&quot;:[null,2,16777215],&quot;5&quot;:{&quot;1&quot;:[{&quot;1&quot;:2,&quot;2&quot;:0,&quot;5&quot;:[null,2,0]},{&quot;1&quot;:0,&quot;2&quot;:0,&quot;3&quot;:3},{&quot;1&quot;:1,&quot;2&quot;:0,&quot;4&quot;:1}]},&quot;6&quot;:{&quot;1&quot;:[{&quot;1&quot;:2,&quot;2&quot;:0,&quot;5&quot;:[null,2,0]},{&quot;1&quot;:0,&quot;2&quot;:0,&quot;3&quot;:3},{&quot;1&quot;:1,&quot;2&quot;:0,&quot;4&quot;:1}]},&quot;7&quot;:{&quot;1&quot;:[{&quot;1&quot;:2,&quot;2&quot;:0,&quot;5&quot;:[null,2,0]},{&quot;1&quot;:0,&quot;2&quot;:0,&quot;3&quot;:3},{&quot;1&quot;:1,&quot;2&quot;:0,&quot;4&quot;:1}]},&quot;8&quot;:{&quot;1&quot;:[{&quot;1&quot;:2,&quot;2&quot;:0,&quot;5&quot;:[null,2,0]},{&quot;1&quot;:0,&quot;2&quot;:0,&quot;3&quot;:3},{&quot;1&quot;:1,&quot;2&quot;:0,&quot;4&quot;:1}]},&quot;10&quot;:2,&quot;11&quot;:4,&quot;15&quot;:&quot;Calibri&quot;,&quot;16&quot;:11}\">Master Universitario en Industria 4.0 <\/span><\/a><\/p>\n<p style=\"text-align: center;\"><span data-sheets-value=\"{&quot;1&quot;:2,&quot;2&quot;:&quot;Master en Direcci\u00f3n de Protocolo y Organizacion de Eventos&quot;}\" data-sheets-userformat=\"{&quot;2&quot;:12734,&quot;4&quot;:[null,2,16777215],&quot;5&quot;:{&quot;1&quot;:[{&quot;1&quot;:2,&quot;2&quot;:0,&quot;5&quot;:[null,2,0]},{&quot;1&quot;:0,&quot;2&quot;:0,&quot;3&quot;:3},{&quot;1&quot;:1,&quot;2&quot;:0,&quot;4&quot;:1}]},&quot;6&quot;:{&quot;1&quot;:[{&quot;1&quot;:2,&quot;2&quot;:0,&quot;5&quot;:[null,2,0]},{&quot;1&quot;:0,&quot;2&quot;:0,&quot;3&quot;:3},{&quot;1&quot;:1,&quot;2&quot;:0,&quot;4&quot;:1}]},&quot;7&quot;:{&quot;1&quot;:[{&quot;1&quot;:2,&quot;2&quot;:0,&quot;5&quot;:[null,2,0]},{&quot;1&quot;:0,&quot;2&quot;:0,&quot;3&quot;:3},{&quot;1&quot;:1,&quot;2&quot;:0,&quot;4&quot;:1}]},&quot;8&quot;:{&quot;1&quot;:[{&quot;1&quot;:2,&quot;2&quot;:0,&quot;5&quot;:[null,2,0]},{&quot;1&quot;:0,&quot;2&quot;:0,&quot;3&quot;:3},{&quot;1&quot;:1,&quot;2&quot;:0,&quot;4&quot;:1}]},&quot;10&quot;:2,&quot;11&quot;:4,&quot;15&quot;:&quot;Calibri&quot;,&quot;16&quot;:11}\"><a href=\"https:\/\/sic.nodscloud.com\/nodsglobal\/wp-content\/uploads\/sites\/3\/2021\/05\/master-universitario-direccion-gestion-tecnologias-online.pdf\">Master Universitario en Direcci\u00f3n y Gestion de Tecnologias de la Informacion. MBA TIC.<\/a><\/span><\/p>\n<p style=\"text-align: center;\"><a href=\"https:\/\/sic.nodscloud.com\/nodsglobal\/wp-content\/uploads\/sites\/3\/2021\/05\/master-en-inteligencia-artificial-y-data-science-online.pdf\"><span data-sheets-value=\"{&quot;1&quot;:2,&quot;2&quot;:&quot;Master en Direcci\u00f3n de Protocolo y Organizacion de Eventos&quot;}\" data-sheets-userformat=\"{&quot;2&quot;:12734,&quot;4&quot;:[null,2,16777215],&quot;5&quot;:{&quot;1&quot;:[{&quot;1&quot;:2,&quot;2&quot;:0,&quot;5&quot;:[null,2,0]},{&quot;1&quot;:0,&quot;2&quot;:0,&quot;3&quot;:3},{&quot;1&quot;:1,&quot;2&quot;:0,&quot;4&quot;:1}]},&quot;6&quot;:{&quot;1&quot;:[{&quot;1&quot;:2,&quot;2&quot;:0,&quot;5&quot;:[null,2,0]},{&quot;1&quot;:0,&quot;2&quot;:0,&quot;3&quot;:3},{&quot;1&quot;:1,&quot;2&quot;:0,&quot;4&quot;:1}]},&quot;7&quot;:{&quot;1&quot;:[{&quot;1&quot;:2,&quot;2&quot;:0,&quot;5&quot;:[null,2,0]},{&quot;1&quot;:0,&quot;2&quot;:0,&quot;3&quot;:3},{&quot;1&quot;:1,&quot;2&quot;:0,&quot;4&quot;:1}]},&quot;8&quot;:{&quot;1&quot;:[{&quot;1&quot;:2,&quot;2&quot;:0,&quot;5&quot;:[null,2,0]},{&quot;1&quot;:0,&quot;2&quot;:0,&quot;3&quot;:3},{&quot;1&quot;:1,&quot;2&quot;:0,&quot;4&quot;:1}]},&quot;10&quot;:2,&quot;11&quot;:4,&quot;15&quot;:&quot;Calibri&quot;,&quot;16&quot;:11}\">Master en Inteligencia Artificial y Data Science.<\/span><\/a><\/p>\n<p style=\"text-align: center;\"><a href=\"https:\/\/sic.nodscloud.com\/nodsglobal\/wp-content\/uploads\/sites\/3\/2021\/05\/Master-Universitario-en-Gestion-de-Negocios-Internacionales-online-1.pdf\"><span data-sheets-value=\"{&quot;1&quot;:2,&quot;2&quot;:&quot;Master en Direcci\u00f3n de Protocolo y Organizacion de Eventos&quot;}\" data-sheets-userformat=\"{&quot;2&quot;:12734,&quot;4&quot;:[null,2,16777215],&quot;5&quot;:{&quot;1&quot;:[{&quot;1&quot;:2,&quot;2&quot;:0,&quot;5&quot;:[null,2,0]},{&quot;1&quot;:0,&quot;2&quot;:0,&quot;3&quot;:3},{&quot;1&quot;:1,&quot;2&quot;:0,&quot;4&quot;:1}]},&quot;6&quot;:{&quot;1&quot;:[{&quot;1&quot;:2,&quot;2&quot;:0,&quot;5&quot;:[null,2,0]},{&quot;1&quot;:0,&quot;2&quot;:0,&quot;3&quot;:3},{&quot;1&quot;:1,&quot;2&quot;:0,&quot;4&quot;:1}]},&quot;7&quot;:{&quot;1&quot;:[{&quot;1&quot;:2,&quot;2&quot;:0,&quot;5&quot;:[null,2,0]},{&quot;1&quot;:0,&quot;2&quot;:0,&quot;3&quot;:3},{&quot;1&quot;:1,&quot;2&quot;:0,&quot;4&quot;:1}]},&quot;8&quot;:{&quot;1&quot;:[{&quot;1&quot;:2,&quot;2&quot;:0,&quot;5&quot;:[null,2,0]},{&quot;1&quot;:0,&quot;2&quot;:0,&quot;3&quot;:3},{&quot;1&quot;:1,&quot;2&quot;:0,&quot;4&quot;:1}]},&quot;10&quot;:2,&quot;11&quot;:4,&quot;15&quot;:&quot;Calibri&quot;,&quot;16&quot;:11}\">Master Universitario en Gesti\u00f3n de Negocios Internacionales<\/span><\/a><\/p>\n<p style=\"text-align: center;\"><a href=\"https:\/\/sic.nodscloud.com\/nodsglobal\/wp-content\/uploads\/sites\/3\/2021\/05\/master-fintech-y-blockchain-online-1.pdf\"><span data-sheets-value=\"{&quot;1&quot;:2,&quot;2&quot;:&quot;Master en Direcci\u00f3n de Protocolo y Organizacion de Eventos&quot;}\" data-sheets-userformat=\"{&quot;2&quot;:12734,&quot;4&quot;:[null,2,16777215],&quot;5&quot;:{&quot;1&quot;:[{&quot;1&quot;:2,&quot;2&quot;:0,&quot;5&quot;:[null,2,0]},{&quot;1&quot;:0,&quot;2&quot;:0,&quot;3&quot;:3},{&quot;1&quot;:1,&quot;2&quot;:0,&quot;4&quot;:1}]},&quot;6&quot;:{&quot;1&quot;:[{&quot;1&quot;:2,&quot;2&quot;:0,&quot;5&quot;:[null,2,0]},{&quot;1&quot;:0,&quot;2&quot;:0,&quot;3&quot;:3},{&quot;1&quot;:1,&quot;2&quot;:0,&quot;4&quot;:1}]},&quot;7&quot;:{&quot;1&quot;:[{&quot;1&quot;:2,&quot;2&quot;:0,&quot;5&quot;:[null,2,0]},{&quot;1&quot;:0,&quot;2&quot;:0,&quot;3&quot;:3},{&quot;1&quot;:1,&quot;2&quot;:0,&quot;4&quot;:1}]},&quot;8&quot;:{&quot;1&quot;:[{&quot;1&quot;:2,&quot;2&quot;:0,&quot;5&quot;:[null,2,0]},{&quot;1&quot;:0,&quot;2&quot;:0,&quot;3&quot;:3},{&quot;1&quot;:1,&quot;2&quot;:0,&quot;4&quot;:1}]},&quot;10&quot;:2,&quot;11&quot;:4,&quot;15&quot;:&quot;Calibri&quot;,&quot;16&quot;:11}\">Master en Fintech y Blockchain<\/span><\/a><\/p>\n<p style=\"text-align: center;\"><a href=\"https:\/\/sic.nodscloud.com\/nodsglobal\/wp-content\/uploads\/sites\/3\/2021\/05\/master-direccion-comercial-y-ventas-online-1.pdf\"><span data-sheets-value=\"{&quot;1&quot;:2,&quot;2&quot;:&quot;Master en Direcci\u00f3n de Protocolo y Organizacion de Eventos&quot;}\" data-sheets-userformat=\"{&quot;2&quot;:12734,&quot;4&quot;:[null,2,16777215],&quot;5&quot;:{&quot;1&quot;:[{&quot;1&quot;:2,&quot;2&quot;:0,&quot;5&quot;:[null,2,0]},{&quot;1&quot;:0,&quot;2&quot;:0,&quot;3&quot;:3},{&quot;1&quot;:1,&quot;2&quot;:0,&quot;4&quot;:1}]},&quot;6&quot;:{&quot;1&quot;:[{&quot;1&quot;:2,&quot;2&quot;:0,&quot;5&quot;:[null,2,0]},{&quot;1&quot;:0,&quot;2&quot;:0,&quot;3&quot;:3},{&quot;1&quot;:1,&quot;2&quot;:0,&quot;4&quot;:1}]},&quot;7&quot;:{&quot;1&quot;:[{&quot;1&quot;:2,&quot;2&quot;:0,&quot;5&quot;:[null,2,0]},{&quot;1&quot;:0,&quot;2&quot;:0,&quot;3&quot;:3},{&quot;1&quot;:1,&quot;2&quot;:0,&quot;4&quot;:1}]},&quot;8&quot;:{&quot;1&quot;:[{&quot;1&quot;:2,&quot;2&quot;:0,&quot;5&quot;:[null,2,0]},{&quot;1&quot;:0,&quot;2&quot;:0,&quot;3&quot;:3},{&quot;1&quot;:1,&quot;2&quot;:0,&quot;4&quot;:1}]},&quot;10&quot;:2,&quot;11&quot;:4,&quot;15&quot;:&quot;Calibri&quot;,&quot;16&quot;:11}\">Master Universitario en Direcci\u00f3n Comercial y Ventas<\/span><\/a><\/p>\n<p style=\"text-align: center;\"><a href=\"https:\/\/sic.nodscloud.com\/nodsglobal\/wp-content\/uploads\/sites\/3\/2021\/05\/master-direccion-y-gestion-financiera-online-1.pdf\"><span data-sheets-value=\"{&quot;1&quot;:2,&quot;2&quot;:&quot;Master en Direcci\u00f3n de Protocolo y Organizacion de Eventos&quot;}\" data-sheets-userformat=\"{&quot;2&quot;:12734,&quot;4&quot;:[null,2,16777215],&quot;5&quot;:{&quot;1&quot;:[{&quot;1&quot;:2,&quot;2&quot;:0,&quot;5&quot;:[null,2,0]},{&quot;1&quot;:0,&quot;2&quot;:0,&quot;3&quot;:3},{&quot;1&quot;:1,&quot;2&quot;:0,&quot;4&quot;:1}]},&quot;6&quot;:{&quot;1&quot;:[{&quot;1&quot;:2,&quot;2&quot;:0,&quot;5&quot;:[null,2,0]},{&quot;1&quot;:0,&quot;2&quot;:0,&quot;3&quot;:3},{&quot;1&quot;:1,&quot;2&quot;:0,&quot;4&quot;:1}]},&quot;7&quot;:{&quot;1&quot;:[{&quot;1&quot;:2,&quot;2&quot;:0,&quot;5&quot;:[null,2,0]},{&quot;1&quot;:0,&quot;2&quot;:0,&quot;3&quot;:3},{&quot;1&quot;:1,&quot;2&quot;:0,&quot;4&quot;:1}]},&quot;8&quot;:{&quot;1&quot;:[{&quot;1&quot;:2,&quot;2&quot;:0,&quot;5&quot;:[null,2,0]},{&quot;1&quot;:0,&quot;2&quot;:0,&quot;3&quot;:3},{&quot;1&quot;:1,&quot;2&quot;:0,&quot;4&quot;:1}]},&quot;10&quot;:2,&quot;11&quot;:4,&quot;15&quot;:&quot;Calibri&quot;,&quot;16&quot;:11}\">Master Universitario en Direcci\u00f3n y Financiera<\/span><\/a><\/p>\n<p style=\"text-align: center;\"><a href=\"https:\/\/sic.nodscloud.com\/nodsglobal\/wp-content\/uploads\/sites\/3\/2021\/06\/Ma%CC%81ster-Universitario-en-Nutricio%CC%81n-Clinica.pdf\">M\u00e1ster Universitario en Nutrici\u00f3n Clinica<\/a><\/p>\n<p style=\"text-align: center;\"><a href=\"https:\/\/nodsglobal.org\/wp-content\/uploads\/2021\/12\/Master-Universitario-en-Direccion-Recursos-Humanos-online.pdf\" target=\"_blank\" rel=\"noopener\">M\u00e1ster Universitario en Direcci\u00f3n y Gesti\u00f3n de Recursos Humanos\u00a0<\/a><\/p>\n<p style=\"text-align: center;\"><a href=\"https:\/\/nodsglobal.org\/wp-content\/uploads\/2021\/12\/Master-Universitario-Prevencion-Riesgos-Laborales-Online.pdf\" target=\"_blank\" rel=\"noopener\">Ma\u0301ster Universitario Prevenci\u00f3n Riesgos Laborales\u00a0<\/a><\/p>\n<p style=\"text-align: center;\"><a href=\"https:\/\/nodsglobal.org\/wp-content\/uploads\/2021\/12\/Master-Universitario-Organizacion-Direccion-Centros-Docentes-Online.pdf\" target=\"_blank\" rel=\"noopener\">Ma\u0301ster Universitario Organizaci\u00f3n Direcci\u00f3n Centros Docentes\u00a0<\/a><\/p>\n<p style=\"text-align: center;\"><a href=\"https:\/\/nodsglobal.org\/wp-content\/uploads\/2021\/12\/Master-Universitario-Negocio-Maritimo-Online-1.pdf\" target=\"_blank\" rel=\"noopener\">Ma\u0301ster Universitario en Gesti\u00f3n del Negocio Mar\u00edtimo y el Derecho Mar\u00edtimo\u00a0<\/a><\/p>\n<p style=\"text-align: center;\"><a href=\"https:\/\/nodsglobal.org\/wp-content\/uploads\/2021\/12\/Master-Universitario-en-Sistemas-Integrados-de-Gestion-Online.pdf\" target=\"_blank\" rel=\"noopener\">Ma\u0301ster Universitario en Sistemas Integrados de Gestio\u0301n\u00a0<\/a><\/p>\n<p style=\"text-align: center;\"><a href=\"https:\/\/nodsglobal.org\/wp-content\/uploads\/2021\/12\/Master-Universitario-en-Psicopedagogia-Online.pdf\" target=\"_blank\" rel=\"noopener\">Ma\u0301ster Universitario en Psicopedagogi\u0301a\u00a0<\/a><\/p>\n<p style=\"text-align: center;\"><a href=\"https:\/\/nodsglobal.org\/wp-content\/uploads\/2021\/12\/Master-Universitario-en-Logistica-ONline.pdf\" target=\"_blank\" rel=\"noopener\">Ma\u0301ster Universitario en Logi\u0301stica\u00a0<\/a><\/p>\n<p style=\"text-align: center;\"><a href=\"https:\/\/nodsglobal.org\/wp-content\/uploads\/2021\/12\/Master-Universitario-en-Ingenieria-de-Organizacion-Direccion-de-Proyectos-y-Empresas-Online.pdf\" target=\"_blank\" rel=\"noopener\">Ma\u0301ster Universitario en Ingenieri\u0301a de Organizacio\u0301n, Direccio\u0301n de Proyectos y Empresas <\/a><\/p>\n<p style=\"text-align: center;\"><a href=\"https:\/\/nodsglobal.org\/wp-content\/uploads\/2021\/12\/Master-Universitario-en-Energias-Renovables-Online.pdf\" target=\"_blank\" rel=\"noopener\">Ma\u0301ster Universitario en Energi\u0301as Renovables\u00a0<\/a><\/p>\n<p style=\"text-align: center;\"><a href=\"https:\/\/nodsglobal.org\/wp-content\/uploads\/2021\/12\/Master-Universitario-en-Derechos-Humanos-Online.pdf\" target=\"_blank\" rel=\"noopener\">Ma\u0301ster Universitario en Derechos Humanos\u00a0<\/a><\/p>\n<p style=\"text-align: center;\"><a href=\"https:\/\/nodsglobal.org\/wp-content\/uploads\/2021\/12\/Master-Universitario-en-Atencion-Temprana-en-el-Contexto-Educativo.pdf\" target=\"_blank\" rel=\"noopener\">Ma\u0301ster Universitario en Atencio\u0301n Temprana<\/a><\/p>\n<p style=\"text-align: center;\"><a href=\"https:\/\/nodsglobal.org\/wp-content\/uploads\/2021\/12\/Master-Universitario-Educacion-Especial-Online.pdf\" target=\"_blank\" rel=\"noopener\">Ma\u0301ster Universitario Educaci\u00f3n Especial\u00a0<\/a><\/p>\n<p style=\"text-align: center;\"><a href=\"https:\/\/nodsglobal.org\/wp-content\/uploads\/2021\/12\/Master-en-Direccion-de-Futbol.pdf\" target=\"_blank\" rel=\"noopener\">Ma\u0301ster en Direccio\u0301n de Fu\u0301tbol <\/a><\/p>\n<p style=\"text-align: center;\"><a href=\"https:\/\/nodsglobal.org\/wp-content\/uploads\/2021\/12\/Master-en-Arquitectura-Sostenible-y-Bioconstruccion.pdf\" target=\"_blank\" rel=\"noopener\">Ma\u0301ster en Arquitectura Sostenible y Bioconstruccio\u0301n\u00a0<\/a><\/p>\n<p>&nbsp;<\/p>\n<p>&nbsp;<\/p>\n<p>&nbsp;<\/p>\n<p>.<\/p>\n<p>&nbsp;<\/p>\n<p>&nbsp;<\/p>\n","protected":false},"excerpt":{"rendered":"<p>Brochures UE &nbsp; MASTERS PRESENCIALES M\u00e1ster Universitario en Direcci\u00f3n de Entidades Deportivas MBA M\u00e1ster Universitario en Direcci\u00f3n y Gesti\u00f3n de Recursos Humanos M\u00e1ster Universitario en Marketing Deportivo Master Universitario en Marketing M\u00e1ster Universitario en Seguridad de las Tecnolog\u00edas de la Informaci\u00f3n y las Comunicaciones Postgrado&#8230;<\/p>\n","protected":false},"author":2,"featured_media":0,"parent":0,"menu_order":0,"comment_status":"closed","ping_status":"closed","template":"","meta":{"footnotes":""},"class_list":["post-1442","page","type-page","status-publish","hentry"],"aioseo_notices":[],"_links":{"self":[{"href":"https:\/\/sic.nodscloud.com\/nodsglobal\/wp-json\/wp\/v2\/pages\/1442","targetHints":{"allow":["GET"]}}],"collection":[{"href":"https:\/\/sic.nodscloud.com\/nodsglobal\/wp-json\/wp\/v2\/pages"}],"about":[{"href":"https:\/\/sic.nodscloud.com\/nodsglobal\/wp-json\/wp\/v2\/types\/page"}],"author":[{"embeddable":true,"href":"https:\/\/sic.nodscloud.com\/nodsglobal\/wp-json\/wp\/v2\/users\/2"}],"replies":[{"embeddable":true,"href":"https:\/\/sic.nodscloud.com\/nodsglobal\/wp-json\/wp\/v2\/comments?post=1442"}],"version-history":[{"count":13,"href":"https:\/\/sic.nodscloud.com\/nodsglobal\/wp-json\/wp\/v2\/pages\/1442\/revisions"}],"predecessor-version":[{"id":3368,"href":"https:\/\/sic.nodscloud.com\/nodsglobal\/wp-json\/wp\/v2\/pages\/1442\/revisions\/3368"}],"wp:attachment":[{"href":"https:\/\/sic.nodscloud.com\/nodsglobal\/wp-json\/wp\/v2\/media?parent=1442"}],"curies":[{"name":"wp","href":"https:\/\/api.w.org\/{rel}","templated":true}]}}