
{"id":1482,"date":"2021-05-17T14:46:03","date_gmt":"2021-05-17T14:46:03","guid":{"rendered":"https:\/\/sic.nodscloud.com\/nodsglobal\/?page_id=1482"},"modified":"2021-12-14T18:13:25","modified_gmt":"2021-12-14T18:13:25","slug":"preguntas-frecuentes-eobs","status":"publish","type":"page","link":"https:\/\/sic.nodscloud.com\/nodsglobal\/preguntas-frecuentes-eobs\/","title":{"rendered":"Preguntas frecuentes &#8211; eobs"},"content":{"rendered":"<h3>PREGUNTAS FRECUENTES &#8211; EOBS<\/h3>\n<p>&nbsp;<\/p>\n<ol>\n<li><strong>\u00bfQu\u00e9 c<\/strong><b>arga horaria tienen los programas?<\/b><\/li>\n<\/ol>\n<p><span style=\"font-weight: 400;\">No hay una carga horaria. Cada m\u00f3dulo tiene una duraci\u00f3n de 1 mes y medio aproximadamente. Para continuar con el m\u00f3dulo siguiente tiene que haber cursado el m\u00f3dulo anterior y haber hecho la evaluaci\u00f3n correspondiente.<\/span><\/p>\n<p>&nbsp;<\/p>\n<p><span style=\"font-weight: 400;\">\u00a0<\/span><\/p>\n<ol start=\"2\">\n<li><b> \u00bfToman asistencia?<\/b><\/li>\n<\/ol>\n<p><span style=\"font-weight: 400;\">No hay asistencia pero si es necesario hacer todos los m\u00f3dulos.<\/span><\/p>\n<p><span style=\"font-weight: 400;\">\u00a0<\/span><\/p>\n<p>&nbsp;<\/p>\n<ol start=\"3\">\n<li><b> \u00bfQu\u00e9 t\u00edtulo se otorga?<\/b><\/li>\n<\/ol>\n<p><span style=\"font-weight: 400;\">Se otorgan 2 o 3 titulaciones, dependiendo si el alumno incluye o no la especializaci\u00f3n a sus estudios. (Universidad Cat\u00f3lica San Antonio de Murcia (UCAM), EOBS y Especializaci\u00f3n).<\/span><\/p>\n<p>&nbsp;<\/p>\n<p>&nbsp;<\/p>\n<ol start=\"4\">\n<li><b> Todo alumno recibir\u00e1 al finalizar y aprobar dos titulaciones.<\/b><\/li>\n<\/ol>\n<ul>\n<li style=\"font-weight: 400;\" aria-level=\"1\"><span style=\"font-weight: 400;\">Por la Universidad: T\u00cdTULO PROPIO (previo pago de tasas de expedici\u00f3n de 400\u20ac aprox)<\/span><\/li>\n<li style=\"font-weight: 400;\" aria-level=\"1\"><span style=\"font-weight: 400;\">Por la EOBS: T\u00cdTULO PROFESIONAL<br \/>\n<\/span><\/li>\n<\/ul>\n<p><span style=\"font-weight: 400;\">&#8211; El alumno que curse Universidad + EOBS , pagar\u00e1 solo la tasa de expedici\u00f3n de la universidad de 400\u20ac aprox.<\/span><\/p>\n<p><span style=\"font-weight: 400;\">&#8211; El alumno que curse EOBS, pagar\u00e1 la tasa de expedici\u00f3n de 100\u20ac.<\/span><\/p>\n<p>&nbsp;<\/p>\n<p>&nbsp;<\/p>\n<ol start=\"5\">\n<li><b> \u00bfC\u00f3mo me env\u00edan el t\u00edtulo?\u00a0<\/b><\/li>\n<\/ol>\n<p><span style=\"font-weight: 400;\">\u2013 Una vez que la universidad entregue los documentos a EOBS, estos env\u00edan los documentos f\u00edsicos al domicilio del egresado y por tal servicios cobra 50 euros.<\/span><\/p>\n<p><span style=\"font-weight: 400;\">\u2013 La universidad otorga la documentaci\u00f3n en caso de que alg\u00fan conocido pueda retirarlos en Espa\u00f1a. Se requiere una carta de autorizaci\u00f3n. Dicha persona puede hacer la legalizaci\u00f3n del t\u00edtulo.<\/span><\/p>\n<p><span style=\"font-weight: 400;\">\u2013 Si el egresado quiere legalizar el t\u00edtulo en Espa\u00f1a, EOBS ofrece el servicio y cobra 50 euros por documento para la realizaci\u00f3n del tr\u00e1mite. Esto no es necesario, depende del egresado.<\/span><\/p>\n<p><span style=\"font-weight: 400;\">\u2013 Tasa de expedici\u00f3n. La expedici\u00f3n del t\u00edtulo de la Universidad Cat\u00f3lica San Antonio de Murcia tiene un costo (de 400\u20ac aprox). No se le cobra de antemano ya que no todos completan o aprueban la maestr\u00eda, por eso es un gasto a parte. (No lo comuniquemos nosotros.)<\/span><\/p>\n<p><span style=\"font-weight: 400;\">\u00a0<\/span><\/p>\n<p>&nbsp;<\/p>\n<ol start=\"6\">\n<li><b> \u00bfC\u00f3mo es el cursado de cada m\u00e1ster? \u00bfC\u00f3mo se dicta el contenido?<\/b><\/li>\n<\/ol>\n<p><span style=\"font-weight: 400;\">\u2013 Cada m\u00e1ster cuenta con un tutor de actividades y un tutor encargado de realizar las clases en vivo. Las mismas se dictan cada 15 d\u00edas, para que el alumno abarque todas las dudas, si el alumno no pudo estar presente la clase queda grabada.<\/span><\/p>\n<p><span style=\"font-weight: 400;\">\u2013 El material que encuentran en el portal virtual puede ser audiolibro, videos, pdf, audios o clases grabadas.<\/span><\/p>\n<p>&nbsp;<\/p>\n<p><span style=\"font-weight: 400;\">\u00a0<\/span><\/p>\n<ol start=\"7\">\n<li><b> \u00bfCu\u00e1l es el calendario acad\u00e9mico?<\/b><\/li>\n<\/ol>\n<p><span style=\"font-weight: 400;\">Una vez inscripto la universidad env\u00eda el calendario acad\u00e9mico.<\/span><\/p>\n<p><span style=\"font-weight: 400;\">\u00a0<\/span><\/p>\n<p>&nbsp;<\/p>\n<ol start=\"8\">\n<li><b> \u00bfLas especialidades tienen alg\u00fan tipo de certificaci\u00f3n?\u00a0<\/b><\/li>\n<\/ol>\n<p><span style=\"font-weight: 400;\">Gracias al convenio con la Universidad Cat\u00f3lica de Murcia, los alumnos tambi\u00e9n recibir\u00e1n dos titulaciones en nuestras 28 especializaciones.<\/span><\/p>\n<p><span style=\"font-weight: 400;\">Las especializaciones que no se hagan con los <\/span><b>M\u00e1sters Propios<\/b><span style=\"font-weight: 400;\">, no tienen certificaci\u00f3n de la UCAM.\u00a0<\/span><\/p>\n<p>&nbsp;<\/p>\n<p><span style=\"font-weight: 400;\">\u00a0<\/span><\/p>\n<ol start=\"9\">\n<li><b> \u00bfLos cursos de idiomas otorgan una certificaci\u00f3n?<\/b><\/li>\n<\/ol>\n<p><span style=\"font-weight: 400;\">Los cursos de idiomas son de la mano del Instituto GoFluent. Estos programas de idiomas preparan a los alumnos para rendir cualquier tipo de evaluaci\u00f3n o test de diferentes niveles. No otorgan una certificaci\u00f3n, sino que los preparan para rendir.<\/span><\/p>\n<p>&nbsp;<\/p>\n<p>&nbsp;<\/p>\n<ol start=\"10\">\n<li><b> \u00bfQue certificaci\u00f3n tiene Nods Global?<\/b><\/li>\n<\/ol>\n<p><span style=\"font-weight: 400;\">Salimos en la web de EOBS como NODS Academy, https:\/\/www.eobs.es\/sedes-de-la-escuela\/<\/span><\/p>\n<p><span style=\"font-weight: 400;\">Hay que aclarar que hicimos un cambio de marca y ahora nos llamamos Nods Global. (aclarado en la plantilla de quien somos)<\/span><\/p>\n<p>&nbsp;<\/p>\n<p>&nbsp;<\/p>\n<p>11. <b>Diferencia entre Master Propios y Master Profesionales.<\/b><\/p>\n<p>&nbsp;<\/p>\n<p><span style=\"font-weight: 400;\">\ud83d\udccc <strong>Ambos comparten los mismos programas:<\/strong><\/span><\/p>\n<ul>\n<li><span style=\"font-weight: 400;\">M\u00e1ster en Alta Direcci\u00f3n Empresarial \/ MBA<\/span><\/li>\n<li><span style=\"font-weight: 400;\">M\u00e1ster in Project Management \/ M\u00e1ster en Direcci\u00f3n y Gesti\u00f3n de Proyectos<\/span><\/li>\n<li><span style=\"font-weight: 400;\">M\u00e1ster en Capital Humano y Desarrollo de Personas<\/span><\/li>\n<\/ul>\n<p>&nbsp;<\/p>\n<p><span style=\"font-weight: 400;\">\ud83d\udccc <strong>M\u00e1ster PROPIOS<\/strong><\/span><\/p>\n<p><span style=\"font-weight: 400;\">\u2013 Necesita t\u00edtulo universitario o certificado de empresa<\/span><\/p>\n<p><span style=\"font-weight: 400;\">\u2013 Los m\u00e1steres est\u00e1n avalados por la universidad de UCAM, y obtienen doble titulaci\u00f3n, el de OEBS y el de UCAM.<\/span><\/p>\n<p><span style=\"font-weight: 400;\">(al estar avalados por una universidad como UCAV son t\u00edtulos oficiales)<\/span><\/p>\n<p><span style=\"font-weight: 400;\">\u2013 Tiene el 75% de beca como descuento m\u00e1ximo<\/span><\/p>\n<p><span style=\"font-weight: 400;\">\u2013 Ofrece realizar una especializaci\u00f3n de manera gratuita.<\/span><\/p>\n<p>&nbsp;<\/p>\n<p><span style=\"font-weight: 400;\">\ud83d\udccc <strong>Master PROFESIONALES<\/strong><\/span><\/p>\n<p><span style=\"font-weight: 400;\">\u2013 NO necesita t\u00edtulo universitario, con pasaporte y cv es suficiente.<\/span><\/p>\n<p><span style=\"font-weight: 400;\">\u2013 Los master NO est\u00e1n avalados por una universidad. Entregan un t\u00edtulo de EOBS pero no es un t\u00edtulo oficial para presentar protocolarmente en alguna otra instituci\u00f3n.<\/span><\/p>\n<p><span style=\"font-weight: 400;\">\u2013 Y por la raz\u00f3n anteriormente mencionado es que tiene el 80% de beca como descuento m\u00e1ximo<\/span><\/p>\n<p><span style=\"font-weight: 400;\">\u2013 No ofrecen especializaci\u00f3n gratuita.<\/span><\/p>\n<p>&nbsp;<\/p>\n<p>&nbsp;<\/p>\n<p>&nbsp;<\/p>\n<p>.<\/p>\n","protected":false},"excerpt":{"rendered":"<p>PREGUNTAS FRECUENTES &#8211; EOBS &nbsp; \u00bfQu\u00e9 carga horaria tienen los programas? No hay una carga horaria. Cada m\u00f3dulo tiene una duraci\u00f3n de 1 mes y medio aproximadamente. Para continuar con el m\u00f3dulo siguiente tiene que haber cursado el m\u00f3dulo anterior y haber hecho la evaluaci\u00f3n&#8230;<\/p>\n","protected":false},"author":2,"featured_media":0,"parent":0,"menu_order":0,"comment_status":"closed","ping_status":"closed","template":"","meta":{"footnotes":""},"class_list":["post-1482","page","type-page","status-publish","hentry"],"aioseo_notices":[],"_links":{"self":[{"href":"https:\/\/sic.nodscloud.com\/nodsglobal\/wp-json\/wp\/v2\/pages\/1482","targetHints":{"allow":["GET"]}}],"collection":[{"href":"https:\/\/sic.nodscloud.com\/nodsglobal\/wp-json\/wp\/v2\/pages"}],"about":[{"href":"https:\/\/sic.nodscloud.com\/nodsglobal\/wp-json\/wp\/v2\/types\/page"}],"author":[{"embeddable":true,"href":"https:\/\/sic.nodscloud.com\/nodsglobal\/wp-json\/wp\/v2\/users\/2"}],"replies":[{"embeddable":true,"href":"https:\/\/sic.nodscloud.com\/nodsglobal\/wp-json\/wp\/v2\/comments?post=1482"}],"version-history":[{"count":9,"href":"https:\/\/sic.nodscloud.com\/nodsglobal\/wp-json\/wp\/v2\/pages\/1482\/revisions"}],"predecessor-version":[{"id":2556,"href":"https:\/\/sic.nodscloud.com\/nodsglobal\/wp-json\/wp\/v2\/pages\/1482\/revisions\/2556"}],"wp:attachment":[{"href":"https:\/\/sic.nodscloud.com\/nodsglobal\/wp-json\/wp\/v2\/media?parent=1482"}],"curies":[{"name":"wp","href":"https:\/\/api.w.org\/{rel}","templated":true}]}}