
{"id":1491,"date":"2021-05-17T15:42:33","date_gmt":"2021-05-17T15:42:33","guid":{"rendered":"https:\/\/sic.nodscloud.com\/nodsglobal\/?page_id=1491"},"modified":"2024-10-24T13:02:34","modified_gmt":"2024-10-24T13:02:34","slug":"requisitos-de-admision-eobs","status":"publish","type":"page","link":"https:\/\/sic.nodscloud.com\/nodsglobal\/requisitos-de-admision-eobs\/","title":{"rendered":"Requisitos de admisi\u00f3n &#8211; eobs"},"content":{"rendered":"<h2 style=\"text-align: center;\"><span style=\"color: #008000;\"><img fetchpriority=\"high\" decoding=\"async\" class=\"alignnone size-full wp-image-5573\" src=\"https:\/\/sic.nodscloud.com\/nodsglobal\/wp-content\/uploads\/sites\/3\/2024\/10\/eobs.png\" alt=\"\" width=\"379\" height=\"133\" srcset=\"https:\/\/sic.nodscloud.com\/nodsglobal\/wp-content\/uploads\/sites\/3\/2024\/10\/eobs.png 379w, https:\/\/sic.nodscloud.com\/nodsglobal\/wp-content\/uploads\/sites\/3\/2024\/10\/eobs-300x105.png 300w\" sizes=\"(max-width: 379px) 100vw, 379px\" \/><\/span><\/h2>\n<h2 style=\"text-align: center;\"><strong><span style=\"color: #008000;\">REQUISITOS DE ADMISI\u00d3N \u2013 EOBS<\/span><\/strong><\/h2>\n<p>&nbsp;<\/p>\n<p><strong>1. ENV\u00cdO DE SOLICITUD Y DOCUMENTACI\u00d3N<\/strong><br \/>\nDeber\u00e1s aportar la documentaci\u00f3n requerida:<\/p>\n<p>\u2022 Documento de Identidad<br \/>\n\u2022 Copia del T\u00edtulo Universitario, Titulo Terciario\/T\u00e9cnico\u00a0 Solo en casos puntuales la universidad solicitar\u00e1 certificado de calificaciones.<br \/>\n\u2022 CV<br \/>\n\u2022 Solicitud de Admisi\u00f3n**<\/p>\n<p><span style=\"color: #0000ff;\"><a style=\"color: #0000ff;\" href=\"https:\/\/sic.nodscloud.com\/nodsglobal\/wp-content\/uploads\/sites\/3\/2024\/10\/Solicitud-MBA.noviembre.febrero.pdf\">Solicitud MBA.noviembre.febrero<\/a><\/span><\/p>\n<p><span style=\"color: #0000ff;\"><a style=\"color: #0000ff;\" href=\"https:\/\/sic.nodscloud.com\/nodsglobal\/wp-content\/uploads\/sites\/3\/2024\/10\/Solicitud-MCH.noviembre.mayo_.pdf\">Solicitud MCH.noviembre.mayo<\/a><\/span><\/p>\n<p><span style=\"color: #0000ff;\"><a style=\"color: #0000ff;\" href=\"https:\/\/sic.nodscloud.com\/nodsglobal\/wp-content\/uploads\/sites\/3\/2024\/10\/Solicitud-MDGP.noviembre.febrero.pdf\">Solicitud MDGP.noviembre.febrero<\/a><\/span><\/p>\n<p><span style=\"color: #0000ff;\"><a style=\"color: #0000ff;\" href=\"https:\/\/sic.nodscloud.com\/nodsglobal\/wp-content\/uploads\/sites\/3\/2024\/10\/Solicitud-MIDE.noviembre.mayo_.pdf\">Solicitud MIDE.noviembre.m<\/a><\/span><\/p>\n<p>&nbsp;<\/p>\n<p>*Profesionales sin t\u00edtulo universitario, deber\u00e1n incluir un <strong>Certificado de empresa:<\/strong><\/p>\n<ul>\n<li>El comprobante de <strong>Certificado de empresa<\/strong> deber\u00e1 cumplir con las siguientes condiciones:<br \/>\n&#8211; Firmas y sellos de agua de la empresa<br \/>\n&#8211; Hojas membretadas<br \/>\n&#8211; No puede estar emitido por RRHH, debe estar emitido por la gerencia.<br \/>\n&#8211; Debe aclarar las funciones que realizo en la empresa<br \/>\n&#8211; Copia del contrato de trabajo o certificado de empresa que detalle las<br \/>\nfunciones e informe de vida laboral o equivalente. M\u00ednimo 1 a\u00f1os de<br \/>\nexperiencia profesional. Las actividades deben estar relacionadas con el master en<br \/>\ncuesti\u00f3n.<\/li>\n<\/ul>\n<p>&nbsp;<\/p>\n<p>&nbsp;<\/p>\n","protected":false},"excerpt":{"rendered":"<p>REQUISITOS DE ADMISI\u00d3N \u2013 EOBS &nbsp; 1. ENV\u00cdO DE SOLICITUD Y DOCUMENTACI\u00d3N Deber\u00e1s aportar la documentaci\u00f3n requerida: \u2022 Documento de Identidad \u2022 Copia del T\u00edtulo Universitario, Titulo Terciario\/T\u00e9cnico\u00a0 Solo en casos puntuales la universidad solicitar\u00e1 certificado de calificaciones. \u2022 CV \u2022 Solicitud de Admisi\u00f3n** Solicitud&#8230;<\/p>\n","protected":false},"author":2,"featured_media":0,"parent":0,"menu_order":0,"comment_status":"closed","ping_status":"closed","template":"","meta":{"footnotes":""},"class_list":["post-1491","page","type-page","status-publish","hentry"],"aioseo_notices":[],"_links":{"self":[{"href":"https:\/\/sic.nodscloud.com\/nodsglobal\/wp-json\/wp\/v2\/pages\/1491","targetHints":{"allow":["GET"]}}],"collection":[{"href":"https:\/\/sic.nodscloud.com\/nodsglobal\/wp-json\/wp\/v2\/pages"}],"about":[{"href":"https:\/\/sic.nodscloud.com\/nodsglobal\/wp-json\/wp\/v2\/types\/page"}],"author":[{"embeddable":true,"href":"https:\/\/sic.nodscloud.com\/nodsglobal\/wp-json\/wp\/v2\/users\/2"}],"replies":[{"embeddable":true,"href":"https:\/\/sic.nodscloud.com\/nodsglobal\/wp-json\/wp\/v2\/comments?post=1491"}],"version-history":[{"count":19,"href":"https:\/\/sic.nodscloud.com\/nodsglobal\/wp-json\/wp\/v2\/pages\/1491\/revisions"}],"predecessor-version":[{"id":5590,"href":"https:\/\/sic.nodscloud.com\/nodsglobal\/wp-json\/wp\/v2\/pages\/1491\/revisions\/5590"}],"wp:attachment":[{"href":"https:\/\/sic.nodscloud.com\/nodsglobal\/wp-json\/wp\/v2\/media?parent=1491"}],"curies":[{"name":"wp","href":"https:\/\/api.w.org\/{rel}","templated":true}]}}