
{"id":1528,"date":"2021-05-18T19:13:18","date_gmt":"2021-05-18T19:13:18","guid":{"rendered":"https:\/\/sic.nodscloud.com\/nodsglobal\/?page_id=1528"},"modified":"2021-06-18T14:20:35","modified_gmt":"2021-06-18T14:20:35","slug":"medios-de-pago-lssi","status":"publish","type":"page","link":"https:\/\/sic.nodscloud.com\/nodsglobal\/medios-de-pago-lssi\/","title":{"rendered":"Medios de pago &#8211; LSSI"},"content":{"rendered":"<h3><strong>MEDIOS DE PAGO<\/strong><\/h3>\n<p>&nbsp;<\/p>\n<ul>\n<li>Se paga en <strong>una sola cuota<\/strong>, la totalidad de los cursos o por curso contratado, a trav\u00e9s de un link de pago.<\/li>\n<\/ul>\n<p>&nbsp;<\/p>\n<ul>\n<li><strong>El instituto Lean va a ser quien envie el link de pago<\/strong> al aspirante una vez le hayamos enviado el formulario de admisi\u00f3n.*Link de pago a trav\u00e9s de Paypal, que utiliza los siguientes m\u00e9todos de pago:<br \/>\n&#8211; tarjeta cr\u00e9dito<br \/>\n&#8211; tarjeta d\u00e9bito (menos argentina)<br \/>\n&#8211; cuenta bancaria \/ transferencia (menos argentina)<br \/>\n&#8211; y saldo paypal<\/li>\n<\/ul>\n<p>&nbsp;<\/p>\n","protected":false},"excerpt":{"rendered":"<p>MEDIOS DE PAGO &nbsp; Se paga en una sola cuota, la totalidad de los cursos o por curso contratado, a trav\u00e9s de un link de pago. &nbsp; El instituto Lean va a ser quien envie el link de pago al aspirante una vez le hayamos&#8230;<\/p>\n","protected":false},"author":1,"featured_media":0,"parent":0,"menu_order":0,"comment_status":"closed","ping_status":"closed","template":"","meta":{"footnotes":""},"class_list":["post-1528","page","type-page","status-publish","hentry"],"aioseo_notices":[],"_links":{"self":[{"href":"https:\/\/sic.nodscloud.com\/nodsglobal\/wp-json\/wp\/v2\/pages\/1528","targetHints":{"allow":["GET"]}}],"collection":[{"href":"https:\/\/sic.nodscloud.com\/nodsglobal\/wp-json\/wp\/v2\/pages"}],"about":[{"href":"https:\/\/sic.nodscloud.com\/nodsglobal\/wp-json\/wp\/v2\/types\/page"}],"author":[{"embeddable":true,"href":"https:\/\/sic.nodscloud.com\/nodsglobal\/wp-json\/wp\/v2\/users\/1"}],"replies":[{"embeddable":true,"href":"https:\/\/sic.nodscloud.com\/nodsglobal\/wp-json\/wp\/v2\/comments?post=1528"}],"version-history":[{"count":6,"href":"https:\/\/sic.nodscloud.com\/nodsglobal\/wp-json\/wp\/v2\/pages\/1528\/revisions"}],"predecessor-version":[{"id":1743,"href":"https:\/\/sic.nodscloud.com\/nodsglobal\/wp-json\/wp\/v2\/pages\/1528\/revisions\/1743"}],"wp:attachment":[{"href":"https:\/\/sic.nodscloud.com\/nodsglobal\/wp-json\/wp\/v2\/media?parent=1528"}],"curies":[{"name":"wp","href":"https:\/\/api.w.org\/{rel}","templated":true}]}}