
{"id":1532,"date":"2021-05-18T19:23:16","date_gmt":"2021-05-18T19:23:16","guid":{"rendered":"https:\/\/sic.nodscloud.com\/nodsglobal\/?page_id=1532"},"modified":"2021-05-18T19:24:01","modified_gmt":"2021-05-18T19:24:01","slug":"speech-lssi","status":"publish","type":"page","link":"https:\/\/sic.nodscloud.com\/nodsglobal\/speech-lssi\/","title":{"rendered":"Speech &#8211; LSSI"},"content":{"rendered":"<h3><strong>SPEECH &#8211; LSSI<\/strong><\/h3>\n<p>&nbsp;<\/p>\n<p>\u00a1Hola, Buenos d\u00edas! \u00bfHablo con xxxxxxx?<br \/>\nMi nombre es xxxxx, me comunico de Nods Global, representante oficial de Lean Six Sigma Institute.<br \/>\nQuer\u00eda confirmar si recibi\u00f3 la informaci\u00f3n del programa v\u00eda correo electr\u00f3nico y si pod\u00edamos ayudarlo con alguna inquietud!?<\/p>\n<p>Ok, paso a comentarle que el programa de su inter\u00e9s \u2026..<\/p>\n<p>&nbsp;<\/p>\n<p>&nbsp;<\/p>\n<p>\u2026\u2026\u2026. <strong>Lean Management<\/strong> proporciona las Herramientas Estrat\u00e9gicas Lean. Comenzar\u00e1 con una Introducci\u00f3n a lo que es Lean Six Sigma y desarrollaran diferentes m\u00f3dulos:<br \/>\n&#8211; Modelo de Negocios Canvas<br \/>\n&#8211; Planeaci\u00f3n Estrat\u00e9gica: Hoshin Kanri<br \/>\n&#8211; Cadenas por Estructuras de Valor<br \/>\n&#8211; Desarrollo de Talento<\/p>\n<p>&nbsp;<\/p>\n<p>\u2026\u2026\u2026&#8230; <strong>White Belt<\/strong> permite desarrollar Herramientas Esenciales Lean para tu empresa\/compania:<br \/>\n&#8211; Soluci\u00f3n Simple de Problemas<br \/>\n&#8211; Orden y Limpieza con 5 S<br \/>\n&#8211; Gesti\u00f3n Visual (Andon)<br \/>\n&#8211; Instrucci\u00f3n de Trabajo Est\u00e1ndar<\/p>\n<p>&nbsp;<\/p>\n<p>\u2026\u2026\u2026&#8230; <strong>Yellow Belt<\/strong> permite ver Herramientas de Mejora Continua e implementar correctamente estrat\u00e9gicas y t\u00e1cticas utilizando la metodolog\u00eda DMAIC.<\/p>\n<p>&nbsp;<\/p>\n<p>\u2026\u2026\u2026&#8230; <strong>Green Belt<\/strong> accede a las Herramientas Six Sigma donde ser\u00e1n capaces de implementar proyectos de alto impacto.<\/p>\n<p>&nbsp;<\/p>\n<p>.\u2026\u2026\u2026. <strong>Black Belt<\/strong> posibilita obtener las Herramientas de Liderazgo, ser\u00e1n capaces de liderar proyectos Lean Six Sigma en cualquier tipo de organizaci\u00f3n.<\/p>\n<p>&nbsp;<\/p>\n<p>&nbsp;<\/p>\n<p>&nbsp;<\/p>\n","protected":false},"excerpt":{"rendered":"<p>SPEECH &#8211; LSSI &nbsp; \u00a1Hola, Buenos d\u00edas! \u00bfHablo con xxxxxxx? Mi nombre es xxxxx, me comunico de Nods Global, representante oficial de Lean Six Sigma Institute. Quer\u00eda confirmar si recibi\u00f3 la informaci\u00f3n del programa v\u00eda correo electr\u00f3nico y si pod\u00edamos ayudarlo con alguna inquietud!? Ok,&#8230;<\/p>\n","protected":false},"author":1,"featured_media":0,"parent":0,"menu_order":0,"comment_status":"closed","ping_status":"closed","template":"","meta":{"footnotes":""},"class_list":["post-1532","page","type-page","status-publish","hentry"],"aioseo_notices":[],"_links":{"self":[{"href":"https:\/\/sic.nodscloud.com\/nodsglobal\/wp-json\/wp\/v2\/pages\/1532","targetHints":{"allow":["GET"]}}],"collection":[{"href":"https:\/\/sic.nodscloud.com\/nodsglobal\/wp-json\/wp\/v2\/pages"}],"about":[{"href":"https:\/\/sic.nodscloud.com\/nodsglobal\/wp-json\/wp\/v2\/types\/page"}],"author":[{"embeddable":true,"href":"https:\/\/sic.nodscloud.com\/nodsglobal\/wp-json\/wp\/v2\/users\/1"}],"replies":[{"embeddable":true,"href":"https:\/\/sic.nodscloud.com\/nodsglobal\/wp-json\/wp\/v2\/comments?post=1532"}],"version-history":[{"count":2,"href":"https:\/\/sic.nodscloud.com\/nodsglobal\/wp-json\/wp\/v2\/pages\/1532\/revisions"}],"predecessor-version":[{"id":1534,"href":"https:\/\/sic.nodscloud.com\/nodsglobal\/wp-json\/wp\/v2\/pages\/1532\/revisions\/1534"}],"wp:attachment":[{"href":"https:\/\/sic.nodscloud.com\/nodsglobal\/wp-json\/wp\/v2\/media?parent=1532"}],"curies":[{"name":"wp","href":"https:\/\/api.w.org\/{rel}","templated":true}]}}