
{"id":1537,"date":"2021-05-18T19:36:58","date_gmt":"2021-05-18T19:36:58","guid":{"rendered":"https:\/\/sic.nodscloud.com\/nodsglobal\/?page_id=1537"},"modified":"2021-05-18T19:52:35","modified_gmt":"2021-05-18T19:52:35","slug":"preguntas-frecuentes-lssi","status":"publish","type":"page","link":"https:\/\/sic.nodscloud.com\/nodsglobal\/preguntas-frecuentes-lssi\/","title":{"rendered":"Preguntas frecuentes &#8211; LSSI"},"content":{"rendered":"<h3><strong>Preguntas frecuentes<\/strong><\/h3>\n<p>&nbsp;<\/p>\n<p>&nbsp;<\/p>\n<p><strong>\u00bfQu\u00e9 es LSSI?<\/strong><br \/>\nLSSI es una instituci\u00f3n que ayuda a personas y organizaciones a alcanzar su m\u00e1ximo potencial, maximizando las ganancias y aumentando el valor al proporcionar conocimiento y orientaci\u00f3n sobre la implementaci\u00f3n del cambio, las metodolog\u00edas y las herramientas de la cultura de mejora continua.<\/p>\n<p><strong>\u00bfQu\u00e9 es Lean Six Sigma?<\/strong><br \/>\nLean Six Sigma es una metodolog\u00eda centrada en la mejora continua y herramientas de acompa\u00f1amiento para optimizar la productividad, la calidad y el tiempo de entrega (o el tiempo de respuesta del servicio) a trav\u00e9s del descubrimiento y la eliminaci\u00f3n de ciertas limitaciones como la variabilidad, el desperdicio y la sobrecarga.<\/p>\n<p>Esta metodolog\u00eda se basa en dos filosof\u00edas:<br \/>\nLean es una filosof\u00eda desarrollada por Toyota para operar una empresa m\u00e1s productiva mediante la reducci\u00f3n sistem\u00e1tica de los residuos sin valor agregado e incluyendo a todos en el proceso de mejora continua.<br \/>\nSix Sigma es una filosof\u00eda de gesti\u00f3n empresarial centrada en el cliente desarrollado por Motorola para identificar y eliminar las causas de la variabilidad y minimizar los defectos.<br \/>\nTrabajando juntos, Lean Six Sigma es una poderosa estrategia de excelencia operativa con un enfoque principal en el conocimiento, las contribuciones y la participaci\u00f3n de los colaboradores.<\/p>\n<p><strong>Marcas con las que ha trabajado LSSI<\/strong><\/p>\n<p>&nbsp;<\/p>\n<p><strong>\u00bfA qui\u00e9n va dirigido?<\/strong><br \/>\n&#8211; Estudiantes \/ Profesionales<br \/>\n&#8211; Personal Clave<br \/>\n&#8211; Miembros de Consejo<br \/>\n&#8211; Directivos, ejecutivos y l\u00edderes<br \/>\n&#8211; Todo el personal de la organizaci\u00f3n<br \/>\n&#8211; Ingenieros<\/p>\n<p>&nbsp;<\/p>\n<p><strong>\u00bfCu\u00e1ndo comienza y termina el curso?<\/strong><br \/>\nEste es un curso de aprendizaje a su propio ritmo, pero puede tomar este curso seg\u00fan sus necesidades y tiempos disponibles.<\/p>\n<p>&nbsp;<\/p>\n<p><strong>\u00bfPor cu\u00e1nto tiempo tengo acceso al curso?<\/strong><br \/>\nObtendr\u00e1 acceso al entrenamiento durante 6 meses, donde podr\u00e1 ver los videos y las t\u00e9cnicas explicadas tantas veces como lo desee.<\/p>\n<p>&nbsp;<\/p>\n<p><strong>\u00bfPuedo tener interacci\u00f3n con un instructor?<\/strong><br \/>\nComo la modalidad que ofrecemos es online, este es un curso en l\u00ednea a su propio ritmo con demostraciones en video. Sin embargo, puede ponerse en contacto con el equipo de soporte t\u00e9cnico si tiene problemas con la plataforma a trav\u00e9s de nuestro sistema de mensajer\u00eda directa desde el \u00e1rea de miembros.<\/p>\n<p>&nbsp;<\/p>\n<p><strong>\u00bfEste curso ofrece un certificado?<\/strong><br \/>\nS\u00ed, el curso autodidacta lean Management ofrece un Certificado de conocimiento con validez internacional.<\/p>\n<p>El material de capacitaci\u00f3n del LSSI es pedag\u00f3gico, tiene un fundamento te\u00f3rico y hace hincapi\u00e9 en las metodolog\u00edas y herramientas pr\u00e1cticas.<br \/>\nCabe destacar que el temario desarrollado por LSSI cuenta con la aprobaci\u00f3n del organismo certificador internacional SWISS ALLIANCE LEAN SIX SIGMA AG.<\/p>\n<p>&nbsp;<\/p>\n<p>&nbsp;<\/p>\n<p><strong>\u00bfHay un puntaje m\u00ednimo para obtener el certificado?<\/strong><br \/>\nS\u00ed, deber\u00e1 aprobar el examen con al menos 80\/100, para lo cual obtendr\u00e1 dos oportunidades incluidas en su curso.<\/p>\n<p>&nbsp;<\/p>\n<p><strong>Adem\u00e1s del Certificado de Conocimientos \u00bfC\u00f3mo puedo obtener la Certificaci\u00f3n Internacional?<\/strong><br \/>\nDeber\u00e1 presentar un proyecto Lean Six Sigma donde demuestre el uso correcto de las herramientas Lean Six Sigma con resultados reales en cualquier proceso que elija.<\/p>\n<p><strong>Se venden los cursos por separado<\/strong>, es decir, si quieren comprar el paquete completo no se hace descuento.<\/p>\n<p>&nbsp;<\/p>\n<p>&nbsp;<\/p>\n","protected":false},"excerpt":{"rendered":"<p>Preguntas frecuentes &nbsp; &nbsp; \u00bfQu\u00e9 es LSSI? LSSI es una instituci\u00f3n que ayuda a personas y organizaciones a alcanzar su m\u00e1ximo potencial, maximizando las ganancias y aumentando el valor al proporcionar conocimiento y orientaci\u00f3n sobre la implementaci\u00f3n del cambio, las metodolog\u00edas y las herramientas de&#8230;<\/p>\n","protected":false},"author":1,"featured_media":0,"parent":0,"menu_order":0,"comment_status":"closed","ping_status":"closed","template":"","meta":{"footnotes":""},"class_list":["post-1537","page","type-page","status-publish","hentry"],"aioseo_notices":[],"_links":{"self":[{"href":"https:\/\/sic.nodscloud.com\/nodsglobal\/wp-json\/wp\/v2\/pages\/1537","targetHints":{"allow":["GET"]}}],"collection":[{"href":"https:\/\/sic.nodscloud.com\/nodsglobal\/wp-json\/wp\/v2\/pages"}],"about":[{"href":"https:\/\/sic.nodscloud.com\/nodsglobal\/wp-json\/wp\/v2\/types\/page"}],"author":[{"embeddable":true,"href":"https:\/\/sic.nodscloud.com\/nodsglobal\/wp-json\/wp\/v2\/users\/1"}],"replies":[{"embeddable":true,"href":"https:\/\/sic.nodscloud.com\/nodsglobal\/wp-json\/wp\/v2\/comments?post=1537"}],"version-history":[{"count":4,"href":"https:\/\/sic.nodscloud.com\/nodsglobal\/wp-json\/wp\/v2\/pages\/1537\/revisions"}],"predecessor-version":[{"id":1542,"href":"https:\/\/sic.nodscloud.com\/nodsglobal\/wp-json\/wp\/v2\/pages\/1537\/revisions\/1542"}],"wp:attachment":[{"href":"https:\/\/sic.nodscloud.com\/nodsglobal\/wp-json\/wp\/v2\/media?parent=1537"}],"curies":[{"name":"wp","href":"https:\/\/api.w.org\/{rel}","templated":true}]}}