
{"id":1560,"date":"2021-05-19T15:35:42","date_gmt":"2021-05-19T15:35:42","guid":{"rendered":"https:\/\/sic.nodscloud.com\/nodsglobal\/?page_id=1560"},"modified":"2021-06-07T13:03:43","modified_gmt":"2021-06-07T13:03:43","slug":"preguntas-frecuentes-nods","status":"publish","type":"page","link":"https:\/\/sic.nodscloud.com\/nodsglobal\/preguntas-frecuentes-nods\/","title":{"rendered":"Preguntas frecuentes &#8211; NODS"},"content":{"rendered":"<h3>PREGUNTAS FRECUENTES<\/h3>\n<p>&nbsp;<\/p>\n<p>&nbsp;<\/p>\n<p><strong>&#8211; \u00bfQu\u00e9 salida laboral tengo?<br \/>\n<\/strong>Con respecto al campo laboral de alguien que estudia Marketing Digital puede ser muy amplio.<br \/>\nUna persona que entiende de Marketing Digital puede trabajar en peque\u00f1as, medianas y grandes empresas, no importa el rubro. Donde definir\u00e1 las estrategias de marketing y las partes comerciales de cualquier emprendimiento, e impulsar la marca y el producto o servicio y\u00a0convertirse en un cliente potencial,\u00a0pero adem\u00e1s, puede trabajar en empresas que se dedican de manera espec\u00edfica al Marketing Digital.<\/p>\n<p>&nbsp;<\/p>\n<p>&nbsp;<\/p>\n<p>&#8211; <strong>\u00bfQui\u00e9n es Nicolas Leoni? \u00bfCu\u00e1l es el valor agregado al diplomado?<\/strong><br \/>\nEl diplomado en XXXXXX tiene un valor agregado a diferencia de otras instituciones debido a que el mismo es desarrollado por Nicolas Leoni.<\/p>\n<p>Nico Leoni es un referente digital en Argentina y otros pa\u00edses de habla hispana. Se destaca en el \u00e1mbito acad\u00e9mico por ser experto certificado por el MIT.(Instituto Tecnol\u00f3gico de Massachusetts).<br \/>\nFue distinguido por Interlat y Hootsuite por su labor como conferencista en m\u00e1s de ocho pa\u00edses, generando conciencia sobre c\u00f3mo gestionar procesos de transformaci\u00f3n digital.<br \/>\nHa liderado proyectos digitales en empresas reconocidas como Mercado Libre, Tarjeta Naranja, Universidad Siglo 21, Universidad Kennedy, Telef\u00f3nica Argentina, entre otras. Como as\u00ed, tambi\u00e9n tiene su propia consultora de marketing digital donde asesora a clientes internacionales como Universidad Europea, Lean Six Sigma Institute, European Open Business School, Pontificia Universidad Cat\u00f3lica de Chile y m\u00e1s.<\/p>\n<p>&nbsp;<\/p>\n<p>&nbsp;<\/p>\n<p><strong>&#8211; \u00bfQu\u00e9 diferencia hay entre MKT Digital y MKT Digital Avanzado?<\/strong><\/p>\n<ol>\n<li>La diferencia es que el avanzado es m\u00e1s enfocado a venta Online<\/li>\n<li>Tienen m\u00e1s modulos de pauta digital ya que se adentra a e-commerce<\/li>\n<li>Mkt avanzado tiene un m\u00f3dulo de legales<\/li>\n<li>Tienen 4 encuentros m\u00e1s (un mes m\u00e1s)<\/li>\n<li>En cuanto a los conocimientos previos que deber\u00eda tener el aspirante son exactamente los mismos verdad<\/li>\n<li>Puede tener algo o poco conocimiento y lo va a poder realizar igual, le va a costar m\u00e1s pero lo puede hacer (por eso ofrecemos horas de apoyo)<\/li>\n<\/ol>\n<p>&nbsp;<\/p>\n<p>&nbsp;<\/p>\n<p><strong>&#8211; Material de estudios &#8211; \u00bfC\u00f3mo es el material de estudio?<\/strong><br \/>\nppt de la clase<br \/>\npdf con el contenido de la clase<br \/>\nlas clases quedan grabadas<\/p>\n<p>&nbsp;<\/p>\n<p>&nbsp;<\/p>\n<p><strong>&#8211; Asistencia a clases &#8211; \u00bfCu\u00e1ntas veces me puedo ausentar?<\/strong><br \/>\n80% de asistencia sobre el total de clases<\/p>\n<p>&nbsp;<\/p>\n<p>&nbsp;<\/p>\n<p><strong>&#8211; \u00bfCon que certificaci\u00f3n cuenta?<br \/>\n<\/strong>Certificaci\u00f3n a\u00fan no tenemos. (Pero no le podemos decir eso)<br \/>\nNuestros cursos abarcan temas actuales a nivel global para que lo puedan implementar donde quisieran.<br \/>\n(Recordarle que es un curso de pocos meses, no una carrera de un a\u00f1o)<strong><br \/>\n<\/strong><\/p>\n<p>&nbsp;<\/p>\n<p>&nbsp;<\/p>\n<p>.<\/p>\n","protected":false},"excerpt":{"rendered":"<p>PREGUNTAS FRECUENTES &nbsp; &nbsp; &#8211; \u00bfQu\u00e9 salida laboral tengo? Con respecto al campo laboral de alguien que estudia Marketing Digital puede ser muy amplio. Una persona que entiende de Marketing Digital puede trabajar en peque\u00f1as, medianas y grandes empresas, no importa el rubro. Donde definir\u00e1&#8230;<\/p>\n","protected":false},"author":1,"featured_media":0,"parent":0,"menu_order":0,"comment_status":"closed","ping_status":"closed","template":"","meta":{"footnotes":""},"class_list":["post-1560","page","type-page","status-publish","hentry"],"aioseo_notices":[],"_links":{"self":[{"href":"https:\/\/sic.nodscloud.com\/nodsglobal\/wp-json\/wp\/v2\/pages\/1560","targetHints":{"allow":["GET"]}}],"collection":[{"href":"https:\/\/sic.nodscloud.com\/nodsglobal\/wp-json\/wp\/v2\/pages"}],"about":[{"href":"https:\/\/sic.nodscloud.com\/nodsglobal\/wp-json\/wp\/v2\/types\/page"}],"author":[{"embeddable":true,"href":"https:\/\/sic.nodscloud.com\/nodsglobal\/wp-json\/wp\/v2\/users\/1"}],"replies":[{"embeddable":true,"href":"https:\/\/sic.nodscloud.com\/nodsglobal\/wp-json\/wp\/v2\/comments?post=1560"}],"version-history":[{"count":6,"href":"https:\/\/sic.nodscloud.com\/nodsglobal\/wp-json\/wp\/v2\/pages\/1560\/revisions"}],"predecessor-version":[{"id":1704,"href":"https:\/\/sic.nodscloud.com\/nodsglobal\/wp-json\/wp\/v2\/pages\/1560\/revisions\/1704"}],"wp:attachment":[{"href":"https:\/\/sic.nodscloud.com\/nodsglobal\/wp-json\/wp\/v2\/media?parent=1560"}],"curies":[{"name":"wp","href":"https:\/\/api.w.org\/{rel}","templated":true}]}}