
{"id":1564,"date":"2021-05-19T15:55:39","date_gmt":"2021-05-19T15:55:39","guid":{"rendered":"https:\/\/sic.nodscloud.com\/nodsglobal\/?page_id=1564"},"modified":"2021-05-19T15:55:39","modified_gmt":"2021-05-19T15:55:39","slug":"proceso-de-admision-puc","status":"publish","type":"page","link":"https:\/\/sic.nodscloud.com\/nodsglobal\/proceso-de-admision-puc\/","title":{"rendered":"Proceso de admisi\u00f3n &#8211; PUC"},"content":{"rendered":"<h3>PROCESO DE ADMISION<\/h3>\n<p>&nbsp;<\/p>\n<p>&#8211; Una vez recibida la documentaci\u00f3n de acuerdo al Diplomado se reenv\u00eda la informaci\u00f3n a cgomezo@ing.puc.cl<\/p>\n<p>&nbsp;<\/p>\n<p>&#8211; Modelo de correo:<\/p>\n<p>\u00a1Hola Claudia!<br \/>\nAdjunto documentaci\u00f3n de aspirante al Diplomado XXXXXXX.<br \/>\nSi es aceptado, se cerr\u00f3 con una inversi\u00f3n total de USD XXXX, (en 6 cuotas)<br \/>\nNombre completo del aspirante: XXXXXXXXX<br \/>\nN\u00famero de tel\u00e9fono: XXXXXX<br \/>\nemail: XXXXXXXX<br \/>\nQuedamos a la espera.<br \/>\nFirma<\/p>\n<p>&nbsp;<\/p>\n<p>&#8211; El proceso de admisi\u00f3n lo finaliza la Universidad con la aceptaci\u00f3n o no del aspirante. Solo dar seguimiento.<\/p>\n<p>&nbsp;<\/p>\n<p>&nbsp;<\/p>\n","protected":false},"excerpt":{"rendered":"<p>PROCESO DE ADMISION &nbsp; &#8211; Una vez recibida la documentaci\u00f3n de acuerdo al Diplomado se reenv\u00eda la informaci\u00f3n a cgomezo@ing.puc.cl &nbsp; &#8211; Modelo de correo: \u00a1Hola Claudia! Adjunto documentaci\u00f3n de aspirante al Diplomado XXXXXXX. Si es aceptado, se cerr\u00f3 con una inversi\u00f3n total de USD&#8230;<\/p>\n","protected":false},"author":1,"featured_media":0,"parent":0,"menu_order":0,"comment_status":"closed","ping_status":"closed","template":"","meta":{"footnotes":""},"class_list":["post-1564","page","type-page","status-publish","hentry"],"aioseo_notices":[],"_links":{"self":[{"href":"https:\/\/sic.nodscloud.com\/nodsglobal\/wp-json\/wp\/v2\/pages\/1564","targetHints":{"allow":["GET"]}}],"collection":[{"href":"https:\/\/sic.nodscloud.com\/nodsglobal\/wp-json\/wp\/v2\/pages"}],"about":[{"href":"https:\/\/sic.nodscloud.com\/nodsglobal\/wp-json\/wp\/v2\/types\/page"}],"author":[{"embeddable":true,"href":"https:\/\/sic.nodscloud.com\/nodsglobal\/wp-json\/wp\/v2\/users\/1"}],"replies":[{"embeddable":true,"href":"https:\/\/sic.nodscloud.com\/nodsglobal\/wp-json\/wp\/v2\/comments?post=1564"}],"version-history":[{"count":1,"href":"https:\/\/sic.nodscloud.com\/nodsglobal\/wp-json\/wp\/v2\/pages\/1564\/revisions"}],"predecessor-version":[{"id":1565,"href":"https:\/\/sic.nodscloud.com\/nodsglobal\/wp-json\/wp\/v2\/pages\/1564\/revisions\/1565"}],"wp:attachment":[{"href":"https:\/\/sic.nodscloud.com\/nodsglobal\/wp-json\/wp\/v2\/media?parent=1564"}],"curies":[{"name":"wp","href":"https:\/\/api.w.org\/{rel}","templated":true}]}}