
{"id":1567,"date":"2021-05-19T16:13:05","date_gmt":"2021-05-19T16:13:05","guid":{"rendered":"https:\/\/sic.nodscloud.com\/nodsglobal\/?page_id=1567"},"modified":"2022-04-25T15:00:15","modified_gmt":"2022-04-25T15:00:15","slug":"medios-de-pago-ue","status":"publish","type":"page","link":"https:\/\/sic.nodscloud.com\/nodsglobal\/medios-de-pago-ue\/","title":{"rendered":"Medios de pago &#8211; UE"},"content":{"rendered":"<h3>MEDIOS DE PAGO<\/h3>\n<p>&nbsp;<\/p>\n<p>&nbsp;<\/p>\n<p><strong>El pago de la reserva de plaza es solo con tarjeta de cr\u00e9dito, y debe realizarse en un solo pago.<\/strong><br \/>\n*Aceptan transferencia si el pago lo hace una empresa (es decir, si el pago lo hace la empresa donde trabaja el aspirante)<\/p>\n<p>&nbsp;<\/p>\n<p>&nbsp;<\/p>\n<p><strong>MODALIDAD ONLINE<\/strong><\/p>\n<p>&#8211; La cantidad de cuotas van a ser equivalentes a la cantidad de meses a cursar.<\/p>\n<p>&#8211; Un vez abonada la reserva de plaza, deber\u00e1n indicar cual de las dos modalidad de pago van a optar:<br \/>\n1. con tarjeta de cr\u00e9dito o debito (todos los meses se descontara de esa tarjeta)<br \/>\n2. trav\u00e9s de la plataforma flyware*<\/p>\n<p>&#8211; Solo se puede abonar con <strong>todas las tarjetas internacionales<\/strong><br \/>\n\u25e6 Visa<br \/>\n\u25e6 Mastercad<br \/>\n\u25e6 American Express<br \/>\n\u25e6 etc.<br \/>\n\u25e6<strong>No se aceptan tarjetas nacionales<\/strong> (Ej. Tarjeta Naranja. Deber\u00eda ser Tarjeta Naranja VISA)<\/p>\n<p>&nbsp;<\/p>\n<p>* Flywire es una soluci\u00f3n de pago, f\u00e1cil de usar, que ofrece a los pagadores desde el extranjero una transacci\u00f3n de pago simplificada<\/p>\n<p>&nbsp;<\/p>\n<p>&nbsp;<\/p>\n<p><strong>MODALIDAD PRESENCIAL<\/strong><\/p>\n<p>&#8211; El arancel total se puede pagar en cuotas una vez que comiencen la maestr\u00eda.<\/p>\n<p>&#8211; La cantidad de cuotas van a ser equivalentes a la cantidad de meses a cursar.<\/p>\n<p>&#8211; El aspirante crea una cuenta en Espa\u00f1a y todos los meses la universidad debita.<\/p>\n<p>&nbsp;<\/p>\n<p>*Para la docencia universitaria tendr\u00e1n que abrir una cuenta europea (tenemos un banco Santander en el campus) y darnos el c\u00f3digo IBAN. A partir de esa cuenta se debitara cada mes el importe correspondiente. Eso se hace una vez que se encuentren en Espa\u00f1a.<\/p>\n<p>* La apertura de una cuenta bancaria en Espa\u00f1a no tiene ning\u00fan costo (tampoco a la hora de sacar dinero en un cajero se cobran comisiones). Es importante poseer un NIE es decir el N\u00famero de Identificaci\u00f3n Extranjero para abrir una cuenta. Tambi\u00e9n la emisi\u00f3n del NIE es gratuita (si tienes pasaporte extranjero se solicita una vez instalado en espa\u00f1a, y si sos estudiante te lo otorgan con la visa de estudio o una vez instalado en espa\u00f1a con cita previa).<\/p>\n<p>&nbsp;<\/p>\n<p>&nbsp;<\/p>\n<h3><span style=\"color: #ff0000;\"><strong>PRONTO PAGO<\/strong><\/span><\/h3>\n<p><span style=\"color: #ff0000;\">No hay descuentos en la docencia con pronto pago<\/span><\/p>\n<p>&nbsp;<\/p>\n<p>&nbsp;<\/p>\n<p>.<\/p>\n","protected":false},"excerpt":{"rendered":"<p>MEDIOS DE PAGO &nbsp; &nbsp; El pago de la reserva de plaza es solo con tarjeta de cr\u00e9dito, y debe realizarse en un solo pago. *Aceptan transferencia si el pago lo hace una empresa (es decir, si el pago lo hace la empresa donde trabaja&#8230;<\/p>\n","protected":false},"author":16,"featured_media":0,"parent":0,"menu_order":0,"comment_status":"closed","ping_status":"closed","template":"","meta":{"footnotes":""},"class_list":["post-1567","page","type-page","status-publish","hentry"],"aioseo_notices":[],"_links":{"self":[{"href":"https:\/\/sic.nodscloud.com\/nodsglobal\/wp-json\/wp\/v2\/pages\/1567","targetHints":{"allow":["GET"]}}],"collection":[{"href":"https:\/\/sic.nodscloud.com\/nodsglobal\/wp-json\/wp\/v2\/pages"}],"about":[{"href":"https:\/\/sic.nodscloud.com\/nodsglobal\/wp-json\/wp\/v2\/types\/page"}],"author":[{"embeddable":true,"href":"https:\/\/sic.nodscloud.com\/nodsglobal\/wp-json\/wp\/v2\/users\/16"}],"replies":[{"embeddable":true,"href":"https:\/\/sic.nodscloud.com\/nodsglobal\/wp-json\/wp\/v2\/comments?post=1567"}],"version-history":[{"count":7,"href":"https:\/\/sic.nodscloud.com\/nodsglobal\/wp-json\/wp\/v2\/pages\/1567\/revisions"}],"predecessor-version":[{"id":2961,"href":"https:\/\/sic.nodscloud.com\/nodsglobal\/wp-json\/wp\/v2\/pages\/1567\/revisions\/2961"}],"wp:attachment":[{"href":"https:\/\/sic.nodscloud.com\/nodsglobal\/wp-json\/wp\/v2\/media?parent=1567"}],"curies":[{"name":"wp","href":"https:\/\/api.w.org\/{rel}","templated":true}]}}