
{"id":1573,"date":"2021-05-19T16:51:22","date_gmt":"2021-05-19T16:51:22","guid":{"rendered":"https:\/\/sic.nodscloud.com\/nodsglobal\/?page_id=1573"},"modified":"2022-01-20T18:52:35","modified_gmt":"2022-01-20T18:52:35","slug":"preguntas-frecuentes-ue","status":"publish","type":"page","link":"https:\/\/sic.nodscloud.com\/nodsglobal\/preguntas-frecuentes-ue\/","title":{"rendered":"Preguntas frecuentes &#8211; UE"},"content":{"rendered":"<h3><strong>PREGUNTAS FRECUENTES<\/strong><\/h3>\n<p>&nbsp;<\/p>\n<p>&nbsp;<\/p>\n<p><strong>1- <\/strong><b>\u00bfEs necesario el titulo o constancia de titulo en tramite para postularme al ingreso del programa?<\/b><br \/>\nLos t\u00edtulos o constancia de t\u00edtulo en tr\u00e1mite <strong>no nos necesarios para iniciar el proceso de reserva de plaza<\/strong>. \u00a0Se lo matriculara con una matr\u00edcula condicionada y antes del 31\/12 tendra que entregar copia del t\u00edtulo de Grado.<\/p>\n<p>&nbsp;<\/p>\n<p><strong>2- \u00bfC\u00f3mo se miden las asistencias en las maestr\u00edas online?<\/strong><br \/>\nLas clases quedan grabadas en el portal de cada estudiante. Siempre es recomendable tener el 80% de asistencia.<\/p>\n<p>&nbsp;<\/p>\n<p><strong>3- \u00bfLa apertura de una cuenta bancaria en Espa\u00f1a, tiene costo de manutenci\u00f3n?<\/strong><br \/>\nNo tiene ning\u00fan costo (tampoco a la hora de sacar dinero en un cajero se cobran comisiones).<br \/>\nEs importante poseer un NIE es decir el N\u00famero de Identificaci\u00f3n Extranjero para abrir una cuenta. Tambi\u00e9n la emisi\u00f3n del NIE es gratuita (si tienes pasaporte extranjero se solicita una vez instalado en espa\u00f1a, y si sos estudiante te lo otorgan con la visa de estudio o una vez instalado en espa\u00f1a con cita previa).<\/p>\n<p>&nbsp;<\/p>\n<p><strong>4- \u00bfQue es la SENESCYT?<\/strong><br \/>\nSecretar\u00eda de Educaci\u00f3n Superior, Ciencia, Tecnolog\u00eda e Innovaci\u00f3n (Ecuador)<br \/>\n&#8211; <strong>\u00bfQue programas son validados por la SENESCYT?<br \/>\n<\/strong>Todos los Masters Universitarios son validados por el SENESCYT de Ecuador.<br \/>\nTodos los M\u00e1sters oficiales presencial de la Universidad Europea son validados por el SENESCYT.<br \/>\nLos M\u00e1steres propios presenciales no son validados por el SENESCYT. De los M\u00e1sters online, solo los M\u00e1steres del \u00e1rea de ciencias sociales son validados por el SENESCYT en Ecuador.<\/p>\n<p>&nbsp;<\/p>\n<p><strong>5- \u00bfQue es la SUNEDU?<br \/>\n<\/strong>Superintendencia Nacional de Educaci\u00f3n Superior Universitaria (Per\u00fa)<br \/>\n<strong>-\u00bfQu\u00e9 t\u00edtulos del extranjero pueden ser reconocidos por la Sunedu?<\/strong><br \/>\nLa Sunedu puede reconocer los grados acad\u00e9micos (bachiller, maestr\u00eda y doctorado), t\u00edtulos profesionales o t\u00edtulos de especialista con rango universitario, conforme a lo siguiente:<\/p>\n<p>1) Los grados y\/o t\u00edtulos extranjeros emitidos por las instituciones de educaci\u00f3n superior que figuren entre las 500 primeras posiciones de los siguientes rankings<\/p>\n<p>2)\u00a0Los grados y\/o t\u00edtulos extranjeros emitidos en los pa\u00edses que tienen tratados suscritos con el Per\u00fa y que incluyan la obligaci\u00f3n internacional de reconocer grados y t\u00edtulos de nivel universitario.<\/p>\n<p><a href=\"https:\/\/www.sunedu.gob.pe\/procedimiento-de-reconocimiento-de-grados-y-titulos-extranjeros\/\" target=\"_blank\" rel=\"noopener\">VER LISTA O RANKINS<\/a><\/p>\n<p>&nbsp;<\/p>\n<p><strong>6- \u00bfEl titulo tiene que estar sellado, firmado o apostillado para anotarse a una carrera de Espa\u00f1a?<\/strong><br \/>\nPara los estudiantes que quieren empezar un posgrado e<strong>s necesaria la apostilla de la Haya<\/strong> (si el pa\u00eds de origen es parte del convenio del Haya) sino ser\u00e1 necesaria la legalizaci\u00f3n diplom\u00e1tica.<\/p>\n<p>* Cuando hablamos de Apostillar, nos estamos refiriendo a utilizar este m\u00e9todo simplificado de legalizaci\u00f3n de documentos para que sea reconocida en otro pa\u00eds.<\/p>\n<p>* El Convenio sobre la Apostilla de la Haya facilita la circulaci\u00f3n de documentos p\u00fablicos aut\u00e9nticos y veraces, emitidos en un pa\u00eds perteneciente a este convenio, para ser presentados en otro pa\u00eds del propio Convenio de la Haya sin que pierda autenticidad.<\/p>\n<p>&nbsp;<\/p>\n<p><strong>7- Normativa Postgrado Universidad Europea 2021-2022<\/strong>.<br \/>\n<a href=\"https:\/\/sic.nodscloud.com\/nodsglobal\/wp-content\/uploads\/sites\/3\/2021\/06\/NORMATIVA-ADMISIO\u0301N-POSTGRADO-2021_2022.pdf\">NORMATIVA ADMISIO\u0301N POSTGRADO<\/a><br \/>\nEl apartado 9.3 es interesante para saber que hay que hacer antes de llegar a Espa\u00f1a, como por ejemplo el seguro m\u00e9dico. Adem\u00e1s, en la p\u00e1gina 12 (cuadradito gris) hay todos los requisitos legales de acceso seg\u00fan el M\u00e1ster (Universitario, Propio, Habilitante).<\/p>\n<p>&nbsp;<\/p>\n<p><strong>8- Las estad\u00edas en la universidad, \u00bf cu\u00e1les son los costos, lugar y distancia al campus?<br \/>\n<\/strong>En Madrid las residencias cuestan 1275,00\u20ac para habitaci\u00f3n doble, 1.500\u20ac para habitaci\u00f3n individual. Se encuentran dentro el Campus de Villaviciosa de Od\u00f3n.<\/p>\n<p>&nbsp;<\/p>\n<p><strong>9- <a href=\"https:\/\/sic.nodscloud.com\/nodsglobal\/wp-content\/uploads\/sites\/3\/2021\/06\/PPT-Vivir-en-Espan\u0303a.pdf\">Vivir en Espa\u00f1a\u00a0<\/a><\/strong><\/p>\n<p>&nbsp;<\/p>\n<p><strong>10- \u00bfCual es el costo de vida trabajando 20hs semanales?<\/strong><br \/>\nUn sueldo de 20hs semanales es de 500 euros mensuales aproximadamente.<br \/>\n&#8211; 320 euros una habitaci\u00f3n aproximadamente<br \/>\n&#8211; 150 euros en alimentos mensuales<\/p>\n<p>*aclaraci\u00f3n, estos costos corresponden a valencia, tener en cuenta en Madrid no es tan economico, los costo y sueldos pueden ser otros.<\/p>\n<p>&nbsp;<\/p>\n<p><strong>11- En Entidades Deportivas, \u00bfLos viajes est\u00e1n incluidos en la docencia Universitaria? \u00bfO son costos extras? \u00bfQu\u00e9 incluir\u00eda la docencia?<\/strong><br \/>\nDentro de la docencia de 24.100\u20ac est\u00e1 incluido un viaje (este a\u00f1o en Nueva York). OJO: se incluye vuelo + vivienda + transporte en la ciudad pero no el desayuno, comida y cena. El viaje suele ser en marzo\/abril.<\/p>\n<p>&nbsp;<\/p>\n<p><strong>12- Bolsas de trabajo<br \/>\n<\/strong>UE tiene bolsas de trabajo SOLO para estudiantes ya graduados, es decir los ALUMNI no los estudiantes en curso de sus estudios.<br \/>\nEs importante precisar que no se trata de becas, sino de oportunidades laborales que ofrecen con empresas \/ instituciones \/ asociaciones con las cuales tenemos convenio.<br \/>\nLos ALUMNIs pueden consultar las oportunidades en este\u00a0<a href=\"https:\/\/jobboard.universia.net\/alumniue?utm_source=Sendinblue&amp;utm_medium=Email&amp;utm_campaign=07052021-ImpactoUniversidad-Europea-Alumnos&amp;utm_content=Jobs-Universia_Conversion_Espana_Boton\" data-saferedirecturl=\"https:\/\/www.google.com\/url?q=https:\/\/jobboard.universia.net\/alumniue?utm_source%3DSendinblue%26utm_medium%3DEmail%26utm_campaign%3D07052021-ImpactoUniversidad-Europea-Alumnos%26utm_content%3DJobs-Universia_Conversion_Espana_Boton&amp;source=gmail&amp;ust=1622912603475000&amp;usg=AFQjCNHFAC-Wtcg2Y6hv6Smxxz79w3lmKw\">enlace<\/a>\u00a0y tienen como referencia el correo electr\u00f3nico\u00a0<strong>alumni<\/strong>\u00a0&lt;<a href=\"mailto:alumni@universidadeuropea.es\">alumni@universidadeuropea.es<\/a>&gt; para cualquier tipolog\u00eda de dudas sobre las bolsas de estudio.<br \/>\nSi el estudiante tiene su propia empresa puede registrarla\u00a0<a href=\"https:\/\/jobboard.universia.net\/alumniue?utm_source=Sendinblue&amp;utm_medium=Email&amp;utm_campaign=07052021-ImpactoUniversidad-Europea-Empresas&amp;utm_content=Jobs-Universia_Conversion_Espana_Boton\" data-saferedirecturl=\"https:\/\/www.google.com\/url?q=https:\/\/jobboard.universia.net\/alumniue?utm_source%3DSendinblue%26utm_medium%3DEmail%26utm_campaign%3D07052021-ImpactoUniversidad-Europea-Empresas%26utm_content%3DJobs-Universia_Conversion_Espana_Boton&amp;source=gmail&amp;ust=1622912603475000&amp;usg=AFQjCNER7JAEmb2Q59NoCtr087D2cLijZw\">aqu\u00ed<\/a>\u00a0y ofrecer sus oportunidades.<\/p>\n<p>&nbsp;<\/p>\n<p><strong>13- Bolsa de trabajo para graduados en master deportivos<\/strong><\/p>\n<p><a href=\"https:\/\/sic.nodscloud.com\/nodsglobal\/wp-content\/uploads\/sites\/3\/2021\/06\/Informe-Alumni-2021-Nods-Global.xlsx-Hoja1.pdf\">ver archivo<\/a><\/p>\n<p>&nbsp;<\/p>\n<p><b>14- Si estudio Nutrici\u00f3n Cl\u00ednica Online \u00bfDonde realizo mis pasant\u00edas? \u00bfen mi pa\u00eds o en Espa\u00f1a?<\/b><br \/>\nLas pr\u00e1cticas del MU en Nutrici\u00f3n Cl\u00ednica deben ser realizas en Espa\u00f1a y luego en hospitales o cl\u00ednicas que tengan todas las especialidades que imparte el m\u00e1ster, por ejemplo la cl\u00ednica Caracas de ASISA cumple los requisitos, tienen endocrino y nutrici\u00f3n, pediatr\u00eda, NRL, digestivo, cirug\u00edas y muchas m\u00e1s.<br \/>\nEst\u00e1 practica se realiza en el ultimo modulo del programa antes de rendir el trabajo final.<\/p>\n<p>&nbsp;<\/p>\n<p>&nbsp;<\/p>\n<p>&nbsp;<\/p>\n<h4 style=\"text-align: center;\"><strong>FAQs COVID19 CURSO 20\/21-V8<\/strong><\/h4>\n<p style=\"text-align: center;\">Estas FAQs se actualizan peri\u00f3dicamente y pueden variar en funci\u00f3n del contexto de la situaci\u00f3n actual. Cada estudiante debe asegurarse de que la respuesta que consulta es siempre la m\u00e1s actualizada. <strong>\u00daltima actualizaci\u00f3n: 5 de mayo de 2021<\/strong><\/p>\n<p>&nbsp;<\/p>\n<p><strong>1- \u00bfPuedo realizar pr\u00e1cticas curriculares y extracurriculares?<\/strong><br \/>\nAdicionalmente a las clases de contenido pr\u00e1ctico, tu Plan de Estudios puede recoger las asignaturas de \u201cPr\u00e1cticas Profesionales\u201d o \u201cPr\u00e1cticas Cl\u00ednicas\u201d.<br \/>\nA la fecha de actualizaci\u00f3n de estas FAQs, salvo excepciones, las autoridades sanitarias y educativas permiten la realizaci\u00f3n de pr\u00e1cticas profesionales y cl\u00ednicas tanto curriculares como extracurriculares. Por lo tanto, mientras que las directrices de las autoridades competentes no indiquen otra cosa, \u00e9stas se pueden realizar seg\u00fan est\u00e9n planificadas.<br \/>\nRecuerda: \u00e9sta es la situaci\u00f3n general, pero puede haber excepciones por Comunidades Aut\u00f3nomas y tipolog\u00eda de las pr\u00e1cticas.<br \/>\nDebes estar muy atento a las comunicaciones enviadas desde tu Facultad o tu Asesor Acad\u00e9mico que te ir\u00e1n indicando qu\u00e9 hacer en cada momento en funci\u00f3n de las directrices que marquen las autoridades competentes.<\/p>\n<p>&nbsp;<\/p>\n<p><strong>2- Soy estudiante extranjero y en mi pa\u00eds en el que me encuentro actualmente puedo realizar la pr\u00e1ctica presencial, \u00bfser\u00eda posible aun cuando la situaci\u00f3n en Espa\u00f1a no lo permitiese, realizar las pr\u00e1cticas en mi pa\u00eds?<\/strong><br \/>\nS\u00ed, es posible, siempre que en el pa\u00eds en el que te encuentras las autoridades competentes permitan la realizaci\u00f3n de las pr\u00e1cticas externas curriculares presenciales en empresas, instituciones o entidades. Cumpliendo siempre con la normativa vigente que aplique en cada momento. Ten en cuenta que pueden existir ciertas pr\u00e1cticas cl\u00ednicas donde no aplique lo anterior.<\/p>\n<p>&nbsp;<\/p>\n<p><strong>3- \u00bfPuedo realizar pr\u00e1cticas tanto curriculares, como extracurriculares, de forma virtual?<\/strong><br \/>\nPara que puedas realizar las pr\u00e1cticas de forma virtual, tanto los coordinadores de pr\u00e1cticas de tu facultad, como tu tutor de la empresa, han de valorar que de esta forma alcanzar\u00e1s los resultados de aprendizaje objetivo de las mismas.<\/p>\n<p>&nbsp;<\/p>\n<p><strong>4- Si mientras realizo mis pr\u00e1cticas doy positivo en Covid, \u00bfqu\u00e9 debo hacer?<\/strong><br \/>\nDebes seguir las indicaciones de las autoridades sanitarias, adem\u00e1s de ponerlo en conocimiento de tu tutor de pr\u00e1cticas tanto de la Universidad, como de la empresa.<\/p>\n<p>&nbsp;<\/p>\n<p><strong>5- Soy estudiante extranjero y necesito obtener una autorizaci\u00f3n de estancia en Espa\u00f1a por estudios \u00bfqu\u00e9 tr\u00e1mites tengo que hacer y d\u00f3nde?<\/strong><br \/>\nEl proceso para realizar este tr\u00e1mite tiene dos posibles v\u00edas, dependiendo de si ya te encuentras en Espa\u00f1a o si a\u00fan est\u00e1s en tu pa\u00eds de origen:<br \/>\no Desde el pa\u00eds de origen \u2013 Debes presentar una solicitud de visado de estudios en la oficina consular de Espa\u00f1a en tu pa\u00eds de residencia. Con este visado ya podr\u00e1s viajar a Espa\u00f1a. Una vez aqu\u00ed, tienes un plazo de un mes para solicitar la tarjeta de estudiante extranjero, salvo que la duraci\u00f3n de tus estudios sea inferior a 6 meses. En este \u00faltimo caso, solo necesitar\u00e1s tu pasaporte para permanecer en Espa\u00f1a.<br \/>\no Desde Espa\u00f1a \u2013 Puedes presentar tu solicitud si cumples con estas dos condiciones: 1) Que tus estudios correspondan a un programa de tiempo completo, que conduzca a la obtenci\u00f3n de un t\u00edtulo o certificado oficial de estudios, 2) Que, encontr\u00e1ndote a\u00fan de forma legal en Espa\u00f1a, presentes tu solicitud antes de un mes a la fecha en la que finalice tu situaci\u00f3n de legalidad.<br \/>\nSi tienes certificado digital puedes presentar tu solicitud de forma telem\u00e1tica en esta direcci\u00f3n (rec.redsara.es). Si no, puedes acudir al Registro P\u00fablico.<\/p>\n<p>&nbsp;<\/p>\n<p><strong>6- \u00bfPuedo viajar a Espa\u00f1a como turista y empezar mi tr\u00e1mite una vez est\u00e9 all\u00ed?<\/strong><br \/>\nNo te recomendamos que viajes a Espa\u00f1a sin tu visado puesto que estar matriculado en una universidad espa\u00f1ola no garantiza la admisi\u00f3n en frontera. Recuerda que si eres nacional de un pa\u00eds miembro de la Uni\u00f3n Europea o Espacio Econ\u00f3mico Europeo no necesitas visado de ning\u00fan tipo, por lo tanto, puedes viajar a Espa\u00f1a libremente, aunque deber\u00e1s solicitar tu inscripci\u00f3n en el registro de comunitarios.<\/p>\n<p>&nbsp;<\/p>\n<p><strong>7- \u00bfC\u00f3mo solicito mi tarjeta de estudiante extranjero?<\/strong><br \/>\nCuando tengas el visado o la autorizaci\u00f3n de estancia concedida solicita cita previa en este enlace para conseguir tu tarjeta de estudiante extranjero:<br \/>\nhttps:\/\/sede.administracionespublicas.gob.es\/pagina\/index\/directorio\/icpplus<\/p>\n<p>Tienes 30 d\u00edas para realizar este tr\u00e1mite y \u00e9stos son los documentos que necesitar\u00e1s:<\/p>\n<p>1. Impreso de solicitud EX17 \u2013 Puedes descargarlo aqu\u00ed:<br \/>\nhttp:\/\/extranjeros.inclusion.gob.es\/es\/ModelosSolicitudes\/Mod_solicitudes2\/1 7-Formulario_TIE_FEB19.pdf<br \/>\n2. Pasaporte en vigor.<br \/>\n3. Visado.<br \/>\n4. Fotograf\u00eda reciente, tama\u00f1o carnet, en color y fondo blanco.<br \/>\n5. Tasa 790 012 \u2013 Puedes descargar el impreso aqu\u00ed:<br \/>\nhttps:\/\/sede.policia.gob.es\/Tasa790_012\/<\/p>\n<p>Recuerda que, si tus estudios tienen una duraci\u00f3n inferior a 6 meses, no necesitas solicitar este documento. Tu pasaporte ser\u00e1 suficiente para tu estancia.<\/p>\n<p>&nbsp;<\/p>\n<p><strong>*Recuerda que estas FAQs se actualizan peri\u00f3dicamente y pueden variar en funci\u00f3n del contexto de la situaci\u00f3n actual.<\/strong><\/p>\n<p>&nbsp;<\/p>\n<p>&nbsp;<\/p>\n<p>.<\/p>\n","protected":false},"excerpt":{"rendered":"<p>PREGUNTAS FRECUENTES &nbsp; &nbsp; 1- \u00bfEs necesario el titulo o constancia de titulo en tramite para postularme al ingreso del programa? Los t\u00edtulos o constancia de t\u00edtulo en tr\u00e1mite no nos necesarios para iniciar el proceso de reserva de plaza. \u00a0Se lo matriculara con una&#8230;<\/p>\n","protected":false},"author":16,"featured_media":0,"parent":0,"menu_order":0,"comment_status":"closed","ping_status":"closed","template":"","meta":{"footnotes":""},"class_list":["post-1573","page","type-page","status-publish","hentry"],"aioseo_notices":[],"_links":{"self":[{"href":"https:\/\/sic.nodscloud.com\/nodsglobal\/wp-json\/wp\/v2\/pages\/1573","targetHints":{"allow":["GET"]}}],"collection":[{"href":"https:\/\/sic.nodscloud.com\/nodsglobal\/wp-json\/wp\/v2\/pages"}],"about":[{"href":"https:\/\/sic.nodscloud.com\/nodsglobal\/wp-json\/wp\/v2\/types\/page"}],"author":[{"embeddable":true,"href":"https:\/\/sic.nodscloud.com\/nodsglobal\/wp-json\/wp\/v2\/users\/16"}],"replies":[{"embeddable":true,"href":"https:\/\/sic.nodscloud.com\/nodsglobal\/wp-json\/wp\/v2\/comments?post=1573"}],"version-history":[{"count":23,"href":"https:\/\/sic.nodscloud.com\/nodsglobal\/wp-json\/wp\/v2\/pages\/1573\/revisions"}],"predecessor-version":[{"id":2627,"href":"https:\/\/sic.nodscloud.com\/nodsglobal\/wp-json\/wp\/v2\/pages\/1573\/revisions\/2627"}],"wp:attachment":[{"href":"https:\/\/sic.nodscloud.com\/nodsglobal\/wp-json\/wp\/v2\/media?parent=1573"}],"curies":[{"name":"wp","href":"https:\/\/api.w.org\/{rel}","templated":true}]}}