
{"id":1625,"date":"2021-05-26T15:38:19","date_gmt":"2021-05-26T15:38:19","guid":{"rendered":"https:\/\/sic.nodscloud.com\/nodsglobal\/?page_id=1625"},"modified":"2021-08-09T14:53:24","modified_gmt":"2021-08-09T14:53:24","slug":"respuestas-rapidas-whatsapp-eobs","status":"publish","type":"page","link":"https:\/\/sic.nodscloud.com\/nodsglobal\/respuestas-rapidas-whatsapp-eobs\/","title":{"rendered":"Contestaciones WhatsApp &#8211; EOBS"},"content":{"rendered":"<h2><strong>Contestaciones frecuentes para WhatsApp<\/strong><\/h2>\n<p>&nbsp;<\/p>\n<p>&nbsp;<\/p>\n<p>&nbsp;<\/p>\n<h3><strong>Mistery &#8211; Mensajes de WhatsApp<\/strong><\/h3>\n<h4><b>Instancia 1: Whatsapp<\/b><\/h4>\n<p>\u00a1Hola <span style=\"color: #ff0000;\">&gt;&gt;Nombre&lt;&lt;\u200b<\/span>! \u00bfC\u00f3mo est\u00e1s? \ud83d\udc4b\ud83c\udffb<br \/>\nMi nombre es <span style=\"color: #ff0000;\">(nombre del asesor)<\/span>, soy tu asesor educativo de de la Escuela de Negocios EOBS de Espa\u00f1a.<\/p>\n<p>Te escribo porque tengo entendido que solicitaste informaci\u00f3n de nuestros *Programas de Becas Internacionales* para estudiar un M\u00e1ster Europeo \u00bfEs correcto?. Nuestro Programa Internacional comprende Becas de un 50% hasta un 75%.<\/p>\n<p>&#8212;&#8212;&#8212;&#8212;&#8212;&#8212;&#8212;&#8212;&#8212;&#8212;&#8211;<\/p>\n<p>Un gusto <span style=\"color: #ff0000;\">&gt;&gt;Nombre&lt;&lt;<\/span><br \/>\n\ud83d\udcf2\u00a0 A trav\u00e9s de este medio te enviar\u00e9 toda la informaci\u00f3n necesaria.<\/p>\n<p>En EOBS contamos con estas 3 *Maestr\u00edas Europeas de alto nivel competitivo:*<\/p>\n<p>1. M\u00e1ster en Alta Direcci\u00f3n Empresarial (MBA)<br \/>\n2. M\u00e1ster in Project Management (MPM)<br \/>\n3. M\u00e1ster en Capital Humano y Desarrollo de Personas (RRHH)<\/p>\n<p>\u00bfCual es de tu int\u00e9res?<\/p>\n<p>&#8212;&#8212;&#8212;&#8212;&#8212;&#8212;&#8212;&#8212;&#8212;&#8212;-<\/p>\n<p>De acuerdo! A continuaci\u00f3n te adjunto el brochure del master elegido. <span style=\"color: #ff0000;\">(adjuntar brochure)<\/span><\/p>\n<p>Te cuento que como parte del proceso inicial para poder aplicar al *Programa de Selecci\u00f3n de Becas*, necesitamos hacerte 2 preguntas:<\/p>\n<p>1) \u00bfCu\u00e1l es el t\u00edtulo universitario que tienes actualmente?<br \/>\n2) \u00bfActualmente te encuentras trabajando? Indicar el puesto o cargo actual.<\/p>\n<p>&#8212;&#8212;&#8212;&#8212;&#8212;&#8212;&#8212;&#8212;&#8212;&#8212;-<\/p>\n<p>Indagaci\u00f3n sobre la titulaci\u00f3n<br \/>\nBeca disponible para septiembre o noviembre<\/p>\n<p>&#8212;&#8212;&#8212;&#8212;&#8212;&#8212;&#8212;&#8212;&#8212;&#8212;-<\/p>\n<p>Me gustar\u00eda poder contactarnos para darte mayor detalle del Proceso de Admisi\u00f3n y Becas, Metodolog\u00eda, Herramientas, Duraci\u00f3n que me gustar\u00eda que conozcas. \u00bfA qu\u00e9 hora tienes tiempo?<\/p>\n<p>&nbsp;<\/p>\n<h4><b>Instancia 2: Llamada<\/b><\/h4>\n<p><span style=\"font-weight: 400;\">Estructura:<\/span><\/p>\n<ul>\n<li><span style=\"font-weight: 400;\">Metodolog\u00eda del M\u00e1ster<\/span><\/li>\n<li style=\"font-weight: 400;\" aria-level=\"1\"><span style=\"font-weight: 400;\">Breve explicaci\u00f3n sobre EOBS<\/span><\/li>\n<li style=\"font-weight: 400;\" aria-level=\"1\"><span style=\"font-weight: 400;\">Convenio UCAV<\/span><\/li>\n<li style=\"font-weight: 400;\" aria-level=\"1\"><span style=\"font-weight: 400;\">Comparaci\u00f3n precio europa &#8211; precio con beca<\/span><\/li>\n<li style=\"font-weight: 400;\" aria-level=\"1\"><span style=\"font-weight: 400;\">Solicitud de documentaci\u00f3n para confirmar beca<\/span><\/li>\n<\/ul>\n<p>&nbsp;<\/p>\n<h4><b>Instancia 3: Seguimiento 1<\/b><\/h4>\n<p><span style=\"font-weight: 400;\">&#8211; Se envia email solicitando la documentaci\u00f3n<br \/>\n&#8211; Se envia <\/span><span style=\"font-weight: 400;\">mensaje con videos sobre la instituci\u00f3n (los mismos que est\u00e1n en el correo)<\/span><\/p>\n<p>&nbsp;<\/p>\n<p>&nbsp;<\/p>\n<h4><\/h4>\n<h3><strong>Informaci\u00f3n del programa <\/strong><strong>\u2013 primer contacto<\/strong><\/h3>\n<p>\u00a1Hola <span style=\"color: #ff0000;\">&gt;&gt;Nombre&lt;&lt;\u200b<\/span>! \u00bfC\u00f3mo est\u00e1s? \ud83d\udc4b\ud83c\udffb<br \/>\nMi nombre es <span style=\"color: #ff0000;\">(nombre del asesor)<\/span>, soy tu asesor educativo de European Open Business School.<\/p>\n<p>\ud83d\udcf2\u00a0 A trav\u00e9s de este medio te enviar\u00e9 m\u00e1s informaci\u00f3n acerca del <span style=\"color: #ff0000;\">Master en XXXXXXXXXX <span style=\"color: #000000;\">y contarte sobre los beneficios de estudiar en nuestra universidad.<\/span><\/span><\/p>\n<p>&nbsp;<\/p>\n<p><span style=\"color: #ff0000;\">(corregir informaci\u00f3n seg\u00fan corresponda el programa)<\/span><br \/>\n<span style=\"font-weight: 400;\">\ud83e\uddd1\ud83c\udffb\u200d\ud83d\udcbbModalidad<\/span>: Online<br \/>\n<span style=\"font-weight: 400;\">\ud83d\udcc6<\/span>Fecha de Inicio: 06\/09\/2021<br \/>\n<span style=\"font-weight: 400;\">\u23f3<\/span>Duraci\u00f3n del Programa: 12 meses<br \/>\nReserva de Plaza: 175,00 \u20ac<br \/>\nPrecios (incluye la reserva de plaza): 11.000\u20ac<br \/>\nTotal (hasta en 12 cuotas): 11.000,00 \u20ac<\/p>\n<p>&nbsp;<\/p>\n<p><span style=\"font-weight: 400;\">\ud83d\udd87\ufe0f <\/span>Cursada: En la metodolog\u00eda flex learning, no hay d\u00eda ni horarios establecidos, cada alumno gestiona sus tiempos.<br \/>\nFinales: Al finalizar cada m\u00f3dulo tienen un test de examen y al finalizar el m\u00e1ster deben hacer el TFM. (trabajo fin de m\u00e1ster) individual. Se aprueba con un m\u00ednimo de 5 sobre 20<\/p>\n<p>&nbsp;<\/p>\n<p><span style=\"color: #ff0000;\">(Descripci\u00f3n del programa seg\u00fan corresponda)<\/span><br \/>\nLa globalizaci\u00f3n de la econom\u00eda, el dinamismo de los mercados, as\u00ed como la revoluci\u00f3n tecnol\u00f3gica y digital, est\u00e1 haciendo que el modelo de las organizaciones este migrando r\u00e1pidamente a entornos mucho m\u00e1s l\u00edquidos donde los procesos son m\u00e1s \u00e1giles, las estructuras m\u00e1s planas, organiz\u00e1ndose por proyectos cambiantes y contando con multitud de talentos fluctuantes, con valores y competencias diferentes y, muchos de ellos, conectados en remoto.<\/p>\n<p>En este nuevo entorno, los paradigmas de la gesti\u00f3n del Capital Humano en las organizaciones han cambiado, refiri\u00e9ndose nuevas formas de entender y afrontar la funci\u00f3n de personas con nuevas soluciones y pr\u00e1cticas.<\/p>\n<p>Nuevos tiempos exigen nuevas formas de enfrentarlos, algo que hoy solo se puede conseguir a trav\u00e9s de experiencias y programas innovadores de enriquecimiento mutuo.<\/p>\n<p>Es por eso, que lo que se plantea aqu\u00ed es una nueva dimensi\u00f3n en nuestra acci\u00f3n.<\/p>\n<p>Es m\u00e1s que una acci\u00f3n de transformaci\u00f3n e innovaci\u00f3n profesional y personal. Es una experiencia de vida, porque solo cambiar la vida me permite trascender.<\/p>\n<p>&nbsp;<\/p>\n<p>Adjunto te env\u00edo el\u00a0<em>brochure<\/em>\u00a0con la oferta acad\u00e9mica.\u00a0\ud83d\udcdd<br \/>\n<span style=\"color: #ff0000;\">(adjuntar brochure)<\/span><\/p>\n<p>&nbsp;<\/p>\n<p>\u00bfTen\u00e9s alguna duda con respecto al diplomado? \ud83d\ude01<\/p>\n<p>&nbsp;<\/p>\n<p>&nbsp;<\/p>\n<p>&nbsp;<\/p>\n<h3><strong>Requisitos de ingreso<\/strong><\/h3>\n<p>\u00a1Hola<span style=\"color: #ff0000;\"> &gt;&gt;Nombre&lt;&lt;<\/span>\u200b! \ud83d\udc4b\ud83c\udffb<br \/>\nNos ponemos en contacto de la European Open Business School.<br \/>\nEn esta ocasi\u00f3n le escribo para comentarte un poco sobre los requisitos de ingreso, sobre su programa de inter\u00e9s. <span style=\"color: #ff0000;\">(VER SI CORRESPONDE AGREGAR INTRODUCCI\u00d3N)<\/span><\/p>\n<p>Requisitos de ingreso \ud83d\udcdd<br \/>\nPara comenzar el proceso de admisi\u00f3n se necesita:<br \/>\n\ud83d\udcc7 Pasaporte<br \/>\n\ud83d\udd87\ufe0f Curriculum Vitae<br \/>\n\ud83d\udcdc Copia del T\u00edtulo Universitario. El t\u00edtulo debe estar apostillado por el pa\u00eds correspondiente.*<br \/>\n\ud83d\udcdd Completar la solicitud de admisi\u00f3n (adjuntar solicitud seg\u00fan corresponda el master)<\/p>\n<p>*\ud83d\udcd1 Profesionales sin t\u00edtulo universitario, deber\u00e1n incluir un Certificado de empresa. El comprobante deber\u00e1 cumplir con las siguientes condiciones:<br \/>\n\u2013 M\u00ednimo 3 a\u00f1os de experiencia profesional. Las actividades deben estar relacionadas con el m\u00e1ster en cuesti\u00f3n.<br \/>\n\u2013 Firmas y sellos de agua de la empresa<br \/>\n\u2013 Hojas membretadas<br \/>\n\u2013 No puede estar emitido por RRHH, debe estar emitido por la gerencia.<br \/>\n\u2013 Debe aclarar las funciones que realizo en la empresa<br \/>\n\u2013 Copia del contrato de trabajo o certificado de empresa que detalle las<br \/>\nfunciones e informe de vida laboral o equivalente.<\/p>\n<p>\u00bfTienes alguna consulta con respecto a los requisitos de admisi\u00f3n? \ud83d\ude01<\/p>\n<p>&nbsp;<\/p>\n<p>&nbsp;<\/p>\n<p>&nbsp;<\/p>\n<h3><strong>Medios de pago<\/strong><\/h3>\n<p>\u00a1Hola <span style=\"color: #ff0000;\">&gt;&gt;Nombre&lt;&lt;\u200b<\/span>!\u00a0 \ud83d\udc4b\ud83c\udffb<br \/>\nNos ponemos en contacto de la Universidad Europea.<br \/>\nEn esta ocasi\u00f3n le escribo para comentarte un poco sobre las modalidades de pago. <span style=\"color: #ff0000;\">(VER SI CORRESPONDE AGREGAR INTRODUCCI\u00d3N)<\/span><\/p>\n<p>EOBS ofrece una financiaci\u00f3n de hasta 12 cuotas. Esa financiaci\u00f3n se debe pagar desde la plataforma de pago interna de la Instituci\u00f3n. Una vez inscripto le llegara el link de pago para poder abonar<\/p>\n<p>El link de pago ofrece dos formas de pago:<br \/>\n1\ufe0f\u20e3 Con tarjeta de cr\u00e9dito<br \/>\n2\ufe0f\u20e3 Por transferencia bancaria. (los pagos se deben hacer del 1 al 5 de cada mes)<\/p>\n<p>\u00bfTienes alguna duda con respecto a las formas de pago? \ud83d\ude01<\/p>\n<p>&nbsp;<\/p>\n<p>&nbsp;<\/p>\n<p>&nbsp;<\/p>\n<h3><strong>Confirmaci\u00f3n de Documentaci\u00f3n<\/strong><\/h3>\n<p>\u00a1Hola <span style=\"color: #ff0000;\">&gt;&gt;Nombre&lt;&lt;\u200b\u200b<\/span>! \ud83d\udc4b\ud83c\udffb<\/p>\n<p>Te escribo para informarte que ya hemos enviamos tu documentaci\u00f3n a la European Open Business School para que puedan revisarla.<\/p>\n<p>Luego de ser admitido, llega una carta de admisi\u00f3n a su email junto a un link de pago para la reserva de plaza (tendr\u00e1s 5 d\u00edas para poder abonar)<\/p>\n<p>\u00bfTienes alguna duda sobre el proceso de admisi\u00f3n? \ud83d\ude01<\/p>\n<p>&nbsp;<\/p>\n<p>&nbsp;<\/p>\n<p>&nbsp;<\/p>\n<h3><strong>Confirmaci\u00f3n del m\u00e1ster<\/strong><\/h3>\n<p>\u00a1Hola <span style=\"color: #ff0000;\">&gt;&gt;Nombre&lt;&lt;<\/span>\u200b\u200b! \ud83d\udc4b\ud83c\udffb<\/p>\n<p>Felicidades!! Fuiste <span style=\"color: #ff0000;\">admitid@<\/span> a la European Open Business School para realizar el <span style=\"color: #ff0000;\">&lt;&lt;PROGRAMA&gt;&gt;<\/span> por haber superado el proceso de admisi\u00f3n y sobre todo por la BECA que ha sido concedida.<\/p>\n<p>Gracias por la confianza, estamos a su disposici\u00f3n para cualquier duda o sugerencia.<\/p>\n<p>&nbsp;<\/p>\n<p><span style=\"color: #ff0000;\">(corregir informaci\u00f3n seg\u00fan corresponda el programa)<\/span><br \/>\nResumen del Programa \ud83e\uddfe<br \/>\n\ud83d\udcdcMaster en:<br \/>\n\ud83d\udcc6Fecha de inicio:<br \/>\n\u23f3Duraci\u00f3n:<br \/>\n\ud83e\uddd1\ud83c\udffb\u200d\ud83d\udcbbModalidad:<br \/>\nTotal de curso: $ 10.000 EUR<br \/>\nBeca asignada: 75%<br \/>\nTotal con beca a financiar: $2.500 EUR<br \/>\nFinanciamiento: 12 cuotas de \u2026..<br \/>\nReserva: 175\u20ac<\/p>\n<p>&nbsp;<\/p>\n<p>&nbsp;<\/p>\n<p>&nbsp;<\/p>\n<h3><strong>No hemos podido contactarte<\/strong><\/h3>\n<p>\u00a1Hola <span style=\"color: #ff0000;\">&lt;&lt;nombre&gt;&gt;<\/span>! \u00bfC\u00f3mo est\u00e1s? \ud83d\udc4b\ud83c\udffb<\/p>\n<p>Mi nombre es <span style=\"color: #ff0000;\">(nombre del asesor)<\/span>, soy tu asesor educativo de European Open Business School.<\/p>\n<p>He recibido tu inter\u00e9s por el <span style=\"color: #ff0000;\">Master XXXXXXXXX<\/span> . Intent\u00e9 comunicarme telef\u00f3nicamente para brindarte m\u00e1s informaci\u00f3n pero no tuve \u00e9xito. \ud83d\ude14<\/p>\n<p>Si as\u00ed lo deseas, indicame un horario de tu comodidad para comunicarme nuevamente y brindarte toda la informaci\u00f3n necesaria.\u00a0\ud83d\udcdd<\/p>\n<p>\u00bfTe queda c\u00f3modo un horario por la ma\u00f1ana o por la tarde?\u00a0\u23f0\u00a0\u260e\ufe0f<\/p>\n<p>&nbsp;<\/p>\n<p>&nbsp;<\/p>\n<p>&nbsp;<\/p>\n<h3><strong>Pide m\u00e1s informaci\u00f3n de la Universidad o \u00e1rea en espec\u00edfico<\/strong><\/h3>\n<p>\u00a1Hola <span style=\"color: #ff0000;\">&lt;&lt;nombre&gt;&gt;<\/span>! \u00bfC\u00f3mo est\u00e1s? \ud83d\udc4b\ud83c\udffb<\/p>\n<p>Mi nombre es <span style=\"color: #ff0000;\">(nombre del asesor)<\/span>, soy tu asesor educativo de European Open Business School.<\/p>\n<p>En los siguientes links encontrar\u00e1s m\u00e1s informaci\u00f3n sobre nuestros programas:<\/p>\n<p>Gesti\u00f3n y comercio<\/p>\n<blockquote class=\"wp-embedded-content\" data-secret=\"95ChB6vTVq\"><p><a href=\"https:\/\/eobs.nodsglobal.org\/gestion-y-comercio\/\">Gesti\u00f3n y Comercio<\/a><\/p><\/blockquote>\n<p><iframe class=\"wp-embedded-content\" sandbox=\"allow-scripts\" security=\"restricted\" style=\"position: absolute; clip: rect(1px, 1px, 1px, 1px);\" title=\"\u00abGesti\u00f3n y Comercio\u00bb \u2014 Nods Global\" src=\"https:\/\/eobs.nodsglobal.org\/gestion-y-comercio\/embed\/#?secret=95ChB6vTVq\" data-secret=\"95ChB6vTVq\" width=\"600\" height=\"338\" frameborder=\"0\" marginwidth=\"0\" marginheight=\"0\" scrolling=\"no\"><\/iframe><\/p>\n<p>Ciencia y Datos<\/p>\n<blockquote class=\"wp-embedded-content\" data-secret=\"ZYEXOVVtPq\"><p><a href=\"https:\/\/eobs.nodsglobal.org\/ciencia-de-datos\/\">Ciencia de Datos<\/a><\/p><\/blockquote>\n<p><iframe class=\"wp-embedded-content\" sandbox=\"allow-scripts\" security=\"restricted\" style=\"position: absolute; clip: rect(1px, 1px, 1px, 1px);\" title=\"\u00abCiencia de Datos\u00bb \u2014 Nods Global\" src=\"https:\/\/eobs.nodsglobal.org\/ciencia-de-datos\/embed\/#?secret=ZYEXOVVtPq\" data-secret=\"ZYEXOVVtPq\" width=\"600\" height=\"338\" frameborder=\"0\" marginwidth=\"0\" marginheight=\"0\" scrolling=\"no\"><\/iframe><\/p>\n<p>Marketing y comunicaci\u00f3n<\/p>\n<blockquote class=\"wp-embedded-content\" data-secret=\"JQQue1qy5C\"><p><a href=\"https:\/\/eobs.nodsglobal.org\/marketing-y-comunicacion\/\">Marketing y Comunicaci\u00f3n<\/a><\/p><\/blockquote>\n<p><iframe class=\"wp-embedded-content\" sandbox=\"allow-scripts\" security=\"restricted\" style=\"position: absolute; clip: rect(1px, 1px, 1px, 1px);\" title=\"\u00abMarketing y Comunicaci\u00f3n\u00bb \u2014 Nods Global\" src=\"https:\/\/eobs.nodsglobal.org\/marketing-y-comunicacion\/embed\/#?secret=JQQue1qy5C\" data-secret=\"JQQue1qy5C\" width=\"600\" height=\"338\" frameborder=\"0\" marginwidth=\"0\" marginheight=\"0\" scrolling=\"no\"><\/iframe><\/p>\n<p>\u00bfTen\u00e9s alguna duda con respecto al programa? \ud83d\ude01<\/p>\n<p>&nbsp;<\/p>\n<p>&nbsp;<\/p>\n<p>&nbsp;<\/p>\n<h3><strong>Pide informaci\u00f3n en general<\/strong><\/h3>\n<p>\u00a1Hola <span style=\"color: #ff0000;\">&gt;&gt;nombre&lt;&lt;<\/span>! \u00bfC\u00f3mo est\u00e1s? \ud83d\udc4b\ud83c\udffb<\/p>\n<p>Mi nombre es <span style=\"color: #ff0000;\">(nombre del asesor)<\/span>, soy tu asesor educativo de European Open Business School.<\/p>\n<p>En el siguiente link encontrar\u00e1s la oferta acad\u00e9mica completa.<\/p>\n<blockquote class=\"wp-embedded-content\" data-secret=\"mDDRasr8Hb\"><p><a href=\"https:\/\/nodsglobal.org\/\">NodsGlobal<\/a><\/p><\/blockquote>\n<p><iframe class=\"wp-embedded-content\" title=\"\u00abNodsGlobal\u00bb \u2014 NODS Global\" src=\"https:\/\/nodsglobal.org\/embed\/#?secret=mDDRasr8Hb\" width=\"600\" height=\"338\" frameborder=\"0\" marginwidth=\"0\" marginheight=\"0\" scrolling=\"no\" sandbox=\"allow-scripts\" data-secret=\"mDDRasr8Hb\" data-mce-fragment=\"1\"><\/iframe><\/p>\n<p>\u00bfTen\u00e9s alguna duda con respecto al programa? \ud83d\ude01<\/p>\n<p>&nbsp;<\/p>\n<p>&nbsp;<\/p>\n<p>&nbsp;<\/p>\n<h3><strong>Aun estas a tiempo de inscribirte<\/strong><\/h3>\n<p>Hola <span style=\"color: #ff0000;\">&lt;&lt;nombre&gt;&gt;<\/span>,<\/p>\n<p>A\u00fan est\u00e1s a tiempo de inscribirte. Quedan pocos d\u00edas para que inicie el <span style=\"color: #ff0000;\">&lt;&lt;Programa&gt;&gt;<\/span><\/p>\n<p>\ud83d\udcf2\u00a0 A trav\u00e9s de este medio te enviar\u00e9 m\u00e1s informaci\u00f3n acerca del <span style=\"color: #ff0000;\">Master en XXXXXXXXXX <span style=\"color: #000000;\">y contarte sobre los beneficios de estudiar en nuestra universidad.<\/span><\/span><\/p>\n<p>&nbsp;<\/p>\n<p><span style=\"color: #ff0000;\">(corregir informaci\u00f3n seg\u00fan corresponda el programa)<\/span><br \/>\n<span style=\"font-weight: 400;\">\ud83e\uddd1\ud83c\udffb\u200d\ud83d\udcbbModalidad<\/span>: Online<br \/>\n<span style=\"font-weight: 400;\">\ud83d\udcc6<\/span>Fecha de Inicio: 06\/09\/2021<br \/>\n<span style=\"font-weight: 400;\">\u23f3<\/span>Duraci\u00f3n del Programa: 12 meses<br \/>\nReserva de Plaza: 175,00 \u20ac<br \/>\nPrecios (incluye la reserva de plaza): 11.000\u20ac<br \/>\nTotal (hasta en 12 cuotas): 11.000,00 \u20ac<\/p>\n<p>&nbsp;<\/p>\n<p><span style=\"font-weight: 400;\">\ud83d\udd87\ufe0f <\/span>Cursada: En la metodolog\u00eda flex learning, no hay d\u00eda ni horarios establecidos, cada alumno gestiona sus tiempos.<br \/>\nFinales: Al finalizar cada m\u00f3dulo tienen un test de examen y al finalizar el m\u00e1ster deben hacer el TFM. (trabajo fin de m\u00e1ster) individual. Se aprueba con un m\u00ednimo de 5 sobre 20<\/p>\n<p>&nbsp;<\/p>\n<p><span style=\"color: #ff0000;\">(Descripci\u00f3n del programa seg\u00fan corresponda)<br \/>\nLa globalizaci\u00f3n de la econom\u00eda, el dinamismo de los mercados, as\u00ed como la revoluci\u00f3n tecnol\u00f3gica y digital, est\u00e1 haciendo que el modelo de las organizaciones este migrando r\u00e1pidamente a entornos mucho m\u00e1s l\u00edquidos donde los procesos son m\u00e1s \u00e1giles, las estructuras m\u00e1s planas, organiz\u00e1ndose por proyectos cambiantes y contando con multitud de talentos fluctuantes, con valores y competencias diferentes y, muchos de ellos, conectados en remoto.<\/span><\/p>\n<p><span style=\"color: #ff0000;\">En este nuevo entorno, los paradigmas de la gesti\u00f3n del Capital Humano en las organizaciones han cambiado, refiri\u00e9ndose nuevas formas de entender y afrontar la funci\u00f3n de personas con nuevas soluciones y pr\u00e1cticas.<\/span><\/p>\n<p><span style=\"color: #ff0000;\">Nuevos tiempos exigen nuevas formas de enfrentarlos, algo que hoy solo se puede conseguir a trav\u00e9s de experiencias y programas innovadores de enriquecimiento mutuo.<\/span><\/p>\n<p><span style=\"color: #ff0000;\">Es por eso, que lo que se plantea aqu\u00ed es una nueva dimensi\u00f3n en nuestra acci\u00f3n.<\/span><\/p>\n<p><span style=\"color: #ff0000;\">Es m\u00e1s que una acci\u00f3n de transformaci\u00f3n e innovaci\u00f3n profesional y personal. Es una experiencia de vida, porque solo cambiar la vida me permite trascender.<\/span><\/p>\n<p>&nbsp;<\/p>\n<p>Adjunto te env\u00edo el\u00a0<em>brochure<\/em>\u00a0con la oferta acad\u00e9mica.\u00a0\ud83d\udcdd<br \/>\n<span style=\"color: #ff0000;\">(adjuntar brochure)<\/span><\/p>\n<p>&nbsp;<\/p>\n<p>\u00bfTen\u00e9s alguna duda con respecto al diplomado? \ud83d\ude01<\/p>\n<p>&nbsp;<\/p>\n<p>&nbsp;<\/p>\n<p>.<\/p>\n","protected":false},"excerpt":{"rendered":"<p>Contestaciones frecuentes para WhatsApp &nbsp; &nbsp; &nbsp; Mistery &#8211; Mensajes de WhatsApp Instancia 1: Whatsapp \u00a1Hola &gt;&gt;Nombre&lt;&lt;\u200b! \u00bfC\u00f3mo est\u00e1s? \ud83d\udc4b\ud83c\udffb Mi nombre es (nombre del asesor), soy tu asesor educativo de de la Escuela de Negocios EOBS de Espa\u00f1a. Te escribo porque tengo entendido que&#8230;<\/p>\n","protected":false},"author":1,"featured_media":0,"parent":0,"menu_order":0,"comment_status":"closed","ping_status":"closed","template":"","meta":{"footnotes":""},"class_list":["post-1625","page","type-page","status-publish","hentry"],"aioseo_notices":[],"_links":{"self":[{"href":"https:\/\/sic.nodscloud.com\/nodsglobal\/wp-json\/wp\/v2\/pages\/1625","targetHints":{"allow":["GET"]}}],"collection":[{"href":"https:\/\/sic.nodscloud.com\/nodsglobal\/wp-json\/wp\/v2\/pages"}],"about":[{"href":"https:\/\/sic.nodscloud.com\/nodsglobal\/wp-json\/wp\/v2\/types\/page"}],"author":[{"embeddable":true,"href":"https:\/\/sic.nodscloud.com\/nodsglobal\/wp-json\/wp\/v2\/users\/1"}],"replies":[{"embeddable":true,"href":"https:\/\/sic.nodscloud.com\/nodsglobal\/wp-json\/wp\/v2\/comments?post=1625"}],"version-history":[{"count":17,"href":"https:\/\/sic.nodscloud.com\/nodsglobal\/wp-json\/wp\/v2\/pages\/1625\/revisions"}],"predecessor-version":[{"id":2057,"href":"https:\/\/sic.nodscloud.com\/nodsglobal\/wp-json\/wp\/v2\/pages\/1625\/revisions\/2057"}],"wp:attachment":[{"href":"https:\/\/sic.nodscloud.com\/nodsglobal\/wp-json\/wp\/v2\/media?parent=1625"}],"curies":[{"name":"wp","href":"https:\/\/api.w.org\/{rel}","templated":true}]}}