
{"id":1631,"date":"2021-05-26T15:59:36","date_gmt":"2021-05-26T15:59:36","guid":{"rendered":"https:\/\/sic.nodscloud.com\/nodsglobal\/?page_id=1631"},"modified":"2023-05-22T13:14:58","modified_gmt":"2023-05-22T13:14:58","slug":"contestaciones-whatsapp-nods","status":"publish","type":"page","link":"https:\/\/sic.nodscloud.com\/nodsglobal\/contestaciones-whatsapp-nods\/","title":{"rendered":"Estructura de LLamadas &#8211; NODS"},"content":{"rendered":"<h2><b>ESTRUCTURA DE LLAMADA &#8211;\u00a0<\/b><\/h2>\n<p><b>TODOS ESTOS PUNTOS DEBEN ESTAR EN LA LLAMADA.<\/b><b>\u00a0<\/b><\/p>\n<h2><\/h2>\n<p>&nbsp;<\/p>\n<ul>\n<li aria-level=\"1\"><b>PRESENTACI\u00d3N \/ SPEECH<\/b><\/li>\n<\/ul>\n<p><span style=\"font-weight: 400;\">&#8211; \u00a1Hola, Buenos d\u00edas! \u00bfHablo con <\/span><span style=\"font-weight: 400;\">XXXXXXX<\/span><span style=\"font-weight: 400;\">?<\/span><\/p>\n<p><span style=\"font-weight: 400;\">&#8211; Mi nombre es <\/span><span style=\"font-weight: 400;\">XXXXXX<\/span><span style=\"font-weight: 400;\">, su asesora educativa de Nods Global.<\/span><\/p>\n<h2><\/h2>\n<p>&nbsp;<\/p>\n<ul>\n<li aria-level=\"1\"><b>DESCRIPCI\u00d3N DEL CURSO EN TRES L\u00cdNEAS<\/b><\/li>\n<\/ul>\n<p><span style=\"font-weight: 400;\">&#8211; Hemos recibido su inter\u00e9s por el curso <\/span><span style=\"font-weight: 400;\">XXXXXX.<\/span><\/p>\n<p><span style=\"font-weight: 400;\">&#8211; Usted solicit\u00f3 informaci\u00f3n sobre el curso <\/span><span style=\"font-weight: 400;\">XXXXXX.<\/span><\/p>\n<h2><\/h2>\n<p>&nbsp;<\/p>\n<ul>\n<li aria-level=\"1\"><b>ESCUCHA ACTIVA<\/b><\/li>\n<\/ul>\n<p><span style=\"font-weight: 400;\">Verificamos si recibi\u00f3 la informaci\u00f3n, o si tiene alguna duda concreta. De no ser as\u00ed contin\u00fao con la estructura de llamada.\u00a0<\/span><\/p>\n<h2><\/h2>\n<p>&nbsp;<\/p>\n<ul>\n<li aria-level=\"1\"><b>SONDEO<\/b><\/li>\n<\/ul>\n<p><span style=\"font-weight: 400;\">&#8211; \u00bfQu\u00e9 le llam\u00f3 la atenci\u00f3n de este curso?<\/span><\/p>\n<p><span style=\"font-weight: 400;\">&#8211; \u00bfQu\u00e9 est\u00e1s haciendo actualmente? \u00bfA qu\u00e9 te dedicas?<\/span><\/p>\n<p><span style=\"font-weight: 400;\">&#8211; \u00bfCu\u00e1les son sus expectativas respecto a esta formaci\u00f3n?<\/span><\/p>\n<h2><\/h2>\n<p>&nbsp;<\/p>\n<ul>\n<li aria-level=\"1\"><b>DESCRIPCI\u00d3N DEL PROGRAMA\u00a0<\/b><\/li>\n<\/ul>\n<p><b>Modalidad de cursado<\/b><\/p>\n<ul>\n<li style=\"font-weight: 400;\" aria-level=\"2\"><span style=\"font-weight: 400;\">Fecha de inicio<\/span><\/li>\n<li style=\"font-weight: 400;\" aria-level=\"2\"><span style=\"font-weight: 400;\">D\u00edas de cursado<\/span><\/li>\n<li style=\"font-weight: 400;\" aria-level=\"2\"><span style=\"font-weight: 400;\">Duraci\u00f3n del programa<\/span><\/li>\n<li style=\"font-weight: 400;\" aria-level=\"2\"><span style=\"font-weight: 400;\">Modalidad<\/span><\/li>\n<\/ul>\n<h2><\/h2>\n<p>&nbsp;<\/p>\n<ul>\n<li aria-level=\"1\"><b>REQUISITOS Y PROCESO DE ADMISI\u00d3N*<\/b><\/li>\n<\/ul>\n<p><span style=\"font-weight: 400;\">-DNI.<\/span><\/p>\n<p><span style=\"font-weight: 400;\">&#8211; Completar formulario de preinscripci\u00f3n.<\/span><\/p>\n<h2><\/h2>\n<p>&nbsp;<\/p>\n<ul>\n<li aria-level=\"1\"><b>POR \u00daLTIMO y m\u00e1s importante<\/b><\/li>\n<\/ul>\n<p><span style=\"font-weight: 400;\">&#8211; Precio\u00a0<\/span><\/p>\n<p><span style=\"font-weight: 400;\">&#8211; Plataforma de pago Flywire.<\/span><\/p>\n<p>&nbsp;<\/p>\n<p>&nbsp;<\/p>\n<p>.<\/p>\n","protected":false},"excerpt":{"rendered":"<p>ESTRUCTURA DE LLAMADA &#8211;\u00a0 TODOS ESTOS PUNTOS DEBEN ESTAR EN LA LLAMADA.\u00a0 &nbsp; PRESENTACI\u00d3N \/ SPEECH &#8211; \u00a1Hola, Buenos d\u00edas! \u00bfHablo con XXXXXXX? &#8211; Mi nombre es XXXXXX, su asesora educativa de Nods Global. &nbsp; DESCRIPCI\u00d3N DEL CURSO EN TRES L\u00cdNEAS &#8211; Hemos recibido su&#8230;<\/p>\n","protected":false},"author":2,"featured_media":0,"parent":0,"menu_order":0,"comment_status":"closed","ping_status":"closed","template":"","meta":{"footnotes":""},"class_list":["post-1631","page","type-page","status-publish","hentry"],"aioseo_notices":[],"_links":{"self":[{"href":"https:\/\/sic.nodscloud.com\/nodsglobal\/wp-json\/wp\/v2\/pages\/1631","targetHints":{"allow":["GET"]}}],"collection":[{"href":"https:\/\/sic.nodscloud.com\/nodsglobal\/wp-json\/wp\/v2\/pages"}],"about":[{"href":"https:\/\/sic.nodscloud.com\/nodsglobal\/wp-json\/wp\/v2\/types\/page"}],"author":[{"embeddable":true,"href":"https:\/\/sic.nodscloud.com\/nodsglobal\/wp-json\/wp\/v2\/users\/2"}],"replies":[{"embeddable":true,"href":"https:\/\/sic.nodscloud.com\/nodsglobal\/wp-json\/wp\/v2\/comments?post=1631"}],"version-history":[{"count":22,"href":"https:\/\/sic.nodscloud.com\/nodsglobal\/wp-json\/wp\/v2\/pages\/1631\/revisions"}],"predecessor-version":[{"id":3390,"href":"https:\/\/sic.nodscloud.com\/nodsglobal\/wp-json\/wp\/v2\/pages\/1631\/revisions\/3390"}],"wp:attachment":[{"href":"https:\/\/sic.nodscloud.com\/nodsglobal\/wp-json\/wp\/v2\/media?parent=1631"}],"curies":[{"name":"wp","href":"https:\/\/api.w.org\/{rel}","templated":true}]}}