
{"id":1638,"date":"2021-05-26T16:14:18","date_gmt":"2021-05-26T16:14:18","guid":{"rendered":"https:\/\/sic.nodscloud.com\/nodsglobal\/?page_id=1638"},"modified":"2021-06-28T20:07:29","modified_gmt":"2021-06-28T20:07:29","slug":"contestaciones-whatsapp-lssi","status":"publish","type":"page","link":"https:\/\/sic.nodscloud.com\/nodsglobal\/contestaciones-whatsapp-lssi\/","title":{"rendered":"Contestaciones WhatsApp &#8211; LSSI"},"content":{"rendered":"<h2><strong>Contestaciones frecuentes para WhatsApp<\/strong><\/h2>\n<p>&nbsp;<\/p>\n<p>&nbsp;<\/p>\n<h4><strong>Informaci\u00f3n del programa &#8211; <\/strong><strong>primer contacto<\/strong><\/h4>\n<p>\u00a1Hola <span style=\"color: #ff0000;\">&gt;&gt;Nombre&lt;&lt;\u200b<\/span>! \u00bfC\u00f3mo est\u00e1s? \ud83d\udc4b\ud83c\udffb<\/p>\n<p>Mi nombre es <span style=\"color: #ff0000;\">(nombre del asesor)<\/span>, soy tu asesor educativo de Lean Six Sigma Institute.<br \/>\n\ud83d\udcf2 A trav\u00e9s de este medio te enviar\u00e9 m\u00e1s informaci\u00f3n acerca del <span style=\"color: #ff0000;\">Curso en XXXXXXXXXX<\/span>, y contarte todo sobre los beneficios de estudiar con nosotros.<\/p>\n<p>&nbsp;<\/p>\n<p><span style=\"font-weight: 400; color: #ff0000;\">(corregir informaci\u00f3n seg\u00fan corresponda el programa)<\/span><br \/>\nHerramientas: Herramientas Estrat\u00e9gicas Lean<br \/>\n\ud83e\uddd1\ud83c\udffb\u200d\ud83d\udcbb Modalidad: online<br \/>\n\ud83d\udcc6 Fecha de Inicio: no hay fecha de inicio, se abona y realiza el curso<br \/>\n\ud83d\udcb5 Precios: USD199,00<br \/>\n\u23f3 Duraci\u00f3n del Programa Online: 4,5 horas<br \/>\n\ud83d\udd87\ufe0f Brochure: https:\/\/lssi.nodsglobal.org\/wp-content\/uploads\/1-Lean-Management-V20.pdf<\/p>\n<p>Este programa ofrece un sistema probado para mejorar significativamente las empresas. Ha sido cuidadosamente dise\u00f1ado para desarrollar l\u00edderes en implementaciones exitosas y lograr resultados realmente sorprendentes.<\/p>\n<p>&nbsp;<\/p>\n<p>Perfil profesional:<br \/>\nDue\u00f1os de negocios<br \/>\nEjecutivos y altos directivos<br \/>\nMiembros de la Junta<br \/>\nGerente de Mejora Continua<br \/>\nPersonal clave<br \/>\nIngenieros<\/p>\n<p>Adjunto te env\u00edo el brochure con la oferta acad\u00e9mica. \ud83d\udcdd<br \/>\n<span style=\"color: #ff0000;\">(adjunto brochure)<\/span><\/p>\n<p>\u00bfTen\u00e9s alguna duda con respecto al diplomado? \ud83d\ude01<\/p>\n<p>&nbsp;<\/p>\n<p>&nbsp;<\/p>\n<h4><strong>Requisitos de ingreso<\/strong><\/h4>\n<p>\u00a1Hola <span style=\"color: #ff0000;\">&gt;&gt;Nombre&lt;&lt;<\/span>\u200b! \ud83d\udc4b\ud83c\udffb<br \/>\nNos ponemos en contacto desde Lean Six Sigma Institute<br \/>\nEn esta ocasi\u00f3n te escribo para comentarte un poco sobre los requisitos de ingreso de tu programa de inter\u00e9s. <span style=\"color: #ff0000;\">(VER SI CORRESPONDE AGREGAR INTRODUCCI\u00d3N)<\/span><\/p>\n<p>&nbsp;<\/p>\n<p>Requisitos de ingreso \ud83d\udcdd<br \/>\n\ud83d\udcc7 Debes completar la ficha de inscripci\u00f3n:<br \/>\nhttps:\/\/docs.google.com\/forms\/d\/e\/1FAIpQLSdID3ZGhxFb-C05OUwH8W-kBwwwtVf3razw6UTXlO8OjloJCw\/viewform<\/p>\n<p>\u2705 <span style=\"font-weight: 400;\">Si desea tomar un curso intermedio, debe presentar su certificado del anterior<\/span>.<\/p>\n<p>&nbsp;<\/p>\n<p>\u00bfTienes alguna consulta con respecto a los requisitos de admisi\u00f3n? \ud83d\ude01<\/p>\n<p>&nbsp;<\/p>\n<p>&nbsp;<\/p>\n<h4><strong>Medios de pago<\/strong><\/h4>\n<p>\u00a1Hola <span style=\"color: #ff0000;\">&gt;&gt;Nombre&lt;&lt;<\/span>\u200b! \ud83d\udc4b\ud83c\udffb<br \/>\nNos ponemos en contacto desde Lean Six Sigma Institute.<br \/>\nEn esta ocasi\u00f3n le escribo para comentarte un poco sobre las modalidades de pago. <span style=\"color: #ff0000;\">(VER SI CORRESPONDE AGREGAR INTRODUCCI\u00d3N)<\/span><\/p>\n<p>&nbsp;<\/p>\n<p>Se paga en una sola cuota, la totalidad de los cursos o por curso contratado, a trav\u00e9s de un link de pago.<br \/>\nEl instituto Lean va a ser quien env\u00ede el link de pago al alumno.<br \/>\n\ud83d\udcb3 Las formas de pago son a trav\u00e9s de Paypal,<br \/>\n1\ufe0f\u20e3 tarjeta cr\u00e9dito<br \/>\n2\ufe0f\u20e3 tarjeta d\u00e9bito<br \/>\n3\ufe0f\u20e3 cuenta bancaria (Transferencia)<br \/>\n4\ufe0f\u20e3 y saldo paypal<\/p>\n<p>\u00bfTienes alguna duda con respecto a las formas de pago? \ud83d\ude01<\/p>\n<p>&nbsp;<\/p>\n<p>&nbsp;<\/p>\n<h4><strong>Confirmaci\u00f3n de Documentaci\u00f3n<\/strong><\/h4>\n<p>\u00a1Hola <span style=\"color: #ff0000;\">&gt;&gt;Nombre&lt;&lt;\u200b\u200b<\/span>! \u00bfC\u00f3mo est\u00e1s? \ud83d\udc4b\ud83c\udffb<\/p>\n<p>Te escribo para informarte que ya recibimos tu ficha de inscripci\u00f3n.<br \/>\nA la brevedad le estaremos enviando informaci\u00f3n con los datos para abonar (tendr\u00e1s 5 d\u00edas para poder efectuar el pago)<\/p>\n<p>&nbsp;<\/p>\n<p>&nbsp;<\/p>\n<h4><strong>Confirmaci\u00f3n\u00a0de curso<\/strong><\/h4>\n<p>\u00a1Hola <span style=\"color: #ff0000;\">&gt;&gt;Nombre&lt;&lt;<\/span>\u200b\u200b! \ud83d\udc4b\ud83c\udffb<\/p>\n<p>\u00a1\u00a1Felicidades!! Ya puedes comenzar con el inicio de tu cursada en Lean Six Sigma Institute.<br \/>\nGracias por la confianza, estamos a su disposici\u00f3n para cualquier duda o sugerencia.<\/p>\n<p>Resumen de Compra \ud83e\uddfe<br \/>\n\ud83d\udcdc Certificaci\u00f3n <span style=\"color: #ff0000;\">xxxxxxxx<\/span><br \/>\n\ud83d\udcc6 Fecha de inicio:<br \/>\n\u23f3 Duraci\u00f3n:<br \/>\n\ud83e\uddd1\ud83c\udffb\u200d\ud83d\udcbbModalidad: virtual<br \/>\nTotal de curso: $ 200 USD<\/p>\n<p>&nbsp;<\/p>\n<p>&nbsp;<\/p>\n<h4><strong>No hemos podido contactarte<\/strong><\/h4>\n<p>\u00a1Hola <span style=\"color: #ff0000;\">&gt;&gt;Nombre&lt;&lt;<\/span>\u200b\u200b! \u00bfC\u00f3mo est\u00e1s? \ud83d\udc4b\ud83c\udffb<\/p>\n<p>Mi nombre es <span style=\"color: #ff0000;\">(nombre del asesor)<\/span>, soy tu asesor educativo de Lean Six Sigma Institute<\/p>\n<p>He recibido tu inter\u00e9s por el <span style=\"color: #ff0000;\">programa XXXXXXXXX<\/span> . Intent\u00e9 comunicarme telef\u00f3nicamente para brindarte m\u00e1s informaci\u00f3n pero no tuve \u00e9xito. \ud83d\ude14<\/p>\n<p>Si as\u00ed lo deseas, indicame un horario de tu comodidad para comunicarme nuevamente y brindarte toda la informaci\u00f3n necesaria.\u00a0\ud83d\udcdd<\/p>\n<p>\u00bfTe queda c\u00f3modo un horario por la ma\u00f1ana o por la tarde?\u00a0\u23f0\u00a0\u260e\ufe0f<\/p>\n<p>&nbsp;<\/p>\n<p>&nbsp;<\/p>\n<h4><strong>Pide m\u00e1s informaci\u00f3n de la Universidad o \u00e1rea en espec\u00edfico<\/strong><\/h4>\n<p>\u00a1Hola <span style=\"color: #ff0000;\">&gt;&gt;Nombre&lt;&lt;<\/span>\u200b\u200b! \u00bfC\u00f3mo est\u00e1s? \ud83d\udc4b\ud83c\udffb<\/p>\n<p>Mi nombre es <span style=\"color: #ff0000;\">(nombre del asesor)<\/span>, soy tu asesor educativo de Lean Six Sigma Institute.<\/p>\n<p>En los siguientes links encontrar\u00e1s m\u00e1s informaci\u00f3n sobre nuestros programas de acuerdo al \u00e1rea de estudio en la que se encuentre interesado:<\/p>\n<blockquote class=\"wp-embedded-content\" data-secret=\"VDNcx51VNO\"><p><a href=\"https:\/\/lssi.nodsglobal.org\/\">Home<\/a><\/p><\/blockquote>\n<p><iframe class=\"wp-embedded-content\" sandbox=\"allow-scripts\" security=\"restricted\" style=\"position: absolute; clip: rect(1px, 1px, 1px, 1px);\" title=\"\u00abHome\u00bb \u2014 Nods Global\" src=\"https:\/\/lssi.nodsglobal.org\/embed\/#?secret=VDNcx51VNO\" data-secret=\"VDNcx51VNO\" width=\"600\" height=\"338\" frameborder=\"0\" marginwidth=\"0\" marginheight=\"0\" scrolling=\"no\"><\/iframe><\/p>\n<p>\u00bfTen\u00e9s alguna duda con respecto al diplomado?\u00a0\ud83d\ude01<\/p>\n<p>&nbsp;<\/p>\n<p>&nbsp;<\/p>\n<h4><strong>Pide informaci\u00f3n en general<\/strong><\/h4>\n<p>\u00a1Hola <span style=\"color: #ff0000;\">&gt;&gt;Nombre&lt;&lt;<\/span>\u200b\u200b! \u00bfC\u00f3mo est\u00e1s? \ud83d\udc4b\ud83c\udffb<\/p>\n<p>Mi nombre es <span style=\"color: #ff0000;\">(nombre del asesor)<\/span>, soy tu asesor educativo de Nods Global.<\/p>\n<p>En el siguiente link encontrar\u00e1s la oferta acad\u00e9mica completa.<\/p>\n<blockquote class=\"wp-embedded-content\" data-secret=\"mDDRasr8Hb\"><p><a href=\"https:\/\/nodsglobal.org\/\">NodsGlobal<\/a><\/p><\/blockquote>\n<p><iframe class=\"wp-embedded-content\" title=\"\u00abNodsGlobal\u00bb \u2014 NODS Global\" src=\"https:\/\/nodsglobal.org\/embed\/#?secret=mDDRasr8Hb\" width=\"600\" height=\"338\" frameborder=\"0\" marginwidth=\"0\" marginheight=\"0\" scrolling=\"no\" sandbox=\"allow-scripts\" data-secret=\"mDDRasr8Hb\" data-mce-fragment=\"1\"><\/iframe><\/p>\n<p>\u00bfTen\u00e9s alguna duda con respecto al diplomado?\u00a0\ud83d\ude01<\/p>\n<p>&nbsp;<\/p>\n<p>&nbsp;<\/p>\n<p>.<\/p>\n","protected":false},"excerpt":{"rendered":"<p>Contestaciones frecuentes para WhatsApp &nbsp; &nbsp; Informaci\u00f3n del programa &#8211; primer contacto \u00a1Hola &gt;&gt;Nombre&lt;&lt;\u200b! \u00bfC\u00f3mo est\u00e1s? \ud83d\udc4b\ud83c\udffb Mi nombre es (nombre del asesor), soy tu asesor educativo de Lean Six Sigma Institute. \ud83d\udcf2 A trav\u00e9s de este medio te enviar\u00e9 m\u00e1s informaci\u00f3n acerca del Curso&#8230;<\/p>\n","protected":false},"author":1,"featured_media":0,"parent":0,"menu_order":0,"comment_status":"closed","ping_status":"closed","template":"","meta":{"footnotes":""},"class_list":["post-1638","page","type-page","status-publish","hentry"],"aioseo_notices":[],"_links":{"self":[{"href":"https:\/\/sic.nodscloud.com\/nodsglobal\/wp-json\/wp\/v2\/pages\/1638","targetHints":{"allow":["GET"]}}],"collection":[{"href":"https:\/\/sic.nodscloud.com\/nodsglobal\/wp-json\/wp\/v2\/pages"}],"about":[{"href":"https:\/\/sic.nodscloud.com\/nodsglobal\/wp-json\/wp\/v2\/types\/page"}],"author":[{"embeddable":true,"href":"https:\/\/sic.nodscloud.com\/nodsglobal\/wp-json\/wp\/v2\/users\/1"}],"replies":[{"embeddable":true,"href":"https:\/\/sic.nodscloud.com\/nodsglobal\/wp-json\/wp\/v2\/comments?post=1638"}],"version-history":[{"count":11,"href":"https:\/\/sic.nodscloud.com\/nodsglobal\/wp-json\/wp\/v2\/pages\/1638\/revisions"}],"predecessor-version":[{"id":1817,"href":"https:\/\/sic.nodscloud.com\/nodsglobal\/wp-json\/wp\/v2\/pages\/1638\/revisions\/1817"}],"wp:attachment":[{"href":"https:\/\/sic.nodscloud.com\/nodsglobal\/wp-json\/wp\/v2\/media?parent=1638"}],"curies":[{"name":"wp","href":"https:\/\/api.w.org\/{rel}","templated":true}]}}