
{"id":1644,"date":"2021-05-26T16:31:52","date_gmt":"2021-05-26T16:31:52","guid":{"rendered":"https:\/\/sic.nodscloud.com\/nodsglobal\/?page_id=1644"},"modified":"2021-06-28T19:25:25","modified_gmt":"2021-06-28T19:25:25","slug":"contestaciones-whatsapp-ue","status":"publish","type":"page","link":"https:\/\/sic.nodscloud.com\/nodsglobal\/contestaciones-whatsapp-ue\/","title":{"rendered":"Contestaciones WhatsApp &#8211; UE"},"content":{"rendered":"<h2><strong>Contestaciones frecuentes para WhatsApp<\/strong><\/h2>\n<p>&nbsp;<\/p>\n<h4><strong>Informaci\u00f3n del programa <\/strong><strong>\u2013 primer contacto<\/strong><\/h4>\n<p>\u00a1Hola <span style=\"color: #ff0000;\">&gt;&gt;Nombre&lt;&lt;\u200b<\/span>!\ud83d\ude01 \u00bfC\u00f3mo est\u00e1s? \ud83d\udc4b\ud83c\udffb<br \/>\nMi nombre es <span style=\"color: #ff0000;\">(nombre del asesor)<\/span>, soy tu asesor educativo de Universidad Europea.<\/p>\n<p>\ud83d\udcf2\u00a0 A trav\u00e9s de este medio te enviar\u00e9 m\u00e1s informaci\u00f3n acerca del <span style=\"color: #ff0000;\">Master en XXXXXXXXXX <span style=\"color: #000000;\">y contarte sobre los beneficios de estudiar en nuestra universidad.<\/span><\/span><\/p>\n<p>&nbsp;<\/p>\n<p><span style=\"color: #ff0000;\">(corregir informaci\u00f3n seg\u00fan corresponda el programa)<\/span><br \/>\n<span style=\"font-weight: 400;\">\ud83e\uddd1\ud83c\udffb\u200d\ud83d\udcbbModalidad<\/span>: Presencial<br \/>\n<span style=\"font-weight: 400;\">\ud83d\udcbb<\/span>Campus: Madrid<br \/>\n<span style=\"font-weight: 400;\">\ud83d\udcc6<\/span>Fecha de inicio: 22\/10\/2021<br \/>\n<span style=\"font-weight: 400;\">\u23f3<\/span>Duraci\u00f3n de Programa: 9 meses<br \/>\nPrecios: 17.400,00 \u20ac<br \/>\nReserva de plaza: 1.500,00 \u20ac<br \/>\nTotal: 18.900,00 \u20ac<br \/>\n<span style=\"font-weight: 400;\">\u23f0<\/span>Cursada: Viernes de 17.00 a 22.00 h., s\u00e1bados de 9.00 a 14.00 h. y de 16.00 a 21.00 h., y domingos de 9.00 a 14.00 h.<br \/>\n<span style=\"font-weight: 400;\">\ud83d\udcdd<\/span>Requisitos: T\u00edtulo Universitario, CV y Pasaporte<\/p>\n<p>&nbsp;<\/p>\n<p>Un M\u00e1ster Global con el que especializarte en las herramientas para conocer, dominar y aportar valor en la gesti\u00f3n de marcas deportivas, instituciones, equipos, e incluso deportistas.<\/p>\n<p><span style=\"color: #ff0000;\">Descripci\u00f3n del programa<\/span><br \/>\nF\u00f3rmate de la mano de los profesionales l\u00edderes del mercado deportivo en las tendencias y las herramientas m\u00e1s utilizadas en el Marketing Deportivo a nivel global, una oportunidad \u00fanica para convertir tu pasi\u00f3n en una carrera profesional de \u00e9xito.<\/p>\n<p>&nbsp;<\/p>\n<p>Adjunto te env\u00edo el\u00a0<em>brochure<\/em>\u00a0con la oferta acad\u00e9mica.\u00a0\ud83d\udcdd<span style=\"color: #ff0000;\"><br \/>\n(adjuntamos brochure)<\/span><\/p>\n<p>&nbsp;<\/p>\n<p>\u00bfTen\u00e9s alguna duda con respecto al diplomado? \ud83d\ude01<\/p>\n<p>&nbsp;<\/p>\n<p>&nbsp;<\/p>\n<h4><b>Requisitos de ingreso<\/b><\/h4>\n<p><span style=\"font-weight: 400;\">\u00a1Hola <span style=\"color: #ff0000;\">&gt;&gt;Nombre&lt;&lt;<\/span>\u200b!<br \/>\n<\/span><span style=\"font-weight: 400;\">Nos ponemos en contacto de la Universidad Europea.<\/span><span style=\"font-weight: 400;\"><br \/>\n<\/span><span style=\"font-weight: 400;\">En esta ocasi\u00f3n le escribo para comentarte un poco sobre los requisitos de ingreso, sobre su programa de inter\u00e9s.\u00a0 <span style=\"color: #ff0000;\">(VER SI CORRESPONDE AGREGAR INTRODUCCI\u00d3N)<\/span><\/span><\/p>\n<p>&nbsp;<\/p>\n<p><span style=\"font-weight: 400;\">Requisitos de ingreso \ud83d\udcdd<br \/>\n<\/span><span style=\"font-weight: 400;\">Para comenzar el proceso de admisi\u00f3n se necesita:<br \/>\n<\/span><span style=\"font-weight: 400;\">\ud83d\udcc7 Pasaporte<br \/>\n<\/span><span style=\"font-weight: 400;\">\ud83e\uddfe CV<br \/>\n<\/span><span style=\"font-weight: 400;\">\ud83d\udcdc T\u00edtulo Universitario o certificado de t\u00edtulo en tr\u00e1mite**<\/span><\/p>\n<p>&nbsp;<\/p>\n<p><span style=\"font-weight: 400;\">\u2705 Una vez enviada la documentaci\u00f3n y analizado el perfil del estudiante, el Director <\/span><span style=\"font-weight: 400;\">del M\u00e1ster en cuesti\u00f3n se contactar\u00e1 telef\u00f3nicamente para realizar una breve <\/span><span style=\"font-weight: 400;\">entrevista. \ud83d\udcf2<\/span><\/p>\n<p><span style=\"font-weight: 400;\">\u2705 Luego de ser admitido, llega una carta de admisi\u00f3n al mail del aspirante junto a un <\/span><span style=\"font-weight: 400;\">link de pago para la reserva de plaza (tendr\u00e1 5 d\u00edas h\u00e1biles para poder abonar).<\/span><\/p>\n<p>&nbsp;<\/p>\n<p><span style=\"font-weight: 400;\">** Si no tiene el t\u00edtulo a\u00fan, puede hacer su reserva de plaza de igual manera enviando CV y Pasaporte; y se confirmar\u00e1 la reserva de plaza con una matr\u00edcula condicionada pero antes del 31\/12 tiene que entregar copia del t\u00edtulo de Grado.<\/span><\/p>\n<p>&nbsp;<\/p>\n<p><span style=\"font-weight: 400;\">\u00bfTienes alguna consulta con respecto a los requisitos de admisi\u00f3n? \ud83d\ude01<\/span><\/p>\n<p>&nbsp;<\/p>\n<p>&nbsp;<\/p>\n<h4><strong>Confirmaci\u00f3n\u00a0de Documentaci\u00f3n y entrevista con el director\u00a0<\/strong><\/h4>\n<p><span style=\"font-weight: 400;\">\u00a1Hola <span style=\"color: #ff0000;\">&gt;&gt;Nombre&lt;&lt;\u200b\u200b<\/span>!<br \/>\n<\/span><span style=\"font-weight: 400;\">Te escribo para informarte que ya hemos enviamos tu documentaci\u00f3n a la Universidad Europea para que puedan revisarla.<br \/>\n<\/span><span style=\"font-weight: 400;\">A la brevedad se pondr\u00e1n en contacto contigo para poder coordinar la entrevista con el director de tu master.\u00a0<\/span><\/p>\n<p><span style=\"font-weight: 400;\">Luego de ser admitido, llega una carta de admisi\u00f3n a tu email junto a un link de pago para la reserva de plaza (tendr\u00e1s 5 d\u00edas h\u00e1biles para poder abonar)<\/span><\/p>\n<p>&nbsp;<\/p>\n<p><span style=\"font-weight: 400;\">\u00bfTienes alguna duda sobre el proceso de admisi\u00f3n?\u00a0<\/span><\/p>\n<p>&nbsp;<\/p>\n<p>&nbsp;<\/p>\n<h4><strong>Medios de pago &#8211; MODALIDAD ONLINE<\/strong><\/h4>\n<p><span style=\"font-weight: 400;\">\u00a1Hola<span style=\"color: #ff0000;\"> &gt;&gt;Nombre&lt;&lt;\u200b<\/span>!<br \/>\n<\/span><span style=\"font-weight: 400;\">Nos ponemos en contacto de la Universidad Europea.<\/span><span style=\"font-weight: 400;\"><br \/>\n<\/span><span style=\"font-weight: 400;\">En esta ocasi\u00f3n le escribo para comentarte un poco sobre las modalidades de pago.\u00a0 <span style=\"color: #ff0000;\">(VER SI CORRESPONDE AGREGAR INTRODUCCI\u00d3N)<\/span><\/span><\/p>\n<p>&nbsp;<\/p>\n<p><span style=\"font-weight: 400;\">\ud83d\udcb3 El pago de la reserva de plaza es solo con tarjeta de cr\u00e9dito, y debe realizarse en un solo pago. Se aceptan transferencias si el pago lo hace una empresa donde trabaja el aspirante.<\/span><\/p>\n<p><span style=\"font-weight: 400;\">Para la modalidad ONLINE las formas de pago son:<br \/>\n<\/span><span style=\"font-weight: 400;\">1\ufe0f\u20e3 con tarjeta de cr\u00e9dito o d\u00e9bito (todos los meses se descontar\u00e1 de esa tarjeta)<br \/>\n<\/span><span style=\"font-weight: 400;\">2\ufe0f\u20e3 trav\u00e9s de la plataforma flyware*<\/span><\/p>\n<p><span style=\"font-weight: 400;\">\u2013 La cantidad de cuotas van a ser equivalentes a la cantidad de meses a cursar.<\/span><\/p>\n<p>&nbsp;<\/p>\n<p><span style=\"font-weight: 400;\">\ud83d\udcb3\u00a0 Solo se puede abonar con todas las tarjetas internacionales<br \/>\n<\/span><span style=\"font-weight: 400;\">\u25e6 Visa<br \/>\n<\/span><span style=\"font-weight: 400;\">\u25e6 Mastercad<br \/>\n<\/span><span style=\"font-weight: 400;\">\u25e6 American Express<br \/>\n<\/span><span style=\"font-weight: 400;\">\u25e6 etc.<br \/>\n<\/span><span style=\"font-weight: 400;\">\u25e6No se aceptan tarjetas nacionales (Ej. Tarjeta Naranja. Deber\u00eda ser Tarjeta Naranja VISA)<\/span><\/p>\n<p>&nbsp;<\/p>\n<p><span style=\"font-weight: 400;\"><br \/>\n<\/span><span style=\"font-weight: 400;\">* Flywire es una soluci\u00f3n de pago, f\u00e1cil de usar, que ofrece a los pagadores desde el extranjero una transacci\u00f3n de pago simplificada.<\/span><\/p>\n<p><span style=\"font-weight: 400;\">\u00bfTienes alguna duda con respecto a las formas de pago?\ud83d\ude01<\/span><\/p>\n<p>&nbsp;<\/p>\n<p>&nbsp;<\/p>\n<h4><strong>Medios de pago &#8211; MODALIDAD PRESENCIAL<\/strong><\/h4>\n<p><span style=\"font-weight: 400;\">\u00a1Hola <span style=\"color: #ff0000;\">&gt;&gt;Nombre&lt;&lt;<\/span>\u200b!<br \/>\n<\/span><span style=\"font-weight: 400;\">Nos ponemos en contacto de la Universidad Europea.<\/span><span style=\"font-weight: 400;\"><br \/>\n<\/span><span style=\"font-weight: 400;\">En esta ocasi\u00f3n le escribo para comentarte un poco sobre las modalidades de pago.\u00a0 <span style=\"color: #ff0000;\">(VER SI CORRESPONDE AGREGAR INTRODUCCI\u00d3N)<\/span><\/span><\/p>\n<p><span style=\"font-weight: 400;\">\ud83d\udcb3 El pago de la reserva de plaza es solo con tarjeta de cr\u00e9dito, y debe realizarse en un solo pago. Se aceptan transferencias si el pago lo hace una empresa donde trabaja el aspirante.<\/span><\/p>\n<p><span style=\"font-weight: 400;\"><br \/>\nPara la modalidad PRESENCIAL las formas de pago son:<br \/>\n<\/span><span style=\"font-weight: 400;\">\u2705 El arancel total se puede pagar en cuotas una vez que comiencen la maestr\u00eda.<br \/>\n<\/span><span style=\"font-weight: 400;\">\u2705 La cantidad de cuotas van a ser equivalentes a la cantidad de meses a cursar.<br \/>\n<\/span><span style=\"font-weight: 400;\">\u2705 El aspirante crea una cuenta en Espa\u00f1a y todos los meses la universidad debita.<\/span><\/p>\n<p>&nbsp;<\/p>\n<p><span style=\"font-weight: 400;\">1\ufe0f\u20e3 Para la docencia universitaria tendr\u00e1 que abrir una cuenta europea (tenemos un banco Santander en el campus) y darnos el c\u00f3digo IBAN. A partir de esa cuenta se debitar\u00e1 cada mes el importe correspondiente. Eso se hace una vez que se encuentren en Espa\u00f1a.<br \/>\n<\/span><span style=\"font-weight: 400;\">2\ufe0f\u20e3 La apertura de una cuenta bancaria en Espa\u00f1a no tiene ning\u00fan costo (tampoco a la hora de sacar dinero en un cajero se cobran comisiones). Es importante poseer un NIE es decir el N\u00famero de Identificaci\u00f3n Extranjero para abrir una cuenta. Tambi\u00e9n la emisi\u00f3n del NIE es gratuita (si tienes pasaporte extranjero se solicita una vez instalado en espa\u00f1a, y si sos estudiante te lo otorgan con la visa de estudio o una vez instalado en espa\u00f1a con cita previa).<\/span><\/p>\n<p>&nbsp;<\/p>\n<p><span style=\"font-weight: 400;\">\u00bfTienes alguna duda con respecto a las formas de pago?<\/span><\/p>\n<p>&nbsp;<\/p>\n<p>&nbsp;<\/p>\n<h4><strong>Confirmaci\u00f3n\u00a0de m\u00e1ster\u00a0<\/strong><\/h4>\n<p><span style=\"font-weight: 400;\">\u00a1Hola <span style=\"color: #ff0000;\">&gt;&gt;Nombre&lt;&lt;<\/span>\u200b\u200b!<br \/>\n<\/span><span style=\"font-weight: 400;\">Felicidades!! Fuiste <span style=\"color: #ff0000;\">admitid@<\/span> a la Universidad Europea para realizar el <span style=\"color: #ff0000;\">&lt;&lt;PROGRAMA&gt;&gt;<\/span><br \/>\n<\/span><span style=\"font-weight: 400;\">Gracias por la confianza, estamos a su disposici\u00f3n para cualquier duda o sugerencia.\u00a0<\/span><\/p>\n<p>&nbsp;<\/p>\n<p><span style=\"font-weight: 400;\"><span style=\"color: #ff0000;\">(corregir informaci\u00f3n seg\u00fan corresponda el programa)<\/span><br \/>\nResumen de Programa: \ud83e\uddfe<br \/>\n<\/span><span style=\"font-weight: 400;\">\ud83d\udcdc Master:<br \/>\n<\/span><span style=\"font-weight: 400;\">\ud83d\udcc6 Fecha de inicio:<br \/>\n<\/span><span style=\"font-weight: 400;\">\u23f3 Duraci\u00f3n: 12 meses<br \/>\n<\/span><span style=\"font-weight: 400;\">\u23f0 D\u00edas: todos los martes de 18 a 21hs<br \/>\n<\/span><span style=\"font-weight: 400;\">\ud83e\uddd1\ud83c\udffb\u200d\ud83d\udcbbModalidad:<br \/>\n<\/span><span style=\"font-weight: 400;\">Total de la reserva de plaza: 1.500 EUR<br \/>\n<\/span><span style=\"font-weight: 400;\">Total con descuento aplicado: 1.200 EUR<\/span><span style=\"font-weight: 400;\"><br \/>\n<\/span><span style=\"font-weight: 400;\">Inversi\u00f3n: 9 cuotas de &#8212;&#8211;EUR<br \/>\n<\/span><span style=\"font-weight: 400;\">Total de arancel: 12.000 EUR<\/span><\/p>\n<p><span style=\"font-weight: 400;\">*Recuerde que el descuento en la reserva de plaza es hasta el 30\/06.<\/span><\/p>\n<p>&nbsp;<\/p>\n<p>&nbsp;<\/p>\n<h4><strong>No hemos podido contactarte<\/strong><\/h4>\n<p>\u00a1Hola <span style=\"color: #ff0000;\">&lt;&lt;nombre&gt;&gt;<\/span>! \u00bfC\u00f3mo est\u00e1s?\u00a0\ud83d\udc4b\ud83c\udffb<\/p>\n<p>Mi nombre es <span style=\"color: #ff0000;\">(nombre del asesor)<\/span>, soy tu asesor educativo de Universidad Europea.<\/p>\n<p>He recibido tu inter\u00e9s por el <span style=\"color: #ff0000;\">Master XXXXXXXXX<\/span> . Intent\u00e9 comunicarme telef\u00f3nicamente para brindarte m\u00e1s informaci\u00f3n pero no tuve \u00e9xito. \ud83d\ude14<\/p>\n<p>Si as\u00ed lo deseas, indicame un horario de tu comodidad para comunicarme nuevamente y brindarte toda la informaci\u00f3n necesaria.\u00a0\ud83d\udcdd<\/p>\n<p>\u00bfTe queda c\u00f3modo un horario por la ma\u00f1ana o por la tarde?\u00a0\u23f0\u00a0\u260e\ufe0f<\/p>\n<p>&nbsp;<\/p>\n<p>&nbsp;<\/p>\n<h4><strong>Informaci\u00f3n de descuento &#8211; MODALIDAD ONLINE<\/strong><\/h4>\n<p>\u00a1Hola <span style=\"color: #ff0000;\">&lt;&lt;nombre&gt;&gt;<\/span>! \u00bfC\u00f3mo est\u00e1s? \ud83d\udc4b\ud83c\udffb<\/p>\n<p>Mi nombre es <span style=\"color: #ff0000;\">(nombre del asesor)<\/span>, soy tu asesor educativo de Universidad Europea.<\/p>\n<p>El motivo por el cual te escribo se debe a tu programa de tu inter\u00e9s en el <span style=\"color: #ff0000;\">M\u00e1ster XXXXXXXX<\/span>.<\/p>\n<p>Solo en modalidad online, hasta el 15 de junio ten\u00e9s un 50% de descuento sobre la reserva de plaza + 18% de descuento sobre la docencia universitaria (arancel anual 12 cuotas). Si en noviembre pagas toda la anualidad, el descuento sobre la docencia universitaria ser\u00eda de 23%.<\/p>\n<p>\u00a1A\u00fan estas a tiempo de inscribirte!<\/p>\n<p>\u00bfTen\u00e9s alguna duda con respecto al diplomado?\u00a0\ud83d\ude01<\/p>\n<p>&nbsp;<\/p>\n<p>&nbsp;<\/p>\n<h4><strong>Pide m\u00e1s informaci\u00f3n de la Universidad o \u00e1rea en espec\u00edfico<\/strong><\/h4>\n<p>\u00a1Hola <span style=\"color: #ff0000;\">&lt;&lt;nombre&gt;&gt;<\/span>! \u00bfC\u00f3mo est\u00e1s? \ud83d\udc4b\ud83c\udffb<\/p>\n<p>Mi nombre es <span style=\"color: #ff0000;\">(nombre del asesor)<\/span>, soy tu asesor educativo de Universidad Europea.<\/p>\n<p>En los siguientes links encontrar\u00e1s m\u00e1s informaci\u00f3n sobre nuestros programas:<\/p>\n<p>Ciencia y Datos<\/p>\n<blockquote class=\"wp-embedded-content\" data-secret=\"9YdOFILW0D\"><p><a href=\"https:\/\/ue.nodsglobal.org\/programas-en-ciencia-de-datos\/\">Programas en Ciencia de Datos<\/a><\/p><\/blockquote>\n<p><iframe class=\"wp-embedded-content\" sandbox=\"allow-scripts\" security=\"restricted\" style=\"position: absolute; clip: rect(1px, 1px, 1px, 1px);\" title=\"\u00abProgramas en Ciencia de Datos\u00bb \u2014 Nods Global\" src=\"https:\/\/ue.nodsglobal.org\/programas-en-ciencia-de-datos\/embed\/#?secret=9YdOFILW0D\" data-secret=\"9YdOFILW0D\" width=\"600\" height=\"338\" frameborder=\"0\" marginwidth=\"0\" marginheight=\"0\" scrolling=\"no\"><\/iframe><\/p>\n<p>Marketing y comunicaci\u00f3n<\/p>\n<blockquote class=\"wp-embedded-content\" data-secret=\"jCqq3Og2Wd\"><p><a href=\"https:\/\/ue.nodsglobal.org\/marketing-y-comunicacion\/\">Programas en Marketing y Comunicaci\u00f3n<\/a><\/p><\/blockquote>\n<p><iframe class=\"wp-embedded-content\" sandbox=\"allow-scripts\" security=\"restricted\" style=\"position: absolute; clip: rect(1px, 1px, 1px, 1px);\" title=\"\u00abProgramas en Marketing y Comunicaci\u00f3n\u00bb \u2014 Nods Global\" src=\"https:\/\/ue.nodsglobal.org\/marketing-y-comunicacion\/embed\/#?secret=jCqq3Og2Wd\" data-secret=\"jCqq3Og2Wd\" width=\"600\" height=\"338\" frameborder=\"0\" marginwidth=\"0\" marginheight=\"0\" scrolling=\"no\"><\/iframe><\/p>\n<p>Gesti\u00f3n y comercio<\/p>\n<blockquote class=\"wp-embedded-content\" data-secret=\"Lwqd5Ptdck\"><p><a href=\"https:\/\/ue.nodsglobal.org\/gestion-y-comercio\/\">Programas en Gesti\u00f3n y Comercio<\/a><\/p><\/blockquote>\n<p><iframe class=\"wp-embedded-content\" sandbox=\"allow-scripts\" security=\"restricted\" style=\"position: absolute; clip: rect(1px, 1px, 1px, 1px);\" title=\"\u00abProgramas en Gesti\u00f3n y Comercio\u00bb \u2014 Nods Global\" src=\"https:\/\/ue.nodsglobal.org\/gestion-y-comercio\/embed\/#?secret=Lwqd5Ptdck\" data-secret=\"Lwqd5Ptdck\" width=\"600\" height=\"338\" frameborder=\"0\" marginwidth=\"0\" marginheight=\"0\" scrolling=\"no\"><\/iframe><\/p>\n<p>\u00bfTen\u00e9s alguna duda con respecto al diplomado?\u00a0\ud83d\ude01<\/p>\n<p>&nbsp;<\/p>\n<p>&nbsp;<\/p>\n<h4><strong>Pide informaci\u00f3n en general<\/strong><\/h4>\n<p>\u00a1Hola <span style=\"color: #ff0000;\">&lt;&lt;nombre&gt;&gt;<\/span>! \u00bfC\u00f3mo est\u00e1s? \ud83d\udc4b\ud83c\udffb<\/p>\n<p>Mi nombre es <span style=\"color: #ff0000;\">(nombre del asesor)<\/span>, soy tu asesor educativo de Nods Global.<\/p>\n<p>En el siguiente link encontrar\u00e1s la oferta acad\u00e9mica completa.<\/p>\n<blockquote class=\"wp-embedded-content\" data-secret=\"mDDRasr8Hb\"><p><a href=\"https:\/\/nodsglobal.org\/\">NodsGlobal<\/a><\/p><\/blockquote>\n<p><iframe class=\"wp-embedded-content\" title=\"\u00abNodsGlobal\u00bb \u2014 NODS Global\" src=\"https:\/\/nodsglobal.org\/embed\/#?secret=mDDRasr8Hb\" width=\"600\" height=\"338\" frameborder=\"0\" marginwidth=\"0\" marginheight=\"0\" scrolling=\"no\" sandbox=\"allow-scripts\" data-secret=\"mDDRasr8Hb\" data-mce-fragment=\"1\"><\/iframe><\/p>\n<p>\u00bfTen\u00e9s alguna duda con respecto al diplomado?\u00a0\ud83d\ude01<\/p>\n<p>&nbsp;<\/p>\n<p>&nbsp;<\/p>\n<p>.<\/p>\n","protected":false},"excerpt":{"rendered":"<p>Contestaciones frecuentes para WhatsApp &nbsp; Informaci\u00f3n del programa \u2013 primer contacto \u00a1Hola &gt;&gt;Nombre&lt;&lt;\u200b!\ud83d\ude01 \u00bfC\u00f3mo est\u00e1s? \ud83d\udc4b\ud83c\udffb Mi nombre es (nombre del asesor), soy tu asesor educativo de Universidad Europea. \ud83d\udcf2\u00a0 A trav\u00e9s de este medio te enviar\u00e9 m\u00e1s informaci\u00f3n acerca del Master en XXXXXXXXXX y&#8230;<\/p>\n","protected":false},"author":1,"featured_media":0,"parent":0,"menu_order":0,"comment_status":"closed","ping_status":"closed","template":"","meta":{"footnotes":""},"class_list":["post-1644","page","type-page","status-publish","hentry"],"aioseo_notices":[],"_links":{"self":[{"href":"https:\/\/sic.nodscloud.com\/nodsglobal\/wp-json\/wp\/v2\/pages\/1644","targetHints":{"allow":["GET"]}}],"collection":[{"href":"https:\/\/sic.nodscloud.com\/nodsglobal\/wp-json\/wp\/v2\/pages"}],"about":[{"href":"https:\/\/sic.nodscloud.com\/nodsglobal\/wp-json\/wp\/v2\/types\/page"}],"author":[{"embeddable":true,"href":"https:\/\/sic.nodscloud.com\/nodsglobal\/wp-json\/wp\/v2\/users\/1"}],"replies":[{"embeddable":true,"href":"https:\/\/sic.nodscloud.com\/nodsglobal\/wp-json\/wp\/v2\/comments?post=1644"}],"version-history":[{"count":19,"href":"https:\/\/sic.nodscloud.com\/nodsglobal\/wp-json\/wp\/v2\/pages\/1644\/revisions"}],"predecessor-version":[{"id":1814,"href":"https:\/\/sic.nodscloud.com\/nodsglobal\/wp-json\/wp\/v2\/pages\/1644\/revisions\/1814"}],"wp:attachment":[{"href":"https:\/\/sic.nodscloud.com\/nodsglobal\/wp-json\/wp\/v2\/media?parent=1644"}],"curies":[{"name":"wp","href":"https:\/\/api.w.org\/{rel}","templated":true}]}}