
{"id":1678,"date":"2021-06-02T17:23:50","date_gmt":"2021-06-02T17:23:50","guid":{"rendered":"https:\/\/sic.nodscloud.com\/nodsglobal\/?page_id=1678"},"modified":"2021-07-08T17:31:08","modified_gmt":"2021-07-08T17:31:08","slug":"contestaciones-whatsapp-puc","status":"publish","type":"page","link":"https:\/\/sic.nodscloud.com\/nodsglobal\/contestaciones-whatsapp-puc\/","title":{"rendered":"Contestaciones Whatsapp &#8211; PUC"},"content":{"rendered":"<h2><strong>Contestaciones frecuentes para WhatsApp<\/strong><\/h2>\n<p>&nbsp;<\/p>\n<h4><strong>Informaci\u00f3n del programa <\/strong><strong>\u2013 primer contacto<\/strong><\/h4>\n<p>\u00a1Hola <span style=\"color: #ff0000;\">&gt;&gt;Nombre&lt;&lt;<\/span>\u200b! \u00bfC\u00f3mo est\u00e1s? \ud83d\udc4b\ud83c\udffb<\/p>\n<p>Mi nombre es <span style=\"color: #ff0000;\">(nombre del asesor)<\/span>, soy tu asesor educativo de la Escuela de Ingenier\u00eda Pontificia Universidad Cat\u00f3lica de Chile.<br \/>\n\ud83d\udcf2\u00a0 A trav\u00e9s de este medio te enviar\u00e9 m\u00e1s informaci\u00f3n acerca del <span style=\"color: #ff0000;\">Diplomado en XXXXXXXXXX<\/span> y contarte sobre los beneficios de estudiar en nuestra universidad.<\/p>\n<p>&nbsp;<\/p>\n<p><span style=\"color: #ff0000;\">(corregir informaci\u00f3n seg\u00fan corresponda el programa)<\/span><br \/>\n<span style=\"font-weight: 400;\">\ud83d\udd87\ufe0f<\/span>Sigla: DBD<br \/>\n<span style=\"font-weight: 400;\">\ud83d\udcc6<\/span>Fecha de inicio: Pr\u00f3ximamente<br \/>\n<span style=\"font-weight: 400;\">\ud83d\udcb5 <\/span>Costo: USD 3100<br \/>\n<span style=\"font-weight: 400;\">\ud83e\uddd1\ud83c\udffb\u200d\ud83d\udcbbModalidad<\/span> de cursado: Dual (streaming y\/o presencial)<br \/>\n<span style=\"font-weight: 400;\">\ud83d\udcb3 <\/span>Modalidad de pago: Web Pay \/ PayPal<br \/>\n\u2013 Transferencia bancaria<br \/>\n\u2013 Tarjeta de cr\u00e9dito<br \/>\n<span style=\"font-weight: 400;\">\ud83d\udcdd <\/span>Requisito:<br \/>\n&#8211; Copia del certificado de t\u00edtulo<br \/>\n&#8211; C\u00e9dula de identidad \/ DNI<br \/>\n&#8211; Curriculum Vitae<\/p>\n<p>&nbsp;<\/p>\n<p><span style=\"color: #ff0000;\">Descripci\u00f3n del programa<\/span><br \/>\nEl Diplomado en Big Data prepara para los recientes avances en el procesamiento y an\u00e1lisis de fuentes masivas de datos, con una s\u00f3lida formaci\u00f3n en tecnolog\u00edas y herramientas que marcan el estado de las artes. Este escenario abre grandes oportunidades laborales en m\u00faltiples industrias y en la creaci\u00f3n de un nuevo ecosistema de emprendimientos, orientados a aprovechar las nuevas tecnolog\u00edas.<\/p>\n<p>&nbsp;<\/p>\n<p>Adjunto te env\u00edo el <em>brochure<\/em>\u00a0con la oferta acad\u00e9mica.\u00a0\ud83d\udcdd<br \/>\n<span style=\"color: #ff0000;\">(adjunto brochure)<\/span><\/p>\n<p>&nbsp;<\/p>\n<p>\u00bfTen\u00e9s alguna duda con respecto al diplomado? \ud83d\ude01<\/p>\n<p>&nbsp;<\/p>\n<p>\u00a1Post\u00falese ahora con un precio especial!<br \/>\nAccede a un 30% de descuento y 6 pagos sin inter\u00e9s<\/p>\n<p>&nbsp;<\/p>\n<p>&nbsp;<\/p>\n<h4><strong>Requisitos de ingreso<\/strong><\/h4>\n<p>\u00a1Hola <span style=\"color: #ff0000;\">&gt;&gt;Nombre&lt;&lt;\u200b<\/span>! \ud83d\udc4b\ud83c\udffb<\/p>\n<p>Nos ponemos en contacto de Pontificia Universidad Cat\u00f3lica de Chile.<br \/>\nEn esta ocasi\u00f3n le escribo para comentarte un poco sobre los requisitos de ingreso, sobre su programa de inter\u00e9s. <span style=\"color: #ff0000;\">(VER SI CORRESPONDE AGREGAR INTRODUCCI\u00d3N)<\/span><\/p>\n<p>Requisitos de ingreso \ud83d\udcdd<br \/>\n&#8211; Copia del certificado de t\u00edtulo<br \/>\n&#8211; C\u00e9dula de identidad \/ DNI<br \/>\n&#8211; Curriculum Vitae<\/p>\n<p>&nbsp;<\/p>\n<p>\u00bfTienes alguna consulta con respecto a los requisitos de ingreso?\ud83d\ude01<\/p>\n<p>&nbsp;<\/p>\n<p>&nbsp;<\/p>\n<p>&nbsp;<\/p>\n<h4><span style=\"color: #000000;\"><strong>Medios de pago<\/strong><\/span><\/h4>\n<p>\u00a1Hola <span style=\"color: #ff0000;\">&gt;&gt;Nombre&lt;&lt;\u200b<\/span>! \ud83d\udc4b\ud83c\udffb<\/p>\n<p>Nos ponemos en contacto de Pontificia Universidad Cat\u00f3lica de Chile.<br \/>\nEn esta ocasi\u00f3n le escribo para comentarte un poco sobre las modalidades de pago. <span style=\"color: #ff0000;\">(VER SI CORRESPONDE AGREGAR INTRODUCCI\u00d3N)<\/span><\/p>\n<p>&nbsp;<\/p>\n<p>\ud83d\udcb3 Todos los programas tiene un 30% de descuento sobre la inversi\u00f3n total<br \/>\n\ud83d\udcb3 Todos los programas aceptan hasta 6 cuotas sin inter\u00e9s<\/p>\n<p>&nbsp;<\/p>\n<p><span style=\"font-weight: 400;\">\ud83d\udcb3 <\/span>Modalidad de pago: Web Pay \/ PayPal<br \/>\n\u2013 Transferencia bancaria<br \/>\n\u2013 Tarjeta de cr\u00e9dito<\/p>\n<p>Las tarjetas habilitadas deben ser internacionales:<br \/>\n\u25e6 Visa<br \/>\n\u25e6 Mastercad<br \/>\n\u25e6 American Express<br \/>\n\u25e6 Diners<br \/>\n\u25e6 etc.<br \/>\n\u2022 No se aceptan tarjetas nacionales (Ej. Tarjeta Naranja. Deber\u00eda ser Tarjeta Naranja VISA)<\/p>\n<p>&nbsp;<\/p>\n<p>Procesos de pago<br \/>\n\u2022 Se enviar\u00e1 un pagar\u00e9 a modo de compromiso de pago que deber\u00e1 ser devuelto firmado (y reenviado a la Universidad).<br \/>\n\u2022 Se enviar\u00e1 link de pago todos los comienzos de mes con el equivalente a la cuota<br \/>\n\u2022 En el caso de superponerse dos cuotas sin abonar se suspender\u00e1 el usuario de acceso al aula virtual no pudiendo acceder a las clases ni a material de estudio.<\/p>\n<p>&nbsp;<\/p>\n<p>\u00bfTienes alguna duda con respecto a las formas de pago? \ud83d\ude01<\/p>\n<p>&nbsp;<\/p>\n<p>&nbsp;<\/p>\n<p>&nbsp;<\/p>\n<h4><strong>Confirmaci\u00f3n de Documentaci\u00f3n<\/strong><\/h4>\n<p>\u00a1Hola <span style=\"color: #ff0000;\">&gt;&gt;Nombre&lt;&lt;<\/span>\u200b\u200b! \ud83d\udc4b\ud83c\udffb<\/p>\n<p>Te escribo para informarte que ya hemos enviamos tu documentaci\u00f3n a la Pontificia Universidad Cat\u00f3lica de Chile para que puedan revisarla.<\/p>\n<p>Luego de ser admitido, llega una carta de admisi\u00f3n a tu email junto con un pagar\u00e9 que deber\u00e1 ser devuelto firmado. Tendr\u00e1s 7 d\u00edas para poder abonar.<\/p>\n<p>&nbsp;<\/p>\n<p>\u00bfTienes alguna duda sobre el proceso de admisi\u00f3n? \ud83d\ude01<\/p>\n<p>&nbsp;<\/p>\n<p>&nbsp;<\/p>\n<p>&nbsp;<\/p>\n<h4><strong>Confirmaci\u00f3n de m\u00e1ster<\/strong><\/h4>\n<p>\u00a1Hola<span style=\"color: #ff0000;\"> &gt;&gt;Nombre&lt;&lt;\u200b\u200b<\/span>! \ud83d\udc4b\ud83c\udffb<\/p>\n<p>Felicidades!! Fuiste <span style=\"color: #ff0000;\">admitid@<\/span> a la Pontificia Universidad Cat\u00f3lica de Chile para realizar el <span style=\"color: #ff0000;\">&lt;&lt;DIPLOMADO&gt;&gt;<\/span><\/p>\n<p>Gracias por la confianza, estamos a su disposici\u00f3n para cualquier duda o sugerencia.<\/p>\n<p>&nbsp;<\/p>\n<p><span style=\"color: #ff0000;\">(corregir informaci\u00f3n seg\u00fan corresponda el programa)<\/span><br \/>\nResumen de Programa: \ud83e\uddfe<\/p>\n<p>\ud83d\udcdc Master:<br \/>\n\ud83d\udcc6 Fecha de inicio:<br \/>\n\u23f3 Duraci\u00f3n: 12 meses<br \/>\n\u23f0 D\u00edas: todos los martes de 18 a 21hs<br \/>\n\ud83e\uddd1\ud83c\udffb\u200d\ud83d\udcbbModalidad:<br \/>\nTotal de la reserva de plaza: USD<br \/>\nTotal con descuento aplicado: USD<br \/>\nInversi\u00f3n: 6 cuotas de &#8212;- USD<br \/>\nTotal de arancel: USD<\/p>\n<p>&nbsp;<\/p>\n<p>&nbsp;<\/p>\n<p>&nbsp;<\/p>\n<h4><strong>No hemos podido contactarte<\/strong><\/h4>\n<p>\u00a1Hola <span style=\"color: #ff0000;\">&lt;&lt;nombre&gt;&gt;<\/span>! \u00bfC\u00f3mo est\u00e1s? \ud83d\udc4b\ud83c\udffb<\/p>\n<p>Mi nombre es <span style=\"color: #ff0000;\">(nombre del asesor)<\/span>, soy tu asesor educativo de la Escuela de Ingenier\u00eda Pontificia Universidad Cat\u00f3lica de Chile.<\/p>\n<p>He recibido tu inter\u00e9s por el <span style=\"color: #ff0000;\">Diplomado XXXXXXXXX<\/span> . Intent\u00e9 comunicarme telef\u00f3nicamente para brindarte m\u00e1s informaci\u00f3n pero no tuve \u00e9xito.\u00a0\ud83d\ude14<\/p>\n<p>Si as\u00ed lo deseas, indicame un horario de tu comodidad para comunicarme nuevamente y brindarte toda la informaci\u00f3n necesaria.\u00a0\ud83d\udcdd<\/p>\n<p>\u00bfTe queda c\u00f3modo un horario por la ma\u00f1ana o por la tarde?\u00a0\u23f0\u00a0\u260e\ufe0f<\/p>\n<p>A\u00fan estas a tiempo de inscribirte, \u00a1Post\u00falate ahora con un precio especial!<br \/>\nAccede a un 30% de descuento y 6 pagos sin inter\u00e9s.<\/p>\n<p>&nbsp;<\/p>\n<p>&nbsp;<\/p>\n<p>&nbsp;<\/p>\n<h4><strong>Pide informaci\u00f3n en general<\/strong><\/h4>\n<p>\u00a1Hola <span style=\"color: #ff0000;\">&lt;&lt;nombre&gt;&gt;<\/span>! \u00bfC\u00f3mo est\u00e1s? \ud83d\udc4b\ud83c\udffb<\/p>\n<p>Mi nombre es <span style=\"color: #ff0000;\">(nombre del asesor)<\/span>, soy tu asesor educativo\u00a0de la Escuela de Ingenier\u00eda Pontificia Universidad Cat\u00f3lica de Chile.<\/p>\n<p>En el siguiente link encontrar\u00e1s la oferta acad\u00e9mica completa.<\/p>\n<blockquote class=\"wp-embedded-content\" data-secret=\"mDDRasr8Hb\"><p><a href=\"https:\/\/nodsglobal.org\/\">NodsGlobal<\/a><\/p><\/blockquote>\n<p><iframe class=\"wp-embedded-content\" title=\"\u00abNodsGlobal\u00bb \u2014 NODS Global\" src=\"https:\/\/nodsglobal.org\/embed\/#?secret=mDDRasr8Hb\" width=\"600\" height=\"338\" frameborder=\"0\" marginwidth=\"0\" marginheight=\"0\" scrolling=\"no\" sandbox=\"allow-scripts\" data-secret=\"mDDRasr8Hb\" data-mce-fragment=\"1\"><\/iframe><\/p>\n<p>\u00bfTen\u00e9s alguna duda con respecto al diplomado?\u00a0\ud83d\ude01<\/p>\n<p>&nbsp;<\/p>\n<p>&nbsp;<\/p>\n<p>.<\/p>\n","protected":false},"excerpt":{"rendered":"<p>Contestaciones frecuentes para WhatsApp &nbsp; Informaci\u00f3n del programa \u2013 primer contacto \u00a1Hola &gt;&gt;Nombre&lt;&lt;\u200b! \u00bfC\u00f3mo est\u00e1s? \ud83d\udc4b\ud83c\udffb Mi nombre es (nombre del asesor), soy tu asesor educativo de la Escuela de Ingenier\u00eda Pontificia Universidad Cat\u00f3lica de Chile. \ud83d\udcf2\u00a0 A trav\u00e9s de este medio te enviar\u00e9 m\u00e1s&#8230;<\/p>\n","protected":false},"author":1,"featured_media":0,"parent":0,"menu_order":0,"comment_status":"closed","ping_status":"closed","template":"","meta":{"footnotes":""},"class_list":["post-1678","page","type-page","status-publish","hentry"],"aioseo_notices":[],"_links":{"self":[{"href":"https:\/\/sic.nodscloud.com\/nodsglobal\/wp-json\/wp\/v2\/pages\/1678","targetHints":{"allow":["GET"]}}],"collection":[{"href":"https:\/\/sic.nodscloud.com\/nodsglobal\/wp-json\/wp\/v2\/pages"}],"about":[{"href":"https:\/\/sic.nodscloud.com\/nodsglobal\/wp-json\/wp\/v2\/types\/page"}],"author":[{"embeddable":true,"href":"https:\/\/sic.nodscloud.com\/nodsglobal\/wp-json\/wp\/v2\/users\/1"}],"replies":[{"embeddable":true,"href":"https:\/\/sic.nodscloud.com\/nodsglobal\/wp-json\/wp\/v2\/comments?post=1678"}],"version-history":[{"count":9,"href":"https:\/\/sic.nodscloud.com\/nodsglobal\/wp-json\/wp\/v2\/pages\/1678\/revisions"}],"predecessor-version":[{"id":1850,"href":"https:\/\/sic.nodscloud.com\/nodsglobal\/wp-json\/wp\/v2\/pages\/1678\/revisions\/1850"}],"wp:attachment":[{"href":"https:\/\/sic.nodscloud.com\/nodsglobal\/wp-json\/wp\/v2\/media?parent=1678"}],"curies":[{"name":"wp","href":"https:\/\/api.w.org\/{rel}","templated":true}]}}