
{"id":1718,"date":"2021-06-11T18:59:58","date_gmt":"2021-06-11T18:59:58","guid":{"rendered":"https:\/\/sic.nodscloud.com\/nodsglobal\/?page_id=1718"},"modified":"2023-05-09T17:52:28","modified_gmt":"2023-05-09T17:52:28","slug":"proceso-de-admisiones-ue-2","status":"publish","type":"page","link":"https:\/\/sic.nodscloud.com\/nodsglobal\/proceso-de-admisiones-ue-2\/","title":{"rendered":"Proceso de Admisiones UE"},"content":{"rendered":"<h3><strong>Proceso de Admisiones<\/strong><\/h3>\n<p>&nbsp;<\/p>\n<p>1- Una vez que el prospecto nos env\u00edo su documentaci\u00f3n.<br \/>\nPasaporte<br \/>\nCV<br \/>\nT\u00edtulo Universitario o certificado de tr\u00e1mite<\/p>\n<p>&nbsp;<\/p>\n<p>2- El agente de Nod\u2019s Global completa la landing siguiente con los datos del aspirante y la documentaci\u00f3n correspondiente.<\/p>\n<p><a href=\"https:\/\/estudiar.universidadeuropea.com\/agentes\/?utm_source=nods-lab&amp;utm_medium=0031v00002uqYX7AAM&amp;utm_campaign=kam-5&amp;uecrm=7010Y0000001MHUQA2\" target=\"_blank\" rel=\"noopener\"><strong>Landing page<\/strong><\/a><\/p>\n<p>3- El asesor enviar\u00e1 documentaci\u00f3n en formato PDF\u00a0 por correo a:<\/p>\n<p>MIGUEL GARCIA GARCIA <a href=\"mailto:miguel.garcia2@universidadeuropea.es\">miguel.garcia2@universidadeuropea.es<\/a><\/p>\n<p>L\u00edder de la cuenta (supervisor)<\/p>\n<p>&nbsp;<\/p>\n<p>4- Una vez analizado el perfil del estudiante, el Director del M\u00e1ster en cuesti\u00f3n<br \/>\nse contactar\u00e1 telef\u00f3nicamente para realizar una breve entrevista.<\/p>\n<p>&nbsp;<\/p>\n<p>5- Una vez admitido, llega una carta de admisi\u00f3n al mail del aspirante junto a un link de pago para la reserva de plaza (tendra 5 d\u00edas h\u00e1biles para poder abonar).<\/p>\n<p>&nbsp;<\/p>\n<p>Importante: La inscripci\u00f3n al programa se har\u00e1 efectivo una vez que ingrese el pago de reserva de plaza.<\/p>\n","protected":false},"excerpt":{"rendered":"<p>Proceso de Admisiones &nbsp; 1- Una vez que el prospecto nos env\u00edo su documentaci\u00f3n. Pasaporte CV T\u00edtulo Universitario o certificado de tr\u00e1mite &nbsp; 2- El agente de Nod\u2019s Global completa la landing siguiente con los datos del aspirante y la documentaci\u00f3n correspondiente. Landing page 3-&#8230;<\/p>\n","protected":false},"author":16,"featured_media":0,"parent":0,"menu_order":0,"comment_status":"closed","ping_status":"closed","template":"","meta":{"footnotes":""},"class_list":["post-1718","page","type-page","status-publish","hentry"],"aioseo_notices":[],"_links":{"self":[{"href":"https:\/\/sic.nodscloud.com\/nodsglobal\/wp-json\/wp\/v2\/pages\/1718","targetHints":{"allow":["GET"]}}],"collection":[{"href":"https:\/\/sic.nodscloud.com\/nodsglobal\/wp-json\/wp\/v2\/pages"}],"about":[{"href":"https:\/\/sic.nodscloud.com\/nodsglobal\/wp-json\/wp\/v2\/types\/page"}],"author":[{"embeddable":true,"href":"https:\/\/sic.nodscloud.com\/nodsglobal\/wp-json\/wp\/v2\/users\/16"}],"replies":[{"embeddable":true,"href":"https:\/\/sic.nodscloud.com\/nodsglobal\/wp-json\/wp\/v2\/comments?post=1718"}],"version-history":[{"count":6,"href":"https:\/\/sic.nodscloud.com\/nodsglobal\/wp-json\/wp\/v2\/pages\/1718\/revisions"}],"predecessor-version":[{"id":3369,"href":"https:\/\/sic.nodscloud.com\/nodsglobal\/wp-json\/wp\/v2\/pages\/1718\/revisions\/3369"}],"wp:attachment":[{"href":"https:\/\/sic.nodscloud.com\/nodsglobal\/wp-json\/wp\/v2\/media?parent=1718"}],"curies":[{"name":"wp","href":"https:\/\/api.w.org\/{rel}","templated":true}]}}