
{"id":1744,"date":"2021-06-18T16:42:04","date_gmt":"2021-06-18T16:42:04","guid":{"rendered":"https:\/\/sic.nodscloud.com\/nodsglobal\/?page_id=1744"},"modified":"2021-11-01T19:19:37","modified_gmt":"2021-11-01T19:19:37","slug":"proceso-de-admision-eobs","status":"publish","type":"page","link":"https:\/\/sic.nodscloud.com\/nodsglobal\/proceso-de-admision-eobs\/","title":{"rendered":"Proceso de admision &#8211; EOBS"},"content":{"rendered":"<h3><strong>PROCEO SE ADMISI\u00d3N\u00a0<\/strong><\/h3>\n<p>&nbsp;<\/p>\n<div style=\"text-align: left;\"><b><span class=\"gmail_default\">ENV\u00cdO DE RESULTADO DE ADMISI\u00d3N:\u00a0<\/span>\u00a0se realizar\u00e1 hasta las 13:00 Hrs<\/b>\u00a0<b>de Espa\u00f1a<\/b>, los expedientes que se env\u00eden despu\u00e9s de la hora indicada, ser\u00e1n vistos al d\u00eda siguiente, para evitar retrasos en los env\u00edos: verificar los programas solicitados y la solicitud de admisi\u00f3n, ambas deben coincidir para evitar confusiones.<\/div>\n<div style=\"text-align: left;\"><\/div>\n<div style=\"text-align: left;\">Deben utilizar las\u00a0<b>solicitudes de admisi\u00f3n<\/b>\u00a0establecidas para cada programa, en el caso de t\u00edtulos propios la solicitud de admisi\u00f3n de UCAV\u00a0 debe indicar la convocatoria correcta, ya que enviaremos la solicitud para la matr\u00edcula con la universidad.<\/div>\n<div style=\"text-align: left;\"><\/div>\n<div style=\"text-align: left;\">En cuanto al procedimiento de\u00a0<b><span class=\"gmail_default\">ADMISI\u00d3N CONDICIONADA:<\/span><\/b><\/div>\n<div style=\"text-align: left;\">\n<ol>\n<li><span class=\"gmail_default\">L<\/span>os asesores deben informar al candidato acerca de las condiciones de la admisi\u00f3n y realizar el seguimiento de entrega de titulo.<\/li>\n<li>Si el alumno no cuenta con el titulo, debe enviar un documento que justifique la obtenci\u00f3n del t\u00edtulo 15 d\u00edas antes del inicio de la convocatoria.<\/li>\n<li><span class=\"gmail_default\">T<\/span>ras el pago de la reserva se enviar\u00e1 al alumno RESERVA DE PLAZA y cuando nos env\u00eden el titulo se regularizar\u00e1 con el env\u00edo de la matr\u00edcula y justificante de inscripci\u00f3n ante la universidad.<\/li>\n<\/ol>\n<\/div>\n<div style=\"text-align: left;\">En el caso de aplicar la\u00a0<b><span class=\"gmail_default\">PROMOCI\u00d3N<\/span><\/b>, deben indicar en el correo si el programa es gratuito, con la palabra\u00a0<b>Gratuito<\/b>.<\/div>\n<p>&nbsp;<\/p>\n<p>&nbsp;<\/p>\n<hr \/>\n<div><b>INSTRUCCIONES:<\/b><\/div>\n<div>\n<div>\n<ul>\n<li>Enviar el correo cumplimentando los datos correctamente y que deben coincidir con la informaci\u00f3n que refleja la solicitud de admisi\u00f3n.<\/li>\n<li>La solicitud de admisi\u00f3n debe ser la que est\u00e1 establecida por universidad y debe ser cumplimentada electr\u00f3nicamente para evitar errores en los datos de los candidatos.<\/li>\n<li>Indicar la fecha de pago\u00a0de reserv<span class=\"gmail_default\">a<\/span><\/li>\n<li><span class=\"gmail_default\">Adjuntar un archivo ZIP o RAR conteniendo la<b>\u00a0documentaci\u00f3n del candidato.<\/b><\/span><\/li>\n<\/ul>\n<\/div>\n<div>\n<ol>\n<li style=\"list-style-type: none;\">\n<ol>\n<li style=\"list-style-type: none;\">\n<ol>\n<li>Copia simple de documento de identidad o pasaporte<\/li>\n<li>Copia simple de t\u00edtulo ( en casos puntuales se solicitar\u00e1 certificado de calificaciones)<\/li>\n<li>CV<\/li>\n<li>Solicitud de admisi\u00f3n.<\/li>\n<\/ol>\n<\/li>\n<\/ol>\n<\/li>\n<\/ol>\n<\/div>\n<\/div>\n<p>&nbsp;<\/p>\n<p>&nbsp;<\/p>\n<div>\n<hr \/>\n<\/div>\n<div><b>MODELO DE CORREO<\/b><\/div>\n<div>\n<div>\n<div class=\"gmail_quote\">\n<div dir=\"ltr\">\n<div>\n<div>Enviar el correo a <a href=\"mailto:departamento.admisiones@eobs.es\" target=\"_blank\" rel=\"noopener\">departamento.admisiones@eobs.<wbr \/>es<\/a> poner en copia a Sole o Belen<\/div>\n<div><\/div>\n<div><b><span class=\"gmail_default\">ASUNTO:<\/span><\/b>\u00a0El asunto del correo debe indicar<b>\u00a0 ARGENTINA NODS LABS \/ NOMBRE DEL CANDIDATO<\/b><\/div>\n<div>\n<div class=\"gmail_default\"><\/div>\n<div class=\"gmail_default\"><b>CUERPO DEL CORREO:<\/b><\/div>\n<div class=\"gmail_default\"><\/div>\n<\/div>\n<\/div>\n<\/div>\n<\/div>\n<blockquote>\n<div class=\"gmail_quote\">\n<div>\n<div>\n<div>\n<div>\n<div>\n<div>\n<div>\n<div>\n<div>\n<div>\n<div>\n<div>\n<div>\n<div>\n<div>\n<div>\n<div>\n<div><b>Nombre del candidato<\/b>: XXXXXXXXXXXX<\/div>\n<\/div>\n<\/div>\n<\/div>\n<\/div>\n<\/div>\n<\/div>\n<\/div>\n<\/div>\n<\/div>\n<\/div>\n<\/div>\n<\/div>\n<\/div>\n<\/div>\n<\/div>\n<\/div>\n<\/div>\n<\/div>\n<div class=\"gmail_quote\">\n<div>\n<div>\n<div>\n<div>\n<div>\n<div>\n<div>\n<div>\n<div>\n<div>\n<div>\n<div>\n<div>\n<div>\n<div>\n<div>\n<div><b>Programa elegido<\/b>: MPM + NOMBRE DE LA ESPECIALIZACI\u00d3N + IDIOMAS<\/div>\n<\/div>\n<\/div>\n<\/div>\n<\/div>\n<\/div>\n<\/div>\n<\/div>\n<\/div>\n<\/div>\n<\/div>\n<\/div>\n<\/div>\n<\/div>\n<\/div>\n<\/div>\n<\/div>\n<\/div>\n<div class=\"gmail_quote\">\n<div>\n<div>\n<div>\n<div class=\"gmail_quote\">\n<div>\n<div id=\"m_4863874985537813224m_-8165598155100601931gmail-m_6516978760065529125m_-3070050356601394881gmail-m_-1409472243973045717m_7902590802564584273m_-1016253991678035467m_-2105751843286448634m_2518052610052417921gmail-m_2711819873188741263gmail-m_-6430367148653756166gmail-m_-4346974593118507628m_6925319315292218449gmail-m_-4306017041471049804gmail-:95\">\n<div id=\"m_4863874985537813224m_-8165598155100601931gmail-m_6516978760065529125m_-3070050356601394881gmail-m_-1409472243973045717m_7902590802564584273m_-1016253991678035467m_-2105751843286448634m_2518052610052417921gmail-m_2711819873188741263gmail-m_-6430367148653756166gmail-m_-4346974593118507628m_6925319315292218449gmail-m_-4306017041471049804gmail-:2r\">\n<div>\n<div class=\"gmail_quote\"><b>Convocatoria<\/b>: FEBRERO 2022<\/div>\n<\/div>\n<\/div>\n<\/div>\n<\/div>\n<\/div>\n<\/div>\n<\/div>\n<\/div>\n<\/div>\n<div class=\"gmail_quote\">\n<div>\n<div>\n<div>\n<div class=\"gmail_quote\">\n<div>\n<div id=\"m_4863874985537813224m_-8165598155100601931gmail-m_6516978760065529125m_-3070050356601394881gmail-m_-1409472243973045717m_7902590802564584273m_-1016253991678035467m_-2105751843286448634m_2518052610052417921gmail-m_2711819873188741263gmail-m_-6430367148653756166gmail-m_-4346974593118507628m_6925319315292218449gmail-m_-4306017041471049804gmail-:95\">\n<div id=\"m_4863874985537813224m_-8165598155100601931gmail-m_6516978760065529125m_-3070050356601394881gmail-m_-1409472243973045717m_7902590802564584273m_-1016253991678035467m_-2105751843286448634m_2518052610052417921gmail-m_2711819873188741263gmail-m_-6430367148653756166gmail-m_-4346974593118507628m_6925319315292218449gmail-m_-4306017041471049804gmail-:2r\">\n<div>\n<div class=\"gmail_quote\"><b>Precio sin Beca<\/b>: 14.000\u20ac<\/div>\n<\/div>\n<\/div>\n<\/div>\n<\/div>\n<\/div>\n<\/div>\n<\/div>\n<\/div>\n<\/div>\n<div class=\"gmail_quote\">\n<div>\n<div>\n<div>\n<div class=\"gmail_quote\">\n<div>\n<div id=\"m_4863874985537813224m_-8165598155100601931gmail-m_6516978760065529125m_-3070050356601394881gmail-m_-1409472243973045717m_7902590802564584273m_-1016253991678035467m_-2105751843286448634m_2518052610052417921gmail-m_2711819873188741263gmail-m_-6430367148653756166gmail-m_-4346974593118507628m_6925319315292218449gmail-m_-4306017041471049804gmail-:95\">\n<div id=\"m_4863874985537813224m_-8165598155100601931gmail-m_6516978760065529125m_-3070050356601394881gmail-m_-1409472243973045717m_7902590802564584273m_-1016253991678035467m_-2105751843286448634m_2518052610052417921gmail-m_2711819873188741263gmail-m_-6430367148653756166gmail-m_-4346974593118507628m_6925319315292218449gmail-m_-4306017041471049804gmail-:2r\">\n<div>\n<div class=\"gmail_quote\"><b>Beca asignada<\/b>: 75%<\/div>\n<\/div>\n<\/div>\n<\/div>\n<\/div>\n<\/div>\n<\/div>\n<\/div>\n<\/div>\n<\/div>\n<div class=\"gmail_quote\">\n<div>\n<div>\n<div>\n<div class=\"gmail_quote\">\n<div>\n<div id=\"m_4863874985537813224m_-8165598155100601931gmail-m_6516978760065529125m_-3070050356601394881gmail-m_-1409472243973045717m_7902590802564584273m_-1016253991678035467m_-2105751843286448634m_2518052610052417921gmail-m_2711819873188741263gmail-m_-6430367148653756166gmail-m_-4346974593118507628m_6925319315292218449gmail-m_-4306017041471049804gmail-:95\">\n<div id=\"m_4863874985537813224m_-8165598155100601931gmail-m_6516978760065529125m_-3070050356601394881gmail-m_-1409472243973045717m_7902590802564584273m_-1016253991678035467m_-2105751843286448634m_2518052610052417921gmail-m_2711819873188741263gmail-m_-6430367148653756166gmail-m_-4346974593118507628m_6925319315292218449gmail-m_-4306017041471049804gmail-:2r\">\n<div>\n<div class=\"gmail_quote\"><b>Precio con beca a financiar<\/b>: 3.500\u20ac<\/div>\n<\/div>\n<\/div>\n<\/div>\n<\/div>\n<\/div>\n<\/div>\n<\/div>\n<\/div>\n<\/div>\n<div class=\"gmail_quote\">\n<div>\n<div>\n<div>\n<div class=\"gmail_quote\">\n<div>\n<div id=\"m_4863874985537813224m_-8165598155100601931gmail-m_6516978760065529125m_-3070050356601394881gmail-m_-1409472243973045717m_7902590802564584273m_-1016253991678035467m_-2105751843286448634m_2518052610052417921gmail-m_2711819873188741263gmail-m_-6430367148653756166gmail-m_-4346974593118507628m_6925319315292218449gmail-m_-4306017041471049804gmail-:95\">\n<div id=\"m_4863874985537813224m_-8165598155100601931gmail-m_6516978760065529125m_-3070050356601394881gmail-m_-1409472243973045717m_7902590802564584273m_-1016253991678035467m_-2105751843286448634m_2518052610052417921gmail-m_2711819873188741263gmail-m_-6430367148653756166gmail-m_-4346974593118507628m_6925319315292218449gmail-m_-4306017041471049804gmail-:2r\">\n<div>\n<div class=\"gmail_quote\"><b>Reserva<\/b>: 175\u20ac<\/div>\n<\/div>\n<\/div>\n<\/div>\n<\/div>\n<\/div>\n<\/div>\n<\/div>\n<\/div>\n<\/div>\n<div class=\"gmail_quote\">\n<div>\n<div>\n<div>\n<div class=\"gmail_quote\">\n<div>\n<div id=\"m_4863874985537813224m_-8165598155100601931gmail-m_6516978760065529125m_-3070050356601394881gmail-m_-1409472243973045717m_7902590802564584273m_-1016253991678035467m_-2105751843286448634m_2518052610052417921gmail-m_2711819873188741263gmail-m_-6430367148653756166gmail-m_-4346974593118507628m_6925319315292218449gmail-m_-4306017041471049804gmail-:95\">\n<div id=\"m_4863874985537813224m_-8165598155100601931gmail-m_6516978760065529125m_-3070050356601394881gmail-m_-1409472243973045717m_7902590802564584273m_-1016253991678035467m_-2105751843286448634m_2518052610052417921gmail-m_2711819873188741263gmail-m_-6430367148653756166gmail-m_-4346974593118507628m_6925319315292218449gmail-m_-4306017041471049804gmail-:2r\">\n<div>\n<div class=\"gmail_quote\"><b>Cuotas<\/b>: 13 de 256\u20ac<\/div>\n<div><strong>Promoci\u00f3n:<\/strong> especializaci\u00f3n o idioma gratuito<\/div>\n<\/div>\n<\/div>\n<\/div>\n<\/div>\n<\/div>\n<\/div>\n<\/div>\n<\/div>\n<\/div>\n<div class=\"gmail_quote\">\n<div>\n<div>\n<div>\n<div class=\"gmail_quote\">\n<div>\n<div id=\"m_4863874985537813224m_-8165598155100601931gmail-m_6516978760065529125m_-3070050356601394881gmail-m_-1409472243973045717m_7902590802564584273m_-1016253991678035467m_-2105751843286448634m_2518052610052417921gmail-m_2711819873188741263gmail-m_-6430367148653756166gmail-m_-4346974593118507628m_6925319315292218449gmail-m_-4306017041471049804gmail-:95\">\n<div id=\"m_4863874985537813224m_-8165598155100601931gmail-m_6516978760065529125m_-3070050356601394881gmail-m_-1409472243973045717m_7902590802564584273m_-1016253991678035467m_-2105751843286448634m_2518052610052417921gmail-m_2711819873188741263gmail-m_-6430367148653756166gmail-m_-4346974593118507628m_6925319315292218449gmail-m_-4306017041471049804gmail-:2r\">\n<div>\n<div class=\"gmail_quote\"><b>Nombre de asesor<\/b>:\u00a0<span style=\"font-family: tahoma, sans-serif;\">XXXXXXXXXXX<\/span><\/div>\n<\/div>\n<\/div>\n<\/div>\n<\/div>\n<\/div>\n<\/div>\n<\/div>\n<\/div>\n<\/div>\n<div class=\"gmail_quote\">\n<div>\n<div>\n<div>\n<div class=\"gmail_quote\">\n<div>\n<div id=\"m_4863874985537813224m_-8165598155100601931gmail-m_6516978760065529125m_-3070050356601394881gmail-m_-1409472243973045717m_7902590802564584273m_-1016253991678035467m_-2105751843286448634m_2518052610052417921gmail-m_2711819873188741263gmail-m_-6430367148653756166gmail-m_-4346974593118507628m_6925319315292218449gmail-m_-4306017041471049804gmail-:95\">\n<div id=\"m_4863874985537813224m_-8165598155100601931gmail-m_6516978760065529125m_-3070050356601394881gmail-m_-1409472243973045717m_7902590802564584273m_-1016253991678035467m_-2105751843286448634m_2518052610052417921gmail-m_2711819873188741263gmail-m_-6430367148653756166gmail-m_-4346974593118507628m_6925319315292218449gmail-m_-4306017041471049804gmail-:2r\">\n<div>\n<div class=\"gmail_quote\"><b>Fecha de pago de reserva:\u00a0 06 de Septiembre\u00a0<span class=\"gmail_default\">\u00a0( Esta fecha es la que indican\u00a0al candidato para el pago de reserva)<\/span><\/b><\/div>\n<\/div>\n<\/div>\n<\/div>\n<\/div>\n<\/div>\n<\/div>\n<\/div>\n<\/div>\n<\/div>\n<\/blockquote>\n<div class=\"gmail_quote\">\n<div dir=\"ltr\">\n<div>\n<div>\n<div class=\"gmail_quote\">\n<div dir=\"ltr\">\n<div id=\"m_4863874985537813224m_-8165598155100601931gmail-m_6516978760065529125m_-3070050356601394881gmail-m_-1409472243973045717m_7902590802564584273m_-1016253991678035467m_-2105751843286448634m_2518052610052417921gmail-m_2711819873188741263gmail-m_-6430367148653756166gmail-m_-4346974593118507628m_6925319315292218449gmail-m_-4306017041471049804gmail-:95\">\n<div id=\"m_4863874985537813224m_-8165598155100601931gmail-m_6516978760065529125m_-3070050356601394881gmail-m_-1409472243973045717m_7902590802564584273m_-1016253991678035467m_-2105751843286448634m_2518052610052417921gmail-m_2711819873188741263gmail-m_-6430367148653756166gmail-m_-4346974593118507628m_6925319315292218449gmail-m_-4306017041471049804gmail-:2r\"><\/div>\n<\/div>\n<\/div>\n<\/div>\n<\/div>\n<\/div>\n<\/div>\n<\/div>\n<\/div>\n<\/div>\n<p>&nbsp;<\/p>\n<p>&nbsp;<\/p>\n<p>&nbsp;<\/p>\n<p>.<\/p>\n","protected":false},"excerpt":{"rendered":"<p>PROCEO SE ADMISI\u00d3N\u00a0 &nbsp; ENV\u00cdO DE RESULTADO DE ADMISI\u00d3N:\u00a0\u00a0se realizar\u00e1 hasta las 13:00 Hrs\u00a0de Espa\u00f1a, los expedientes que se env\u00eden despu\u00e9s de la hora indicada, ser\u00e1n vistos al d\u00eda siguiente, para evitar retrasos en los env\u00edos: verificar los programas solicitados y la solicitud de admisi\u00f3n,&#8230;<\/p>\n","protected":false},"author":1,"featured_media":0,"parent":0,"menu_order":0,"comment_status":"closed","ping_status":"closed","template":"","meta":{"footnotes":""},"class_list":["post-1744","page","type-page","status-publish","hentry"],"aioseo_notices":[],"_links":{"self":[{"href":"https:\/\/sic.nodscloud.com\/nodsglobal\/wp-json\/wp\/v2\/pages\/1744","targetHints":{"allow":["GET"]}}],"collection":[{"href":"https:\/\/sic.nodscloud.com\/nodsglobal\/wp-json\/wp\/v2\/pages"}],"about":[{"href":"https:\/\/sic.nodscloud.com\/nodsglobal\/wp-json\/wp\/v2\/types\/page"}],"author":[{"embeddable":true,"href":"https:\/\/sic.nodscloud.com\/nodsglobal\/wp-json\/wp\/v2\/users\/1"}],"replies":[{"embeddable":true,"href":"https:\/\/sic.nodscloud.com\/nodsglobal\/wp-json\/wp\/v2\/comments?post=1744"}],"version-history":[{"count":8,"href":"https:\/\/sic.nodscloud.com\/nodsglobal\/wp-json\/wp\/v2\/pages\/1744\/revisions"}],"predecessor-version":[{"id":2373,"href":"https:\/\/sic.nodscloud.com\/nodsglobal\/wp-json\/wp\/v2\/pages\/1744\/revisions\/2373"}],"wp:attachment":[{"href":"https:\/\/sic.nodscloud.com\/nodsglobal\/wp-json\/wp\/v2\/media?parent=1744"}],"curies":[{"name":"wp","href":"https:\/\/api.w.org\/{rel}","templated":true}]}}