
{"id":1871,"date":"2021-07-13T16:22:23","date_gmt":"2021-07-13T16:22:23","guid":{"rendered":"https:\/\/sic.nodscloud.com\/nodsglobal\/?page_id=1871"},"modified":"2022-06-02T18:06:46","modified_gmt":"2022-06-02T18:06:46","slug":"homologacion-americana","status":"publish","type":"page","link":"https:\/\/sic.nodscloud.com\/nodsglobal\/homologacion-americana\/","title":{"rendered":"Homologaci\u00f3n &#8211; Americana"},"content":{"rendered":"<h3><strong>Transferencia Externa con Homologaci\u00f3n<\/strong><\/h3>\n<p>&nbsp;<\/p>\n<p>&nbsp;<\/p>\n<p><strong>Se debe pagar el costo del estudio de homologaci\u00f3n al iniciar el proceso<\/strong>; cuando ya se determine las materias homologadas se procede a la liquidaci\u00f3n del semestre.<br \/>\n<strong>No se cobra por materia homologada, sino, por la solicitud de estudio de homologaci\u00f3n.<\/strong><\/p>\n<ul>\n<li><b>Costo por homologaci\u00f3n $20.14 US<\/b><\/li>\n<\/ul>\n<p>&nbsp;<\/p>\n<p><strong>Para efectos de homologar cualquier asignatura la nota deber\u00e1 ser m\u00ednimo tres puntos cero (3.0).<\/strong><\/p>\n<p>&nbsp;<\/p>\n<p><b>P\u00e1rrafo<\/b><strong>\u00a01:<\/strong> La Corporaci\u00f3n Universitaria Americana, s\u00f3lo homologar\u00e1 hasta el 60% de los cr\u00e9ditos acad\u00e9micos correspondientes a los planes de estudio de la instituci\u00f3n y ser\u00e1 responsabilidad de cada Director de Programa.<br \/>\n<strong><b>P\u00e1rrafo<\/b>\u00a0 2:<\/strong> Para las homologaciones solo se reconocer\u00e1n estudios realizados en los \u00faltimos cuatro (4) a\u00f1os. En casos especiales plenamente justificados, el Consejo de Facultad podr\u00e1 autorizar homologaciones de asignaturas con m\u00e1s de 4 a\u00f1os de realizadas.<br \/>\n<b>P\u00e1rrafo<\/b>\u00a0<strong>3:<\/strong> las asignaturas pr\u00e1cticas y de laboratorio no ser\u00e1n objeto de homologaci\u00f3n.<\/p>\n<p>&nbsp;<\/p>\n<p><strong>ART\u00cdCULO 25.<\/strong> En todo caso, cuando se solicite el reconocimiento de un curso y\/o asignatura sin el lleno de los requisitos correspondientes este ser\u00e1 negado, sin embargo, el estudiante tendr\u00e1 la opci\u00f3n de presentar un examen de suficiencia y cuya nota m\u00ednima deber\u00e1 ser de (3.0); con excepci\u00f3n de las asignaturas de pr\u00e1cticas y laboratorios.<\/p>\n<p>&nbsp;<\/p>\n<p><strong>ART\u00cdCULO 26.<\/strong> El reconocimiento de cr\u00e9ditos acad\u00e9micos podr\u00e1 solicitarse durante el proceso de matr\u00edcula y en el transcurso del primer semestre cursado por el estudiante en la Corporaci\u00f3n Universitaria Americana. El pronunciamiento se har\u00e1 mediante acta motivada que deber\u00e1 ser proferida antes del vencimiento de los plazos se\u00f1alados.<br \/>\n<b>P\u00e1rrafo<\/b>. En el caso que un estudiante no cumpla con los tiempos estipulados en este art\u00edculo, el Consejo de Facultad respectivo podr\u00e1 autorizar homologaciones por fuera de este tiempo, con el cumplimiento de todos los dem\u00e1s requisitos exigidos.<\/p>\n<p>&nbsp;<\/p>\n<p><strong>ART\u00cdCULO 27.<\/strong> La competencia del reconocimiento de homologaci\u00f3n de asignaturas es del Director o Coordinador Acad\u00e9mico, y estar\u00e1 sujeta a la evaluaci\u00f3n de los documentos presentados, al resultado de las pruebas espec\u00edficas, a la entrevista en caso tal de ser requerida, a la disponibilidad de cupos.<br \/>\n<b>P\u00e1rrafo<\/b> <strong>1<\/strong>: Una vez reconocidas las asignaturas, la direcci\u00f3n del programa emitir\u00e1 un acta de homologaci\u00f3n, donde consten las asignaturas reconocidas. Una copia de este documento reposar\u00e1 en la hoja de vida del estudiante y la otra copia se le entregar\u00e1 al estudiante.<br \/>\n<b>P\u00e1rrafo<\/b><strong>\u00a02:<\/strong> En cuanto a la homologaci\u00f3n de competencia en segunda lengua, el Centro de Idiomas verificar\u00e1 la validez de las certificaciones expedidas por instituciones competentes y cuando no tenga tales certificaciones, con la realizaci\u00f3n de una prueba espec\u00edfica donde se determinen los niveles avalados.<br \/>\n<b>P\u00e1rra<\/b><strong>fo 3:<\/strong> No est\u00e1 permitida la homologaci\u00f3n de asignaturas con componentes pr\u00e1cticos, talleres, consultorios jur\u00eddicos o cl\u00ednicas.<br \/>\n<b>P\u00e1rraf<\/b><strong>o 4:<\/strong>\u00a0El Consejo Acad\u00e9mico podr\u00e1 ordenar la verificaci\u00f3n de la documentaci\u00f3n presentada por el aspirante.<\/p>\n<p>&nbsp;<\/p>\n<p>&nbsp;<\/p>\n<p>.<\/p>\n","protected":false},"excerpt":{"rendered":"<p>Transferencia Externa con Homologaci\u00f3n &nbsp; &nbsp; Se debe pagar el costo del estudio de homologaci\u00f3n al iniciar el proceso; cuando ya se determine las materias homologadas se procede a la liquidaci\u00f3n del semestre. No se cobra por materia homologada, sino, por la solicitud de estudio&#8230;<\/p>\n","protected":false},"author":16,"featured_media":0,"parent":0,"menu_order":0,"comment_status":"closed","ping_status":"closed","template":"","meta":{"footnotes":""},"class_list":["post-1871","page","type-page","status-publish","hentry"],"aioseo_notices":[],"_links":{"self":[{"href":"https:\/\/sic.nodscloud.com\/nodsglobal\/wp-json\/wp\/v2\/pages\/1871","targetHints":{"allow":["GET"]}}],"collection":[{"href":"https:\/\/sic.nodscloud.com\/nodsglobal\/wp-json\/wp\/v2\/pages"}],"about":[{"href":"https:\/\/sic.nodscloud.com\/nodsglobal\/wp-json\/wp\/v2\/types\/page"}],"author":[{"embeddable":true,"href":"https:\/\/sic.nodscloud.com\/nodsglobal\/wp-json\/wp\/v2\/users\/16"}],"replies":[{"embeddable":true,"href":"https:\/\/sic.nodscloud.com\/nodsglobal\/wp-json\/wp\/v2\/comments?post=1871"}],"version-history":[{"count":6,"href":"https:\/\/sic.nodscloud.com\/nodsglobal\/wp-json\/wp\/v2\/pages\/1871\/revisions"}],"predecessor-version":[{"id":3036,"href":"https:\/\/sic.nodscloud.com\/nodsglobal\/wp-json\/wp\/v2\/pages\/1871\/revisions\/3036"}],"wp:attachment":[{"href":"https:\/\/sic.nodscloud.com\/nodsglobal\/wp-json\/wp\/v2\/media?parent=1871"}],"curies":[{"name":"wp","href":"https:\/\/api.w.org\/{rel}","templated":true}]}}