
{"id":1927,"date":"2021-07-21T15:29:37","date_gmt":"2021-07-21T15:29:37","guid":{"rendered":"https:\/\/sic.nodscloud.com\/nodsglobal\/?page_id=1927"},"modified":"2021-12-21T15:30:54","modified_gmt":"2021-12-21T15:30:54","slug":"medios-de-pago-impulsa","status":"publish","type":"page","link":"https:\/\/sic.nodscloud.com\/nodsglobal\/medios-de-pago-impulsa\/","title":{"rendered":"Medios de pago &#8211; IMPULSA"},"content":{"rendered":"<h3><b>Medios de pago &#8211; Impulsa<\/b><\/h3>\n<p>&nbsp;<\/p>\n<h3><b>Medios de Pago &#8211; <\/b><strong>Asistente Veterinario Presencial<\/strong><\/h3>\n<p>1) MERCADO PAGO: Tenes un 20% de descuento en el arancel final y la matricula 100% Bonificada. El costo final te quedar\u00eda en $20.000. Y podes hacerlo hasta en 12 pagos, seg\u00fan la financiaci\u00f3n que acepte tu tarjeta.<\/p>\n<p>&nbsp;<\/p>\n<p>2)Pago por Transferencia: Cuenta en pesos uruguayos 001868323-00001<br \/>\nBrou es el Banco y sale como ICI<\/p>\n<p>&nbsp;<\/p>\n<p>3) ABITAB NET: Por este medio las opciones de pago que podes elegir son 3 (A,B y C)<\/p>\n<ul>\n<li><strong>PLAN DE PAGO A<\/strong><br \/>\nMatricula: Bonificada<br \/>\nCuotas: 1 cuota<br \/>\n<strong>20% de descuento<\/strong><br \/>\nTotal: $20.000<\/li>\n<\/ul>\n<p>&nbsp;<\/p>\n<ul>\n<li><strong>PLAN DE PAGO B<\/strong><br \/>\nMatricula: $1500<br \/>\nCuotas: 4 cuotas de $6.200<br \/>\nArancel: $24.800<br \/>\nTotal: $26.300<\/li>\n<\/ul>\n<p>&nbsp;<\/p>\n<ul>\n<li><strong>PLAN DE PAGO C<\/strong><br \/>\nMatricula: $1500<br \/>\nCuotas: 6 cuotas de $4.200<br \/>\nArancel: $25.200<br \/>\nTotal: $26.700<\/li>\n<\/ul>\n<p>&nbsp;<\/p>\n<p>&nbsp;<\/p>\n<h3><strong>Formas de pago &#8211; Programas Online<\/strong><\/h3>\n<ul>\n<li>Hasta 2 cuotas por abitab net 3665 inst impulsa<\/li>\n<li>Hasta 12 pagos por mercado pago ( oca , visa, master, lider, creditel)<br \/>\n* Sujeto a las promociones que tenga mercado pago en el momento<\/li>\n<\/ul>\n<p>&nbsp;<\/p>\n<p>&nbsp;<\/p>\n<h3><strong>Links de pagos<\/strong><\/h3>\n<p><em><strong>Asistente Veterinario Presencial<\/strong><\/em>: <a href=\"https:\/\/mpago.la\/1gweCn8\" target=\"_blank\" rel=\"noopener\">https:\/\/mpago.la\/1gweCn8<\/a><\/p>\n<p><em><strong>Asistente Veterinario Presencial $18.000 hasta el 15 de enero:\u00a0 <\/strong><\/em><a href=\"https:\/\/mpago.la\/2hCcDM3\" target=\"_blank\" rel=\"noopener\">https:\/\/mpago.la\/2hCcDM3<\/a><\/p>\n<p><strong><em>Asistente Veterinario Online:<\/em><\/strong> <a href=\"https:\/\/mpago.la\/1QMRKxX\" target=\"_blank\" rel=\"noopener\">https:\/\/mpago.la\/1QMRKxX<\/a><\/p>\n<p><strong><em>Matricula de $1500:<\/em><\/strong> <a href=\"https:\/\/www.mercadopago.com.uy\/checkout\/v1\/redirect?preference-id=308387035-afa71cde-f967-4154-bf04-06bbe31db125\" target=\"_blank\" rel=\"noopener\">https:\/\/www.mercadopago.com.uy\/checkout\/v1\/redirect?preference-id=308387035-afa71cde-f967-4154-bf04-06bbe31db125<\/a><\/p>\n<p><em><strong>Terapeuta en Adicciones:\u00a0<\/strong><\/em><a href=\"https:\/\/mpago.la\/2v2dTRm\" target=\"_blank\" rel=\"noopener\">https:\/\/mpago.la\/2v2dTRm<\/a><\/p>\n<p><em><strong>Curso de Feedlot: <\/strong><\/em><a href=\"https:\/\/www.mercadopago.com.uy\/checkout\/v1\/redirect?preference-id=308387035-a1563b6f-44c9-44c0-9f8b-7d4da43ab1b1\" target=\"_blank\" rel=\"noopener\">https:\/\/www.mercadopago.com.uy\/checkout\/v1\/redirect?preference-id=308387035-a1563b6f-44c9-44c0-9f8b-7d4da43ab1b1<\/a><\/p>\n<p>&nbsp;<\/p>\n<p>&nbsp;<\/p>\n<p>&nbsp;<\/p>\n<p>.<\/p>\n","protected":false},"excerpt":{"rendered":"<p>Medios de pago &#8211; Impulsa &nbsp; Medios de Pago &#8211; Asistente Veterinario Presencial 1) MERCADO PAGO: Tenes un 20% de descuento en el arancel final y la matricula 100% Bonificada. El costo final te quedar\u00eda en $20.000. Y podes hacerlo hasta en 12 pagos, seg\u00fan&#8230;<\/p>\n","protected":false},"author":1,"featured_media":0,"parent":0,"menu_order":0,"comment_status":"closed","ping_status":"closed","template":"","meta":{"footnotes":""},"class_list":["post-1927","page","type-page","status-publish","hentry"],"aioseo_notices":[],"_links":{"self":[{"href":"https:\/\/sic.nodscloud.com\/nodsglobal\/wp-json\/wp\/v2\/pages\/1927","targetHints":{"allow":["GET"]}}],"collection":[{"href":"https:\/\/sic.nodscloud.com\/nodsglobal\/wp-json\/wp\/v2\/pages"}],"about":[{"href":"https:\/\/sic.nodscloud.com\/nodsglobal\/wp-json\/wp\/v2\/types\/page"}],"author":[{"embeddable":true,"href":"https:\/\/sic.nodscloud.com\/nodsglobal\/wp-json\/wp\/v2\/users\/1"}],"replies":[{"embeddable":true,"href":"https:\/\/sic.nodscloud.com\/nodsglobal\/wp-json\/wp\/v2\/comments?post=1927"}],"version-history":[{"count":26,"href":"https:\/\/sic.nodscloud.com\/nodsglobal\/wp-json\/wp\/v2\/pages\/1927\/revisions"}],"predecessor-version":[{"id":2588,"href":"https:\/\/sic.nodscloud.com\/nodsglobal\/wp-json\/wp\/v2\/pages\/1927\/revisions\/2588"}],"wp:attachment":[{"href":"https:\/\/sic.nodscloud.com\/nodsglobal\/wp-json\/wp\/v2\/media?parent=1927"}],"curies":[{"name":"wp","href":"https:\/\/api.w.org\/{rel}","templated":true}]}}