
{"id":1934,"date":"2021-07-21T15:44:28","date_gmt":"2021-07-21T15:44:28","guid":{"rendered":"https:\/\/sic.nodscloud.com\/nodsglobal\/?page_id=1934"},"modified":"2021-11-02T18:10:53","modified_gmt":"2021-11-02T18:10:53","slug":"preguntas-frecuentes-impulsa","status":"publish","type":"page","link":"https:\/\/sic.nodscloud.com\/nodsglobal\/preguntas-frecuentes-impulsa\/","title":{"rendered":"Preguntas frecuentes &#8211; IMPULSA"},"content":{"rendered":"<h2><strong>Preguntas frecuentes &#8211; IMPULSA<\/strong><\/h2>\n<p>&nbsp;<\/p>\n<p><strong>1- \u00bfEs necesario el t\u00edtulo o constancia de titulo en tramite para postularse al preingreso?<\/strong><br \/>\nSi se refiere al curso las respuesta es no..si se refieren al puesto laboral se requiere el t\u00edtulo.<\/p>\n<p>&nbsp;<\/p>\n<p><strong>2- \u00bfEl t\u00edtulo tiene que estar sellado, firmado o apostillado para inscribirse a un programa? \u00bfO se puede apostillar luego de iniciar el tr\u00e1mite de preinscripci\u00f3n?<br \/>\n<\/strong>Para inscribirse a un programa solo se necesita constancia de estudio y aprobaci\u00f3n al ciclo b\u00e1sico en caso que se requiera.<\/p>\n<p>&nbsp;<\/p>\n<p><strong>3- \u00bfC\u00f3mo es el cursado de cada programa? \u00bfC\u00f3mo se dicta el contenido?<br \/>\n<\/strong>&#8211; El alumno tendr\u00e1 acceso al material de forma digital durante toda la capacitaci\u00f3n.<br \/>\n&#8211; El alumno deber\u00e1 cumplir con las pruebas escritas dispuestas por el docente y su promedio necesario para aprobar el curso ser\u00e1 del 65%.<br \/>\n&#8211; Impulsa se reserva el derecho de admisi\u00f3n y permanencia en el instituto.<br \/>\n&#8211; Impulsa no est\u00e1 obligado a trasladar a los alumnos a las pr\u00e1cticas.<br \/>\n&#8211; La modalidad de aprendizaje ser\u00e1 audio visual, el sal\u00f3n contar\u00e1 con pantalla gigante en el cual se mostrar\u00e1 el material que previamente el alumno tendr\u00e1 en poder.<br \/>\n&#8211; Se dispondr\u00e1 un grupo de wathsapp, el cual tendr\u00e1 la funci\u00f3n de notificar, coordinar e informar a los alumnos. El Alumno deber\u00e1 actuar tanto en clase como en el grupo de wathsapp de forma respetuosa para con sus compa\u00f1eros y dem\u00e1s integrantes dicha falta ser\u00e1 motivo de expulsi\u00f3n.<br \/>\n&#8211; Impulsa podr\u00e1 modificar horarios y lugares de dictado de curso en caso que todos los integrantes del curso est\u00e9n de acuerdo.<br \/>\n&#8211; En caso que el curso sea suspendido por motivos ajenos a impulsa, no se devolver\u00e1 el dinero bajo ning\u00fan concepto, caso contrario se reintegrar\u00e1 el 100% del monto abonado.<\/p>\n<p>&nbsp;<\/p>\n<p><strong>4- \u00bfC\u00f3mo se miden las asistencias? \u00bfPorcentaje de faltas?<\/strong><br \/>\nEl alumno deber\u00e1 tener el 70 % de asistencias para aprobar el curso.<\/p>\n<p>&nbsp;<\/p>\n<p><strong>5- \u00bfQu\u00e9 carga horaria tienen los programas?<\/strong><br \/>\nAproximadamente 60 horas en total<\/p>\n<p>&nbsp;<\/p>\n<p><strong>6- \u00bfSe realizan pr\u00e1cticas curriculares y extracurriculares?\u00bfPasant\u00edas remuneradas?<\/strong><br \/>\nSe realizan pr\u00e1cticas curriculares<\/p>\n<p>&nbsp;<\/p>\n<p><strong>7- \u00bfSalida laboral?<\/strong><br \/>\nUna vez finalizado el curso brindamos una curr\u00edcula laboral a trav\u00e9s de RealCur.com, consultora que trabaja con el instituto. Tambi\u00e9n trabajamos con los centros comerciales industriales de cada ciudad donde se hacen convenios laborales para los alumnos.<\/p>\n<p>&nbsp;<\/p>\n<p><strong>8- \u00bfCon qu\u00e9 certificaci\u00f3n cuentan los programas?<\/strong><br \/>\nCertificaci\u00f3n atravez de realcur.com<\/p>\n<p>&nbsp;<\/p>\n<p><strong>9- \u00bfCu\u00e1les son los alcances del t\u00edtulo?<\/strong><br \/>\nNuestros diplomas abarcan todo el territorio uruguayo, colombia y espa\u00f1a ( pa\u00edses donde opera realcur.com)<\/p>\n<p>&nbsp;<\/p>\n<p><strong>10- \u00bfQui\u00e9n es A.P.L.A Uruguay?<\/strong><br \/>\n<strong>Avancemos por los Animales Uruguay<\/strong> es un ente estatal, quienes regulan las pr\u00e1cticas en animales. Evita que no se maltraten animales, que no se lastimen animales a prop\u00f3sito.<\/p>\n<p>&nbsp;<\/p>\n<p><strong>11- \u00bfCupo m\u00e1ximo de alumnos?<br \/>\n<\/strong>El n\u00famero de alumnos en cada turno ser\u00e1 entre 15 y 20 personas.<\/p>\n<p>&nbsp;<\/p>\n<p><strong>12- \u00bfSi no mantengo la cuota al d\u00eda que sucede?<\/strong><br \/>\nEl no pago de 2 cuotas por parte del alumno ser\u00e1 motivo suficiente para su deserci\u00f3n.<\/p>\n<p>&nbsp;<\/p>\n<p><strong>13- El instituto Impulsa colabora con estos refugios:<\/strong><\/p>\n<ul>\n<li>Liga bichera de Montevideo<\/li>\n<li>Refugio en florida<\/li>\n<li>Refugio \u00e1ngeles, San Carlos Maldonado<\/li>\n<li>Refugio Cerro largo Melo<\/li>\n<li>Transitorio Paysandu<\/li>\n<li>Refugio los del camino, Treinta y tres<\/li>\n<li>Transitorio Minas Lavalleja<\/li>\n<li>Transitorio Durazno, urgencia animal Durazno<\/li>\n<li>Refugio y zoo Rivera<\/li>\n<li>Animal helado<\/li>\n<li>A.P.L.A Uruguay<\/li>\n<\/ul>\n<p>&nbsp;<\/p>\n<p><strong>14- Cercan\u00edas a los campus de Impulsa<\/strong><br \/>\n<a href=\"https:\/\/sic.nodscloud.com\/nodsglobal\/wp-content\/uploads\/sites\/3\/2021\/11\/campus-de-uruguay.pdf\" target=\"_blank\" rel=\"noopener\">Ver archivo<\/a><\/p>\n<p>&nbsp;<\/p>\n<p><strong>15- Conexiones entre departamentos de Uruguay<\/strong><\/p>\n<ul>\n<li style=\"font-weight: 400;\" aria-level=\"1\"><span style=\"font-weight: 400;\">Artigas &#8211; Salto, bella uni\u00f3n\u00a0<\/span><\/li>\n<li style=\"font-weight: 400;\" aria-level=\"1\"><span style=\"font-weight: 400;\">Salto &#8211; Paysand\u00fa, bella uni\u00f3n y artigas\u00a0<\/span><\/li>\n<li style=\"font-weight: 400;\" aria-level=\"1\"><span style=\"font-weight: 400;\">Rivera &#8211; Tacuaremb\u00f3\u00a0<\/span><\/li>\n<li style=\"font-weight: 400;\" aria-level=\"1\"><span style=\"font-weight: 400;\">Paysandu &#8211; R\u00edo negro, tacuarembo, y salto\u00a0<\/span><\/li>\n<li style=\"font-weight: 400;\" aria-level=\"1\"><span style=\"font-weight: 400;\">Soriano &#8211; R\u00edo negro, flores, y colonia\u00a0<\/span><\/li>\n<li style=\"font-weight: 400;\" aria-level=\"1\"><span style=\"font-weight: 400;\">Tacuarembo &#8211; Rivera, durazno y paysand\u00fa\u00a0<\/span><\/li>\n<li style=\"font-weight: 400;\" aria-level=\"1\"><span style=\"font-weight: 400;\">Cerro largo &#8211; Treinta y tres, Durazno y Tacuaremb\u00f3.\u00a0<\/span><\/li>\n<li style=\"font-weight: 400;\" aria-level=\"1\"><span style=\"font-weight: 400;\">Florida &#8211; Durazno, canelones y lavalleja\u00a0<\/span><\/li>\n<li style=\"font-weight: 400;\" aria-level=\"1\"><span style=\"font-weight: 400;\">Treinta y tres &#8211; Cerr\u00f3 largo,lavalleja y rocha\u00a0<\/span><\/li>\n<li style=\"font-weight: 400;\" aria-level=\"1\"><span style=\"font-weight: 400;\">Rocha &#8211; Lavalleja ,maldonado y treinta y tres\u00a0<\/span><\/li>\n<li style=\"font-weight: 400;\" aria-level=\"1\"><span style=\"font-weight: 400;\">Lavalleja &#8211; Rocha, treinta y tres, florida y maldonado\u00a0<\/span><\/li>\n<li style=\"font-weight: 400;\" aria-level=\"1\"><span style=\"font-weight: 400;\">Maldonado &#8211; Rocha, lavalleja y canelones\u00a0<\/span><\/li>\n<li style=\"font-weight: 400;\" aria-level=\"1\"><span style=\"font-weight: 400;\">San Jos\u00e9 &#8211; Florida, flores, colonia y canelones\u00a0<\/span><\/li>\n<li style=\"font-weight: 400;\" aria-level=\"1\"><span style=\"font-weight: 400;\">Colonia &#8211; Soriano, san Jos\u00e9 y flores\u00a0<\/span><\/li>\n<li style=\"font-weight: 400;\" aria-level=\"1\"><span style=\"font-weight: 400;\">Montevideo &#8211; Canelones\u00a0<\/span><\/li>\n<\/ul>\n<p>&nbsp;<\/p>\n<p><strong>16- \u00bfQue herramientas necesito para cursar?<\/strong><br \/>\nSe necesita un estetoscopio y un termometro.\u00a0 Ambos cuestan al rededor de 500 pesos uruguayo.<\/p>\n<p>&nbsp;<\/p>\n<p>&nbsp;<\/p>\n<h2><strong>Modalidad Online<\/strong><\/h2>\n<ul>\n<li>El alumno puede entrar cuando quiera a la plataforma e ir completando m\u00f3dulos y evaluaciones a su ritmo administr\u00e1ndose sus tiempos<\/li>\n<li>La plataforma cuenta con m\u00f3dulos, evaluaciones, enlaces, videos, actividades y lo m\u00e1s importante con el docente Online para evacuar dudas.<\/li>\n<li>Los cursos online cuentan con certificaciones del diploma igual a un curso presencial Eso quiere decir que en el diploma no constara que lo hizo online.<\/li>\n<li>Tambi\u00e9n el alumno tendr\u00e1 derecho a la bolsa de trabajo a trav\u00e9s de Realcur.com<\/li>\n<li>En el caso de que el curso contenga pr\u00e1cticas presenciales dichas pr\u00e1cticas se coordinar\u00e1n en un d\u00eda y fecha que el alumno pueda<\/li>\n<li>El alumno tendr\u00e1 acceso exclusivo a la plataforma mediante clave y usuario que deber\u00e1 ser administrada cada vez que entre en dicha plataforma<\/li>\n<\/ul>\n<p>&nbsp;<\/p>\n<p>.<\/p>\n","protected":false},"excerpt":{"rendered":"<p>Preguntas frecuentes &#8211; IMPULSA &nbsp; 1- \u00bfEs necesario el t\u00edtulo o constancia de titulo en tramite para postularse al preingreso? Si se refiere al curso las respuesta es no..si se refieren al puesto laboral se requiere el t\u00edtulo. &nbsp; 2- \u00bfEl t\u00edtulo tiene que estar&#8230;<\/p>\n","protected":false},"author":1,"featured_media":0,"parent":0,"menu_order":0,"comment_status":"closed","ping_status":"closed","template":"","meta":{"footnotes":""},"class_list":["post-1934","page","type-page","status-publish","hentry"],"aioseo_notices":[],"_links":{"self":[{"href":"https:\/\/sic.nodscloud.com\/nodsglobal\/wp-json\/wp\/v2\/pages\/1934","targetHints":{"allow":["GET"]}}],"collection":[{"href":"https:\/\/sic.nodscloud.com\/nodsglobal\/wp-json\/wp\/v2\/pages"}],"about":[{"href":"https:\/\/sic.nodscloud.com\/nodsglobal\/wp-json\/wp\/v2\/types\/page"}],"author":[{"embeddable":true,"href":"https:\/\/sic.nodscloud.com\/nodsglobal\/wp-json\/wp\/v2\/users\/1"}],"replies":[{"embeddable":true,"href":"https:\/\/sic.nodscloud.com\/nodsglobal\/wp-json\/wp\/v2\/comments?post=1934"}],"version-history":[{"count":12,"href":"https:\/\/sic.nodscloud.com\/nodsglobal\/wp-json\/wp\/v2\/pages\/1934\/revisions"}],"predecessor-version":[{"id":2376,"href":"https:\/\/sic.nodscloud.com\/nodsglobal\/wp-json\/wp\/v2\/pages\/1934\/revisions\/2376"}],"wp:attachment":[{"href":"https:\/\/sic.nodscloud.com\/nodsglobal\/wp-json\/wp\/v2\/media?parent=1934"}],"curies":[{"name":"wp","href":"https:\/\/api.w.org\/{rel}","templated":true}]}}