
{"id":1962,"date":"2021-07-22T21:11:01","date_gmt":"2021-07-22T21:11:01","guid":{"rendered":"https:\/\/sic.nodscloud.com\/nodsglobal\/?page_id=1962"},"modified":"2022-01-18T19:54:52","modified_gmt":"2022-01-18T19:54:52","slug":"brohures-impulsa","status":"publish","type":"page","link":"https:\/\/sic.nodscloud.com\/nodsglobal\/brohures-impulsa\/","title":{"rendered":"Brochures &#8211; IMPULSA"},"content":{"rendered":"<h2 style=\"text-align: center;\"><strong>BROCHURES<\/strong><\/h2>\n<h2 style=\"text-align: center;\"><strong>IMPULSA<\/strong><\/h2>\n<p>&nbsp;<\/p>\n<p>&nbsp;<\/p>\n<p style=\"text-align: center;\"><a href=\"https:\/\/sic.nodscloud.com\/nodsglobal\/wp-content\/uploads\/sites\/3\/2022\/01\/ayudante-veterinaria.pdf\" target=\"_blank\" rel=\"noopener\">Ayudante Veterinario<\/a><\/p>\n<p style=\"text-align: center;\"><a href=\"https:\/\/sic.nodscloud.com\/nodsglobal\/wp-content\/uploads\/sites\/3\/2022\/01\/ayudante-veterinaria-online.pdf\" target=\"_blank\" rel=\"noopener\">Ayudante Veterinario Online<\/a><\/p>\n<p style=\"text-align: center;\"><a href=\"https:\/\/sic.nodscloud.com\/nodsglobal\/wp-content\/uploads\/sites\/3\/2022\/01\/agroganadero.pdf\" target=\"_blank\" rel=\"noopener\">T\u00e9cnico en Gesti\u00f3n Agroganadera<\/a><\/p>\n<p style=\"text-align: center;\"><a href=\"https:\/\/sic.nodscloud.com\/nodsglobal\/wp-content\/uploads\/sites\/3\/2022\/01\/produccion-en-feedlot.pdf\" target=\"_blank\" rel=\"noopener\">Producci\u00f3n en Feedlot<\/a><\/p>\n<p style=\"text-align: center;\"><a href=\"https:\/\/sic.nodscloud.com\/nodsglobal\/wp-content\/uploads\/sites\/3\/2022\/01\/manejo-de-pasturas-online.pdf\" target=\"_blank\" rel=\"noopener\">Manejo de Pasturas<\/a><\/p>\n<p style=\"text-align: center;\"><a href=\"https:\/\/sic.nodscloud.com\/nodsglobal\/wp-content\/uploads\/sites\/3\/2022\/01\/responsable-tecnico.pdf\" target=\"_blank\" rel=\"noopener\">Responsable Tecnico de Campo<\/a><\/p>\n<p style=\"text-align: center;\"><a href=\"https:\/\/sic.nodscloud.com\/nodsglobal\/wp-content\/uploads\/sites\/3\/2022\/01\/Presentacio\u0301n-curso-Peluqueria.pdf\" target=\"_blank\" rel=\"noopener\">Peluquer\u00eda Canina<\/a><\/p>\n<p>&nbsp;<\/p>\n<p>&nbsp;<\/p>\n<p>.<\/p>\n","protected":false},"excerpt":{"rendered":"<p>BROCHURES IMPULSA &nbsp; &nbsp; Ayudante Veterinario Ayudante Veterinario Online T\u00e9cnico en Gesti\u00f3n Agroganadera Producci\u00f3n en Feedlot Manejo de Pasturas Responsable Tecnico de Campo Peluquer\u00eda Canina &nbsp; &nbsp; .<\/p>\n","protected":false},"author":16,"featured_media":0,"parent":0,"menu_order":0,"comment_status":"closed","ping_status":"closed","template":"","meta":{"footnotes":""},"class_list":["post-1962","page","type-page","status-publish","hentry"],"aioseo_notices":[],"_links":{"self":[{"href":"https:\/\/sic.nodscloud.com\/nodsglobal\/wp-json\/wp\/v2\/pages\/1962","targetHints":{"allow":["GET"]}}],"collection":[{"href":"https:\/\/sic.nodscloud.com\/nodsglobal\/wp-json\/wp\/v2\/pages"}],"about":[{"href":"https:\/\/sic.nodscloud.com\/nodsglobal\/wp-json\/wp\/v2\/types\/page"}],"author":[{"embeddable":true,"href":"https:\/\/sic.nodscloud.com\/nodsglobal\/wp-json\/wp\/v2\/users\/16"}],"replies":[{"embeddable":true,"href":"https:\/\/sic.nodscloud.com\/nodsglobal\/wp-json\/wp\/v2\/comments?post=1962"}],"version-history":[{"count":13,"href":"https:\/\/sic.nodscloud.com\/nodsglobal\/wp-json\/wp\/v2\/pages\/1962\/revisions"}],"predecessor-version":[{"id":2613,"href":"https:\/\/sic.nodscloud.com\/nodsglobal\/wp-json\/wp\/v2\/pages\/1962\/revisions\/2613"}],"wp:attachment":[{"href":"https:\/\/sic.nodscloud.com\/nodsglobal\/wp-json\/wp\/v2\/media?parent=1962"}],"curies":[{"name":"wp","href":"https:\/\/api.w.org\/{rel}","templated":true}]}}