
{"id":1986,"date":"2021-07-30T15:40:40","date_gmt":"2021-07-30T15:40:40","guid":{"rendered":"https:\/\/sic.nodscloud.com\/nodsglobal\/?page_id=1986"},"modified":"2021-07-30T15:44:09","modified_gmt":"2021-07-30T15:44:09","slug":"eobs-especializaciones","status":"publish","type":"page","link":"https:\/\/sic.nodscloud.com\/nodsglobal\/eobs-especializaciones\/","title":{"rendered":"EOBS &#8211; Especializaciones"},"content":{"rendered":"<h3 style=\"text-align: left;\"><strong>BROCHURES DE ESPECIALIZACIONES<\/strong><\/h3>\n<p>&nbsp;<\/p>\n<p><a href=\"https:\/\/sic.nodscloud.com\/nodsglobal\/wp-content\/uploads\/sites\/3\/2021\/05\/Catalogo-de-Especializaciones.pdf\">Catalogo de Especialidades<\/a><\/p>\n<p>&nbsp;<\/p>\n<p><a href=\"https:\/\/sic.nodscloud.com\/nodsglobal\/wp-content\/uploads\/sites\/3\/2021\/07\/GESTIO\u0301N-LOGI\u0301STICA-1.pdf\">Gesti\u00f3n log\u00edstica<\/a><br \/>\n<a href=\"https:\/\/sic.nodscloud.com\/nodsglobal\/wp-content\/uploads\/sites\/3\/2021\/07\/TECNOLOGIA-DE-LA-INFORMATICA-1-1.pdf\">Tecnolog\u00eda de la inform\u00e1tica<\/a><br \/>\n<a href=\"https:\/\/sic.nodscloud.com\/nodsglobal\/wp-content\/uploads\/sites\/3\/2021\/07\/GESTIO\u0301N-DE-CENTROS-EDUCATIVOS-1.pdf\">Gerencia de centros educativos<\/a><br \/>\n<a href=\"https:\/\/sic.nodscloud.com\/nodsglobal\/wp-content\/uploads\/sites\/3\/2021\/07\/COACHING-1.pdf\">Coaching<\/a><br \/>\n<a href=\"https:\/\/sic.nodscloud.com\/nodsglobal\/wp-content\/uploads\/sites\/3\/2021\/07\/GESTION-AMBIENTAL-1.pdf\">Gesti\u00f3n ambiental<\/a><br \/>\n<a href=\"https:\/\/sic.nodscloud.com\/nodsglobal\/wp-content\/uploads\/sites\/3\/2021\/07\/NEUROCIENCIA-APLICADA-A-LA-INTELIGENCIA-EMOCIONAL-1.pdf\">Neurociencia aplicada a la inteligencia emocional<\/a><br \/>\n<a href=\"https:\/\/sic.nodscloud.com\/nodsglobal\/wp-content\/uploads\/sites\/3\/2021\/07\/DERECHO-INTERNACIONAL-1.pdf\">Derecho internacional<\/a><br \/>\n<a href=\"https:\/\/sic.nodscloud.com\/nodsglobal\/wp-content\/uploads\/sites\/3\/2021\/07\/EMPRESA-FAMILIAR-1.pdf\">Empresa familiar<\/a><br \/>\n<a href=\"https:\/\/sic.nodscloud.com\/nodsglobal\/wp-content\/uploads\/sites\/3\/2021\/07\/GESTIO\u0301N-INTEGRADA-1.pdf\">Gesti\u00f3n integrada<\/a><br \/>\n<a href=\"https:\/\/sic.nodscloud.com\/nodsglobal\/wp-content\/uploads\/sites\/3\/2021\/07\/RECURSOS-HUMANOS-1.pdf\">Recursos humanos<\/a><br \/>\n<a href=\"https:\/\/sic.nodscloud.com\/nodsglobal\/wp-content\/uploads\/sites\/3\/2021\/07\/GESTIO\u0301N-DE-RIESGOS-1.pdf\">Gesti\u00f3n de riesgos<\/a><br \/>\n<a href=\"https:\/\/sic.nodscloud.com\/nodsglobal\/wp-content\/uploads\/sites\/3\/2021\/07\/GESTIO\u0301N-DE-PROYECTOS-A\u0301GILES-1.pdf\">Gesti\u00f3n de proyectos \u00e1giles<\/a><br \/>\n<a href=\"https:\/\/sic.nodscloud.com\/nodsglobal\/wp-content\/uploads\/sites\/3\/2021\/07\/GESTION-DE-LA-SALUD-Y-GERENCIA-DE-CENTROS-HOSPITALARIOS-1.pdf\">Gesti\u00f3n de la salud y gerencia de centros hospitalarios<\/a><br \/>\n<a href=\"https:\/\/sic.nodscloud.com\/nodsglobal\/wp-content\/uploads\/sites\/3\/2021\/07\/MARKETING-DIGITAL-1.pdf\">Marketing digital<\/a><br \/>\n<a href=\"https:\/\/sic.nodscloud.com\/nodsglobal\/wp-content\/uploads\/sites\/3\/2021\/07\/NEUROMANAGEMENT-1.pdf\">Neuromanagement<\/a><br \/>\n<a href=\"https:\/\/sic.nodscloud.com\/nodsglobal\/wp-content\/uploads\/sites\/3\/2021\/07\/COMERCIO-INTERNACIONAL-1.pdf\">Comercio internacional<\/a><br \/>\n<a href=\"https:\/\/sic.nodscloud.com\/nodsglobal\/wp-content\/uploads\/sites\/3\/2021\/07\/CREATIVIDAD-INNOVACION-Y-EMPRENDIMIENTO-1.pdf\">Creatividad, innovaci\u00f3n y emprendimiento<\/a><br \/>\n<a href=\"https:\/\/sic.nodscloud.com\/nodsglobal\/wp-content\/uploads\/sites\/3\/2021\/07\/FINANZAS-INTERNACIONALES-1.pdf\">Finanzas internacionales<\/a><br \/>\n<a href=\"https:\/\/sic.nodscloud.com\/nodsglobal\/wp-content\/uploads\/sites\/3\/2021\/07\/GERENCIA-DE-PROYECTOS-DE-LA-CONSTRUCCION-1.pdf\">Gerencia de proyectos de la construcci\u00f3n<\/a><br \/>\n<a href=\"https:\/\/sic.nodscloud.com\/nodsglobal\/wp-content\/uploads\/sites\/3\/2021\/07\/GESTION-DE-PROYECTOS-1.pdf\">Gesti\u00f3n de proyectos<\/a><br \/>\n<a href=\"https:\/\/sic.nodscloud.com\/nodsglobal\/wp-content\/uploads\/sites\/3\/2021\/07\/PREVENCION-DE-RIESGOS-LABORALES-1.pdf\">Prevenci\u00f3n de riesgos laborales<\/a><br \/>\n<a href=\"https:\/\/sic.nodscloud.com\/nodsglobal\/wp-content\/uploads\/sites\/3\/2021\/07\/TRANSFORMACIO\u0301N-DIGITAL-comprimido-1.pdf\">Transformaci\u00f3n digital<\/a><br \/>\n<a href=\"https:\/\/sic.nodscloud.com\/nodsglobal\/wp-content\/uploads\/sites\/3\/2021\/07\/INDUSTRIA-4.0-1.pdf\">Industria 4.0<\/a><br \/>\n<a href=\"https:\/\/sic.nodscloud.com\/nodsglobal\/wp-content\/uploads\/sites\/3\/2021\/07\/GESTION-PUBLICA-1.pdf\">Gesti\u00f3n p\u00fablica<\/a><br \/>\n<a href=\"https:\/\/sic.nodscloud.com\/nodsglobal\/wp-content\/uploads\/sites\/3\/2021\/07\/GESTIO\u0301N-EMOCIONAL-EN-LAS-ORGANIZACIONES-1.pdf\">Gesti\u00f3n emocional en las organizaciones<\/a><br \/>\n<a href=\"https:\/\/sic.nodscloud.com\/nodsglobal\/wp-content\/uploads\/sites\/3\/2021\/07\/GESTION-DE-CONFLICTOS-1.pdf\">Gesti\u00f3n de conflictos<\/a><br \/>\n<a href=\"https:\/\/sic.nodscloud.com\/nodsglobal\/wp-content\/uploads\/sites\/3\/2021\/07\/GESTION-DE-ENERGIA-1.pdf\">Gesti\u00f3n de energ\u00eda<\/a><br \/>\n<a href=\"https:\/\/sic.nodscloud.com\/nodsglobal\/wp-content\/uploads\/sites\/3\/2021\/07\/GESTIO\u0301N-DE-ENTIDADES-FINANCIERAS-1.pdf\">Gesti\u00f3n de entidades financieras<\/a><\/p>\n<p>&nbsp;<\/p>\n<p>.<\/p>\n","protected":false},"excerpt":{"rendered":"<p>BROCHURES DE ESPECIALIZACIONES &nbsp; Catalogo de Especialidades &nbsp; Gesti\u00f3n log\u00edstica Tecnolog\u00eda de la inform\u00e1tica Gerencia de centros educativos Coaching Gesti\u00f3n ambiental Neurociencia aplicada a la inteligencia emocional Derecho internacional Empresa familiar Gesti\u00f3n integrada Recursos humanos Gesti\u00f3n de riesgos Gesti\u00f3n de proyectos \u00e1giles Gesti\u00f3n de la&#8230;<\/p>\n","protected":false},"author":1,"featured_media":0,"parent":0,"menu_order":0,"comment_status":"closed","ping_status":"closed","template":"","meta":{"footnotes":""},"class_list":["post-1986","page","type-page","status-publish","hentry"],"aioseo_notices":[],"_links":{"self":[{"href":"https:\/\/sic.nodscloud.com\/nodsglobal\/wp-json\/wp\/v2\/pages\/1986","targetHints":{"allow":["GET"]}}],"collection":[{"href":"https:\/\/sic.nodscloud.com\/nodsglobal\/wp-json\/wp\/v2\/pages"}],"about":[{"href":"https:\/\/sic.nodscloud.com\/nodsglobal\/wp-json\/wp\/v2\/types\/page"}],"author":[{"embeddable":true,"href":"https:\/\/sic.nodscloud.com\/nodsglobal\/wp-json\/wp\/v2\/users\/1"}],"replies":[{"embeddable":true,"href":"https:\/\/sic.nodscloud.com\/nodsglobal\/wp-json\/wp\/v2\/comments?post=1986"}],"version-history":[{"count":3,"href":"https:\/\/sic.nodscloud.com\/nodsglobal\/wp-json\/wp\/v2\/pages\/1986\/revisions"}],"predecessor-version":[{"id":2019,"href":"https:\/\/sic.nodscloud.com\/nodsglobal\/wp-json\/wp\/v2\/pages\/1986\/revisions\/2019"}],"wp:attachment":[{"href":"https:\/\/sic.nodscloud.com\/nodsglobal\/wp-json\/wp\/v2\/media?parent=1986"}],"curies":[{"name":"wp","href":"https:\/\/api.w.org\/{rel}","templated":true}]}}