
{"id":2048,"date":"2021-08-05T15:16:41","date_gmt":"2021-08-05T15:16:41","guid":{"rendered":"https:\/\/sic.nodscloud.com\/nodsglobal\/?page_id=2048"},"modified":"2021-10-14T20:44:55","modified_gmt":"2021-10-14T20:44:55","slug":"contestaciones-whatsapp-impulsa","status":"publish","type":"page","link":"https:\/\/sic.nodscloud.com\/nodsglobal\/contestaciones-whatsapp-impulsa\/","title":{"rendered":"Contestaciones Whatsapp &#8211; IMPULSA"},"content":{"rendered":"<h3><strong>Contestaciones frecuentes para WhatsApp<\/strong><\/h3>\n<p>&nbsp;<\/p>\n<p>&nbsp;<\/p>\n<h4><strong>Saludo Inicial<\/strong><\/h4>\n<p>\u00a1Hola \u00a0<span style=\"color: #ff0000;\">&lt;&lt;nombre&gt;&gt;<\/span> <img decoding=\"async\" class=\"an1\" src=\"https:\/\/fonts.gstatic.com\/s\/e\/notoemoji\/13.1.1\/1f44b_1f3fc\/32.png\" alt=\"\ud83d\udc4b\ud83c\udffc\" data-emoji=\"\ud83d\udc4b\ud83c\udffc\" aria-label=\"\ud83d\udc4b\ud83c\udffc\" \/>! \u00bfC\u00f3mo estas?<\/p>\n<p>Soy <span style=\"color: #ff0000;\">&lt;&lt;nombre del asesor&gt;&gt;<\/span>, asesora del Instituto de Capacitaci\u00f3n Impulsa.<\/p>\n<p>Recibimos tu inter\u00e9s por el curso de Asistente Veterinario. Estoy a disposici\u00f3n para sacar todas tus dudas y ayudarte a aplicar a este programa de estudio.<\/p>\n<div>\u00bfQuieres que pactemos un llamado telef\u00f3nico o prefieres asesoramiento por este medio?\u00a0<img decoding=\"async\" class=\"an1\" src=\"https:\/\/fonts.gstatic.com\/s\/e\/notoemoji\/13.1.1\/23f0\/32.png\" alt=\"\u23f0\" data-emoji=\"\u23f0\" aria-label=\"\u23f0\" \/>\u00a0<img decoding=\"async\" class=\"an1\" src=\"https:\/\/fonts.gstatic.com\/s\/e\/notoemoji\/13.1.1\/260e_fe0f\/32.png\" alt=\"\u260e\ufe0f\" data-emoji=\"\u260e\ufe0f\" aria-label=\"\u260e\ufe0f\" \/><\/div>\n<div><\/div>\n<div><\/div>\n<div><\/div>\n<div>\n<p>&nbsp;<\/p>\n<h4><\/h4>\n<h4><strong>Msj de recupero<\/strong><\/h4>\n<p>Buenas tardes \u00a0&lt;&lt;nombre&gt;&gt;<br \/>\n\u00bfPudiste analizar la propuesta acad\u00e9mica del curso? \u00bfTomaste alguna decisi\u00f3n al respecto?<br \/>\nNos quedan muy poquitos cupos y esta semana termina la inscripci\u00f3n!!<br \/>\nQuedo a la espera de tu respuesta<\/p>\n<\/div>\n<p>&nbsp;<\/p>\n<p>&nbsp;<\/p>\n<div>\n<h4><strong>Info de cursado mas medios de pago<\/strong><\/h4>\n<\/div>\n<div>\n<p>El curso de Asistente de Veterinario permite generar \u00a0conocimientos y habilidades para desenvolverse con eficiencia como para t\u00e9cnico, apoyando en todo momento la gesti\u00f3n del profesional veterinario.<\/p>\n<p>&#8211; Modalidad de cursado:<br \/>\n&#8211; Lugar de cursado:<br \/>\n&#8211; Ciudad:<br \/>\n&#8211; Duraci\u00f3n del programa: 4 meses<br \/>\n&#8211; Fecha de inicio: septiembre 2021<br \/>\n&#8211; Calendario Acad\u00e9mico:<br \/>\n&#8211; Carga Horaria: 2hs semanales<\/p>\n<p>El Instituto de Capacitaci\u00f3n Impulsa es el \u00fanico instituto privado autorizado por A.P.L.A Uruguay para hacer pr\u00e1cticas con animales.<\/p>\n<p>Te formar\u00e1s de la mano de veterinarios, quienes son nuestros docentes m\u00e1s capacitados. Vas a realizar pr\u00e1cticas en equinos, bovinos, ovinos, animales peque\u00f1os, y pr\u00e1cticas de suturas, donde aprender\u00e1s los principales puntos de suturaci\u00f3n.<\/p>\n<p>El pago lo podes hacer por medio de:<\/p>\n<p>1) MERCADO PAGO: Tenes un 20% de descuento en el arancel final y la matricula 100% Bonificada. El costo final te quedar\u00eda en $20.000. Y podes hacerlo hasta en 12 pagos, seg\u00fan la financiaci\u00f3n que acepte tu tarjeta.<\/p>\n<p>2) ABITAB NET: Por este medio las opciones de pago que podes elegir son 3 (A,B y C)<\/p>\n<p>PLAN DE PAGO A<br \/>\nMatricula: Bonificada<br \/>\nCuotas: 1 cuota<br \/>\n20% de descuento<br \/>\nTotal: $20.000<\/p>\n<p>PLAN DE PAGO B<br \/>\nMatricula: $1500<br \/>\nCuotas: 4 cuotas de $6.200<br \/>\nArancel: $24.800<br \/>\nTotal: $26.300<\/p>\n<p>PLAN DE PAGO C<br \/>\nMatricula: $1500<br \/>\nCuotas: 6 cuotas de $4.200<br \/>\nArancel: $25.200<br \/>\nTotal: $26.700<\/p>\n<p>El pago debe realizarse a trav\u00e9s de Mercado Pago (sujeto a las promociones que tenga mercado pago en el momento. Ingresa al link, elige c\u00f3mo pagar, \u00a1y listo! \u00a0<a href=\"https:\/\/mpago.la\/1gweCn8\" target=\"_blank\" rel=\"noopener\" data-saferedirecturl=\"https:\/\/www.google.com\/url?q=https:\/\/mpago.la\/1gweCn8&amp;source=gmail&amp;ust=1631716191333000&amp;usg=AFQjCNH5K4WyG5N7zaG-kMjC7SD8GUXTSA\">https:\/\/mpago.la\/1gweCn8<\/a>) o a trav\u00e9s de de Abitab Net: n\u00famero 3665 &#8211; Instituci\u00f3n Impulsa<\/p>\n<p>En el caso de estar interesado solo debe enviar a mi casilla una copia de su documento de identidad.<\/p>\n<p>Adjunto el brochure donde encontrar\u00e1 el detalle del programa, contenidos, docentes, metodolog\u00eda, y otros aspectos relevantes.<\/p>\n<p>&nbsp;<\/p>\n<p>&nbsp;<\/p>\n<h4><strong>Info online<\/strong><\/h4>\n<\/div>\n<div>\n<p><img decoding=\"async\" class=\"an1\" src=\"https:\/\/fonts.gstatic.com\/s\/e\/notoemoji\/13.1.1\/1fa7a\/32.png\" alt=\"\ud83e\ude7a\" data-emoji=\"\ud83e\ude7a\" aria-label=\"\ud83e\ude7a\" \/>ASISTENTE VETERINARIO MODALIDAD ONLINE\u00a0<img decoding=\"async\" class=\"an1\" src=\"https:\/\/fonts.gstatic.com\/s\/e\/notoemoji\/13.1.1\/1f98a\/32.png\" alt=\"\ud83e\udd8a\" data-emoji=\"\ud83e\udd8a\" aria-label=\"\ud83e\udd8a\" \/><\/p>\n<p>&#8211; Modalidad: Online<br \/>\n&#8211; Campus: Plataforma Moodle<br \/>\n&#8211; Duraci\u00f3n del Programa: 4 meses<br \/>\n&#8211; Cursado: No hay d\u00edas ni horarios establecidos, cada alumno gestiona sus tiempos.<br \/>\n&#8211; Podes asistir a practicas presenciales, coordinadas previamente con el profesor.<\/p>\n<p>Costo: \u00a0$8.550 pesos<br \/>\nMedios de Pago:<br \/>\n<img decoding=\"async\" class=\"an1\" src=\"https:\/\/fonts.gstatic.com\/s\/e\/notoemoji\/13.1.1\/1f4b5\/32.png\" alt=\"\ud83d\udcb5\" data-emoji=\"\ud83d\udcb5\" aria-label=\"\ud83d\udcb5\" \/>\u00a0Hasta 2 cuotas de $4.275 pesos por ABITAB NET. C\u00f3digo: 3665 &#8211; instituci\u00f3n Impulsa<br \/>\n<img decoding=\"async\" class=\"an1\" src=\"https:\/\/fonts.gstatic.com\/s\/e\/notoemoji\/13.1.1\/1f4b3\/32.png\" alt=\"\ud83d\udcb3\" data-emoji=\"\ud83d\udcb3\" aria-label=\"\ud83d\udcb3\" \/>\u00a0Hasta 12 pagos sin inter\u00e9s de $712 pesos con tarjeta de cr\u00e9dito (oca, master, lider, creditel, entre otras)<\/p>\n<p>&nbsp;<\/p>\n<p>&nbsp;<\/p>\n<p>&nbsp;<\/p>\n<h4><strong>Inscribite ahora<\/strong><\/h4>\n<\/div>\n<p>Hola \ud83d\udc4b\ud83c\udffb, \u00bfComo estas?<br \/>\nMi nombre es <span style=\"color: #ff0000;\">&lt;&lt;nombre del asesor&gt;&gt;<\/span>, soy tu asesor educativo Instituto Impulsa.<br \/>\n\u00bfA\u00fan te interesa formarte en medicina veterinaria? *No te quedes fuera, quedan pocos cupos.*<\/p>\n<p>\ud83d\udcf2 A trav\u00e9s de este medio te enviar\u00e9 m\u00e1s informaci\u00f3n acerca del Curso de Asistente Veterinario y contarte sobre los beneficios de estudiar con nosotros.<\/p>\n<p>El curso de Asistente de Veterinario permite generar conocimientos y habilidades para desenvolverse con eficiencia como parat\u00e9cnico, apoyando en todo momento la gesti\u00f3n del profesional veterinario.<\/p>\n<p>\ud83d\udcc6 Inicio: septiembre 2021<br \/>\n\ud83d\udcbb Modalidad de cursado: presencial<br \/>\n\u23f3 Duraci\u00f3n del curso: 4 meses<br \/>\n\ud83d\udcdc T\u00edtulo otorgado: Asistente veterinario<\/p>\n<p>\u26a0\ufe0f El Instituto de Capacitaci\u00f3n Impulsa es el \u00fanico instituto privado autorizado por A.P.L.A Uruguay para hacer pr\u00e1cticas con animales.<\/p>\n<p>\u2705 Matr\u00edcula: bonificada<br \/>\n\u2733\ufe0f Arancel: $20.000<br \/>\n\u2705 Aprovecha los descuentos de Mercado Pago por el mes de agosto, hasta 12 cuotas sin inter\u00e9s.<br \/>\n\ud83d\udcb3 Ingresa al link, elige c\u00f3mo pagar, \u00a1y listo! https:\/\/mpago.la\/1gweCn8<\/p>\n<p>&nbsp;<\/p>\n<p>&nbsp;<\/p>\n<h4><strong>Plan referido<\/strong><\/h4>\n<p>Ya sos parte de la comunidad Impulsa\u00a0<img decoding=\"async\" class=\"an1\" src=\"https:\/\/fonts.gstatic.com\/s\/e\/notoemoji\/13.1.1\/1f393\/32.png\" alt=\"\ud83c\udf93\" data-emoji=\"\ud83c\udf93\" aria-label=\"\ud83c\udf93\" \/><br \/>\nAhora podes compartir conocimientos \u00a0con el \u00a0*Plan Referido*\u00a0<img decoding=\"async\" class=\"an1\" src=\"https:\/\/fonts.gstatic.com\/s\/e\/notoemoji\/13.1.1\/1f91d_1f3fb\/32.png\" alt=\"\ud83e\udd1d\ud83c\udffb\" data-emoji=\"\ud83e\udd1d\ud83c\udffb\" aria-label=\"\ud83e\udd1d\ud83c\udffb\" \/><br \/>\nSum\u00e1 a un amigo y obt\u00e9n un curso online a elecci\u00f3n 100% bonificado.<br \/>\nSolo ten\u00e8s que adjuntar nombre y tel\u00e9fono para ponernos en contacto<\/p>\n<p>&nbsp;<\/p>\n<p>&nbsp;<\/p>\n<h4><strong>Terapeuta en adicciones<\/strong><\/h4>\n<p>El curso de *Terapista en Adicciones* te brindara herramientas y conocimientos que te permitan dar ayuda, acompa\u00f1amiento y apoyo a personas con adicci\u00f3n.<\/p>\n<p>&nbsp;<\/p>\n<p>\ud83d\udcbb Modalidad de cursado: ONLINE<br \/>\n\ud83d\udd38 Campus: Plataforma ZOOM<br \/>\n\u23f3 Duraci\u00f3n del programa: 6 meses<br \/>\n\ud83d\uddd3\ufe0f Fecha de inicio: Segunda quincena de noviembre<br \/>\n\u23f2\ufe0f Carga Horaria: Lunes de 20 a 22hs<br \/>\n\ud83d\udc49\ud83c\udffc Grupos reducidos, aprendizaje en primera persona<br \/>\n\u26a0\ufe0f Reserva tu cupo!<\/p>\n<p>&nbsp;<\/p>\n<p>El programa se orienta a preparar profesionales id\u00f3neos que presten colaboraci\u00f3n y servicio en diferentes instituciones y espacios terap\u00e9uticos de ayuda a personas en situaci\u00f3n de vulnerabilidad a causa de adicciones.<\/p>\n<p>&nbsp;<\/p>\n<p>Desarrolla 8 aspectos fundamentales a reconocer:<br \/>\n\u2013 Adicciones<br \/>\n\u2013 Tipos de sustancias<br \/>\n\u2013 Tratamiento<br \/>\n\u2013 Rehabilitaci\u00f3n<br \/>\n\u2013 Marco jur\u00eddico<br \/>\n\u2013 Perfil del terapeuta<br \/>\n\u2013 Derechos humanos<br \/>\n\u2013 Privaci\u00f3n de libertad<br \/>\n\u2013 Pasant\u00edas<br \/>\nIncluye pasant\u00edas capacitatorias<\/p>\n<p>&nbsp;<\/p>\n<p>Te brindamos:<br \/>\n\ud83d\udcda Materiales, manuales y diploma de validez nacional SIN costo adicional<br \/>\n\ud83c\udfc5 Acceso a bolsa de trabajo RealCur una vez aprobada la capacitaci\u00f3n<br \/>\n\ud83d\udc69\u200d\ud83c\udfeb Staff Docente on line para evacuar dudas curriculares<br \/>\n\ud83e\uddd1\u200d\ud83d\udd27 Staff programador para evacuar dudas t\u00e9cnicas<\/p>\n<p>&nbsp;<\/p>\n<p>\ud83d\udcb5 \ud83d\udcb3 El pago lo podes hacer por medio de:<\/p>\n<p>&nbsp;<\/p>\n<p>\ud83d\udc49\ud83c\udffc PLAN DE PAGO A<br \/>\n16% OFF<br \/>\nMatricula: Bonificada<br \/>\nCuotas: 1 cuota<br \/>\nTotal: $14,000.-<br \/>\nMedio: ABITAD NET o transferencia<\/p>\n<p>\ud83d\udc49\ud83c\udffc PLAN DE PAGO B<br \/>\n10% OFF<br \/>\nMatricula: Bonificada<br \/>\nCuotas: seg\u00fan tarjeta<br \/>\nArancel: $15,000.-<br \/>\nMedio: MERCADO PAGO<\/p>\n<p>\ud83d\udc49\ud83c\udffc PLAN DE PAGO C<br \/>\nMatricula: $1500<br \/>\nCuotas: 6 cuotas de $2,800.-<br \/>\nArancel: $16,800.-<br \/>\nTotal: $18,300.-<\/p>\n<p>&nbsp;<\/p>\n<p>PROCEDIMIENTO:<\/p>\n<p>\u25aa\ufe0f Abitad Net: n\u00famero de referencia: 3665 \u2013 Instituci\u00f3n Impulsa<br \/>\n\u25aa\ufe0fTransferencias: Cuenta en pesos uruguayos 001868323-00001 (Brou es el Banco y sale como ICI)<br \/>\n\u25aa\ufe0f Mercado Pago: https:\/\/mpago.la\/2ymtacd<\/p>\n<p>&nbsp;<\/p>\n<p>\u26a0\ufe0f Para confirmar tu inscripci\u00f3n, es necesario que me env\u00edes una copia de tu documento de identidad y el comprobante del pago \u26a0\ufe0f<\/p>\n<p>&nbsp;<\/p>\n<p>&nbsp;<\/p>\n<p>.<\/p>\n","protected":false},"excerpt":{"rendered":"<p>Contestaciones frecuentes para WhatsApp &nbsp; &nbsp; Saludo Inicial \u00a1Hola \u00a0&lt;&lt;nombre&gt;&gt; ! \u00bfC\u00f3mo estas? Soy &lt;&lt;nombre del asesor&gt;&gt;, asesora del Instituto de Capacitaci\u00f3n Impulsa. Recibimos tu inter\u00e9s por el curso de Asistente Veterinario. Estoy a disposici\u00f3n para sacar todas tus dudas y ayudarte a aplicar a&#8230;<\/p>\n","protected":false},"author":1,"featured_media":0,"parent":0,"menu_order":0,"comment_status":"closed","ping_status":"closed","template":"","meta":{"footnotes":""},"class_list":["post-2048","page","type-page","status-publish","hentry"],"aioseo_notices":[],"_links":{"self":[{"href":"https:\/\/sic.nodscloud.com\/nodsglobal\/wp-json\/wp\/v2\/pages\/2048","targetHints":{"allow":["GET"]}}],"collection":[{"href":"https:\/\/sic.nodscloud.com\/nodsglobal\/wp-json\/wp\/v2\/pages"}],"about":[{"href":"https:\/\/sic.nodscloud.com\/nodsglobal\/wp-json\/wp\/v2\/types\/page"}],"author":[{"embeddable":true,"href":"https:\/\/sic.nodscloud.com\/nodsglobal\/wp-json\/wp\/v2\/users\/1"}],"replies":[{"embeddable":true,"href":"https:\/\/sic.nodscloud.com\/nodsglobal\/wp-json\/wp\/v2\/comments?post=2048"}],"version-history":[{"count":25,"href":"https:\/\/sic.nodscloud.com\/nodsglobal\/wp-json\/wp\/v2\/pages\/2048\/revisions"}],"predecessor-version":[{"id":2333,"href":"https:\/\/sic.nodscloud.com\/nodsglobal\/wp-json\/wp\/v2\/pages\/2048\/revisions\/2333"}],"wp:attachment":[{"href":"https:\/\/sic.nodscloud.com\/nodsglobal\/wp-json\/wp\/v2\/media?parent=2048"}],"curies":[{"name":"wp","href":"https:\/\/api.w.org\/{rel}","templated":true}]}}