
{"id":2411,"date":"2021-11-25T18:50:12","date_gmt":"2021-11-25T18:50:12","guid":{"rendered":"https:\/\/sic.nodscloud.com\/nodsglobal\/?page_id=2411"},"modified":"2021-11-25T19:27:27","modified_gmt":"2021-11-25T19:27:27","slug":"americana-proceso-de-admision","status":"publish","type":"page","link":"https:\/\/sic.nodscloud.com\/nodsglobal\/americana-proceso-de-admision\/","title":{"rendered":"AMERICANA &#8211; Proceso de Admisi\u00f3n"},"content":{"rendered":"<h3><strong>Proceso de admisi\u00f3n<\/strong><\/h3>\n<p><strong>1-<\/strong> Una vez que el prospecto nos env\u00edo su documentaci\u00f3n:<\/p>\n<ol>\n<li><strong>Examen de Aptitud Acad\u00e9mica<\/strong><\/li>\n<li><strong>T\u00edtulo de bachiller<\/strong>\u00a0(Apostillado por La Haya).<\/li>\n<li><strong>Pasaporte<\/strong><\/li>\n<\/ol>\n<p><strong>En caso de homologaci\u00f3n:<\/strong><\/p>\n<ol>\n<li>Certificado de notas \/\u00a0<b>Analitico parcial<\/b>\u00a0(Se solicita a la universidad donde se curso y debe Apostillarse por La Haya)<\/li>\n<li><strong>Contenido de los programas.<\/strong><\/li>\n<li><strong>T\u00edtulo Universitario<\/strong>\u00a0(Apostillado por La Haya)<\/li>\n<\/ol>\n<p>&nbsp;<\/p>\n<p><strong>2-<\/strong> El agente de Nod\u2019s Global completara la landing con los datos del aspirante y la documentaci\u00f3n correspondiente.<\/p>\n<p><strong><a href=\"http:\/\/aplicaciones.americana.edu.co:8080\/sgacampus\/services\/inscripciones\/home\" target=\"_blank\" rel=\"noopener\">Landing page<\/a><\/strong><\/p>\n<p>&nbsp;<\/p>\n<p><strong>3-<\/strong> Una vez analizado el perfil del estudiante, una persona de admisiones de la universidad se contactar\u00e1 telef\u00f3nicamente para realizar una breve entrevista.<\/p>\n<p>&nbsp;<\/p>\n<p><strong>4-<\/strong> Una vez admitido, llega una carta de admisi\u00f3n al mail del aspirante junto a un link de pago<\/p>\n<p>&nbsp;<\/p>\n<p><strong>Importante:<\/strong> La inscripci\u00f3n al programa se har\u00e1 efectivo una vez que ingrese el pago.<\/p>\n","protected":false},"excerpt":{"rendered":"<p>Proceso de admisi\u00f3n 1- Una vez que el prospecto nos env\u00edo su documentaci\u00f3n: Examen de Aptitud Acad\u00e9mica T\u00edtulo de bachiller\u00a0(Apostillado por La Haya). Pasaporte En caso de homologaci\u00f3n: Certificado de notas \/\u00a0Analitico parcial\u00a0(Se solicita a la universidad donde se curso y debe Apostillarse por La&#8230;<\/p>\n","protected":false},"author":1,"featured_media":0,"parent":0,"menu_order":0,"comment_status":"closed","ping_status":"closed","template":"","meta":{"footnotes":""},"class_list":["post-2411","page","type-page","status-publish","hentry"],"aioseo_notices":[],"_links":{"self":[{"href":"https:\/\/sic.nodscloud.com\/nodsglobal\/wp-json\/wp\/v2\/pages\/2411","targetHints":{"allow":["GET"]}}],"collection":[{"href":"https:\/\/sic.nodscloud.com\/nodsglobal\/wp-json\/wp\/v2\/pages"}],"about":[{"href":"https:\/\/sic.nodscloud.com\/nodsglobal\/wp-json\/wp\/v2\/types\/page"}],"author":[{"embeddable":true,"href":"https:\/\/sic.nodscloud.com\/nodsglobal\/wp-json\/wp\/v2\/users\/1"}],"replies":[{"embeddable":true,"href":"https:\/\/sic.nodscloud.com\/nodsglobal\/wp-json\/wp\/v2\/comments?post=2411"}],"version-history":[{"count":5,"href":"https:\/\/sic.nodscloud.com\/nodsglobal\/wp-json\/wp\/v2\/pages\/2411\/revisions"}],"predecessor-version":[{"id":2420,"href":"https:\/\/sic.nodscloud.com\/nodsglobal\/wp-json\/wp\/v2\/pages\/2411\/revisions\/2420"}],"wp:attachment":[{"href":"https:\/\/sic.nodscloud.com\/nodsglobal\/wp-json\/wp\/v2\/media?parent=2411"}],"curies":[{"name":"wp","href":"https:\/\/api.w.org\/{rel}","templated":true}]}}