
{"id":2615,"date":"2022-01-19T17:11:16","date_gmt":"2022-01-19T17:11:16","guid":{"rendered":"https:\/\/sic.nodscloud.com\/nodsglobal\/?page_id=2615"},"modified":"2024-10-24T12:40:26","modified_gmt":"2024-10-24T12:40:26","slug":"brochures-eobs","status":"publish","type":"page","link":"https:\/\/sic.nodscloud.com\/nodsglobal\/brochures-eobs\/","title":{"rendered":"Brochures &#8211; EOBS"},"content":{"rendered":"<h1 style=\"text-align: center;\"><strong><img fetchpriority=\"high\" decoding=\"async\" class=\"alignnone size-full wp-image-5573\" src=\"https:\/\/sic.nodscloud.com\/nodsglobal\/wp-content\/uploads\/sites\/3\/2024\/10\/eobs.png\" alt=\"\" width=\"379\" height=\"133\" srcset=\"https:\/\/sic.nodscloud.com\/nodsglobal\/wp-content\/uploads\/sites\/3\/2024\/10\/eobs.png 379w, https:\/\/sic.nodscloud.com\/nodsglobal\/wp-content\/uploads\/sites\/3\/2024\/10\/eobs-300x105.png 300w\" sizes=\"(max-width: 379px) 100vw, 379px\" \/><\/strong><\/h1>\n<h1 style=\"text-align: center;\"><span style=\"color: #008000;\"><strong>Brochures<\/strong><\/span><\/h1>\n<p>&nbsp;<\/p>\n<h4 style=\"text-align: center;\"><strong>M\u00e1ster Propios\u00a0 EOBS<\/strong><\/h4>\n<p style=\"text-align: center;\"><span style=\"color: #0000ff;\"><a style=\"color: #0000ff;\" href=\"https:\/\/sic.nodscloud.com\/nodsglobal\/wp-content\/uploads\/sites\/3\/2024\/10\/Master-en-Alta-Direccion-Empresarial-2.pdf\" target=\"_blank\" rel=\"noopener\">M\u00e1ster en Alta Direcci\u00f3n Empresarial <\/a><\/span><\/p>\n<p style=\"text-align: center;\"><span style=\"color: #0000ff;\"><a style=\"color: #0000ff;\" href=\"https:\/\/sic.nodscloud.com\/nodsglobal\/wp-content\/uploads\/sites\/3\/2024\/10\/Master-en-Direccion-y-Gestion-de-Proyectos-1.pdf\" target=\"_blank\" rel=\"noopener\">M\u00e1ster en Direcci\u00f3n y Gesti\u00f3n de Proyectos<\/a><\/span><\/p>\n<p style=\"text-align: center;\"><span style=\"color: #0000ff;\"><a style=\"color: #0000ff;\" href=\"https:\/\/sic.nodscloud.com\/nodsglobal\/wp-content\/uploads\/sites\/3\/2024\/10\/Master-en-Innovacion-Digital-y-Excelencia-Empresarial-1-1.pdf\" target=\"_blank\" rel=\"noopener\">M\u00e1ster en Innovaci\u00f3n Digital y Excelencia Empresarial<\/a><\/span><\/p>\n<p style=\"text-align: center;\"><span style=\"color: #0000ff;\"><a style=\"color: #0000ff;\" href=\"https:\/\/sic.nodscloud.com\/nodsglobal\/wp-content\/uploads\/sites\/3\/2024\/10\/Master-en-Capital-Humano-y-Desarrollo-de-Personas-1.pdf\" target=\"_blank\" rel=\"noopener\">M\u00e1ster en Capital Humano y Desarrollo de Personas<\/a><\/span><\/p>\n<p>&nbsp;<\/p>\n<p>&nbsp;<\/p>\n<h4 style=\"text-align: center;\"><strong>M\u00e1ster Propios UCAM + EOBS<\/strong><\/h4>\n<p style=\"text-align: center;\"><span style=\"color: #0000ff;\"><a style=\"color: #0000ff;\" href=\"https:\/\/sic.nodscloud.com\/nodsglobal\/wp-content\/uploads\/sites\/3\/2024\/10\/Master-de-Formacion-Permanente-en-Alta-Direccion-Empresarial-1.pdf\" target=\"_blank\" rel=\"noopener\">M\u00e1ster de Formaci\u00f3n Permanente en Alta Direcci\u00f3n Empresarial<\/a><\/span><\/p>\n<p style=\"text-align: center;\"><span style=\"color: #0000ff;\"><a style=\"color: #0000ff;\" href=\"https:\/\/sic.nodscloud.com\/nodsglobal\/wp-content\/uploads\/sites\/3\/2024\/10\/Master-de-Formacion-Permanente-en-Direccion-y-Gestion-de-Proyectos-1.pdf\" target=\"_blank\" rel=\"noopener\">M\u00e1ster de Formaci\u00f3n Permanente en Direcci\u00f3n y Gesti\u00f3n de Proyectos<\/a><\/span><\/p>\n<p style=\"text-align: center;\"><span style=\"color: #0000ff;\"><a style=\"color: #0000ff;\" href=\"https:\/\/sic.nodscloud.com\/nodsglobal\/wp-content\/uploads\/sites\/3\/2024\/10\/Master-de-Formacion-Permanente-en-Capital-Humano-y-Desarrollo-de-Perso-1.pdf\" target=\"_blank\" rel=\"noopener\">M\u00e1ster de Formaci\u00f3n Permanente en Capital Humano y Desarrollo de Perso<\/a><\/span><\/p>\n<p style=\"text-align: center;\"><span style=\"color: #0000ff;\"><a style=\"color: #0000ff;\" title=\"M\u00e1ster en Innovaci\u00f3n Digital y Excelencia Empresarial\" href=\"https:\/\/sic.nodscloud.com\/nodsglobal\/wp-content\/uploads\/sites\/3\/2024\/10\/MIDE-1.pdf\" target=\"_blank\" rel=\"noopener\">M\u00e1ster en Innovaci\u00f3n Digital y Excelencia Empresarial<\/a><\/span><\/p>\n<p>&nbsp;<\/p>\n<p>&nbsp;<\/p>\n<p>.<\/p>\n","protected":false},"excerpt":{"rendered":"<p>Brochures &nbsp; M\u00e1ster Propios\u00a0 EOBS M\u00e1ster en Alta Direcci\u00f3n Empresarial M\u00e1ster en Direcci\u00f3n y Gesti\u00f3n de Proyectos M\u00e1ster en Innovaci\u00f3n Digital y Excelencia Empresarial M\u00e1ster en Capital Humano y Desarrollo de Personas &nbsp; &nbsp; M\u00e1ster Propios UCAM + EOBS M\u00e1ster de Formaci\u00f3n Permanente en Alta&#8230;<\/p>\n","protected":false},"author":16,"featured_media":0,"parent":0,"menu_order":0,"comment_status":"closed","ping_status":"closed","template":"","meta":{"footnotes":""},"class_list":["post-2615","page","type-page","status-publish","hentry"],"aioseo_notices":[],"_links":{"self":[{"href":"https:\/\/sic.nodscloud.com\/nodsglobal\/wp-json\/wp\/v2\/pages\/2615","targetHints":{"allow":["GET"]}}],"collection":[{"href":"https:\/\/sic.nodscloud.com\/nodsglobal\/wp-json\/wp\/v2\/pages"}],"about":[{"href":"https:\/\/sic.nodscloud.com\/nodsglobal\/wp-json\/wp\/v2\/types\/page"}],"author":[{"embeddable":true,"href":"https:\/\/sic.nodscloud.com\/nodsglobal\/wp-json\/wp\/v2\/users\/16"}],"replies":[{"embeddable":true,"href":"https:\/\/sic.nodscloud.com\/nodsglobal\/wp-json\/wp\/v2\/comments?post=2615"}],"version-history":[{"count":6,"href":"https:\/\/sic.nodscloud.com\/nodsglobal\/wp-json\/wp\/v2\/pages\/2615\/revisions"}],"predecessor-version":[{"id":5584,"href":"https:\/\/sic.nodscloud.com\/nodsglobal\/wp-json\/wp\/v2\/pages\/2615\/revisions\/5584"}],"wp:attachment":[{"href":"https:\/\/sic.nodscloud.com\/nodsglobal\/wp-json\/wp\/v2\/media?parent=2615"}],"curies":[{"name":"wp","href":"https:\/\/api.w.org\/{rel}","templated":true}]}}