
{"id":2654,"date":"2022-02-10T18:55:20","date_gmt":"2022-02-10T18:55:20","guid":{"rendered":"https:\/\/sic.nodscloud.com\/nodsglobal\/?page_id=2654"},"modified":"2023-08-04T13:59:21","modified_gmt":"2023-08-04T13:59:21","slug":"brochures-kennedy","status":"publish","type":"page","link":"https:\/\/sic.nodscloud.com\/nodsglobal\/brochures-kennedy\/","title":{"rendered":"Brochures &#8211; KENNEDY"},"content":{"rendered":"<h1 style=\"text-align: center;\"><strong>Brochures &#8211; KENNEDY<\/strong><\/h1>\n<h4 style=\"text-align: center;\">Brochures de Pregrados<\/h4>\n<p style=\"text-align: center;\"><strong><a href=\"https:\/\/sic.nodscloud.com\/universidad-kennedy\/wp-content\/uploads\/sites\/18\/2022\/08\/Brochure-Comercial-Plan-de-Estudios.pdf\" target=\"_blank\" rel=\"noopener\">Tecnicatura en Martillero P\u00fablico y Corredor<\/a><\/strong><\/p>\n<p style=\"text-align: center;\"><a href=\"https:\/\/sic.nodscloud.com\/universidad-kennedy\/wp-content\/uploads\/sites\/18\/2022\/08\/Brochure-Comercial-Plan-de-Estudios-2-1.pdf\" target=\"_blank\" rel=\"noopener\"><strong>Tecnicatura en Organizaci\u00f3n de Eventos<\/strong><\/a><\/p>\n<p style=\"text-align: center;\"><strong><a href=\"https:\/\/sic.nodscloud.com\/universidad-kennedy\/wp-content\/uploads\/sites\/18\/2022\/08\/Brochure-Comercial-Plan-de-Estudios-5-1.pdf\" target=\"_blank\" rel=\"noopener\">Tecnicatura en Gesti\u00f3n de Operaciones Log\u00edsticas<\/a><\/strong><\/p>\n<p style=\"text-align: center;\"><strong><a href=\"https:\/\/sic.nodscloud.com\/universidad-kennedy\/wp-content\/uploads\/sites\/18\/2022\/08\/Brochure-Comercial-Plan-de-Estudios-3-1.pdf\" target=\"_blank\" rel=\"noopener\">Tecnicatura en Seguridad e Higiene en el Trabajo<\/a><\/strong><\/p>\n<p style=\"text-align: center;\"><strong><a href=\"https:\/\/sic.nodscloud.com\/universidad-kennedy\/wp-content\/uploads\/sites\/18\/2022\/08\/Brochure-Comercial-Plan-de-Estudios-4-1.pdf\" target=\"_blank\" rel=\"noopener\">Tecnicatura en Seguros<\/a><\/strong><\/p>\n<p style=\"text-align: center;\"><strong><a href=\"https:\/\/sic.nodscloud.com\/universidad-kennedy\/wp-content\/uploads\/sites\/18\/2022\/08\/materias-por-bimestre.pdf\" target=\"_blank\" rel=\"noopener\">Tecnicatura en Seguridad Empresarial\u00a0<\/a><\/strong><\/p>\n<p style=\"text-align: center;\"><strong><a href=\"https:\/\/sic.nodscloud.com\/universidad-kennedy\/wp-content\/uploads\/sites\/18\/2022\/08\/Materias-por-Bimestre-1.pdf\" target=\"_blank\" rel=\"noopener\">Tecnicatura en Tegnolog\u00eda de Informaci\u00f3n<\/a><\/strong><\/p>\n<p style=\"text-align: center;\">\n<p>&nbsp;<\/p>\n<p>&nbsp;<\/p>\n<h4 style=\"text-align: center;\">Brochures de Grados<\/h4>\n<p style=\"text-align: center;\"><strong><a href=\"https:\/\/sic.nodscloud.com\/universidad-kennedy\/wp-content\/uploads\/sites\/18\/2022\/08\/Brochure-Comercial-Plan-de-Estudios-1.pdf\" target=\"_blank\" rel=\"noopener\">Abogac\u00eda<\/a><\/strong><\/p>\n<p style=\"text-align: center;\"><a href=\"https:\/\/sic.nodscloud.com\/universidad-kennedy\/wp-content\/uploads\/sites\/18\/2022\/08\/Brochure-Comercial-Plan-Comercial.pdf\" target=\"_blank\" rel=\"noopener\"><strong>Administraci\u00f3n<\/strong><\/a><\/p>\n<p style=\"text-align: center;\"><strong><a href=\"https:\/\/sic.nodscloud.com\/universidad-kennedy\/wp-content\/uploads\/sites\/18\/2022\/08\/Materias-por-Bimestre-.pdf\" target=\"_blank\" rel=\"noopener\">Administraci\u00f3n Hotelera<\/a><\/strong><\/p>\n<p style=\"text-align: center;\"><strong><a href=\"https:\/\/sic.nodscloud.com\/universidad-kennedy\/wp-content\/uploads\/sites\/18\/2022\/08\/Brochure-Comercial-Plan-de-Estudiso.pdf\" target=\"_blank\" rel=\"noopener\">Contador P\u00fablico<\/a><\/strong><\/p>\n<p style=\"text-align: center;\"><strong><a href=\"https:\/\/sic.nodscloud.com\/universidad-kennedy\/wp-content\/uploads\/sites\/18\/2022\/08\/Brochure-Comercial-1.pdf\" target=\"_blank\" rel=\"noopener\">Comercializaci\u00f3n<\/a><\/strong><\/p>\n<p style=\"text-align: center;\"><a href=\"https:\/\/sic.nodscloud.com\/universidad-kennedy\/wp-content\/uploads\/sites\/18\/2022\/08\/Brochure-Comercial-Plan-de-Estudios-1-1.pdf\" target=\"_blank\" rel=\"noopener\"><strong>Comercio Internacional<\/strong><\/a><\/p>\n<p style=\"text-align: center;\"><strong><a href=\"https:\/\/sic.nodscloud.com\/universidad-kennedy\/wp-content\/uploads\/sites\/18\/2022\/08\/Brochure-COmercial-Plan-de-Estudios-8.pdf\" target=\"_blank\" rel=\"noopener\">Dise\u00f10 Gr\u00e1fico<\/a><\/strong><\/p>\n<p style=\"text-align: center;\"><strong><a href=\"https:\/\/sic.nodscloud.com\/universidad-kennedy\/wp-content\/uploads\/sites\/18\/2022\/08\/Brochure-Comercial-Plan-de-Estudios-7.pdf\" target=\"_blank\" rel=\"noopener\">Periodismo y Comunicaci\u00f3n<\/a><\/strong><\/p>\n<p style=\"text-align: center;\"><strong><a href=\"https:\/\/sic.nodscloud.com\/universidad-kennedy\/wp-content\/uploads\/sites\/18\/2022\/08\/Brochure-Comercial-Psicopedagogia.pdf\" target=\"_blank\" rel=\"noopener\">Psicopedagog\u00eda<\/a><\/strong><\/p>\n<p style=\"text-align: center;\"><strong><a href=\"https:\/\/sic.nodscloud.com\/universidad-kennedy\/wp-content\/uploads\/sites\/18\/2022\/08\/Brochure-Comercial-Plan-de-estudios-6.pdf\" target=\"_blank\" rel=\"noopener\">Publicidad<\/a><\/strong><\/p>\n<p style=\"text-align: center;\"><strong><a href=\"https:\/\/sic.nodscloud.com\/universidad-kennedy\/wp-content\/uploads\/sites\/18\/2022\/08\/Brochure-Comercial-Plan-de-Estudios-5.pdf\" target=\"_blank\" rel=\"noopener\">Relaciones Laborales<\/a><\/strong><\/p>\n<p style=\"text-align: center;\"><strong><a href=\"https:\/\/sic.nodscloud.com\/universidad-kennedy\/wp-content\/uploads\/sites\/18\/2022\/08\/Brochure-Comercial-Plan-de-Estudios-4.pdf\" target=\"_blank\" rel=\"noopener\">Relaciones P\u00fablicas<\/a><\/strong><\/p>\n<p style=\"text-align: center;\"><strong><a href=\"https:\/\/sic.nodscloud.com\/universidad-kennedy\/wp-content\/uploads\/sites\/18\/2022\/08\/Brochure-Comercial-Plan-de-Estudios-3.pdf\" target=\"_blank\" rel=\"noopener\">Servicio Social<\/a><\/strong><\/p>\n<p style=\"text-align: center;\"><strong><a href=\"https:\/\/sic.nodscloud.com\/universidad-kennedy\/wp-content\/uploads\/sites\/18\/2022\/08\/Brochure-Comercial-Plan-de-Estudios-2.pdf\" target=\"_blank\" rel=\"noopener\">Turismo<\/a><\/strong><\/p>\n<p>&nbsp;<\/p>\n<p>&nbsp;<\/p>\n<p style=\"text-align: center;\"><strong><a href=\"https:\/\/sic.nodscloud.com\/nodsglobal\/wp-content\/uploads\/sites\/3\/2022\/02\/Maestri\u0301a-en-Psicoana\u0301lisis.pdf\" target=\"_blank\" rel=\"noopener\">Maestr\u00eda en Psicoan\u00e1lisis<\/a><\/strong><br \/>\nEspecializaci\u00f3n en Farmacia Industrial. Orientaci\u00f3n Productos M\u00e9dicos<br \/>\n<strong><a href=\"https:\/\/sic.nodscloud.com\/nodsglobal\/wp-content\/uploads\/sites\/3\/2022\/02\/Especializacio\u0301n-en-Ortodoncia-y-Ortopedia-Maxilar.pdf\" target=\"_blank\" rel=\"noopener\">Especializaci\u00f3n en Ortodoncia y Ortopedia Maxilar<\/a><\/strong><br \/>\n<strong><a href=\"https:\/\/sic.nodscloud.com\/nodsglobal\/wp-content\/uploads\/sites\/3\/2022\/02\/Especialidad-en-Psicologi\u0301a-Cli\u0301nica.pdf\" target=\"_blank\" rel=\"noopener\">Especializaci\u00f3n en Psicolog\u00eda Cl\u00ednica<\/a><\/strong><br \/>\n<strong><a href=\"https:\/\/sic.nodscloud.com\/nodsglobal\/wp-content\/uploads\/sites\/3\/2022\/02\/Doctorado-en-Derecho.pdf\" target=\"_blank\" rel=\"noopener\">Doctorado en Derecho<\/a><\/strong><br \/>\nEspecializaci\u00f3n en Farmacia Comunitaria<br \/>\nEspecializaci\u00f3n en Sistemas de Informaci\u00f3n<br \/>\n<strong><a href=\"https:\/\/sic.nodscloud.com\/nodsglobal\/wp-content\/uploads\/sites\/3\/2022\/02\/Maestri\u0301a-en-Seguridad-Pu\u0301blica.pdf\" target=\"_blank\" rel=\"noopener\">Maestr\u00eda en Seguridad P\u00fablica<\/a><\/strong><br \/>\n<strong><a href=\"https:\/\/sic.nodscloud.com\/nodsglobal\/wp-content\/uploads\/sites\/3\/2022\/02\/Maestri\u0301a-en-Criminologi\u0301a.pdf\" target=\"_blank\" rel=\"noopener\">Maestr\u00eda en Criminolog\u00eda<\/a><\/strong><br \/>\n<strong><a href=\"https:\/\/sic.nodscloud.com\/nodsglobal\/wp-content\/uploads\/sites\/3\/2022\/02\/Maestri\u0301a-en-Derecho-Penal-y-Justicia-Internacional.pdf\" target=\"_blank\" rel=\"noopener\">Maestr\u00eda en Derecho Penal y Justicia Internacional<\/a><\/strong><br \/>\nPostdoctorado en Psicolog\u00eda Social<br \/>\nMaestr\u00eda en Negocios. Orientaci\u00f3n en Gesti\u00f3n e Innovaci\u00f3n Tecnol\u00f3gica (MBA)<\/p>\n<p>&nbsp;<\/p>\n<p>&nbsp;<\/p>\n<p>&nbsp;<\/p>\n<p>.<\/p>\n","protected":false},"excerpt":{"rendered":"<p>Brochures &#8211; KENNEDY Brochures de Pregrados Tecnicatura en Martillero P\u00fablico y Corredor Tecnicatura en Organizaci\u00f3n de Eventos Tecnicatura en Gesti\u00f3n de Operaciones Log\u00edsticas Tecnicatura en Seguridad e Higiene en el Trabajo Tecnicatura en Seguros Tecnicatura en Seguridad Empresarial\u00a0 Tecnicatura en Tegnolog\u00eda de Informaci\u00f3n &nbsp; &nbsp;&#8230;<\/p>\n","protected":false},"author":16,"featured_media":0,"parent":0,"menu_order":0,"comment_status":"closed","ping_status":"closed","template":"","meta":{"footnotes":""},"class_list":["post-2654","page","type-page","status-publish","hentry"],"aioseo_notices":[],"_links":{"self":[{"href":"https:\/\/sic.nodscloud.com\/nodsglobal\/wp-json\/wp\/v2\/pages\/2654","targetHints":{"allow":["GET"]}}],"collection":[{"href":"https:\/\/sic.nodscloud.com\/nodsglobal\/wp-json\/wp\/v2\/pages"}],"about":[{"href":"https:\/\/sic.nodscloud.com\/nodsglobal\/wp-json\/wp\/v2\/types\/page"}],"author":[{"embeddable":true,"href":"https:\/\/sic.nodscloud.com\/nodsglobal\/wp-json\/wp\/v2\/users\/16"}],"replies":[{"embeddable":true,"href":"https:\/\/sic.nodscloud.com\/nodsglobal\/wp-json\/wp\/v2\/comments?post=2654"}],"version-history":[{"count":3,"href":"https:\/\/sic.nodscloud.com\/nodsglobal\/wp-json\/wp\/v2\/pages\/2654\/revisions"}],"predecessor-version":[{"id":3443,"href":"https:\/\/sic.nodscloud.com\/nodsglobal\/wp-json\/wp\/v2\/pages\/2654\/revisions\/3443"}],"wp:attachment":[{"href":"https:\/\/sic.nodscloud.com\/nodsglobal\/wp-json\/wp\/v2\/media?parent=2654"}],"curies":[{"name":"wp","href":"https:\/\/api.w.org\/{rel}","templated":true}]}}