
{"id":2658,"date":"2022-02-10T19:08:06","date_gmt":"2022-02-10T19:08:06","guid":{"rendered":"https:\/\/sic.nodscloud.com\/nodsglobal\/?page_id=2658"},"modified":"2023-03-29T18:17:08","modified_gmt":"2023-03-29T18:17:08","slug":"requisitos-de-inscripcion-kennedy","status":"publish","type":"page","link":"https:\/\/sic.nodscloud.com\/nodsglobal\/requisitos-de-inscripcion-kennedy\/","title":{"rendered":"Requisitos de inscripci\u00f3n &#8211; KENNEDY\u00a0"},"content":{"rendered":"<h1 style=\"text-align: center;\"><b>Requisitos de ingreso<\/b><\/h1>\n<h1 style=\"text-align: center;\"><b>KENNEDY\u00a0<\/b><\/h1>\n<h3><strong>REQUISITOS DE INGRESO PARA GRADO<\/strong><\/h3>\n<p><strong>Nota:\u00a0<\/strong>Toda la documentaci\u00f3n debe ser presentada en formato digital (Archivo pdf). La Universidad archiva s\u00f3lo documentaci\u00f3n digital.<\/p>\n<h4><strong>1- Si terminaste el nivel medio en la Argentina:<\/strong><\/h4>\n<ul>\n<li><strong>T\u00edtulo secundario original legalizado<\/strong>.\n<ul>\n<li>Si lo terminaste en Provincia de Buenos Aires o en el Interior del pa\u00eds antes del a\u00f1o 2010, debes legalizarlo por el Ministerio del Interior. En el siguiente link ten\u00e9s informaci\u00f3n sobre c\u00f3mo realizar ese tr\u00e1mite en forma online, gratuita y \u00e1gil:\u00a0<a href=\"https:\/\/www.argentina.gob.ar\/servicio\/legalizar-documentos-publicos\" target=\"_blank\" rel=\"noreferrer noopener\">Legalizar Documentos P\u00fablicos | Argentina.gob.ar<\/a><\/li>\n<\/ul>\n<ul>\n<li>Si tu t\u00edtulo est\u00e1<strong>\u00a0en tr\u00e1mite<\/strong>: ped\u00ed el Certificado de T\u00edtulo Secundario en Tr\u00e1mite en el establecimiento en donde terminaste el secundario. Esta constancia tendr\u00e1 validez durante un plazo de 60 d\u00edas a partir de la inscripci\u00f3n. Antes de finalizado el plazo, deber\u00e1s\u00a0entregar el T\u00edtulo definitivo original legalizado para poder anotarte a ex\u00e1menes finales.<\/li>\n<li>Si<strong>\u00a0deb\u00e9s como m\u00e1ximo 2 materias<\/strong>: present\u00e1 la constancia expedida por el establecimiento correspondiente, donde se mencionen las materias que deb\u00e9s. Dicho comprobante tendr\u00e1 una validez de 60 d\u00edas. Deber\u00e1s aprobar las materias adeudadas del ciclo medio como requisito para poder inscribirte a ex\u00e1menes finales. Cuando las apruebes, deber\u00e1s presentar el Certificado de T\u00edtulo Secundario en Tr\u00e1mite.<\/li>\n<\/ul>\n<\/li>\n<\/ul>\n<ul>\n<li><strong>Una fotograf\u00eda actual tuya de frente fondo blanco tipo foto documento<\/strong>.<\/li>\n<li><strong>DNI<\/strong>\u00a0(Ambas caras).<\/li>\n<li><strong>Contrato de Estudiante firmado,\u00a0<\/strong>para bajarlo hace\u00a0<a href=\"https:\/\/www.kennedy.edu.ar\/wp-content\/uploads\/2022\/06\/Contrato-ingresantes.pdf\">clic aqu\u00ed.<\/a>\u00a0(Enviar las cuatro hojas del mismo).<\/li>\n<\/ul>\n<p>&nbsp;<\/p>\n<p>&nbsp;<\/p>\n<h4><strong>2- Si terminaste el nivel medio en otro pa\u00eds:<\/strong><\/h4>\n<ul>\n<li><strong>Certificado de estudios secundarios del pa\u00eds de origen<\/strong>\n<ul>\n<li>Tiene que estar legalizado por las autoridades educativas del pa\u00eds de origen, por el Consulado Argentino en esa naci\u00f3n y por el Ministerio de Relaciones Exteriores en la Argentina. Si el idioma original no es espa\u00f1ol, deber\u00e1s realizar una traducci\u00f3n por un Traductor P\u00fablico Nacional.<\/li>\n<li>Adem\u00e1s,<strong>\u00a0es obligatoria la convalidaci\u00f3n del t\u00edtulo secundario.<\/strong>\u00a0Para hacerlo ten\u00e9s que sacar turno en la Direcci\u00f3n de Validez Nacional de T\u00edtulos y Estudios haciendo clic\u00a0<a href=\"https:\/\/titulosvalidez.educacion.gob.ar\/validez\/v_turnos\/inicio10.php\">aqu\u00ed<\/a>, y luego deber\u00e1s presentar la documentaci\u00f3n requerida en\u00a0Montevideo 950, CABA.<\/li>\n<\/ul>\n<\/li>\n<li><strong>Una fotograf\u00eda actual tuya de frente fondo blanco tipo foto documento.<\/strong><\/li>\n<li><strong>Contrato de Estudiante firmado,\u00a0<\/strong>para bajarlo hace clic aqu\u00ed. (Enviar las cuatro hojas del mismo).<\/li>\n<li><strong>DNI:\u00a0<\/strong>Documento Nacional de Identidad o la documentaci\u00f3n migratoria que te haya otorgado la Direcci\u00f3n Nacional de Migraciones (Av. Ant\u00e1rtida Argentina 1355, CABA). (Ambas caras)<\/li>\n<\/ul>\n<p>&nbsp;<\/p>\n<p>&nbsp;<\/p>\n<p><strong>3- Ingreso a trav\u00e9s del art\u00edculo 7 de la Ley Federal de Educaci\u00f3n Superior Nro. 24.521<\/strong><\/p>\n<p>Para mayores de 25 a\u00f1os que acrediten estudios y\/o actividades laborales relacionadas a la carrera universitaria elegida.<\/p>\n<p>Documentaci\u00f3n a presentar:<\/p>\n<ul>\n<li>Certificaci\u00f3n de estudios primarios completos.<\/li>\n<li>Certificaci\u00f3n de estudios secundarios (hasta donde los haya realizado)<\/li>\n<li>Actividades Laborales ampliamente detalladas (Curriculum Vitae)<\/li>\n<li>Fotocopia de primera y segunda hoja del DNI.<\/li>\n<li>Carta dirigida al Rectorado de la Universidad Kennedy, solicitando el ingreso a la carrera de su inter\u00e9s y explicando los motivos. Adem\u00e1s, deber\u00e1 incluir sus datos personales.<\/li>\n<\/ul>\n<p>La Resoluci\u00f3n final con la aprobaci\u00f3n del ingreso o rechazo de la solicitud ser\u00e1 expedida por la Secretar\u00eda del Consejo Acad\u00e9mico y el Gabinete de Planeamiento y Desarrollo Educativo.<\/p>\n<p>Una vez evaluada la informaci\u00f3n y la documentaci\u00f3n presentada, la Universidad se pondr\u00e1 en contacto con el interesado o interesada para una entrevista personal.<\/p>\n<p>&nbsp;<\/p>\n<p>&nbsp;<\/p>\n<p>&nbsp;<\/p>\n<p><b>Para poder inscribirse al posgrado solicitado, la Universidad Kennedy tiene un proceso de selecci\u00f3n de los alumnos habilitados para el cursado. Asimismo, los son requisitos:<\/b><\/p>\n<ul>\n<li style=\"font-weight: 400;\" aria-level=\"1\"><span style=\"font-weight: 400;\">T\u00edtulo Universitario o constancia de t\u00edtulo en tr\u00e1mite\u00a0<\/span><\/li>\n<li style=\"font-weight: 400;\" aria-level=\"1\"><span style=\"font-weight: 400;\">Una foto 4&#215;4\u00a0<\/span><\/li>\n<li style=\"font-weight: 400;\" aria-level=\"1\"><span style=\"font-weight: 400;\">Fotocopia del Documento Nacional de Identidad (1\u00ba y 2\u00ba hojas).\u00a0<\/span><\/li>\n<li style=\"font-weight: 400;\" aria-level=\"1\"><strong><a href=\"https:\/\/sic.nodscloud.com\/nodsglobal\/wp-content\/uploads\/sites\/3\/2022\/02\/Contrato-ingresante-en-blanco-2022.pdf\" target=\"_blank\" rel=\"noopener\">Contrato\u00a0<\/a><\/strong><\/li>\n<li aria-level=\"1\">*Certificado de vacunas contra HEPATITIS B Y TRIPLE DE ADULTOS (solo para el posgrado en Especializaci\u00f3n en Ortodoncia y Ortopedia Maxilar)<\/li>\n<\/ul>\n<p><span style=\"font-weight: 400;\">Una vez presentada la documentaci\u00f3n en forma digital que deber\u00e1 enviar a <\/span><a href=\"mailto:admisionesposgrados@kennedy.edu.ar\"><span style=\"font-weight: 400;\">admisionesposgrados@kennedy.edu.ar<\/span><\/a><span style=\"font-weight: 400;\">, y lo pondremos en contacto con el Director del posgrado o el Comit\u00e9 Acad\u00e9mico para <\/span><b>coordinar su entrevista acad\u00e9mica.<\/b><\/p>\n<ul>\n<li aria-level=\"1\"><b>\u00a0Y ser\u00e1 requisito la aprobaci\u00f3n de admisi\u00f3n por parte de la Autoridad Acad\u00e9mica del Posgrado.<\/b><\/li>\n<\/ul>\n<p>&nbsp;<\/p>\n<p>&nbsp;<\/p>\n<p>&nbsp;<\/p>\n<p>&nbsp;<\/p>\n<p>&nbsp;<\/p>\n<table style=\"height: 1425px;\" width=\"923\">\n<tbody>\n<tr>\n<td>\n<p style=\"text-align: left;\"><b>PROGRAMA<\/b><\/p>\n<\/td>\n<td style=\"text-align: left;\"><b>T\u00cdTULO HABILITANTE<\/b><\/td>\n<td>\n<p style=\"text-align: left;\"><b>REQUISITOS<\/b><\/p>\n<\/td>\n<\/tr>\n<tr>\n<td>\n<p style=\"text-align: left;\"><b>Especialidad en Farmacia Industrial- orientaci\u00f3n en productos m\u00e9dicos<\/b><\/p>\n<\/td>\n<td>\n<p style=\"text-align: left;\">FARMAC\u00c9UTICOS<\/p>\n<\/td>\n<td>\n<p style=\"text-align: left;\">T\u00edtulo, DNI, Contrato, 1 Foto 4X4, Admisi\u00f3n<\/p>\n<\/td>\n<\/tr>\n<tr>\n<td>\n<p style=\"text-align: left;\"><b>Especialidad en Ortodoncia y Ortopedia Maxilar<\/b><\/p>\n<\/td>\n<td>\n<p style=\"text-align: left;\">ODONT\u00d3LOGOS<\/p>\n<\/td>\n<td>\n<p style=\"text-align: left;\">T\u00edtulo, DNI, Contrato, 1 Foto 4X4, Admisi\u00f3n, Vacunas contra la Hepatitis B y Triple de adultos,<\/p>\n<\/td>\n<\/tr>\n<tr>\n<td>\n<p style=\"text-align: left;\"><b>Especialidad en Psicolog\u00eda Cl\u00ednica<\/b><\/p>\n<\/td>\n<td>\n<p style=\"text-align: left;\">MEDICOS Y PSICOLOGOS<\/p>\n<\/td>\n<td>\n<p style=\"text-align: left;\">T\u00edtulo, DNI, Contrato, 1 Foto 4X4, Admisi\u00f3n<\/p>\n<\/td>\n<\/tr>\n<tr>\n<td>\n<p style=\"text-align: left;\"><b>Especialidad en Sistemas de Informaci\u00f3n\u00a0<\/b><\/p>\n<\/td>\n<td style=\"text-align: left;\"><\/td>\n<td>\n<p style=\"text-align: left;\">T\u00edtulo, DNI, Contrato, 1 Foto 4X4, Admisi\u00f3n<\/p>\n<\/td>\n<\/tr>\n<tr>\n<td>\n<p style=\"text-align: left;\"><b>Doctorado en Derecho<\/b><\/p>\n<\/td>\n<td>\n<p style=\"text-align: left;\">Abogado<\/p>\n<\/td>\n<td>\n<p style=\"text-align: left;\">T\u00edtulo, DNI, Contrato, 1 Foto 4X4, Admisi\u00f3n<\/p>\n<\/td>\n<\/tr>\n<tr>\n<td>\n<p style=\"text-align: left;\"><b>Maestr\u00eda en Derecho Penal y Justicia Internacional<\/b><\/p>\n<\/td>\n<td>\n<p style=\"text-align: left;\">Abogado<\/p>\n<\/td>\n<td>\n<p style=\"text-align: left;\">T\u00edtulo, DNI, Contrato, 1 Foto 4X4, Admisi\u00f3n<\/p>\n<\/td>\n<\/tr>\n<tr>\n<td>\n<p style=\"text-align: left;\"><b>Maestr\u00eda en Criminolog\u00eda<\/b><\/p>\n<\/td>\n<td>\n<p style=\"text-align: left;\">Psic\u00f3logo, m\u00e9dico, abogado, soci\u00f3logo, trabajador social, psicopedagogo.<br \/>\nNo se han dado casos de Licenciados en Qu\u00edmica, F\u00edsica o Ciencias Naturales, pero tambi\u00e9n est\u00e1n habilitados.<\/p>\n<\/td>\n<td>\n<p style=\"text-align: left;\">T\u00edtulo, DNI, Contrato, 1 Foto 4X4, Admisi\u00f3n<\/p>\n<\/td>\n<\/tr>\n<tr>\n<td>\n<p style=\"text-align: left;\"><b>Maestr\u00eda en Psicoan\u00e1lisis<\/b><\/p>\n<\/td>\n<td>\n<p style=\"text-align: left;\">Licenciado en Antropolog\u00eda, Ciencias de la Educaci\u00f3n, Ciencias Sociales (en general), Derecho, Psicolog\u00eda, Doctorado en Psicolog\u00eda Social, Filosof\u00eda, Historia, Letras, Medicina, Psicopedagog\u00eda, Servicio Social o Sociolog\u00eda, otorgado por Universidades argentinas reconocidas por el Ministerio de Educaci\u00f3n, Ciencia y Tecnolog\u00eda de la Naci\u00f3n o por Universidades extranjeras reconocidas por autoridades de su pa\u00eds.<\/p>\n<\/td>\n<td>\n<p style=\"text-align: left;\">T\u00edtulo, DNI, Contrato, 1 Foto 4X4, Admisi\u00f3n<\/p>\n<\/td>\n<\/tr>\n<tr>\n<td>\n<p style=\"text-align: left;\"><b>Especialidad en Farmacia Comunitaria- Virtual<\/b><\/p>\n<\/td>\n<td>\n<p style=\"text-align: left;\">FARMACEUTICOS<\/p>\n<\/td>\n<td>\n<p style=\"text-align: left;\">T\u00edtulo, DNI, Contrato, 1 Foto 4X4, Admisi\u00f3n<\/p>\n<\/td>\n<\/tr>\n<tr>\n<td>\n<p style=\"text-align: left;\"><b>Maestr\u00eda en Negocios &#8211; Orientaci\u00f3n Gesti\u00f3n e Innovaci\u00f3n Tecnol\u00f3gica &#8211; (MBA)<\/b><\/p>\n<\/td>\n<td>\n<p style=\"text-align: left;\">T\u00edtulo universitario expedido por una universidad argentina reconocida oficialmente<\/p>\n<\/td>\n<td>\n<p style=\"text-align: left;\">T\u00edtulo, DNI, Contrato, 1 Foto 4X4, Admisi\u00f3n<\/p>\n<\/td>\n<\/tr>\n<tr>\n<td>\n<p style=\"text-align: left;\"><b>MAESTR\u00cdA EN SEGURIDAD PUBLICA<\/b><\/p>\n<\/td>\n<td>\n<p style=\"text-align: left;\">Abogados<\/p>\n<p style=\"text-align: left;\">Lic. en Seguridad \/ Criminal\u00edstica \/ Accidentolog\u00eda \/ Seguridad Vial \/ Ciencia Pol\u00edtica \/ Trabajo Social \/ Psicolog\u00eda \/ Sociolog\u00eda y Relaciones Internacionales.<\/p>\n<p style=\"text-align: left;\">Egresados de los Institutos Universitarios de las Fuerzas Armadas, Fuerzas de Seguridad y Fuerzas Policiales de Argentina y otros pa\u00edses que posean t\u00edtulos de grado de nivel superior.<\/p>\n<p style=\"text-align: left;\">Otros t\u00edtulos de grado de nivel superior (cuatro o m\u00e1s a\u00f1os de duraci\u00f3n) que, a juicio y por resoluci\u00f3n fundada del Comit\u00e9 Cient\u00edfico, puedan asimilarse a los anteriores.<\/p>\n<\/td>\n<td>\n<p style=\"text-align: left;\">T\u00edtulo, DNI, Contrato, 1 Foto 4X4, Admisi\u00f3n<\/p>\n<\/td>\n<\/tr>\n<\/tbody>\n<\/table>\n<p>&nbsp;<\/p>\n<p>&nbsp;<\/p>\n<p>&nbsp;<\/p>\n<p>.<\/p>\n<p>&nbsp;<\/p>\n","protected":false},"excerpt":{"rendered":"<p>Requisitos de ingreso KENNEDY\u00a0 REQUISITOS DE INGRESO PARA GRADO Nota:\u00a0Toda la documentaci\u00f3n debe ser presentada en formato digital (Archivo pdf). La Universidad archiva s\u00f3lo documentaci\u00f3n digital. 1- Si terminaste el nivel medio en la Argentina: T\u00edtulo secundario original legalizado. Si lo terminaste en Provincia de&#8230;<\/p>\n","protected":false},"author":16,"featured_media":0,"parent":0,"menu_order":0,"comment_status":"closed","ping_status":"closed","template":"","meta":{"footnotes":""},"class_list":["post-2658","page","type-page","status-publish","hentry"],"aioseo_notices":[],"_links":{"self":[{"href":"https:\/\/sic.nodscloud.com\/nodsglobal\/wp-json\/wp\/v2\/pages\/2658","targetHints":{"allow":["GET"]}}],"collection":[{"href":"https:\/\/sic.nodscloud.com\/nodsglobal\/wp-json\/wp\/v2\/pages"}],"about":[{"href":"https:\/\/sic.nodscloud.com\/nodsglobal\/wp-json\/wp\/v2\/types\/page"}],"author":[{"embeddable":true,"href":"https:\/\/sic.nodscloud.com\/nodsglobal\/wp-json\/wp\/v2\/users\/16"}],"replies":[{"embeddable":true,"href":"https:\/\/sic.nodscloud.com\/nodsglobal\/wp-json\/wp\/v2\/comments?post=2658"}],"version-history":[{"count":8,"href":"https:\/\/sic.nodscloud.com\/nodsglobal\/wp-json\/wp\/v2\/pages\/2658\/revisions"}],"predecessor-version":[{"id":2677,"href":"https:\/\/sic.nodscloud.com\/nodsglobal\/wp-json\/wp\/v2\/pages\/2658\/revisions\/2677"}],"wp:attachment":[{"href":"https:\/\/sic.nodscloud.com\/nodsglobal\/wp-json\/wp\/v2\/media?parent=2658"}],"curies":[{"name":"wp","href":"https:\/\/api.w.org\/{rel}","templated":true}]}}