
{"id":2668,"date":"2022-02-11T18:53:33","date_gmt":"2022-02-11T18:53:33","guid":{"rendered":"https:\/\/sic.nodscloud.com\/nodsglobal\/?page_id=2668"},"modified":"2023-03-29T18:20:30","modified_gmt":"2023-03-29T18:20:30","slug":"medios-de-pago-kennedy","status":"publish","type":"page","link":"https:\/\/sic.nodscloud.com\/nodsglobal\/medios-de-pago-kennedy\/","title":{"rendered":"Medios de pago &#8211;  KENNEDY"},"content":{"rendered":"<h1 style=\"text-align: center;\"><b>MEDIOS DE PAGO <\/b><\/h1>\n<h1 style=\"text-align: center;\"><b>KENNEDY<\/b><\/h1>\n<p>&nbsp;<\/p>\n<h3><span style=\"color: #0000ff;\"><b>FORMAS DE PAGO \u2013 CARRERAS DE GRADO Y PREGRADO<\/b><\/span><\/h3>\n<p><strong>Se abona en forma semestral.<br \/>\n<\/strong>En cada semestre abonar\u00e1s una matr\u00edcula y el arancel semestral que te permitir\u00e1 cursar hasta 6 materias.\u00a0\u00a0<span data-ccp-props=\"{&quot;201341983&quot;:0,&quot;335559739&quot;:160,&quot;335559740&quot;:259}\">\u00a0<\/span><\/p>\n<ul>\n<li><b><span data-contrast=\"none\">Matr\u00edcula semestral: $<\/span><\/b><span data-contrast=\"none\">\u202f (*)<\/span><span data-contrast=\"none\"><br \/>\n<\/span><span data-contrast=\"none\">Hasta el (*) ten\u00e9s un\u00a0 \u00a0(*)% de descuento: Valor final de la matr\u00edcula: $<\/span>&nbsp;<\/p>\n<p>&nbsp;<\/li>\n<li><b><span data-contrast=\"none\">Arancelamiento<br \/>\n<\/span><\/b><b><span data-contrast=\"none\">Por Cursada:<br \/>\n<\/span><\/b>1 pago de $<span data-ccp-props=\"{&quot;201341983&quot;:0,&quot;335551550&quot;:1,&quot;335551620&quot;:1,&quot;335559685&quot;:0,&quot;335559739&quot;:160,&quot;335559740&quot;:259}\"><br \/>\n<\/span>3 cuotas mensuales de $<span data-ccp-props=\"{&quot;201341983&quot;:0,&quot;335551550&quot;:1,&quot;335551620&quot;:1,&quot;335559685&quot;:1416,&quot;335559731&quot;:708,&quot;335559739&quot;:160,&quot;335559740&quot;:259}\"><br \/>\n<\/span>6 cuotas mensuales de $<span data-ccp-props=\"{&quot;201341983&quot;:0,&quot;335551550&quot;:1,&quot;335551620&quot;:1,&quot;335559685&quot;:1416,&quot;335559731&quot;:708,&quot;335559739&quot;:160,&quot;335559740&quot;:259}\"><br \/>\n<\/span><b><span data-contrast=\"none\"><br \/>\nPor materia:<\/span><\/b><br \/>\n<span data-contrast=\"none\">1 pago de $<\/span><span data-ccp-props=\"{&quot;201341983&quot;:0,&quot;335551550&quot;:1,&quot;335551620&quot;:1,&quot;335559685&quot;:0,&quot;335559739&quot;:160,&quot;335559740&quot;:259}\"><br \/>\n<\/span>3 cuotas mensuales de $<span data-ccp-props=\"{&quot;201341983&quot;:0,&quot;335551550&quot;:1,&quot;335551620&quot;:1,&quot;335559685&quot;:1416,&quot;335559731&quot;:708,&quot;335559739&quot;:160,&quot;335559740&quot;:259}\"><br \/>\n<\/span>6 cuotas mensuales de $<span data-ccp-props=\"{&quot;201341983&quot;:0,&quot;335551550&quot;:1,&quot;335551620&quot;:1,&quot;335559685&quot;:1416,&quot;335559731&quot;:708,&quot;335559739&quot;:160,&quot;335559740&quot;:259}\">\u00a0<\/span><\/li>\n<\/ul>\n<p><span data-contrast=\"none\">Este arancel incluye la inscripci\u00f3n a ex\u00e1menes finales en cualquiera de los tres turnos posteriores a la cursada de la asignatura.<\/span><span data-contrast=\"none\">\u00a0\u00a0<\/span><span data-ccp-props=\"{&quot;201341983&quot;:0,&quot;335559685&quot;:0,&quot;335559739&quot;:160,&quot;335559740&quot;:259}\">\u00a0<\/span><\/p>\n<p><span style=\"font-weight: 400;\">\u00a0<\/span><\/p>\n<h3><span style=\"color: #0000ff;\"><b>FORMAS DE PAGO \u2013 CARRERAS DE POSGRADO<\/b><\/span><\/h3>\n<p><span style=\"font-weight: 400;\">\u2013 KENNEDY ofrece una <\/span><b>financiaci\u00f3n de hasta 12 cuotas<\/b><span style=\"font-weight: 400;\"> en sus aranceles anuales, pero esa financiaci\u00f3n la debe pagar el alumno desde el link de pago que le mandamos desde el portal acad\u00e9mico.\u00a0<\/span><\/p>\n<p><span style=\"font-weight: 400;\">\u00a0<\/span><\/p>\n<p>&nbsp;<\/p>\n<p><span style=\"font-weight: 400;\">\u2013 <\/span><b>El Link de Pago lo enviamos nosotros<\/b><span style=\"font-weight: 400;\"> desde el portal acad\u00e9mico de la universidad \u201cUK CUENTAS CORRIENTES\u201d <\/span><b>una vez que el director de la carrera nos confirme su ingreso<\/b><span style=\"font-weight: 400;\"> al posgrado.\u00a0<\/span><\/p>\n<p>&nbsp;<\/p>\n<p><span style=\"font-weight: 400;\">\u2013 Las <\/span><b>modalidades de pago<\/b><span style=\"font-weight: 400;\"> son:<\/span><\/p>\n<ol>\n<li><span style=\"font-weight: 400;\"> Con tarjeta de cr\u00e9dito y d\u00e9bito.<\/span><\/li>\n<li><span style=\"font-weight: 400;\"> Home banking (DEBIN, PagoMisCuentas, Link Pagos)<\/span><\/li>\n<li><span style=\"font-weight: 400;\"> Cupon de pago en efectivo (Pago F\u00e1cil, Rapipago, \u2026)<\/span><\/li>\n<\/ol>\n<p>&nbsp;<\/p>\n<p><span style=\"font-weight: 400;\">* Los pagos se deben realizar del 1 al 10 de cada mes.<\/span><\/p>\n<p><span style=\"font-weight: 400;\">** Si el alumno decide abonar con tarjeta de cr\u00e9dito en cuotas puede que la tarjeta agregue intereses, no la universidad.<\/span><\/p>\n<p>&nbsp;<\/p>\n<p>&nbsp;<\/p>\n<p>.<\/p>\n","protected":false},"excerpt":{"rendered":"<p>MEDIOS DE PAGO KENNEDY &nbsp; FORMAS DE PAGO \u2013 CARRERAS DE GRADO Y PREGRADO Se abona en forma semestral. En cada semestre abonar\u00e1s una matr\u00edcula y el arancel semestral que te permitir\u00e1 cursar hasta 6 materias.\u00a0\u00a0\u00a0 Matr\u00edcula semestral: $\u202f (*) Hasta el (*) ten\u00e9s un\u00a0&#8230;<\/p>\n","protected":false},"author":16,"featured_media":0,"parent":0,"menu_order":0,"comment_status":"closed","ping_status":"closed","template":"","meta":{"footnotes":""},"class_list":["post-2668","page","type-page","status-publish","hentry"],"aioseo_notices":[],"_links":{"self":[{"href":"https:\/\/sic.nodscloud.com\/nodsglobal\/wp-json\/wp\/v2\/pages\/2668","targetHints":{"allow":["GET"]}}],"collection":[{"href":"https:\/\/sic.nodscloud.com\/nodsglobal\/wp-json\/wp\/v2\/pages"}],"about":[{"href":"https:\/\/sic.nodscloud.com\/nodsglobal\/wp-json\/wp\/v2\/types\/page"}],"author":[{"embeddable":true,"href":"https:\/\/sic.nodscloud.com\/nodsglobal\/wp-json\/wp\/v2\/users\/16"}],"replies":[{"embeddable":true,"href":"https:\/\/sic.nodscloud.com\/nodsglobal\/wp-json\/wp\/v2\/comments?post=2668"}],"version-history":[{"count":3,"href":"https:\/\/sic.nodscloud.com\/nodsglobal\/wp-json\/wp\/v2\/pages\/2668\/revisions"}],"predecessor-version":[{"id":3316,"href":"https:\/\/sic.nodscloud.com\/nodsglobal\/wp-json\/wp\/v2\/pages\/2668\/revisions\/3316"}],"wp:attachment":[{"href":"https:\/\/sic.nodscloud.com\/nodsglobal\/wp-json\/wp\/v2\/media?parent=2668"}],"curies":[{"name":"wp","href":"https:\/\/api.w.org\/{rel}","templated":true}]}}