
{"id":2681,"date":"2022-02-14T15:22:13","date_gmt":"2022-02-14T15:22:13","guid":{"rendered":"https:\/\/sic.nodscloud.com\/nodsglobal\/?page_id=2681"},"modified":"2022-08-31T18:34:28","modified_gmt":"2022-08-31T18:34:28","slug":"proceso-de-admision-kennedy","status":"publish","type":"page","link":"https:\/\/sic.nodscloud.com\/nodsglobal\/proceso-de-admision-kennedy\/","title":{"rendered":"Proceso de admisi\u00f3n &#8211; KENNEDY"},"content":{"rendered":"<h1 style=\"text-align: center;\">Proceso de admisi\u00f3n<\/h1>\n<h1 style=\"text-align: center;\">KENNEDY<\/h1>\n<p>&nbsp;<\/p>\n<h4><\/h4>\n<h4 style=\"text-align: left;\"><span style=\"color: #800000;\">Proceso de admisi\u00f3n GRADO<\/span><\/h4>\n<p><a href=\"https:\/\/sic.nodscloud.com\/universidad-kennedy\/wp-content\/uploads\/sites\/18\/2022\/08\/Como-instalar-el-visor-de-aplicaciones-UK-2.pdf\" target=\"_blank\" rel=\"noopener\"><span style=\"color: #0000ff;\">Como instalar el visor de aplicaciones UK<\/span><\/a><\/p>\n<p><a href=\"https:\/\/sic.nodscloud.com\/universidad-kennedy\/wp-content\/uploads\/sites\/18\/2022\/08\/Ingresos-Punto-Kennedy-Co\u0301rdoba-y-Matriculacio\u0301n..pdf\" target=\"_blank\" rel=\"noopener\">Ingresos Punto Kennedy Co\u0301rdoba y Matriculacio\u0301n<\/a><\/p>\n<p>&nbsp;<\/p>\n<p>&nbsp;<\/p>\n<p>&nbsp;<\/p>\n<p>&nbsp;<\/p>\n<h4 style=\"text-align: left;\"><span style=\"color: #800000;\">Proceso de admisi\u00f3n POSGRADO<\/span><\/h4>\n<ol>\n<li><b> Se env\u00eda mail con la informaci\u00f3n del posgrado (sin copia al director) + llamada telef\u00f3nica.<\/b><\/li>\n<\/ol>\n<p>&nbsp;<\/p>\n<ol start=\"2\">\n<li><b> En funci\u00f3n de la respuesta verificaci\u00f3n que cumpla con los prerrequisitos:<br \/>\n<\/b><strong>A-<\/strong> Si cumple, se responde con copia a la autoridad acad\u00e9mica (ver lista de directores) poniendo en contacto al aspirante y al director.<br \/>\n<strong>B-<\/strong> El director avisa por mail a admisionesposgrados@kennedy.edu.ar la confirmaci\u00f3n de la admisi\u00f3n.<br \/>\n<strong>C-<\/strong> Se realiza el seguimiento de entrevista con el director.<br \/>\n<strong>D-<\/strong> Se carga la documentacion a la landing de KENNEDY <strong><a href=\"https:\/\/miportal.kennedy.edu.ar\/\" target=\"_blank\" rel=\"noopener\">https:\/\/miportal.kennedy.edu.ar\/<\/a><\/strong><\/li>\n<\/ol>\n<p>&nbsp;<\/p>\n<ol start=\"3\">\n<li><b> Una vez que se obtiene la devoluci\u00f3n de la autoridad acad\u00e9mica:<br \/>\n<\/b><strong>A-<\/strong> Si est\u00e1 apto, <a href=\"https:\/\/alumnoskennedyedu-my.sharepoint.com\/:f:\/g\/personal\/ecordova_kennedy_edu_ar\/EmRh2JE_9F5JkVT7lmSci-IBKmK4_ACL0owfqpfvjCOoNg?e=9gBKPk\" target=\"_blank\" rel=\"noopener\"><strong>guardamos la documentaci\u00f3n en el drive compartido con Kennedy<\/strong><\/a> y procedemos a realizar el ingreso, matricularlo y enviarle el link de pago de la matr\u00edcula.<br \/>\n<span style=\"font-weight: 400;\"><strong>B-<\/strong> Corroborar el pago de la matr\u00edcula<br \/>\n<\/span><strong>C-<\/strong> Ver si corresponder arancelar o esperar.<\/li>\n<\/ol>\n<p>&nbsp;<\/p>\n<p>&nbsp;<\/p>\n<p>&nbsp;<\/p>\n<p>&nbsp;<\/p>\n<table style=\"height: 735px;\" width=\"922\">\n<tbody>\n<tr>\n<td>\n<p style=\"text-align: left;\"><b>PROGRAMAS<\/b><\/p>\n<\/td>\n<td style=\"text-align: left;\"><b>DIRECTOR \/ COORINADOR<\/b><\/td>\n<td style=\"text-align: left;\"><b>NOMBRE<\/b><\/td>\n<td>\n<p style=\"text-align: left;\"><b>EMAILS<\/b><\/p>\n<\/td>\n<\/tr>\n<tr>\n<td>\n<p style=\"text-align: left;\"><b>Especialidad en Farmacia Industrial- orientaci\u00f3n en productos m\u00e9dicos<\/b><\/p>\n<\/td>\n<td style=\"text-align: left;\"><span style=\"font-weight: 400;\">Coordinadora<\/span><\/td>\n<td style=\"text-align: left;\"><span style=\"font-weight: 400;\">Esp. Ver\u00f3nica Gerber<\/span><\/td>\n<td>\n<p style=\"text-align: left;\"><span style=\"font-weight: 400;\">vgerber2@kennedy.edu.ar<\/span><\/p>\n<\/td>\n<\/tr>\n<tr>\n<td>\n<p style=\"text-align: left;\"><b>Especialidad en Ortodoncia y Ortopedia Maxilar<\/b><\/p>\n<\/td>\n<td style=\"text-align: left;\"><span style=\"font-weight: 400;\">Coordinadora\u00a0<\/span><\/td>\n<td style=\"text-align: left;\"><span style=\"font-weight: 400;\">Ana Mar\u00eda Ram\u00f3n<\/span><\/td>\n<td>\n<p style=\"text-align: left;\"><span style=\"font-weight: 400;\">aramon@kennedy.edu.ar<\/span><\/p>\n<\/td>\n<\/tr>\n<tr>\n<td>\n<p style=\"text-align: left;\"><b>Especialidad en Psicolog\u00eda Cl\u00ednica<\/b><\/p>\n<\/td>\n<td style=\"text-align: left;\"><span style=\"font-weight: 400;\">Autoridad acad\u00e9mica<\/span><\/td>\n<td style=\"text-align: left;\"><span style=\"font-weight: 400;\">Dr. Norberto Pisoni<\/span><\/td>\n<td>\n<p style=\"text-align: left;\"><span style=\"font-weight: 400;\">npisoni@kennedy.edu.ar<\/span><\/p>\n<\/td>\n<\/tr>\n<tr>\n<td>\n<p style=\"text-align: left;\"><b>Especialidad en Sistemas de Informaci\u00f3n\u00a0<\/b><\/p>\n<\/td>\n<td style=\"text-align: left;\"><span style=\"font-weight: 400;\">Autoridad acad\u00e9mica<\/span><\/td>\n<td style=\"text-align: left;\"><span style=\"font-weight: 400;\">Jos\u00e9 Ontivero<\/span><\/td>\n<td>\n<p style=\"text-align: left;\"><span style=\"font-weight: 400;\">jontivero@kennedy.edu.ar<\/span><\/p>\n<\/td>\n<\/tr>\n<tr>\n<td>\n<p style=\"text-align: left;\"><b>Doctorado en Derecho<\/b><\/p>\n<\/td>\n<td style=\"text-align: left;\"><span style=\"font-weight: 400;\">Coordinador<\/span><\/td>\n<td style=\"text-align: left;\"><span style=\"font-weight: 400;\">Dr.Emilio Romualdi<\/span><\/td>\n<td>\n<p style=\"text-align: left;\"><span style=\"font-weight: 400;\">eromualdi@kennedy.edu.ar<\/span><\/p>\n<\/td>\n<\/tr>\n<tr>\n<td>\n<p style=\"text-align: left;\"><b>Maestr\u00eda en Derecho Penal y Justicia Internacional<\/b><\/p>\n<\/td>\n<td style=\"text-align: left;\"><span style=\"font-weight: 400;\">Coordinador<\/span><\/td>\n<td style=\"text-align: left;\"><span style=\"font-weight: 400;\">Dr Matias Bailone<\/span><\/td>\n<td>\n<p style=\"text-align: left;\"><span style=\"font-weight: 400;\">matias.bailone@kennedy.edu.ar<\/span><\/p>\n<\/td>\n<\/tr>\n<tr>\n<td>\n<p style=\"text-align: left;\"><b>Maestr\u00eda en Criminolog\u00eda<\/b><\/p>\n<\/td>\n<td style=\"text-align: left;\"><span style=\"font-weight: 400;\">Director<\/span><\/td>\n<td style=\"text-align: left;\"><span style=\"font-weight: 400;\">Dr. Julio Aparicio<\/span><\/td>\n<td>\n<p style=\"text-align: left;\"><span style=\"font-weight: 400;\">japaricio@kennedy.edu.ar<\/span><\/p>\n<\/td>\n<\/tr>\n<tr>\n<td>\n<p style=\"text-align: left;\"><b>Maestr\u00eda en Psicoan\u00e1lisis<\/b><\/p>\n<\/td>\n<td style=\"text-align: left;\"><span style=\"font-weight: 400;\">Directora<\/span><\/td>\n<td style=\"text-align: left;\"><span style=\"font-weight: 400;\">Dra. Mabel Levato<\/span><\/td>\n<td>\n<p style=\"text-align: left;\"><span style=\"font-weight: 400;\">mlevato@kennedy.edu.ar<\/span><\/p>\n<\/td>\n<\/tr>\n<tr>\n<td>\n<p style=\"text-align: left;\"><b>Especialidad en Farmacia Comunitaria- Virtual<\/b><\/p>\n<\/td>\n<td style=\"text-align: left;\"><span style=\"font-weight: 400;\">Coordinadora<\/span><\/td>\n<td style=\"text-align: left;\"><span style=\"font-weight: 400;\">Ester Filinger<\/span><\/td>\n<td>\n<p style=\"text-align: left;\"><span style=\"font-weight: 400;\">efilinger@cofa.org.ar<\/span><\/p>\n<\/td>\n<\/tr>\n<tr>\n<td>\n<p style=\"text-align: left;\"><b>Maestr\u00eda en Negocios &#8211; Orientaci\u00f3n Gesti\u00f3n e Innovaci\u00f3n Tecnol\u00f3gica\u00a0<\/b><\/p>\n<\/td>\n<td style=\"text-align: left;\"><\/td>\n<td style=\"text-align: left;\"><\/td>\n<td style=\"text-align: left;\"><\/td>\n<\/tr>\n<\/tbody>\n<\/table>\n<p>&nbsp;<\/p>\n<p>&nbsp;<\/p>\n<p>&nbsp;<\/p>\n<p>&nbsp;<\/p>\n<p>&nbsp;<\/p>\n<p>.<\/p>\n","protected":false},"excerpt":{"rendered":"<p>Proceso de admisi\u00f3n KENNEDY &nbsp; Proceso de admisi\u00f3n GRADO Como instalar el visor de aplicaciones UK Ingresos Punto Kennedy Co\u0301rdoba y Matriculacio\u0301n &nbsp; &nbsp; &nbsp; &nbsp; Proceso de admisi\u00f3n POSGRADO Se env\u00eda mail con la informaci\u00f3n del posgrado (sin copia al director) + llamada telef\u00f3nica&#8230;.<\/p>\n","protected":false},"author":16,"featured_media":0,"parent":0,"menu_order":0,"comment_status":"closed","ping_status":"closed","template":"","meta":{"footnotes":""},"class_list":["post-2681","page","type-page","status-publish","hentry"],"aioseo_notices":[],"_links":{"self":[{"href":"https:\/\/sic.nodscloud.com\/nodsglobal\/wp-json\/wp\/v2\/pages\/2681","targetHints":{"allow":["GET"]}}],"collection":[{"href":"https:\/\/sic.nodscloud.com\/nodsglobal\/wp-json\/wp\/v2\/pages"}],"about":[{"href":"https:\/\/sic.nodscloud.com\/nodsglobal\/wp-json\/wp\/v2\/types\/page"}],"author":[{"embeddable":true,"href":"https:\/\/sic.nodscloud.com\/nodsglobal\/wp-json\/wp\/v2\/users\/16"}],"replies":[{"embeddable":true,"href":"https:\/\/sic.nodscloud.com\/nodsglobal\/wp-json\/wp\/v2\/comments?post=2681"}],"version-history":[{"count":7,"href":"https:\/\/sic.nodscloud.com\/nodsglobal\/wp-json\/wp\/v2\/pages\/2681\/revisions"}],"predecessor-version":[{"id":3163,"href":"https:\/\/sic.nodscloud.com\/nodsglobal\/wp-json\/wp\/v2\/pages\/2681\/revisions\/3163"}],"wp:attachment":[{"href":"https:\/\/sic.nodscloud.com\/nodsglobal\/wp-json\/wp\/v2\/media?parent=2681"}],"curies":[{"name":"wp","href":"https:\/\/api.w.org\/{rel}","templated":true}]}}