
{"id":2851,"date":"2022-03-03T16:08:57","date_gmt":"2022-03-03T16:08:57","guid":{"rendered":"https:\/\/sic.nodscloud.com\/nodsglobal\/?page_id=2851"},"modified":"2023-01-02T21:30:02","modified_gmt":"2023-01-02T21:30:02","slug":"cuyo-requisitos-de-admision","status":"publish","type":"page","link":"https:\/\/sic.nodscloud.com\/nodsglobal\/cuyo-requisitos-de-admision\/","title":{"rendered":"CUYO &#8211; Requisitos de admisi\u00f3n"},"content":{"rendered":"<h1 style=\"text-align: center;\"><strong>Requisitos de admisi\u00f3n<\/strong><\/h1>\n<h1 style=\"text-align: center;\"><strong>CUYO<\/strong><\/h1>\n<p>&nbsp;<\/p>\n<p>&nbsp;<\/p>\n<table style=\"height: 2826px;\" width=\"1081\">\n<tbody>\n<tr>\n<td>\n<h4 style=\"text-align: left;\"><b>Carrera<\/b><\/h4>\n<\/td>\n<td>\n<h4 style=\"text-align: left;\"><b>Requisitos<\/b><\/h4>\n<\/td>\n<\/tr>\n<tr>\n<td>\n<p style=\"text-align: left;\"><span style=\"font-weight: 400;\">LICENCIATURA EN ADMINISTRACI\u00d3N<\/span><\/p>\n<\/td>\n<td style=\"text-align: left;\"><span style=\"font-weight: 400;\">Poseer t\u00edtulo secundario<\/span><\/td>\n<\/tr>\n<tr>\n<td style=\"text-align: left;\"><span style=\"font-weight: 400;\">CONTADOR P\u00daBLICO<\/span><\/td>\n<td>\n<p style=\"text-align: left;\"><span style=\"font-weight: 400;\">-Poseer t\u00edtulo secundario<\/span><\/p>\n<p style=\"text-align: left;\"><span style=\"font-weight: 400;\">-En caso de aspirantes mayores de 25 a\u00f1os que no tengan completos sus estudios de nivel medio o educaci\u00f3n secundaria, deber\u00e1n ajustarse a lo previsto en la norma del art. 7\u00ba de la Ley 24.521; o normativa que la reemplace.<\/span><\/p>\n<\/td>\n<\/tr>\n<tr>\n<td>\n<p style=\"text-align: left;\"><span style=\"font-weight: 400;\">TECNICATURA UNIVERSITARIA EN ACOMPA\u00d1AMIENTO TERAP\u00c9UTICO<\/span><\/p>\n<\/td>\n<td style=\"text-align: left;\"><span style=\"font-weight: 400;\">-Poseer t\u00edtulo secundario o alumnos mayores de 25 a\u00f1os, que no tengan completos sus estudios de nivel medio, previo cumplimiento de los requisitos establecidos. (Art. 7\u00b0 de la LES)<\/span><\/p>\n<p>-DNI<\/p>\n<p>&#8211;<a href=\"https:\/\/sic.nodscloud.com\/cuyo\/wp-content\/uploads\/sites\/20\/2022\/07\/Carta-del-aspirante.docx.pdf\" target=\"_blank\" rel=\"noopener\"><span style=\"color: #0000ff;\">Carta de aspirante alumno<\/span><\/a><\/td>\n<\/tr>\n<tr>\n<td style=\"text-align: left;\"><span style=\"font-weight: 400;\">TECNICATURA EN SECRETARIADO EJECUTIVO<\/span><\/td>\n<td>\n<p style=\"text-align: left;\"><span style=\"font-weight: 400;\">-Poseer t\u00edtulo secundario o alumnos mayores de 25 a\u00f1os, que no tengan completos sus estudios de nivel medio, previo cumplimiento de los requisitos establecidos. (Art. 7\u00b0 de la LES)<\/span><\/p>\n<\/td>\n<\/tr>\n<tr>\n<td>\n<p style=\"text-align: left;\"><span style=\"font-weight: 400;\">ABOGAC\u00cdA<\/span><\/p>\n<\/td>\n<td style=\"text-align: left;\"><span style=\"font-weight: 400;\">-Acreditar, con el t\u00edtulo correspondiente, haber finalizado los estudios de educaci\u00f3n secundaria, certificado por la autoridad competente.<\/span><\/p>\n<p><span style=\"font-weight: 400;\">-En caso de aspirantes mayores de 25 a\u00f1os que no tengan completos sus estudios de nivel medio o educaci\u00f3n secundaria, deber\u00e1n ajustarse a lo previsto en la norma del art. 7\u00ba de la Ley 24.521; o la normativa que la reemplace.<\/span><\/td>\n<\/tr>\n<tr>\n<td style=\"text-align: left;\"><span style=\"font-weight: 400;\">TECNICATURA UNIVERSITARIA EN ASISTENCIA JUR\u00cdDICA Y GESTI\u00d3N JUDICIAL<\/span><\/td>\n<td>\n<p style=\"text-align: left;\"><span style=\"font-weight: 400;\">-Poseer t\u00edtulo secundario<\/span><\/p>\n<p style=\"text-align: left;\">-DNI<\/p>\n<p style=\"text-align: left;\">&#8211;<a href=\"https:\/\/sic.nodscloud.com\/cuyo\/wp-content\/uploads\/sites\/20\/2022\/07\/Carta-del-aspirante.docx.pdf\" target=\"_blank\" rel=\"noopener\">Carta de aspirante alumno<\/a><\/p>\n<\/td>\n<\/tr>\n<tr>\n<td>\n<p style=\"text-align: left;\"><span style=\"font-weight: 400;\">TECNICATURA UNIVERSITARIA EN GESTI\u00d3N LEGISLATIVA<\/span><\/p>\n<\/td>\n<td style=\"text-align: left;\">\n<p style=\"text-align: left;\"><span style=\"font-weight: 400;\">-Poseer t\u00edtulo secundario<\/span><\/p>\n<p style=\"text-align: left;\">-DNI<\/p>\n<p style=\"text-align: left;\">&#8211;<a href=\"https:\/\/sic.nodscloud.com\/cuyo\/wp-content\/uploads\/sites\/20\/2022\/07\/Carta-del-aspirante.docx.pdf\" target=\"_blank\" rel=\"noopener\">Carta de aspirante alumno<\/a><\/p>\n<\/td>\n<\/tr>\n<tr>\n<td style=\"text-align: left;\"><span style=\"font-weight: 400;\">TECNICATURA UNIVERSITARIA EN GESTI\u00d3N DE LA ADMINISTRACI\u00d3N P\u00daBLICA<\/span><\/td>\n<td>\n<p style=\"text-align: left;\"><span style=\"font-weight: 400;\">-Poseer t\u00edtulo secundario<\/span><\/p>\n<p style=\"text-align: left;\">-DNI<\/p>\n<p style=\"text-align: left;\">&#8211;<a href=\"https:\/\/sic.nodscloud.com\/cuyo\/wp-content\/uploads\/sites\/20\/2022\/07\/Carta-del-aspirante.docx.pdf\" target=\"_blank\" rel=\"noopener\"><span style=\"color: #0000ff;\">Carta de aspirante alumno<\/span><\/a><\/p>\n<\/td>\n<\/tr>\n<tr>\n<td>\n<p style=\"text-align: left;\"><span style=\"font-weight: 400;\">LICENCIATURA EN CEREMONIAL, IMAGEN Y ORGANIZACI\u00d3N DE EVENTOS (T\u00cdTULO INTERMEDIO: TEC. UNIV. EN CEREMONIAL, IMAGEN Y ORGANIZACI\u00d3N DE EVENTOS)<\/span><\/p>\n<\/td>\n<td style=\"text-align: left;\"><span style=\"font-weight: 400;\">Poseer t\u00edtulo secundario<\/span><\/td>\n<\/tr>\n<tr>\n<td style=\"text-align: left;\"><span style=\"font-weight: 400;\">LICENCIATURA EN SEGURIDAD Y SALUD OCUPACIONAL (T\u00cdTULO INTERMEDIO: TEC. UNIV. EN HIGIENE Y SEGURIDAD LABORAL)<\/span><\/td>\n<td>\n<p style=\"text-align: left;\"><span style=\"font-weight: 400;\">-Tener aprobado el nivel medio de ense\u00f1anza<\/span><\/p>\n<p style=\"text-align: left;\"><span style=\"font-weight: 400;\">-Los alumnos mayores de 25 a\u00f1os que no tengan aprobado el nivel medio de ense\u00f1anza, podr\u00e1n acceder a la carrera, previa aprobaci\u00f3n de los ex\u00e1menes correspondientes y requisitos establecidos por la Universidad.<\/span><\/p>\n<\/td>\n<\/tr>\n<tr>\n<td>\n<p style=\"text-align: left;\"><span style=\"font-weight: 400;\">LICENCIATURA EN GESTI\u00d3N AMBIENTAL (T\u00cdTULO INTERMEDIO: TEC. UNIV. EN SEGURIDAD AMBIENTAL)<\/span><\/p>\n<\/td>\n<td>\n<p style=\"text-align: left;\"><span style=\"font-weight: 400;\">-Tener aprobado el nivel medio de ense\u00f1anza<\/span><\/p>\n<p style=\"text-align: left;\"><span style=\"font-weight: 400;\">-Los alumnos mayores de 25 a\u00f1os que no tengan aprobado el nivel medio de ense\u00f1anza, podr\u00e1n acceder a la carrera, previa aprobaci\u00f3n de los ex\u00e1menes correspondientes y requisitos establecidos por la Universidad.<\/span><\/p>\n<\/td>\n<\/tr>\n<tr>\n<td>\n<p style=\"text-align: left;\"><span style=\"font-weight: 400;\">LICENCIATURA EN ACTIVIDAD F\u00cdSICA -CCC<\/span><\/p>\n<\/td>\n<td style=\"text-align: left;\"><span style=\"font-weight: 400;\">-Poseer t\u00edtulo de Profesor de Educaci\u00f3n F\u00edsica de 4 a\u00f1os de duraci\u00f3n como m\u00ednimo y con carga horaria no inferior a 1600 horas., egresado de Institutos Superiores de Formaci\u00f3n Docente<\/span><\/td>\n<\/tr>\n<tr>\n<td style=\"text-align: left;\"><span style=\"font-weight: 400;\">LICENCIATURA EN EDUCACI\u00d3N INCLUSIVA- CCC<\/span><\/td>\n<td>\n<p style=\"text-align: left;\"><span style=\"font-weight: 400;\">-Poseer T\u00edtulo de Profesor de Nivel Superior de 4 a\u00f1os de duraci\u00f3n como m\u00ednimo y con carga horaria no menor a 1600 horas.<\/span><\/p>\n<p style=\"text-align: left;\"><span style=\"font-weight: 400;\">poseer t\u00edtulo de T\u00e9cnico en Acompa\u00f1amiento Terap\u00e9utico y Acompa\u00f1antes Terap\u00e9uticos<\/span><\/p>\n<\/td>\n<\/tr>\n<tr>\n<td>\n<p style=\"text-align: left;\"><span style=\"font-weight: 400;\">LICENCIATURA EN GESTION DEPORTIVA -CCC<\/span><\/p>\n<\/td>\n<td style=\"text-align: left;\"><span style=\"font-weight: 400;\">-T\u00edtulo de Profesor de Educaci\u00f3n F\u00edsica de 4 a\u00f1os de duraci\u00f3n como m\u00ednimo y con carga horaria no inferior a 1600 horas.<\/span><\/p>\n<p><span style=\"font-weight: 400;\">-Otros profesionales de las ciencias de la salud y humanidades interesados en la tem\u00e1tica , cuyos t\u00edtulos sean de 4 a\u00f1os de duraci\u00f3n como m\u00ednimo y\/o una carga horaria no inferior a 2600 horas.<\/span><\/td>\n<\/tr>\n<tr>\n<td style=\"text-align: left;\"><span style=\"font-weight: 400;\">LICENCIATURA EN ACTIVIDAD F\u00cdSICA, DISCAPACIDAD E INCLUSI\u00d3N -CCC<\/span><\/td>\n<td>\n<p style=\"text-align: left;\"><span style=\"font-weight: 400;\">-T\u00edtulo de Profesor de Educaci\u00f3n F\u00edsica de 4 a\u00f1os de duraci\u00f3n como m\u00ednimo y con carga horaria no inferior a 1600 horas<\/span><\/p>\n<p style=\"text-align: left;\"><span style=\"font-weight: 400;\">-T\u00e9cnicos en Acompa\u00f1amiento Terap\u00e9utico y Acompa\u00f1antes Terap\u00e9uticos (t\u00edtulos con carga horaria no menor a 1600 horas)<\/span><\/p>\n<p style=\"text-align: left;\"><span style=\"font-weight: 400;\">-Otros profesionales de las ciencias de la salud y humanidades interesados en la tem\u00e1tica , cuyos t\u00edtulos sean de 4 a\u00f1os de duraci\u00f3n como m\u00ednimo y\/o una carga horaria no inferior a 2600 horas.<\/span><\/p>\n<\/td>\n<\/tr>\n<tr>\n<td>\n<p style=\"text-align: left;\"><span style=\"font-weight: 400;\">ESPECIALIZACI\u00d3N EN ENSE\u00d1ANZA DE LA EDUCACI\u00d3N SUPERIOR<\/span><\/p>\n<\/td>\n<td>\n<p style=\"text-align: left;\"><span style=\"font-weight: 400;\">-Poseer t\u00edtulo de grado de nivel universitario o de nivel superior no universitario de cuatro a\u00f1os de duraci\u00f3n como m\u00ednimo<\/span><\/p>\n<p style=\"text-align: left;\"><span style=\"font-weight: 400;\">-Una carga horaria no menor a 2600 hs<\/span><\/p>\n<p style=\"text-align: left;\"><span style=\"font-weight: 400;\">-Ejercer la docencia en el Nivel Superior en cualquier instituci\u00f3n del pa\u00eds, oficialmente reconocida<\/span><\/p>\n<\/td>\n<\/tr>\n<tr>\n<td>\n<p style=\"text-align: left;\"><span style=\"font-weight: 400;\">MAESTR\u00cdA EN EDUCACI\u00d3N<\/span><\/p>\n<\/td>\n<td style=\"text-align: left;\"><span style=\"font-weight: 400;\">-Graduados con t\u00edtulo de grado universitario de carreras de 4 a\u00f1os de duraci\u00f3n y 2.600 horas como m\u00ednimo preferentemente en alguna disciplina comprendida en el campo de las ciencias de la educaci\u00f3n, las ciencias sociales y\/o humanas.<\/span><\/p>\n<p><span style=\"font-weight: 400;\">-Provenientes de Instituciones Universitarias de gesti\u00f3n estatal o privada, debidamente legalizados ante autoridad competente de nuestro pa\u00eds.<\/span><\/p>\n<p><span style=\"font-weight: 400;\">-Graduados del nivel de educaci\u00f3n superior no universitario de carreras vinculadas al campo educativo de 4 a\u00f1os de duraci\u00f3n y 2.600 horas como m\u00ednimo.<\/span><\/p>\n<p>-Adjuntar un CV<\/p>\n<p>-Debe cumplimentar una entrevista (modalidad a definir) con la Directora de carrera.<\/td>\n<\/tr>\n<tr>\n<td style=\"text-align: left;\"><span style=\"font-weight: 400;\">PROFESORADO<\/span><\/td>\n<td>\n<p style=\"text-align: left;\"><span style=\"font-weight: 400;\">-T\u00e9cnicos de nivel superior egresados de carreras de dos a\u00f1os de duraci\u00f3n como m\u00ednimo y 1400 horas reloj<\/span><\/p>\n<p style=\"text-align: left;\"><span style=\"font-weight: 400;\">-Profesionales egresados de carreras universitarias de cuatro a\u00f1os de duraci\u00f3n como m\u00ednimo y 2600 horas reloj<\/span><\/p>\n<\/td>\n<\/tr>\n<tr>\n<td>\n<p style=\"text-align: left;\"><span style=\"font-weight: 400;\">LICENCIATURA EN RECURSOS HUMANOS &#8211; CCC<\/span><\/p>\n<\/td>\n<td style=\"text-align: left;\"><span style=\"font-weight: 400;\">-T\u00e9cnico Superior en Recursos Humanos y egresados de carreras afines de dos o m\u00e1s a\u00f1os de duraci\u00f3n y un m\u00ednimo de 1400 horas reloj<\/span><\/td>\n<\/tr>\n<tr>\n<td style=\"text-align: left;\"><span style=\"font-weight: 400;\">TECNICATURA UNIVERSITARIA EN RECURSOS HUMANOS Y RELACIONES LABORALES<\/span><\/td>\n<td>\n<p style=\"text-align: left;\"><span style=\"font-weight: 400;\">-Poseer t\u00edtulo secundario o alumnos mayores de 25 a\u00f1os, que no tengan completos sus estudios de nivel medio, previo cumplimiento de los requisitos establecidos. (Art. 7\u00b0 de la LES) 2.<\/span><\/p>\n<\/td>\n<\/tr>\n<tr>\n<td>\n<p style=\"text-align: left;\"><span style=\"font-weight: 400;\">TECNICATURA UNIVERSITARIA EN AUDITOR\u00cdA BROMATOL\u00d3GICA<\/span><\/p>\n<\/td>\n<td>\n<p style=\"text-align: left;\"><span style=\"font-weight: 400;\">-Poseer t\u00edtulo secundario o alumnos mayores de 25 a\u00f1os, que no tengan completos sus estudios de nivel medio, previo cumplimiento de los requisitos establecidos. (Art. 7\u00b0 de la LES)<\/span><\/p>\n<\/td>\n<\/tr>\n<\/tbody>\n<\/table>\n<p>&nbsp;<\/p>\n<p>&nbsp;<\/p>\n<p>&nbsp;<\/p>\n<p>&nbsp;<\/p>\n<p>&nbsp;<\/p>\n<p><strong>El Art. 7\u00b0 de la LES para alumnos mayores de 25 a\u00f1os, sin titulo secundario<\/strong><\/p>\n<p>Aplica solo carreras de pregrado y grado.<\/p>\n<p><strong>REQUISITOS<\/strong><\/p>\n<p>a- Tener 25 a\u00f1os cumplidos al momento de su inscripci\u00f3n<br \/>\ncomo postulante al r\u00e9gimen de esta Ordenanza.<br \/>\nb- Poseer estudios primarios completos.<br \/>\nc- Tener preparaci\u00f3n y\/o experiencia laboral acordes con la<br \/>\ncarrera elegida.<br \/>\nd- Poseer las aptitudes y conocimientos suficientes para<br \/>\ncursar la carrera elegida satisfactoriamente.<\/p>\n<p>&nbsp;<\/p>\n<p>&nbsp;<\/p>\n<p>&nbsp;<\/p>\n<p>&nbsp;<\/p>\n<p>.<\/p>\n","protected":false},"excerpt":{"rendered":"<p>Requisitos de admisi\u00f3n CUYO &nbsp; &nbsp; Carrera Requisitos LICENCIATURA EN ADMINISTRACI\u00d3N Poseer t\u00edtulo secundario CONTADOR P\u00daBLICO -Poseer t\u00edtulo secundario -En caso de aspirantes mayores de 25 a\u00f1os que no tengan completos sus estudios de nivel medio o educaci\u00f3n secundaria, deber\u00e1n ajustarse a lo previsto en&#8230;<\/p>\n","protected":false},"author":16,"featured_media":0,"parent":0,"menu_order":0,"comment_status":"closed","ping_status":"closed","template":"","meta":{"footnotes":""},"class_list":["post-2851","page","type-page","status-publish","hentry"],"aioseo_notices":[],"_links":{"self":[{"href":"https:\/\/sic.nodscloud.com\/nodsglobal\/wp-json\/wp\/v2\/pages\/2851","targetHints":{"allow":["GET"]}}],"collection":[{"href":"https:\/\/sic.nodscloud.com\/nodsglobal\/wp-json\/wp\/v2\/pages"}],"about":[{"href":"https:\/\/sic.nodscloud.com\/nodsglobal\/wp-json\/wp\/v2\/types\/page"}],"author":[{"embeddable":true,"href":"https:\/\/sic.nodscloud.com\/nodsglobal\/wp-json\/wp\/v2\/users\/16"}],"replies":[{"embeddable":true,"href":"https:\/\/sic.nodscloud.com\/nodsglobal\/wp-json\/wp\/v2\/comments?post=2851"}],"version-history":[{"count":3,"href":"https:\/\/sic.nodscloud.com\/nodsglobal\/wp-json\/wp\/v2\/pages\/2851\/revisions"}],"predecessor-version":[{"id":3254,"href":"https:\/\/sic.nodscloud.com\/nodsglobal\/wp-json\/wp\/v2\/pages\/2851\/revisions\/3254"}],"wp:attachment":[{"href":"https:\/\/sic.nodscloud.com\/nodsglobal\/wp-json\/wp\/v2\/media?parent=2851"}],"curies":[{"name":"wp","href":"https:\/\/api.w.org\/{rel}","templated":true}]}}