
{"id":2857,"date":"2022-03-03T17:05:28","date_gmt":"2022-03-03T17:05:28","guid":{"rendered":"https:\/\/sic.nodscloud.com\/nodsglobal\/?page_id=2857"},"modified":"2024-06-07T15:09:27","modified_gmt":"2024-06-07T15:09:27","slug":"cuyo-proceso-de-admision","status":"publish","type":"page","link":"https:\/\/sic.nodscloud.com\/nodsglobal\/cuyo-proceso-de-admision\/","title":{"rendered":"CUYO &#8211; Proceso de Inscripci\u00f3n"},"content":{"rendered":"<h1 style=\"text-align: center;\"><strong>Proceso de admisi\u00f3n<\/strong><\/h1>\n<h1 style=\"text-align: center;\"><strong>CUYO<\/strong><\/h1>\n<h2><span style=\"color: #008000;\"><strong>SAN JUAN<\/strong><\/span><\/h2>\n<h3><strong><span style=\"color: #0000ff;\">Proceso de Inscripci\u00f3n:<\/span><\/strong><\/h3>\n<p><strong>Paso 1 :<\/strong><\/p>\n<p><strong>para la preinscripci\u00f3n se env\u00eda link del Digital Admin para la carga de Documentos.<\/strong><\/p>\n<p><span style=\"color: #0000ff;\"><a style=\"color: #0000ff;\" href=\"https:\/\/sic.nodscloud.com\/nodsglobal\/?page_id=3697&amp;preview=true\" target=\"_blank\" rel=\"noopener\">Ver link por carrera Aqu\u00ed\u00a0<\/a> \u00a0 \u00a0 \u00a0 \u00a0 \u00a0 \u00a0 <a style=\"color: #0000ff;\" href=\"https:\/\/sic.nodscloud.com\/nodsglobal\/documentacion\/\" target=\"_blank\" rel=\"noopener\">Ver Aqu\u00ed c\u00f3mo se debe cargar la documentaci\u00f3n<\/a><\/span><\/p>\n<p><strong>Paso 2: Envia link del SIU Guarani para la Inscripci\u00f3n al Cursillo o Matr\u00edcula:<\/strong><\/p>\n<p><span style=\"color: #0000ff;\"><a style=\"color: #0000ff;\" href=\"https:\/\/preinscripcion.uccuyo.edu.ar\/preinscripcion\/uccuyo\/?__o=\" target=\"_blank\" rel=\"noopener\">Link para el SIU Guaran\u00ed<\/a><\/span><\/p>\n<p><strong>Paso 3: Realizar pago por la pasarela de Pago Zenrise (Cursillo o Matr\u00edcula)\u00a0<\/strong><\/p>\n<p>&nbsp;<\/p>\n<p>&nbsp;<\/p>\n<h2><span style=\"color: #008000;\"><strong>SAN LUIS<\/strong><\/span><\/h2>\n<h3><strong><span style=\"color: #0000ff;\">Proceso de Inscripci\u00f3n:<\/span><\/strong><\/h3>\n<p><strong>Paso 1: <\/strong><\/p>\n<p>Realiz\u00e1 tu preinscripci\u00f3n en nuestro sistema SIU Guaran\u00ed. <span style=\"color: #0000ff;\"><a style=\"color: #0000ff;\" href=\"https:\/\/guarani.uccuyosl.edu.ar\/preinscripcion\/uccuyo\/acceso\" target=\"_blank\" rel=\"noopener\">Link para el SIU Guaran\u00ed<\/a><\/span><\/p>\n<p>&nbsp;<\/p>\n<p><strong>&#8211; Paso 2: <\/strong>Deber\u00e1s enviar un email adjuntando los requisitos a las \u00e1reas administrativas seg\u00fan corresponda a la carrera elegida:<\/p>\n<p><strong>LIC. EN CEREMONIAL Y PROTOCOLO \/ LIC. EN ADMINISTRACI\u00d3N \/ TEC. EN AUDITOR\u00cdA BROMATOL\u00d3GICA:\u00a0<\/strong><\/p>\n<p><span style=\"color: #0000ff;\">\u00a0carreras.virtuales@uccuyosl.edu.ar<\/span><\/p>\n<p>&nbsp;<\/p>\n<p><strong>Requisitos a enviar en el email:<\/strong><\/p>\n<p>&#8211; C\u00f3digo QR que emite el sistema SIU<\/p>\n<p>&#8211; Contrato acad\u00e9mico, completo, firmado y escaneado.<\/p>\n<p><span style=\"color: #0000ff;\"><a style=\"color: #0000ff;\" href=\"http:\/\/uccuyosl.edu.ar\/ContratoServicioEducativo-EconomicasVIRTUAL.pdf\" target=\"_blank\" rel=\"noopener\">Descargar Contrato de Licenciatura en Administraci\u00f3n\u00a0<\/a><\/span><\/p>\n<p><span style=\"color: #0000ff;\"><a style=\"color: #0000ff;\" href=\"http:\/\/uccuyosl.edu.ar\/ContratoServicioEducativo-DerechoVIRTUAL.pdf\" target=\"_blank\" rel=\"noopener\">Descargar Contrato de Lic. en Ceremonial, Imagen y Organizaci\u00f3n de Eventos<\/a><\/span><\/p>\n<p><span style=\"color: #0000ff;\"><a style=\"color: #0000ff;\" href=\"http:\/\/uccuyosl.edu.ar\/ContratoServicioEducativo-veterinariaVIRTUAL.pdf\" target=\"_blank\" rel=\"noopener\">Descargar\u00a0 Contrato de Tec. Univ. en Auditor\u00eda Bromatol\u00f3gica<\/a><\/span><\/p>\n<p>&nbsp;<\/p>\n<p>&nbsp;<\/p>\n<p>&#8211; Certificado anal\u00edtico del secundario o nivel medio o certificado de finalizaci\u00f3n de estudios secundarios\u00a0(en caso de haber finalizado en 2023).<\/p>\n<p>&#8211; Foto del DNI frente y dorso.<\/p>\n<p>&#8211; En el caso de solicitar equivalencias, adjuntar el legajo completo foliado y certificado por la Universidad de origen (Certificado anal\u00edtico de estudio, programas de las materias aprobadas con final y otra documentaci\u00f3n que entregue la Universidad)<\/p>\n<p>&nbsp;<\/p>\n<p><strong>&#8211; Paso 3: <\/strong><\/p>\n<p>Una vez que tu documentaci\u00f3n y preinscripci\u00f3n est\u00e9n aprobadas, podr\u00e1s realizar tu pago. Instructivo de pago.<\/p>\n<p>&nbsp;<\/p>\n<p>Para realizar pagos con tu DNI: Ver si esta habilitado el pago mediante el siguiente link.\u00a0 <span style=\"color: #0000ff;\"><a style=\"color: #0000ff;\" href=\"https:\/\/uccuyosl.paypertic.com.ar\/\">https:\/\/uccuyosl.paypertic.com.ar\/<\/a><\/span><\/p>\n<p>Tu pago estar\u00e1 disponible con tu DNI luego de 48 hs. confirmada tu preinscripci\u00f3n en SIU.<\/p>\n<p>Tutorial como realizar pago: <span style=\"color: #0000ff;\"><a style=\"color: #0000ff;\" href=\"http:\/\/uccuyosl.edu.ar\/images\/2020\/InstructivoPagos1.pdf\">http:\/\/uccuyosl.edu.ar\/images\/2020\/InstructivoPagos1.pdf<\/a>.<\/span><\/p>\n<p>&nbsp;<\/p>\n<div><\/div>\n<div>.<\/div>\n<p>&nbsp;<\/p>\n","protected":false},"excerpt":{"rendered":"<p>Proceso de admisi\u00f3n CUYO SAN JUAN Proceso de Inscripci\u00f3n: Paso 1 : para la preinscripci\u00f3n se env\u00eda link del Digital Admin para la carga de Documentos. Ver link por carrera Aqu\u00ed\u00a0 \u00a0 \u00a0 \u00a0 \u00a0 \u00a0 \u00a0 Ver Aqu\u00ed c\u00f3mo se debe cargar la documentaci\u00f3n&#8230;<\/p>\n","protected":false},"author":16,"featured_media":0,"parent":0,"menu_order":0,"comment_status":"closed","ping_status":"closed","template":"","meta":{"footnotes":""},"class_list":["post-2857","page","type-page","status-publish","hentry"],"aioseo_notices":[],"_links":{"self":[{"href":"https:\/\/sic.nodscloud.com\/nodsglobal\/wp-json\/wp\/v2\/pages\/2857","targetHints":{"allow":["GET"]}}],"collection":[{"href":"https:\/\/sic.nodscloud.com\/nodsglobal\/wp-json\/wp\/v2\/pages"}],"about":[{"href":"https:\/\/sic.nodscloud.com\/nodsglobal\/wp-json\/wp\/v2\/types\/page"}],"author":[{"embeddable":true,"href":"https:\/\/sic.nodscloud.com\/nodsglobal\/wp-json\/wp\/v2\/users\/16"}],"replies":[{"embeddable":true,"href":"https:\/\/sic.nodscloud.com\/nodsglobal\/wp-json\/wp\/v2\/comments?post=2857"}],"version-history":[{"count":11,"href":"https:\/\/sic.nodscloud.com\/nodsglobal\/wp-json\/wp\/v2\/pages\/2857\/revisions"}],"predecessor-version":[{"id":4831,"href":"https:\/\/sic.nodscloud.com\/nodsglobal\/wp-json\/wp\/v2\/pages\/2857\/revisions\/4831"}],"wp:attachment":[{"href":"https:\/\/sic.nodscloud.com\/nodsglobal\/wp-json\/wp\/v2\/media?parent=2857"}],"curies":[{"name":"wp","href":"https:\/\/api.w.org\/{rel}","templated":true}]}}