
{"id":2864,"date":"2022-03-09T15:20:29","date_gmt":"2022-03-09T15:20:29","guid":{"rendered":"https:\/\/sic.nodscloud.com\/nodsglobal\/?page_id=2864"},"modified":"2022-03-30T19:54:03","modified_gmt":"2022-03-30T19:54:03","slug":"2864-2","status":"publish","type":"page","link":"https:\/\/sic.nodscloud.com\/nodsglobal\/2864-2\/","title":{"rendered":"CUYO &#8211; preguntas frecuentes"},"content":{"rendered":"<h1 style=\"text-align: center;\"><strong>Preguntas frecuentes<\/strong><\/h1>\n<h1 style=\"text-align: center;\"><strong>CUYO<\/strong><\/h1>\n<p>&nbsp;<\/p>\n<p>&nbsp;<\/p>\n<p><strong>1. \u00bfPor qu\u00e9 estudiar en la Universidad Cat\u00f3lica de Cuyo?<\/strong><br \/>\n<strong>Nuestra Misi\u00f3n<\/strong><br \/>\nLa Universidad Cat\u00f3lica de Cuyo forma personas integralmente, con aptitud para desarrollar sus capacidades en constante b\u00fasqueda de la verdad, iluminada por la revelaci\u00f3n cat\u00f3lica, a trav\u00e9s de la investigaci\u00f3n, la conservaci\u00f3n y la comunicaci\u00f3n del conocimiento, con una permanente actitud para recrear el continuo di\u00e1logo entre la raz\u00f3n y la fe.<\/p>\n<p><strong>Nuestra Visi\u00f3n<\/strong><br \/>\nUna Universidad afianzada en la calidad de sus servicios acad\u00e9micos y administrativos, capaz de generar una estructura de soporte para su mejora continua, y con una actividad acad\u00e9mica fortalecida por la capacitaci\u00f3n de sus profesores y por la excelencia de su actividad intelectual. Una comunidad educativa que, como miembro de la Iglesia, genere un \u00e1mbito propicio para la participaci\u00f3n de sus integrantes en la actividad pastoral.<\/p>\n<p>&nbsp;<\/p>\n<p>&nbsp;<\/p>\n<p><strong>2. \u00bfCon qu\u00e9 certificaci\u00f3n cuentan las carreras?<\/strong><br \/>\nLas carreras de la UCCuyo deben someterse al proceso de acreditaci\u00f3n despu\u00e9s de que el Ministerio de Educaci\u00f3n haya aprobado los est\u00e1ndares.<br \/>\nLa CONEAU, (Comisi\u00f3n Nacional de Evaluaci\u00f3n Universitaria), reconoce formalmente que la carrera profesional o programa de estudio de posgrado, cumple con los est\u00e1ndares de calidad previamente establecidos.<br \/>\nLa acreditaci\u00f3n es un compromiso de todos hacia la calidad educativa.<\/p>\n<p><strong>Video explicativo <a href=\"https:\/\/www.youtube.com\/watch?v=knWwrgFz8Jw&amp;t=56s\" target=\"_blank\" rel=\"noopener\">https:\/\/www.youtube.com\/watch?v=knWwrgFz8Jw&amp;t=56s<\/a><\/strong><\/p>\n<p>&nbsp;<\/p>\n<p>&nbsp;<\/p>\n<p><strong>3. \u00bfC\u00f3mo es el cursado de cada programa? \u00bfC\u00f3mo se dicta el contenido en el aula virtual?<\/strong><br \/>\nSe cursa mediante el Campus virtual, para ingresar debes contar con un usuario y contrase\u00f1a v\u00e1lidos. Cuando ingreses deber\u00e1s utilizar como usuario tu n\u00famero de DNI y como contrase\u00f1a los \u00faltimos 6 d\u00edgitos de tu DNI sin puntos ni espacios.<\/p>\n<p><strong>Tutorial: <a href=\"https:\/\/drive.google.com\/file\/d\/1H5OWwwbQURA88ZvIBJopxPH2EqpCkkoo\/view\" target=\"_blank\" rel=\"noopener\">https:\/\/drive.google.com\/file\/d\/1H5OWwwbQURA88ZvIBJopxPH2EqpCkkoo\/view<\/a><\/strong><\/p>\n<p>&nbsp;<\/p>\n<p>&nbsp;<\/p>\n<p><strong>4. \u00bfLas clases son en vivo, o quedan grabadas?<br \/>\n<\/strong>La modalidad es 100% virtual, aplica todo el proceso de cursado AT HOME, parciales, finales y cursado. Las clases son grabadas y las que son en vivo son sincronizadas, acordadas con los alumnos.<\/p>\n<p>EN LA MAYOR\u00cdA DE LAS CARRERAS Y EN LA MAYOR\u00cdA DE LOS EX\u00c1MENES ES MULTIPLE CHOICE<\/p>\n<p>&nbsp;<\/p>\n<p>&nbsp;<\/p>\n<p><strong>5. \u00bfEn alguna instancia de la carrera se cursa modalidad presencial?<\/strong><br \/>\nEn la Universidad Cat\u00f3lica de Cuyo, en ninguna de las instancias de ex\u00e1menes se debe ir a la sede y no hay como en otras universidades instancias de EFIP presencial (como siglo 21 por ejemplo).<\/p>\n<p>&nbsp;<\/p>\n<p>&nbsp;<\/p>\n<p><strong>6. \u00bfSe realizan pr\u00e1cticas curriculares y extracurriculares?\u00bfPasant\u00edas remuneradas?<\/strong><br \/>\nLa Universidad Cat\u00f3lica de Cuyo pasantias y practicas NO remuneradas.<\/p>\n<p>El Sistema de Pasant\u00edas Educativas est\u00e1 regulado por la Ley 26427, e implementado por la Universidad Cat\u00f3lica de Cuyo para completar la formaci\u00f3n acad\u00e9mica y profesional de los alumnos.<br \/>\nREQUISITOS DE LOS ALUMNOS PARA SER PASANTES<br \/>\n-Ser alumno de cualquier carrera de grado o Tecnicatura de la UCCuyo<br \/>\n-Tener aprobado como m\u00ednimo hasta el 2do a\u00f1o de carrera.<br \/>\n-Remitir el Curriculum Vitae por correo electr\u00f3nico a bienestarestudiantil@uccuyo.edu.ar indicando en el ASUNTO: \u201cPostulante a Pasant\u00edas Rentadas\u201d.<\/p>\n<p>&nbsp;<\/p>\n<p>&nbsp;<\/p>\n<p><strong>7. Tutorial de la plataforma virtual<\/strong><\/p>\n<p><strong><a href=\"http:\/\/campusvirtual.evirtualsj.com\/index.html\" target=\"_blank\" rel=\"noopener\">http:\/\/campusvirtual.evirtualsj.com\/index.html<\/a><\/strong><\/p>\n<p>&nbsp;<\/p>\n<p>&nbsp;<\/p>\n<p><strong>8. Procedimiento Auto Gestion Alumno<\/strong><\/p>\n<p><a href=\"https:\/\/sic.nodscloud.com\/cuyo\/wp-content\/uploads\/sites\/20\/2022\/03\/ProcedimientoAutoGestionAlumnoEU.pdf\" target=\"_blank\" rel=\"noopener\"><strong>https:\/\/sic.nodscloud.com\/cuyo\/wp-content\/uploads\/sites\/20\/2022\/03\/ProcedimientoAutoGestionAlumnoEU.pdf<\/strong><\/a><\/p>\n<p>&nbsp;<\/p>\n<p>&nbsp;<\/p>\n<p><strong>9. Toda la info de las carreras<\/strong><\/p>\n<p><a href=\"https:\/\/www.evirtualsj.com\/categories\/carreras\" target=\"_blank\" rel=\"noopener\"><strong>https:\/\/www.evirtualsj.com\/categories\/carreras<\/strong><\/a><\/p>\n<p>&nbsp;<\/p>\n<p>&nbsp;<\/p>\n<p><strong>10. La matr\u00edcula es anual? \u00bfO \u00fanica matr\u00edcula en toda la carrera?<\/strong><br \/>\nLa matricula es Anual; cada a\u00f1o se debe abonar matricula.<\/p>\n<p>&nbsp;<\/p>\n<p>&nbsp;<\/p>\n<p><strong>11. Las materias son cuatrimestrales? semestrales? anuales?<\/strong><br \/>\nLa mayor\u00eda de las carreras tienen semestrales y anuales.<\/p>\n<p>&nbsp;<\/p>\n<p>&nbsp;<\/p>\n<p><strong>12. El Art. 7\u00b0 de la LES para alumnos mayores de 25 a\u00f1os, aplica a todas las carreras?<\/strong><br \/>\nSolo carreras de pregrado y grado.<\/p>\n<p><strong>REQUISITOS<\/strong><\/p>\n<p>a- Tener 25 a\u00f1os cumplidos al momento de su inscripci\u00f3n<br \/>\ncomo postulante al r\u00e9gimen de esta Ordenanza.<br \/>\nb- Poseer estudios primarios completos.<br \/>\nc- Tener preparaci\u00f3n y\/o experiencia laboral acordes con la<br \/>\ncarrera elegida.<br \/>\nd- Poseer las aptitudes y conocimientos suficientes para<br \/>\ncursar la carrera elegida satisfactoriamente.<\/p>\n<p>&nbsp;<\/p>\n<p>&nbsp;<\/p>\n<p><strong>13. A quien debemos enviar la documentaci\u00f3n que ingresa por art. 7?<\/strong><br \/>\nA los directores de carrera y\/o sec. administrativo de la facultad. En la mayor\u00eda de las unidades acad\u00e9micas ingresa por secretar\u00eda y es derivado a la direcci\u00f3n\/coordinaci\u00f3n de la carrera.<\/p>\n<p>&nbsp;<\/p>\n<p>&nbsp;<\/p>\n<p><strong>14. \u00bfQu\u00e9 validez tiene el t\u00edtulo? (\u00bfNacional, provincial, de cuyo?)<\/strong><br \/>\nEl t\u00edtulo tiene validez nacional.<\/p>\n<p>&nbsp;<\/p>\n<p>&nbsp;<\/p>\n<p><strong>15. \u00bfSe realizan reconocimiento de materias de otras universidades?<br \/>\n<\/strong>NO TENEMOS EN EXCLUSIVA ESTA INFO, PERO SIEMPRE DEPENDE DEL PROGRAMA QUE PRESENTE EL ALUMNO COMO EQUIVALENCIA, EVALUANDO LO VISTO Y APROBADO CON EL PROGRAMA DE ESA MATERIA DENTRO DE LA CARRERA QUE EST\u00c9 HACIENDO. MI RECOMENDACI\u00d3N ES QUE NO ASEGUREN SI LE DAN O NO LA EQUIVALENCIA YA QUE NO DEPENDE DE NOSOTROS, ES UN TR\u00c1MITE PERSONAL QUE DEBE HACER EL ALUMNO.<strong><br \/>\n<\/strong><\/p>\n<p>Becas y Beneficios<strong> <a href=\"http:\/\/uccuyosj.edu.ar\/index.php\/alumnos\/becas-y-beneficios\" target=\"_blank\" rel=\"noopener\">http:\/\/uccuyosj.edu.ar\/index.php\/alumnos\/becas-y-beneficios\u00a0<\/a><\/strong><\/p>\n<p>&nbsp;<\/p>\n<p>&nbsp;<\/p>\n<p><strong>16. \u00bfSe reconocen materias realizadas en otras Universidades? \u00bfCu\u00e1nto se reconoce?<\/strong><br \/>\nLos alumnos provenientes de otras Universidades o Institutos de Educaci\u00f3n Superior podr\u00e1n contactarse con la direcci\u00f3n de carrera para solicitar reconocimiento de equivalencias, las cuales ser\u00e1n evaluadas en funci\u00f3n del plan de estudios vigente y el a\u00f1o en curso, de acuerdo a la normativa institucional.<\/p>\n<p><i>\u00abLos alumnos provenientes de otras Universidades o Institutos de Educaci\u00f3n Superior podr\u00e1n contactarse con la direcci\u00f3n de carrera para solicitar reconocimiento de equivalencias, las cuales ser\u00e1n evaluadas en funci\u00f3n del plan de estudios vigente y el a\u00f1o en curso, de acuerdo a la normativa institucional.\u00a0 <\/i><i>En los casos que corresponda, los interesados deber\u00e1n presentar copia del certificado de estudios y programas de las asignaturas aprobadas, debidamente legalizados.\u00bb<\/i><\/p>\n<p>&nbsp;<\/p>\n<p>&nbsp;<\/p>\n<p><strong>17. \u00bfC\u00f3mo es el procedimiento de equivalencias?<\/strong><br \/>\nEn los casos que corresponda, los interesados deber\u00e1n presentar copia del certificado de estudios y programas de las asignaturas aprobadas, debidamente legalizados.<\/p>\n<p>&nbsp;<\/p>\n<p>&nbsp;<\/p>\n<p>&nbsp;<\/p>\n<p>.<\/p>\n","protected":false},"excerpt":{"rendered":"<p>Preguntas frecuentes CUYO &nbsp; &nbsp; 1. \u00bfPor qu\u00e9 estudiar en la Universidad Cat\u00f3lica de Cuyo? Nuestra Misi\u00f3n La Universidad Cat\u00f3lica de Cuyo forma personas integralmente, con aptitud para desarrollar sus capacidades en constante b\u00fasqueda de la verdad, iluminada por la revelaci\u00f3n cat\u00f3lica, a trav\u00e9s de&#8230;<\/p>\n","protected":false},"author":16,"featured_media":0,"parent":0,"menu_order":0,"comment_status":"closed","ping_status":"closed","template":"","meta":{"footnotes":""},"class_list":["post-2864","page","type-page","status-publish","hentry"],"aioseo_notices":[],"_links":{"self":[{"href":"https:\/\/sic.nodscloud.com\/nodsglobal\/wp-json\/wp\/v2\/pages\/2864","targetHints":{"allow":["GET"]}}],"collection":[{"href":"https:\/\/sic.nodscloud.com\/nodsglobal\/wp-json\/wp\/v2\/pages"}],"about":[{"href":"https:\/\/sic.nodscloud.com\/nodsglobal\/wp-json\/wp\/v2\/types\/page"}],"author":[{"embeddable":true,"href":"https:\/\/sic.nodscloud.com\/nodsglobal\/wp-json\/wp\/v2\/users\/16"}],"replies":[{"embeddable":true,"href":"https:\/\/sic.nodscloud.com\/nodsglobal\/wp-json\/wp\/v2\/comments?post=2864"}],"version-history":[{"count":7,"href":"https:\/\/sic.nodscloud.com\/nodsglobal\/wp-json\/wp\/v2\/pages\/2864\/revisions"}],"predecessor-version":[{"id":2908,"href":"https:\/\/sic.nodscloud.com\/nodsglobal\/wp-json\/wp\/v2\/pages\/2864\/revisions\/2908"}],"wp:attachment":[{"href":"https:\/\/sic.nodscloud.com\/nodsglobal\/wp-json\/wp\/v2\/media?parent=2864"}],"curies":[{"name":"wp","href":"https:\/\/api.w.org\/{rel}","templated":true}]}}