
{"id":2937,"date":"2022-04-20T13:18:11","date_gmt":"2022-04-20T13:18:11","guid":{"rendered":"https:\/\/sic.nodscloud.com\/nodsglobal\/?page_id=2937"},"modified":"2023-12-12T19:50:52","modified_gmt":"2023-12-12T19:50:52","slug":"preguntas-frecuentes-kennedy","status":"publish","type":"page","link":"https:\/\/sic.nodscloud.com\/nodsglobal\/preguntas-frecuentes-kennedy\/","title":{"rendered":"Preguntas Frecuentes &#8211; Kennedy"},"content":{"rendered":"<h1 style=\"text-align: center;\">Preguntas frecuentes<\/h1>\n<h1 style=\"text-align: center;\">Kennedy<\/h1>\n<p>&nbsp;<\/p>\n<p>&nbsp;<\/p>\n<p><strong>1- Doctorado en derecho &#8211; \u00bfQu\u00e9 d\u00edas se cursa?<\/strong><br \/>\nel 75% de las clases se cursar\u00e1 virtualmente de manera sincr\u00f3nica a trav\u00e9s de nuestra plataforma y el 25% de manera presencial cada 15 d\u00edas los viernes de 15 a 21 hs.<\/p>\n<p>&nbsp;<\/p>\n<p><strong>2- \u00bfQue porcentaje de faltas se puede tener?<\/strong><br \/>\nSe necesita el 75% de asistencias para regularizar la materia.<\/p>\n<p>&nbsp;<\/p>\n<p><strong>3- Sistema de Becas<\/strong><br \/>\n<a href=\"https:\/\/sic.nodscloud.com\/universidad-kennedy\/wp-content\/uploads\/sites\/18\/2022\/03\/Resolucion013.pdf\" target=\"_blank\" rel=\"noopener\">Resoluci\u00f3n N\u00b0 13\/19 (VER ARCHIVO)<\/a><\/p>\n<p>&nbsp;<\/p>\n<p><strong>4- \u00bfSe realizan reconocimientos de materias de otros postgrados?<\/strong><br \/>\nNo se realizan reconocimientos de materias de ning\u00fan postgrado.<\/p>\n<p>&nbsp;<\/p>\n<p><strong>5- Modalidad Virtual\u00a0<\/strong><\/p>\n<ul>\n<li data-leveltext=\"\u00b7\" data-font=\"Symbol\" data-listid=\"12\" data-list-defn-props=\"{&quot;335552541&quot;:1,&quot;335559684&quot;:-2,&quot;335559685&quot;:720,&quot;335559991&quot;:360,&quot;469769226&quot;:&quot;Symbol&quot;,&quot;469769242&quot;:[8226],&quot;469777803&quot;:&quot;left&quot;,&quot;469777804&quot;:&quot;\u00b7&quot;,&quot;469777815&quot;:&quot;hybridMultilevel&quot;}\" aria-setsize=\"-1\" data-aria-posinset=\"1\" data-aria-level=\"1\"><span data-contrast=\"auto\">Las materias se cursan de forma bimestral<\/span><span data-ccp-props=\"{&quot;201341983&quot;:0,&quot;335559739&quot;:160,&quot;335559740&quot;:259}\">\u00a0<\/span><\/li>\n<\/ul>\n<table style=\"font-weight: 400; height: 131px;\" width=\"672\" data-tablestyle=\"MsoNormalTable\" data-tablelook=\"1184\" aria-rowcount=\"2\">\n<tbody>\n<tr aria-rowindex=\"1\">\n<td data-celllook=\"4369\"><b><span data-contrast=\"auto\">1\u00ba Bimestre<\/span><\/b><span data-contrast=\"auto\">\u00a0<\/span><span data-ccp-props=\"{&quot;201341983&quot;:0,&quot;335551550&quot;:2,&quot;335551620&quot;:2,&quot;335559740&quot;:259}\">\u00a0<\/span><\/td>\n<td data-celllook=\"4369\"><b><span data-contrast=\"auto\">2\u00ba Bimestre<\/span><\/b><span data-contrast=\"auto\">\u00a0<\/span><span data-ccp-props=\"{&quot;201341983&quot;:0,&quot;335551550&quot;:2,&quot;335551620&quot;:2,&quot;335559740&quot;:259}\">\u00a0<\/span><\/td>\n<td data-celllook=\"4369\"><b><span data-contrast=\"auto\">3\u00ba Bimestre<\/span><\/b><span data-contrast=\"auto\">\u00a0<\/span><span data-ccp-props=\"{&quot;201341983&quot;:0,&quot;335551550&quot;:2,&quot;335551620&quot;:2,&quot;335559740&quot;:259}\">\u00a0<\/span><\/td>\n<td data-celllook=\"4369\"><b><span data-contrast=\"auto\">4\u00ba Bimestre<\/span><\/b><span data-contrast=\"auto\">\u00a0<\/span><span data-ccp-props=\"{&quot;201341983&quot;:0,&quot;335551550&quot;:2,&quot;335551620&quot;:2,&quot;335559740&quot;:259}\">\u00a0<\/span><\/td>\n<td data-celllook=\"4369\"><b><span data-contrast=\"auto\">5\u00ba Bimestre<\/span><\/b><span data-contrast=\"auto\">\u00a0<\/span><span data-ccp-props=\"{&quot;201341983&quot;:0,&quot;335551550&quot;:2,&quot;335551620&quot;:2,&quot;335559740&quot;:259}\">\u00a0<\/span><\/td>\n<\/tr>\n<tr aria-rowindex=\"2\">\n<td data-celllook=\"4369\"><span data-contrast=\"auto\">abril &#8211; mayo<\/span><span data-contrast=\"auto\">\u00a0<\/span><span data-ccp-props=\"{&quot;201341983&quot;:0,&quot;335551550&quot;:2,&quot;335551620&quot;:2,&quot;335559740&quot;:259}\">\u00a0<\/span><\/td>\n<td data-celllook=\"4369\"><span data-contrast=\"auto\">junio &#8211; julio<\/span><span data-contrast=\"auto\">\u00a0<\/span><span data-ccp-props=\"{&quot;201341983&quot;:0,&quot;335551550&quot;:2,&quot;335551620&quot;:2,&quot;335559740&quot;:259}\">\u00a0<\/span><\/td>\n<td data-celllook=\"4369\"><span data-contrast=\"auto\">agosto &#8211; septiembre<\/span><span data-contrast=\"auto\">\u00a0<\/span><span data-ccp-props=\"{&quot;201341983&quot;:0,&quot;335551550&quot;:2,&quot;335551620&quot;:2,&quot;335559740&quot;:259}\">\u00a0<\/span><\/td>\n<td data-celllook=\"4369\"><span data-contrast=\"auto\">octubre -noviembre<\/span><span data-contrast=\"auto\">\u00a0<\/span><span data-ccp-props=\"{&quot;201341983&quot;:0,&quot;335551550&quot;:2,&quot;335551620&quot;:2,&quot;335559740&quot;:259}\">\u00a0<\/span><\/td>\n<td data-celllook=\"4369\"><span data-contrast=\"auto\">verano ene\/feb<\/span><span data-contrast=\"auto\">\u00a0<\/span><span data-ccp-props=\"{&quot;201341983&quot;:0,&quot;335551550&quot;:2,&quot;335551620&quot;:2,&quot;335559740&quot;:259}\">\u00a0<\/span><\/td>\n<\/tr>\n<\/tbody>\n<\/table>\n<ul>\n<li data-leveltext=\"\u00b7\" data-font=\"Symbol\" data-listid=\"12\" data-list-defn-props=\"{&quot;335552541&quot;:1,&quot;335559684&quot;:-2,&quot;335559685&quot;:720,&quot;335559991&quot;:360,&quot;469769226&quot;:&quot;Symbol&quot;,&quot;469769242&quot;:[8226],&quot;469777803&quot;:&quot;left&quot;,&quot;469777804&quot;:&quot;\u00b7&quot;,&quot;469777815&quot;:&quot;hybridMultilevel&quot;}\" aria-setsize=\"-1\" data-aria-posinset=\"1\" data-aria-level=\"1\"><span data-contrast=\"auto\">\u00a0En Canvas, nuestra plataforma de educaci\u00f3n virtual, encontraras todo el material de estudio y toda referencia bibliogr\u00e1fica para que puedas estudiar.<\/span><span data-ccp-props=\"{&quot;201341983&quot;:0,&quot;335559739&quot;:160,&quot;335559740&quot;:259}\">\u00a0<\/span><\/li>\n<li data-leveltext=\"\u00b7\" data-font=\"Symbol\" data-listid=\"12\" data-list-defn-props=\"{&quot;335552541&quot;:1,&quot;335559684&quot;:-2,&quot;335559685&quot;:720,&quot;335559991&quot;:360,&quot;469769226&quot;:&quot;Symbol&quot;,&quot;469769242&quot;:[8226],&quot;469777803&quot;:&quot;left&quot;,&quot;469777804&quot;:&quot;\u00b7&quot;,&quot;469777815&quot;:&quot;hybridMultilevel&quot;}\" aria-setsize=\"-1\" data-aria-posinset=\"2\" data-aria-level=\"1\"><span data-contrast=\"auto\">Vas a poder conectarte desde una pc, y tambi\u00e9n podr\u00e1s descargar la aplicaci\u00f3n en un celular.<\/span><span data-ccp-props=\"{&quot;201341983&quot;:0,&quot;335559739&quot;:160,&quot;335559740&quot;:259}\">\u00a0<\/span><\/li>\n<li data-leveltext=\"\u00b7\" data-font=\"Symbol\" data-listid=\"13\" data-list-defn-props=\"{&quot;335552541&quot;:1,&quot;335559684&quot;:-2,&quot;335559685&quot;:720,&quot;335559991&quot;:360,&quot;469769226&quot;:&quot;Symbol&quot;,&quot;469769242&quot;:[8226],&quot;469777803&quot;:&quot;left&quot;,&quot;469777804&quot;:&quot;\u00b7&quot;,&quot;469777815&quot;:&quot;hybridMultilevel&quot;}\" aria-setsize=\"-1\" data-aria-posinset=\"3\" data-aria-level=\"1\"><span data-contrast=\"auto\">Se ofrecer\u00e1n por bimestre 2 o 3 asignaturas, de acuerdo al plan de estudios de cada carrera.\u00a0<\/span><span data-ccp-props=\"{&quot;201341983&quot;:0,&quot;335559739&quot;:160,&quot;335559740&quot;:259}\">\u00a0<\/span><\/li>\n<li data-leveltext=\"\u00b7\" data-font=\"Symbol\" data-listid=\"13\" data-list-defn-props=\"{&quot;335552541&quot;:1,&quot;335559684&quot;:-2,&quot;335559685&quot;:720,&quot;335559991&quot;:360,&quot;469769226&quot;:&quot;Symbol&quot;,&quot;469769242&quot;:[8226],&quot;469777803&quot;:&quot;left&quot;,&quot;469777804&quot;:&quot;\u00b7&quot;,&quot;469777815&quot;:&quot;hybridMultilevel&quot;}\" aria-setsize=\"-1\" data-aria-posinset=\"4\" data-aria-level=\"1\"><span data-contrast=\"auto\">Cada materia tiene 4 m\u00f3dulos. En ellos encontrar\u00e1s el material de estudio, los foros participativos y actividades evaluables.<br \/>\n&#8211; Cada m\u00f3dulo tiene un foro y una actividad obligatoria.<br \/>\n<\/span>&#8211; Cada materia consta de 2 parciales, 4 foros y 4 actividades, recuperatorios y finales.<br \/>\n&#8211; Para aprobar una materia debes aprobar los 2 parciales, el 75% de los foros y el 75% de las actividades.<\/li>\n<li data-leveltext=\"\u00b7\" data-font=\"Symbol\" data-listid=\"13\" data-list-defn-props=\"{&quot;335552541&quot;:1,&quot;335559684&quot;:-2,&quot;335559685&quot;:720,&quot;335559991&quot;:360,&quot;469769226&quot;:&quot;Symbol&quot;,&quot;469769242&quot;:[8226],&quot;469777803&quot;:&quot;left&quot;,&quot;469777804&quot;:&quot;\u00b7&quot;,&quot;469777815&quot;:&quot;hybridMultilevel&quot;}\" aria-setsize=\"-1\" data-aria-posinset=\"4\" data-aria-level=\"1\"><span data-contrast=\"none\">Los parciales, recuperatorios y finales los rendir\u00e1s mediados por tecnolog\u00eda en el Punto Kennedy que hayas elegido, en algunos de nuestros edificios o desde tu domicilio.<\/span><span data-ccp-props=\"{&quot;201341983&quot;:0,&quot;335559739&quot;:160,&quot;335559740&quot;:259}\">\u00a0<\/span><\/li>\n<li data-leveltext=\"\u00b7\" data-font=\"Symbol\" data-listid=\"13\" data-list-defn-props=\"{&quot;335552541&quot;:1,&quot;335559684&quot;:-2,&quot;335559685&quot;:720,&quot;335559991&quot;:360,&quot;469769226&quot;:&quot;Symbol&quot;,&quot;469769242&quot;:[8226],&quot;469777803&quot;:&quot;left&quot;,&quot;469777804&quot;:&quot;\u00b7&quot;,&quot;469777815&quot;:&quot;hybridMultilevel&quot;}\" aria-setsize=\"-1\" data-aria-posinset=\"4\" data-aria-level=\"1\"><span data-contrast=\"auto\">En el primer parcial se evaluar\u00e1n los m\u00f3dulos 1 y 2 y en el segundo parcial los m\u00f3dulos 3 y 4. Es importante que cumplas semana a semana con las actividades y foros para que puedas llegar sin inconvenientes a los parciales. Tu tutor estar\u00e1 a disposici\u00f3n para orientarte ante alguna duda o consulta que se te presente en la cursada.<\/span><span data-ccp-props=\"{&quot;201341983&quot;:0,&quot;335559739&quot;:160,&quot;335559740&quot;:259}\">\u00a0<\/span><\/li>\n<li data-leveltext=\"\u00b7\" data-font=\"Symbol\" data-listid=\"13\" data-list-defn-props=\"{&quot;335552541&quot;:1,&quot;335559684&quot;:-2,&quot;335559685&quot;:720,&quot;335559991&quot;:360,&quot;469769226&quot;:&quot;Symbol&quot;,&quot;469769242&quot;:[8226],&quot;469777803&quot;:&quot;left&quot;,&quot;469777804&quot;:&quot;\u00b7&quot;,&quot;469777815&quot;:&quot;hybridMultilevel&quot;}\" aria-setsize=\"-1\" data-aria-posinset=\"4\" data-aria-level=\"1\"><span data-contrast=\"auto\">Para aprobar una materia es fundamental que apruebes\u00a0 los dos parciales y el 75% de los foros y actividades evaluables.<\/span><span data-ccp-props=\"{&quot;201341983&quot;:0,&quot;335559739&quot;:160,&quot;335559740&quot;:259}\">\u00a0<\/span><\/li>\n<\/ul>\n<p>&nbsp;<\/p>\n<p><strong>6- Resoluci\u00f3n CONEUA de Abogac\u00eda<\/strong><\/p>\n<ul>\n<li>Por el momento solo contamos con el n\u00famero de\u00a0 Resoluci\u00f3n, les adjunto este archivo el cual podemos pasarle al aspirante que pida ver algo m\u00e1s, ya que la acreditaci\u00f3n de la carrera est\u00e1 en proceso.<\/li>\n<li>En el adjunto pueden encontrar la p\u00e1gina del ministerio ingresando con el n\u00famero de resoluci\u00f3n.<\/li>\n<li>La acreditaci\u00f3n esta en proceso.<\/li>\n<li>El n\u00famero de la Coneau lo que hace es darle una validez m\u00e1s al t\u00edtulo.<\/li>\n<li><a href=\"https:\/\/sic.nodscloud.com\/universidad-kennedy\/wp-content\/uploads\/sites\/18\/2022\/08\/RES-1736-19-ABOGADO-A.pdf\" target=\"_blank\" rel=\"noopener\">Ver archivo de acreditaci\u00f3n en proceso<\/a><\/li>\n<\/ul>\n<p>&nbsp;<\/p>\n<p>&nbsp;<\/p>\n<p>&nbsp;<\/p>\n<p>&nbsp;<\/p>\n<p>.<\/p>\n","protected":false},"excerpt":{"rendered":"<p>Preguntas frecuentes Kennedy &nbsp; &nbsp; 1- Doctorado en derecho &#8211; \u00bfQu\u00e9 d\u00edas se cursa? el 75% de las clases se cursar\u00e1 virtualmente de manera sincr\u00f3nica a trav\u00e9s de nuestra plataforma y el 25% de manera presencial cada 15 d\u00edas los viernes de 15 a 21&#8230;<\/p>\n","protected":false},"author":16,"featured_media":0,"parent":0,"menu_order":0,"comment_status":"closed","ping_status":"closed","template":"","meta":{"footnotes":""},"class_list":["post-2937","page","type-page","status-publish","hentry"],"aioseo_notices":[],"_links":{"self":[{"href":"https:\/\/sic.nodscloud.com\/nodsglobal\/wp-json\/wp\/v2\/pages\/2937","targetHints":{"allow":["GET"]}}],"collection":[{"href":"https:\/\/sic.nodscloud.com\/nodsglobal\/wp-json\/wp\/v2\/pages"}],"about":[{"href":"https:\/\/sic.nodscloud.com\/nodsglobal\/wp-json\/wp\/v2\/types\/page"}],"author":[{"embeddable":true,"href":"https:\/\/sic.nodscloud.com\/nodsglobal\/wp-json\/wp\/v2\/users\/16"}],"replies":[{"embeddable":true,"href":"https:\/\/sic.nodscloud.com\/nodsglobal\/wp-json\/wp\/v2\/comments?post=2937"}],"version-history":[{"count":3,"href":"https:\/\/sic.nodscloud.com\/nodsglobal\/wp-json\/wp\/v2\/pages\/2937\/revisions"}],"predecessor-version":[{"id":3851,"href":"https:\/\/sic.nodscloud.com\/nodsglobal\/wp-json\/wp\/v2\/pages\/2937\/revisions\/3851"}],"wp:attachment":[{"href":"https:\/\/sic.nodscloud.com\/nodsglobal\/wp-json\/wp\/v2\/media?parent=2937"}],"curies":[{"name":"wp","href":"https:\/\/api.w.org\/{rel}","templated":true}]}}