
{"id":2947,"date":"2022-04-25T13:05:16","date_gmt":"2022-04-25T13:05:16","guid":{"rendered":"https:\/\/sic.nodscloud.com\/nodsglobal\/?page_id=2947"},"modified":"2022-04-25T13:07:21","modified_gmt":"2022-04-25T13:07:21","slug":"team-power-requisito-de-admision","status":"publish","type":"page","link":"https:\/\/sic.nodscloud.com\/nodsglobal\/team-power-requisito-de-admision\/","title":{"rendered":"Team Power &#8211; Requisito de admisi\u00f3n"},"content":{"rendered":"<h1 style=\"text-align: center;\">Requisitos de Admisi\u00f3n<br \/>\nTEAM POWER<\/h1>\n<p>&nbsp;<\/p>\n<p>&nbsp;<\/p>\n<h4><strong>Requisitos inscripci\u00f3n Coaching Power<\/strong><\/h4>\n<p>Soporte de pago de inscripci\u00f3n:<\/p>\n<ul>\n<li>Convenio de Educaci\u00f3n con los datos solicitados (NO tienes que imprimir el convenio solo llenar desde la computadora, los espacios correspondientes a datos personales, plan de pago, responsable de la contraprestaci\u00f3n del servicio, fecha y nombre completo)<\/li>\n<li>Documento de identidad escaneado o foto n\u00edtida<\/li>\n<li>S\u00edntesis de tu curr\u00edculum<\/li>\n<\/ul>\n<p>&nbsp;<\/p>\n<p>&nbsp;<\/p>\n<h4><strong>Convenios para firmar<\/strong><\/h4>\n<p><span style=\"color: #ff0000;\"><a style=\"color: #ff0000;\" href=\"https:\/\/sic.nodscloud.com\/teampower\/wp-content\/uploads\/sites\/21\/2022\/04\/Convenio-CP-2020-2021-E.pdf\" target=\"_blank\" rel=\"noopener\">Convenio Coaching Power en Euros<\/a><\/span><\/p>\n<p><span style=\"color: #ff0000;\"><a style=\"color: #ff0000;\" href=\"https:\/\/sic.nodscloud.com\/teampower\/wp-content\/uploads\/sites\/21\/2022\/04\/Convenio-CP-2022_.pdf\" target=\"_blank\" rel=\"noopener\">Convenio Coaching Power en Dolares<\/a><\/span><\/p>\n<p><span style=\"color: #ff0000;\"><a style=\"color: #ff0000;\" href=\"Convenio Mastering Coaching Skills unicamente en Dolares\" target=\"_blank\" rel=\"noopener\">Convenio Mastering Coaching Skills unicamente en Dolares<\/a><\/span><\/p>\n<p>&nbsp;<\/p>\n<p>&nbsp;<\/p>\n<p>&nbsp;<\/p>\n<p>&nbsp;<\/p>\n<p>.<\/p>\n","protected":false},"excerpt":{"rendered":"<p>Requisitos de Admisi\u00f3n TEAM POWER &nbsp; &nbsp; Requisitos inscripci\u00f3n Coaching Power Soporte de pago de inscripci\u00f3n: Convenio de Educaci\u00f3n con los datos solicitados (NO tienes que imprimir el convenio solo llenar desde la computadora, los espacios correspondientes a datos personales, plan de pago, responsable de&#8230;<\/p>\n","protected":false},"author":16,"featured_media":0,"parent":0,"menu_order":0,"comment_status":"closed","ping_status":"closed","template":"","meta":{"footnotes":""},"class_list":["post-2947","page","type-page","status-publish","hentry"],"aioseo_notices":[],"_links":{"self":[{"href":"https:\/\/sic.nodscloud.com\/nodsglobal\/wp-json\/wp\/v2\/pages\/2947","targetHints":{"allow":["GET"]}}],"collection":[{"href":"https:\/\/sic.nodscloud.com\/nodsglobal\/wp-json\/wp\/v2\/pages"}],"about":[{"href":"https:\/\/sic.nodscloud.com\/nodsglobal\/wp-json\/wp\/v2\/types\/page"}],"author":[{"embeddable":true,"href":"https:\/\/sic.nodscloud.com\/nodsglobal\/wp-json\/wp\/v2\/users\/16"}],"replies":[{"embeddable":true,"href":"https:\/\/sic.nodscloud.com\/nodsglobal\/wp-json\/wp\/v2\/comments?post=2947"}],"version-history":[{"count":4,"href":"https:\/\/sic.nodscloud.com\/nodsglobal\/wp-json\/wp\/v2\/pages\/2947\/revisions"}],"predecessor-version":[{"id":2951,"href":"https:\/\/sic.nodscloud.com\/nodsglobal\/wp-json\/wp\/v2\/pages\/2947\/revisions\/2951"}],"wp:attachment":[{"href":"https:\/\/sic.nodscloud.com\/nodsglobal\/wp-json\/wp\/v2\/media?parent=2947"}],"curies":[{"name":"wp","href":"https:\/\/api.w.org\/{rel}","templated":true}]}}