
{"id":2952,"date":"2022-04-25T13:11:19","date_gmt":"2022-04-25T13:11:19","guid":{"rendered":"https:\/\/sic.nodscloud.com\/nodsglobal\/?page_id=2952"},"modified":"2022-04-25T13:12:20","modified_gmt":"2022-04-25T13:12:20","slug":"2952-2","status":"publish","type":"page","link":"https:\/\/sic.nodscloud.com\/nodsglobal\/2952-2\/","title":{"rendered":"TEAM POWER &#8211; Proceso de Admisi\u00f3n"},"content":{"rendered":"<h1 style=\"text-align: center;\"><b>Proceso de Admisi\u00f3n<\/b><\/h1>\n<h1 style=\"text-align: center;\"><b>TEAM POWER<\/b><\/h1>\n<p>&nbsp;<\/p>\n<p>&nbsp;<\/p>\n<h4><b>Requisitos:<\/b><\/h4>\n<ul>\n<li aria-level=\"1\">Dominio del idioma espa\u00f1ol o ingl\u00e9s (nivel conversacional)<\/li>\n<li aria-level=\"1\">Acceso a internet<\/li>\n<li aria-level=\"1\">Capacidad de pago (en USD o EUROS)<\/li>\n<\/ul>\n<p>&nbsp;<\/p>\n<p>&nbsp;<\/p>\n<h4><b>Proceso de admisi\u00f3n:<\/b><\/h4>\n<p><b>4-<\/b>\u00a0Realizar pago del programa (con base en modalidad y periodicidad acordada) y entregar comprobante de pago al responsable de la venta.<\/p>\n<p>Responsable: Alumno<\/p>\n<p>&nbsp;<\/p>\n<p><b>5-<\/b>\u00a0Enviar email a quien corresponda** detallando: nombre y apellido, correo, modalidad de pago, periodicidad, comprobante de pago, pa\u00eds de residencia e idioma predominante (espa\u00f1ol o ingl\u00e9s).<\/p>\n<p><strong><span style=\"color: #ff0000;\">Responsable: Asesor NODs<\/span><\/strong><\/p>\n<p>** En el caso del programa \u00abMastety to Artistry \u2013 El Arte como Viaje\u00bb\u00a0 mandar email a Loly: (mar\u00ed<a href=\"mailto:a.baqueiro@team-power.com.mx\">a.baqueiro@team-power.com.mx<\/a>). Y en el resto de los programas mandar email a: (adaluz.hernadez@team-power.com.mx)<\/p>\n<p>&nbsp;<\/p>\n<p><b>6-<\/b>\u00a0Env\u00edo de mail de confirmaci\u00f3n de pago y libro de regalo<\/p>\n<p>Responsable: Jean-Francois Cousin<\/p>\n<p>&nbsp;<\/p>\n<p><b>7-<\/b>\u00a0Env\u00edo de mail de bienvenida a la formaci\u00f3n con los lineamientos del programa y las ligas de acceso a la sesi\u00f3n de Kick Off.<\/p>\n<p>Responsable: Loly Baqueiro<\/p>\n<p>**Nota: Este mail puede enviarse previo a la confirmaci\u00f3n de pago por parte de Jean-Francois Cousin, para asegurar al estudiante que su inscripci\u00f3n ha sido confirmada<\/p>\n<p>&nbsp;<\/p>\n<p><b>8-<\/b>\u00a0Una semana antes de la formaci\u00f3n, la semana de inicio, y un d\u00eda antes de comenzar la formaci\u00f3n: Env\u00edo de mail recordatorio de inicio al programa<\/p>\n<p>Responsable: Loly Baqueiro<\/p>\n<p>&nbsp;<\/p>\n<p><b>9-<\/b>\u00a0Confirmaci\u00f3n de asistentes a la sesi\u00f3n de Kick Off<\/p>\n<p>Responsable: Loly Baqueiro<\/p>\n<p>&nbsp;<\/p>\n<p>&nbsp;<\/p>\n<p>&nbsp;<\/p>\n<p>.<\/p>\n","protected":false},"excerpt":{"rendered":"<p>Proceso de Admisi\u00f3n TEAM POWER &nbsp; &nbsp; Requisitos: Dominio del idioma espa\u00f1ol o ingl\u00e9s (nivel conversacional) Acceso a internet Capacidad de pago (en USD o EUROS) &nbsp; &nbsp; Proceso de admisi\u00f3n: 4-\u00a0Realizar pago del programa (con base en modalidad y periodicidad acordada) y entregar comprobante&#8230;<\/p>\n","protected":false},"author":16,"featured_media":0,"parent":0,"menu_order":0,"comment_status":"closed","ping_status":"closed","template":"","meta":{"footnotes":""},"class_list":["post-2952","page","type-page","status-publish","hentry"],"aioseo_notices":[],"_links":{"self":[{"href":"https:\/\/sic.nodscloud.com\/nodsglobal\/wp-json\/wp\/v2\/pages\/2952","targetHints":{"allow":["GET"]}}],"collection":[{"href":"https:\/\/sic.nodscloud.com\/nodsglobal\/wp-json\/wp\/v2\/pages"}],"about":[{"href":"https:\/\/sic.nodscloud.com\/nodsglobal\/wp-json\/wp\/v2\/types\/page"}],"author":[{"embeddable":true,"href":"https:\/\/sic.nodscloud.com\/nodsglobal\/wp-json\/wp\/v2\/users\/16"}],"replies":[{"embeddable":true,"href":"https:\/\/sic.nodscloud.com\/nodsglobal\/wp-json\/wp\/v2\/comments?post=2952"}],"version-history":[{"count":2,"href":"https:\/\/sic.nodscloud.com\/nodsglobal\/wp-json\/wp\/v2\/pages\/2952\/revisions"}],"predecessor-version":[{"id":2954,"href":"https:\/\/sic.nodscloud.com\/nodsglobal\/wp-json\/wp\/v2\/pages\/2952\/revisions\/2954"}],"wp:attachment":[{"href":"https:\/\/sic.nodscloud.com\/nodsglobal\/wp-json\/wp\/v2\/media?parent=2952"}],"curies":[{"name":"wp","href":"https:\/\/api.w.org\/{rel}","templated":true}]}}