
{"id":2955,"date":"2022-04-25T13:28:24","date_gmt":"2022-04-25T13:28:24","guid":{"rendered":"https:\/\/sic.nodscloud.com\/nodsglobal\/?page_id=2955"},"modified":"2022-04-25T13:31:08","modified_gmt":"2022-04-25T13:31:08","slug":"2955-2","status":"publish","type":"page","link":"https:\/\/sic.nodscloud.com\/nodsglobal\/2955-2\/","title":{"rendered":"TEAM POWER &#8211; Preguntas Frecuentes"},"content":{"rendered":"<h1 style=\"text-align: center;\"><strong>Preguntas Frecuentes<\/strong><\/h1>\n<h1 style=\"text-align: center;\"><strong>TEAM POWER<\/strong><\/h1>\n<p>&nbsp;<\/p>\n<p>&nbsp;<\/p>\n<p>&nbsp;<\/p>\n<h4><span style=\"color: #800000;\"><strong>FQ Un viaje a trav\u00e9s del arte del coaching y liderazgo<\/strong><\/span><\/h4>\n<p>&nbsp;<\/p>\n<p><b>1- \u00bfA qui\u00e9n va dirigido?<\/b><\/p>\n<p>Coaches y personas que quieren desarrollar su liderazgo, desde la Perspectiva del poder personal y el reconocimiento de sus talentos y quieran explorar y dejar salir su conexi\u00f3n art\u00edstica.<\/p>\n<p>&nbsp;<\/p>\n<p>&nbsp;<\/p>\n<p><b>2- \u00bfCu\u00e1l es el Prop\u00f3sito del programa?<\/b><\/p>\n<ul>\n<li aria-level=\"1\">El hecho de que sea un programa multicultural, permite la comprensi\u00f3n de las culturas desde la sabidur\u00eda interior y eso permite, coachear (si eres coach) o liderar a un nivel m\u00e1s alto\u2026 incluso abrirte a un mercado internacional desde una mirada distinta, m\u00e1s amplia.<\/li>\n<li aria-level=\"1\">\u201cinspirar a otros\u201d desde eso novedoso por donde comienzas a transitar y acompa\u00f1ar a las personas.<\/li>\n<li aria-level=\"1\">Desarrollar nuevas sensibilidades.<\/li>\n<li aria-level=\"1\">Ampliar tu red de contactos<\/li>\n<\/ul>\n<p>&nbsp;<\/p>\n<p>&nbsp;<\/p>\n<p><b>3- \u00bfCu\u00e1les son algunas bondades o beneficios del programa?<\/b><\/p>\n<ul>\n<li aria-level=\"1\">Mentor\u00edas<\/li>\n<li aria-level=\"1\">Networking con personas de 5 continentes<\/li>\n<li aria-level=\"1\">Traducci\u00f3n en simult\u00e1neo<\/li>\n<li aria-level=\"1\">Llevarte a un nivel m\u00e1s alto\u2026<\/li>\n<li aria-level=\"1\">Encuentros directos\u00a0 con Elena y JF (Master coaches con m\u00e1s de 25 mil horas de pr\u00e1cticas con gente de todo el mundo)<\/li>\n<li aria-level=\"1\">Desarrollar el m\u00e1ximo potencial y conectar con tu poder personal.<\/li>\n<li aria-level=\"1\">Como l\u00edder vas a comprender c\u00f3mo\u00a0 desarrollar el mayor potencial de tu cliente.<\/li>\n<\/ul>\n<p>&nbsp;<\/p>\n<p>&nbsp;<\/p>\n<p><b>4- \u00bfCu\u00e1ntas mentor\u00edas son?\u00a0<\/b><\/p>\n<p>Son 13 mentor\u00edas con coaches y l\u00edderes en un peque\u00f1o grupo de no m\u00e1s de 8 personas. Est\u00e1n integradas por participantes de todo el mundo<\/p>\n<p>&nbsp;<\/p>\n<p>&nbsp;<\/p>\n<p><b>5- \u00bfCu\u00e1nto tiempo duran las sesiones con Elena y JF?<\/b><\/p>\n<p>2 horas<\/p>\n<p>&nbsp;<\/p>\n<p>&nbsp;<\/p>\n<p><b>6- \u00bfCu\u00e1ntas sesiones con Elena y JF son?\u00a0<\/b><\/p>\n<p>14<\/p>\n<p>&nbsp;<\/p>\n<p>&nbsp;<\/p>\n<p><b>7- \u00bfHay mentor\u00edas individuales?<\/b><\/p>\n<p>NO<\/p>\n<p>&nbsp;<\/p>\n<p>&nbsp;<\/p>\n<p><b>8- \u00bfC\u00f3mo se interact\u00faa en los grupos?. Ejemplo: Si hay personas de otros idiomas o no hablan ingl\u00e9s?<\/b><\/p>\n<p>Siempre hay traductor. Se garantiza que en los grupos este presente un coach traductor- Tienen coaches que est\u00e1n durante la sesi\u00f3n y pueden hacer la traducci\u00f3n en vivo, no necesariamente tienes que hablar ingl\u00e9s. Se hacen grupos de colaboraci\u00f3n donde est\u00e1n los traductores<\/p>\n<p>&nbsp;<\/p>\n<p>&nbsp;<\/p>\n<p><b>9- \u00bfQu\u00e9 tipo de certificado entregan?\u00a0 O \u00bfC\u00f3mo es la certificaci\u00f3n que se recibe?<\/b><\/p>\n<p>Entrega un certificado avalado por ICF con 36 CCE \/ 25 en competencias claves\u2026<\/p>\n<p>&nbsp;<\/p>\n<p>&nbsp;<\/p>\n<p><b>10- \u00bfEsos 25 CCE, son extra o entran en los 36?<\/b><\/p>\n<p>Entran dentro de los 36 CCE<\/p>\n<p>&nbsp;<\/p>\n<p>&nbsp;<\/p>\n<p><b>11- \u00bfCu\u00e1l es el valor del programa?<\/b><\/p>\n<p>USD 2363 \/ los pagos solo son en d\u00f3lares \/ revisar el descuento del momento en caso de existir<\/p>\n<p>&nbsp;<\/p>\n<p>&nbsp;<\/p>\n<p><b>12- \u00bfDe d\u00f3nde es Jean Francois?<\/b><\/p>\n<p>Franc\u00e9s viviendo en Tailandia<\/p>\n<p>&nbsp;<\/p>\n<p>&nbsp;<\/p>\n<p><b>13- \u00bfC\u00f3mo es la din\u00e1mica de los encuentros con Jean Francois (JF) y Elena Epinal?\u00a0<\/b><\/p>\n<p>1 semana con el mentor (m\u00e1ximo 10 personas) y otra semana con JF y Elena ( ellos tambi\u00e9n se turnan una semana uno y la siguiente el otro)<\/p>\n<p>&nbsp;<\/p>\n<p>&nbsp;<\/p>\n<p><b>14- \u00bfTodas las sesiones son en vivo o grabadas?<\/b><\/p>\n<p>Todas en vivo.<\/p>\n<p>&nbsp;<\/p>\n<p>&nbsp;<\/p>\n<p><b>15- \u00bfCu\u00e1ndo son los encuentros?<\/b><\/p>\n<p>Las sesiones son por la ma\u00f1ana para que las personas de Europa y Asia tengan un encuentro en un horario que pueda estar de manera c\u00f3moda para todos.<\/p>\n<p>Revisar calendario<\/p>\n<p>&nbsp;<\/p>\n<p>&nbsp;<\/p>\n<p><b>16- \u00bfDe d\u00f3nde son los Participantes?<\/b><\/p>\n<p>Variados, pero hemos tenido Singapur, Jap\u00f3n, china,\u00a0 Espa\u00f1a, y por supuesto de toda Latinoam\u00e9rica<\/p>\n<p>&nbsp;<\/p>\n<p>&nbsp;<\/p>\n<p><b>17- \u00bfQu\u00e9 se trabaja en el Programa?<\/b><\/p>\n<p>Cada participante se compromete a trabajar su propio proyecto-\u2026. \u00bfQu\u00e9 quieres trabajar?<\/p>\n<p>Qu\u00e9 pasa si conectas al cliente desde un lugar diferente\u2026. \u201cNo desde el miedo sino desde lo que quiero lograr para mi\u201d<\/p>\n<p>Viajar a trav\u00e9s de mi sombra. Aquello que me puede definir y sacar mi luz<\/p>\n<p>Amor y lealtad (genera conversaciones diferentes)<\/p>\n<p>Definir qui\u00e9nes somos\u2026 relaci\u00f3n entre ser y hacer<\/p>\n<p>&nbsp;<\/p>\n<p>&nbsp;<\/p>\n<p><b>18- \u00bfCu\u00e1les son algunos contenidos?<\/b><\/p>\n<p>Hablar sobre temas culturales<\/p>\n<p>Ejemplo: qu\u00e9 es el amor?\u2026 (Kenia) hay 3 tipos de amor.. se unen 2 familias.. tienen un grano de caf\u00e9.. el hombre se corta y coloca una gota de sangre y el otro hace lo mismo y luego se comen la mitad del grano caf\u00e9.<\/p>\n<p>Alemania: el amor es privado, no se comparte<\/p>\n<p>Como es la manera que aparece el amor y la lealtad , diga que s\u00ed a todo. Como los valores pueden regir la lealtad.<\/p>\n<p>&nbsp;<\/p>\n<p>&nbsp;<\/p>\n<p><b>19- \u00bfQu\u00e9 es el \u00e9xito para ti, y para tu cliente?\u00a0<\/b><\/p>\n<p>La Inspiraci\u00f3n c\u00f3mo generarla para otras personas<\/p>\n<p>&nbsp;<\/p>\n<p>&nbsp;<\/p>\n<p><b>20- \u00bfQu\u00e9 se trabaja en las sesiones formativas con Elena y JF?<\/b><\/p>\n<p>Se trabajan los temas de contenido y en la semana de descanso se encuentran con sus mentores y compa\u00f1eros y comparten lo que ellos y vivieron y se les colocan algunos retos.<\/p>\n<p>Ejemplo: se presentan con la sombra\u2026 c\u00f3mo te presentar\u00edas.<\/p>\n<p>Video: sobre el sexo en jap\u00f3n\u2026 la reflexi\u00f3n desde la intimidad\u2026 como me sent\u00eda en la manera, como se relaciona con mi intimidad.. Conversaciones que expresan maneras de relacionarse con las m\u00edas.<\/p>\n<p>&nbsp;<\/p>\n<p>&nbsp;<\/p>\n<p><b>21- \u00bfCu\u00e1nto tiempo dura el programa?\u00a0<\/b><\/p>\n<p>6 meses de duraci\u00f3n<\/p>\n<p>&nbsp;<\/p>\n<p>&nbsp;<\/p>\n<p><b>22- \u00bfQui\u00e9n me da el link de pago para la inscripci\u00f3n?<\/b><\/p>\n<p>El vendedor<\/p>\n<p>&nbsp;<\/p>\n<p>&nbsp;<\/p>\n<p><b>23- \u00bfTengo que llenar alg\u00fan documento o entregar alg\u00fan soporte para la inscripci\u00f3n?<\/b><\/p>\n<p>Solo un link de registro, que puede completar antes o despu\u00e9s del pago<\/p>\n<p><a href=\"https:\/\/docs.google.com\/forms\/d\/e\/1FAIpQLSf0DC5N2ENeXfMamkkaK7eQ--IKVUYUlG8ixDbUQQqC7TGeYA\/viewform?usp=sf_link\">https:\/\/docs.google.com\/forms\/d\/e\/1FAIpQLSf0DC5N2ENeXfMamkkaK7eQ\u2013IKVUYUlG8ixDbUQQqC7TGeYA\/viewform?usp=sf_link<\/a><\/p>\n<p>Una vez realizado el pago, enviar al vendedor el soporte de pago.<\/p>\n<p>&nbsp;<\/p>\n<p>&nbsp;<\/p>\n<p><b>24- \u00bfCu\u00e1l es la forma de pago?<\/b><\/p>\n<p>1era Opci\u00f3n: Pagar por transferencia a una cuenta en Singapur<\/p>\n<p>2da opci\u00f3n: Pagar por transferencia a una cuenta en Francia<\/p>\n<p>3era Opci\u00f3n: Pagar por pay pal. Si se van por esta opci\u00f3n la persona debe dar su nombre y correo y Jean Francois les crea un bot\u00f3n personal de pago.<\/p>\n<p>&nbsp;<\/p>\n<p>&nbsp;<\/p>\n<p>&nbsp;<\/p>\n<p>.<\/p>\n","protected":false},"excerpt":{"rendered":"<p>Preguntas Frecuentes TEAM POWER &nbsp; &nbsp; &nbsp; FQ Un viaje a trav\u00e9s del arte del coaching y liderazgo &nbsp; 1- \u00bfA qui\u00e9n va dirigido? Coaches y personas que quieren desarrollar su liderazgo, desde la Perspectiva del poder personal y el reconocimiento de sus talentos y&#8230;<\/p>\n","protected":false},"author":16,"featured_media":0,"parent":0,"menu_order":0,"comment_status":"closed","ping_status":"closed","template":"","meta":{"footnotes":""},"class_list":["post-2955","page","type-page","status-publish","hentry"],"aioseo_notices":[],"_links":{"self":[{"href":"https:\/\/sic.nodscloud.com\/nodsglobal\/wp-json\/wp\/v2\/pages\/2955","targetHints":{"allow":["GET"]}}],"collection":[{"href":"https:\/\/sic.nodscloud.com\/nodsglobal\/wp-json\/wp\/v2\/pages"}],"about":[{"href":"https:\/\/sic.nodscloud.com\/nodsglobal\/wp-json\/wp\/v2\/types\/page"}],"author":[{"embeddable":true,"href":"https:\/\/sic.nodscloud.com\/nodsglobal\/wp-json\/wp\/v2\/users\/16"}],"replies":[{"embeddable":true,"href":"https:\/\/sic.nodscloud.com\/nodsglobal\/wp-json\/wp\/v2\/comments?post=2955"}],"version-history":[{"count":3,"href":"https:\/\/sic.nodscloud.com\/nodsglobal\/wp-json\/wp\/v2\/pages\/2955\/revisions"}],"predecessor-version":[{"id":2958,"href":"https:\/\/sic.nodscloud.com\/nodsglobal\/wp-json\/wp\/v2\/pages\/2955\/revisions\/2958"}],"wp:attachment":[{"href":"https:\/\/sic.nodscloud.com\/nodsglobal\/wp-json\/wp\/v2\/media?parent=2955"}],"curies":[{"name":"wp","href":"https:\/\/api.w.org\/{rel}","templated":true}]}}