
{"id":3021,"date":"2022-05-31T15:52:07","date_gmt":"2022-05-31T15:52:07","guid":{"rendered":"https:\/\/sic.nodscloud.com\/nodsglobal\/?page_id=3021"},"modified":"2022-06-01T15:15:37","modified_gmt":"2022-06-01T15:15:37","slug":"funwise-proceso-de-admision","status":"publish","type":"page","link":"https:\/\/sic.nodscloud.com\/nodsglobal\/funwise-proceso-de-admision\/","title":{"rendered":"FUNWISE &#8211; Requisitos y Proceso de Admisi\u00f3n"},"content":{"rendered":"<h1 style=\"text-align: center;\"><strong>Requisitos &amp; Proceso de Admisi\u00f3n<\/strong><\/h1>\n<h1 style=\"text-align: center;\"><strong>FUNWISE<\/strong><\/h1>\n<p>&nbsp;<\/p>\n<p>&nbsp;<\/p>\n<p>&nbsp;<\/p>\n<h3><strong>Requisitos de Ingreso<\/strong><\/h3>\n<ul>\n<li>Foto de DNI<\/li>\n<li>Mayor de 16 a\u00f1os<\/li>\n<\/ul>\n<p>&nbsp;<\/p>\n<p>&nbsp;<\/p>\n<h3><strong>Proceso de admisi\u00f3n<\/strong><\/h3>\n<p>1-\u00a0<strong>Enviar correo*<\/strong>\u00a0cumplimentando los datos correctamente<\/p>\n<p>2- Adjuntar el <strong>comprobante\u00a0de pago<\/strong><\/p>\n<p>3- Adjuntar el <strong>DNI<\/strong><\/p>\n<p>&nbsp;<\/p>\n<p><strong>*MODELO DE CORREO:<br \/>\n<\/strong>Enviar el correo a <strong>academia@funwiseonline.com<\/strong>, y a <strong>fiorejose.325@gmail.com, <\/strong>poner en copia a\u00a0Belen\u00a0<strong>belen@gruponods.com<br \/>\n<\/strong><\/p>\n<ul>\n<li>El asunto del correo: NODS \/ NOMBRE DEL ASPIRANTE<\/li>\n<li>Nombre del candidato: XXXXXXXXXXXX<\/li>\n<li>Email del candidato:<\/li>\n<li>N\u00famero telefonico:<\/li>\n<li>Programa elegido: XXXXXXXXXXX<\/li>\n<li>Modalidad:<\/li>\n<li>Ciudad:<\/li>\n<li>Fecha de inicio:<\/li>\n<li>Inversion: <b>(en cuotas o un solo pago)<\/b><\/li>\n<li>Nombre de asesor:\u00a0 XXXXXXXXXXX<\/li>\n<li>Adjuntar comprobante de pago y documento de alumno.<\/li>\n<\/ul>\n<p>&nbsp;<\/p>\n<p>&nbsp;<\/p>\n<p>&nbsp;<\/p>\n<p>.<\/p>\n","protected":false},"excerpt":{"rendered":"<p>Requisitos &amp; Proceso de Admisi\u00f3n FUNWISE &nbsp; &nbsp; &nbsp; Requisitos de Ingreso Foto de DNI Mayor de 16 a\u00f1os &nbsp; &nbsp; Proceso de admisi\u00f3n 1-\u00a0Enviar correo*\u00a0cumplimentando los datos correctamente 2- Adjuntar el comprobante\u00a0de pago 3- Adjuntar el DNI &nbsp; *MODELO DE CORREO: Enviar el correo&#8230;<\/p>\n","protected":false},"author":16,"featured_media":0,"parent":0,"menu_order":0,"comment_status":"closed","ping_status":"closed","template":"","meta":{"footnotes":""},"class_list":["post-3021","page","type-page","status-publish","hentry"],"aioseo_notices":[],"_links":{"self":[{"href":"https:\/\/sic.nodscloud.com\/nodsglobal\/wp-json\/wp\/v2\/pages\/3021","targetHints":{"allow":["GET"]}}],"collection":[{"href":"https:\/\/sic.nodscloud.com\/nodsglobal\/wp-json\/wp\/v2\/pages"}],"about":[{"href":"https:\/\/sic.nodscloud.com\/nodsglobal\/wp-json\/wp\/v2\/types\/page"}],"author":[{"embeddable":true,"href":"https:\/\/sic.nodscloud.com\/nodsglobal\/wp-json\/wp\/v2\/users\/16"}],"replies":[{"embeddable":true,"href":"https:\/\/sic.nodscloud.com\/nodsglobal\/wp-json\/wp\/v2\/comments?post=3021"}],"version-history":[{"count":4,"href":"https:\/\/sic.nodscloud.com\/nodsglobal\/wp-json\/wp\/v2\/pages\/3021\/revisions"}],"predecessor-version":[{"id":3034,"href":"https:\/\/sic.nodscloud.com\/nodsglobal\/wp-json\/wp\/v2\/pages\/3021\/revisions\/3034"}],"wp:attachment":[{"href":"https:\/\/sic.nodscloud.com\/nodsglobal\/wp-json\/wp\/v2\/media?parent=3021"}],"curies":[{"name":"wp","href":"https:\/\/api.w.org\/{rel}","templated":true}]}}