
{"id":3023,"date":"2022-06-01T12:35:52","date_gmt":"2022-06-01T12:35:52","guid":{"rendered":"https:\/\/sic.nodscloud.com\/nodsglobal\/?page_id=3023"},"modified":"2022-06-01T12:35:52","modified_gmt":"2022-06-01T12:35:52","slug":"funwise-preguntas-frecuentes","status":"publish","type":"page","link":"https:\/\/sic.nodscloud.com\/nodsglobal\/funwise-preguntas-frecuentes\/","title":{"rendered":"FUNWISE &#8211; Preguntas frecuentes"},"content":{"rendered":"<h1 style=\"text-align: center;\"><strong>Preguntas frecuentes<\/strong><\/h1>\n<h1 style=\"text-align: center;\"><strong>FUNWISE<\/strong><\/h1>\n<p>&nbsp;<\/p>\n<p>&nbsp;<\/p>\n<p>&nbsp;<\/p>\n<p><strong>1- \u00bfPor qu\u00e9 estudiar en la Funwise?<\/strong><span style=\"font-weight: 400;\"><br \/>\n<\/span><span style=\"font-weight: 400;\"> Funwise es una academia de ingl\u00e9s para adultos en donde las clases son orientadas a la comunicaci\u00f3n y a la parte oral. Se aprende ingl\u00e9s a trav\u00e9s de diferentes actividades did\u00e1cticas y juegos para hacer el proceso de aprender ingl\u00e9s m\u00e1s natural y entretenido.<\/span><\/p>\n<p>&nbsp;<\/p>\n<p>&nbsp;<\/p>\n<p><strong>2- \u00bfCon qu\u00e9 certificaci\u00f3n cuentan los cursos?<\/strong><br \/>\n<span style=\"font-weight: 400;\">Los certificados que se entregan no est\u00e1n avalados por ning\u00fan organismo educativo.<\/span><span style=\"font-weight: 400;\"><\/p>\n<p><\/span><\/p>\n<p>&nbsp;<\/p>\n<p><strong>3- \u00bfCu\u00e1les son los alcances del t\u00edtulo \/ el cursado sirve para rendir ex\u00e1menes internacionales?<\/strong><span style=\"font-weight: 400;\"><br \/>\n<\/span><span style=\"font-weight: 400;\">Los niveles son inicial, preintermedio, intermedio y avanzado. Luego de cursar el nivel intermedio el alumno est\u00e1 capacitado para rendir ex\u00e1menes internacionales como el first o toeic. <\/span><span style=\"font-weight: 400;\"><\/p>\n<p><\/span><\/p>\n<p>&nbsp;<\/p>\n<p><strong>4- \u00bfC\u00f3mo es el cursado de cada curso? \u00bfC\u00f3mo se dicta el contenido en el aula virtual?\u00a0\u00bfLas clases son en vivo, o quedan grabadas?<\/strong><span style=\"font-weight: 400;\"><br \/>\n<\/span><span style=\"font-weight: 400;\">El cursado es dos veces por semana, clases de 1 hora, en vivo, las clases quedan grabadas en ninguna plataforma. <\/span><span style=\"font-weight: 400;\">Se asignan actividades de tarea de una clase para la otra.\u00a0<\/span><\/p>\n<p>&nbsp;<\/p>\n<p>&nbsp;<\/p>\n<p><strong>5- \u00bfC\u00f3mo se miden las asistencias? \u00bfPorcentaje de faltas?<\/strong><span style=\"font-weight: 400;\"><br \/>\n<\/span><span style=\"font-weight: 400;\">No hay l\u00edmite de faltas, y contactamos al alumno cuando falta 2 veces seguidas. <\/span><span style=\"font-weight: 400;\"><\/p>\n<p><\/span><\/p>\n<p>&nbsp;<\/p>\n<p><strong>6- \u00bfHay examen de nivelaci\u00f3n?<\/strong><span style=\"font-weight: 400;\"><br \/>\n<\/span><span style=\"font-weight: 400;\">En caso de tener conocimientos previos se toma una prueba de nivelaci\u00f3n para asignarle al alumno el curso correspondiente. <\/span><span style=\"font-weight: 400;\"><\/p>\n<p><\/span><\/p>\n<p>&nbsp;<\/p>\n<p><strong>7- \u00bfEst\u00e1 curso orientado a Ingles Americano o Ingl\u00e9s Britanico?<\/strong><span style=\"font-weight: 400;\"><br \/>\n<\/span><span style=\"font-weight: 400;\">Ingl\u00e9s americano<\/span><\/p>\n<p>&nbsp;<\/p>\n<p>&nbsp;<\/p>\n<p><strong>8- \u00bfSe brinda material de estudio?<\/strong><span style=\"font-weight: 400;\"><br \/>\n<\/span><span style=\"font-weight: 400;\">Se utiliza un students book (libro de clases) y un workbook (libro de tareas), ambos son abonados por el alumno.<\/span><span style=\"font-weight: 400;\"><\/p>\n<p><\/span><\/p>\n<p>&nbsp;<\/p>\n<p><strong>9- \u00bfSon clases individuales o grupales? Si son grupales, \u00bfhasta cuantas personas?<\/strong><span style=\"font-weight: 400;\"><br \/>\n<\/span><span style=\"font-weight: 400;\">Clases individuales o grupales, m\u00e1ximo 10 personas.<\/span><\/p>\n<p>&nbsp;<\/p>\n<p>&nbsp;<\/p>\n<p>&nbsp;<\/p>\n<p>&nbsp;<\/p>\n<p>.<\/p>\n","protected":false},"excerpt":{"rendered":"<p>Preguntas frecuentes FUNWISE &nbsp; &nbsp; &nbsp; 1- \u00bfPor qu\u00e9 estudiar en la Funwise? Funwise es una academia de ingl\u00e9s para adultos en donde las clases son orientadas a la comunicaci\u00f3n y a la parte oral. Se aprende ingl\u00e9s a trav\u00e9s de diferentes actividades did\u00e1cticas y&#8230;<\/p>\n","protected":false},"author":16,"featured_media":0,"parent":0,"menu_order":0,"comment_status":"closed","ping_status":"closed","template":"","meta":{"footnotes":""},"class_list":["post-3023","page","type-page","status-publish","hentry"],"aioseo_notices":[],"_links":{"self":[{"href":"https:\/\/sic.nodscloud.com\/nodsglobal\/wp-json\/wp\/v2\/pages\/3023","targetHints":{"allow":["GET"]}}],"collection":[{"href":"https:\/\/sic.nodscloud.com\/nodsglobal\/wp-json\/wp\/v2\/pages"}],"about":[{"href":"https:\/\/sic.nodscloud.com\/nodsglobal\/wp-json\/wp\/v2\/types\/page"}],"author":[{"embeddable":true,"href":"https:\/\/sic.nodscloud.com\/nodsglobal\/wp-json\/wp\/v2\/users\/16"}],"replies":[{"embeddable":true,"href":"https:\/\/sic.nodscloud.com\/nodsglobal\/wp-json\/wp\/v2\/comments?post=3023"}],"version-history":[{"count":1,"href":"https:\/\/sic.nodscloud.com\/nodsglobal\/wp-json\/wp\/v2\/pages\/3023\/revisions"}],"predecessor-version":[{"id":3024,"href":"https:\/\/sic.nodscloud.com\/nodsglobal\/wp-json\/wp\/v2\/pages\/3023\/revisions\/3024"}],"wp:attachment":[{"href":"https:\/\/sic.nodscloud.com\/nodsglobal\/wp-json\/wp\/v2\/media?parent=3023"}],"curies":[{"name":"wp","href":"https:\/\/api.w.org\/{rel}","templated":true}]}}