
{"id":3047,"date":"2022-06-21T14:28:59","date_gmt":"2022-06-21T14:28:59","guid":{"rendered":"https:\/\/sic.nodscloud.com\/nodsglobal\/?page_id=3047"},"modified":"2022-09-07T18:43:55","modified_gmt":"2022-09-07T18:43:55","slug":"americana-mediosdepago","status":"publish","type":"page","link":"https:\/\/sic.nodscloud.com\/nodsglobal\/americana-mediosdepago\/","title":{"rendered":"Americana &#8211; Medios de pago"},"content":{"rendered":"<h1 style=\"text-align: center;\"><strong>Medios de pagos<\/strong><\/h1>\n<h1 style=\"text-align: center;\"><strong>Americana<\/strong><\/h1>\n<p>&nbsp;<\/p>\n<h4><span style=\"color: #0000ff;\"><strong>Los pagos se realizan a travez de:<\/strong><\/span><\/h4>\n<ul>\n<li><strong>Wester Union<\/strong><br \/>\n<a href=\"https:\/\/sic.nodscloud.com\/americana\/wp-content\/uploads\/sites\/9\/2022\/09\/nikea-me-llc_Wire-Details-Checking-5187.pdf\" target=\"_blank\" rel=\"noopener\">Datos de la cuenta para transferir desde Ecuador (ver archivo)\u00a0<\/a><br \/>\n*los datos que se deben informar al cliente son los que est\u00e1n en la segunda hoja<\/li>\n<li><strong>Flywire<\/strong><br \/>\n<span style=\"color: #0000ff;\"><a style=\"color: #0000ff;\" href=\"https:\/\/pay.flywire.com\/?utm_source=www&amp;utm_medium=web&amp;utm_campaign=redirection\" target=\"_blank\" rel=\"noopener\">Link de pago para abonar a traves de la plataforma flywire (ver link)<\/a><\/span><br \/>\n*el aspirante puede abonar sin tener que crearse un usuario en la plataforma de flywire<\/li>\n<\/ul>\n<p>&nbsp;<\/p>\n<p>&nbsp;<\/p>\n<h4><strong>Medios de pagos para <span style=\"color: #0000ff;\">GRADOS y PREGRADOS<\/span><\/strong><\/h4>\n<p>La asesor acad\u00e9mico ser\u00e1 el encargado de enviar el link de pago <em>una vez que el aspirante haya pasado la entrevista de admisi\u00f3n<\/em>.<\/p>\n<ul>\n<li>El pago del arancel semestral se abona en una sola cuota.<\/li>\n<li>El link de pago es a trav\u00e9s de la plataforma Flywire<\/li>\n<\/ul>\n<p>&nbsp;<\/p>\n<h4><strong>Medios de pagos para <span style=\"color: #0000ff;\">POSGRADOS<\/span><\/strong><\/h4>\n<p>La asesor acad\u00e9mico ser\u00e1 el encargado de enviar el link de pago. El aspirante debe abonar la matricula <span style=\"color: #000000;\"><em>antes de comenzar el proceso de admisi\u00f3n.<\/em><\/span><\/p>\n<ul>\n<li>El pago del arancel semestral se abona en una sola cuota.<\/li>\n<li>El link de pago es a trav\u00e9s de la plataforma Flywire<\/li>\n<\/ul>\n<p>&nbsp;<\/p>\n<p>&nbsp;<\/p>\n<p>&nbsp;<\/p>\n<h4><strong>Certificaciones de pago &#8211; Abonar por Bloque<\/strong><\/h4>\n<p>La certificaci\u00f3n de pago es una solicitud pasajera para prospectos que quieran abonar el primer bloque.<br \/>\nCon este certificado podr\u00e1n realizar una transferencia a la universidad en los bancos <a href=\"https:\/\/sic.nodscloud.com\/americana\/wp-content\/uploads\/sites\/9\/2022\/06\/CORPORACION-UNIVERSITARIA-AMERICANA-1-1.pdf\" target=\"_blank\" rel=\"noopener\"><span style=\"color: #0000ff;\"><strong>Pichincha<\/strong><\/span><\/a> y <a href=\"https:\/\/sic.nodscloud.com\/americana\/wp-content\/uploads\/sites\/9\/2022\/06\/Certificacion-bancaria-BBVA-1-1-1.pdf\" target=\"_blank\" rel=\"noopener\"><span style=\"color: #0000ff;\"><strong>BBVA<\/strong><\/span><\/a>.<\/p>\n<p>&nbsp;<\/p>\n<p>&nbsp;<\/p>\n<p>&nbsp;<\/p>\n<p>.<\/p>\n<p>&nbsp;<\/p>\n","protected":false},"excerpt":{"rendered":"<p>Medios de pagos Americana &nbsp; Los pagos se realizan a travez de: Wester Union Datos de la cuenta para transferir desde Ecuador (ver archivo)\u00a0 *los datos que se deben informar al cliente son los que est\u00e1n en la segunda hoja Flywire Link de pago para&#8230;<\/p>\n","protected":false},"author":16,"featured_media":0,"parent":0,"menu_order":0,"comment_status":"closed","ping_status":"closed","template":"","meta":{"footnotes":""},"class_list":["post-3047","page","type-page","status-publish","hentry"],"aioseo_notices":[],"_links":{"self":[{"href":"https:\/\/sic.nodscloud.com\/nodsglobal\/wp-json\/wp\/v2\/pages\/3047","targetHints":{"allow":["GET"]}}],"collection":[{"href":"https:\/\/sic.nodscloud.com\/nodsglobal\/wp-json\/wp\/v2\/pages"}],"about":[{"href":"https:\/\/sic.nodscloud.com\/nodsglobal\/wp-json\/wp\/v2\/types\/page"}],"author":[{"embeddable":true,"href":"https:\/\/sic.nodscloud.com\/nodsglobal\/wp-json\/wp\/v2\/users\/16"}],"replies":[{"embeddable":true,"href":"https:\/\/sic.nodscloud.com\/nodsglobal\/wp-json\/wp\/v2\/comments?post=3047"}],"version-history":[{"count":5,"href":"https:\/\/sic.nodscloud.com\/nodsglobal\/wp-json\/wp\/v2\/pages\/3047\/revisions"}],"predecessor-version":[{"id":3189,"href":"https:\/\/sic.nodscloud.com\/nodsglobal\/wp-json\/wp\/v2\/pages\/3047\/revisions\/3189"}],"wp:attachment":[{"href":"https:\/\/sic.nodscloud.com\/nodsglobal\/wp-json\/wp\/v2\/media?parent=3047"}],"curies":[{"name":"wp","href":"https:\/\/api.w.org\/{rel}","templated":true}]}}