
{"id":3139,"date":"2022-08-25T14:20:42","date_gmt":"2022-08-25T14:20:42","guid":{"rendered":"https:\/\/sic.nodscloud.com\/nodsglobal\/?page_id=3139"},"modified":"2022-08-30T18:10:36","modified_gmt":"2022-08-30T18:10:36","slug":"ecocoaching","status":"publish","type":"page","link":"https:\/\/sic.nodscloud.com\/nodsglobal\/ecocoaching\/","title":{"rendered":"ECO &#8211; Requisitos de admisi\u00f3n"},"content":{"rendered":"<h1 style=\"text-align: center;\"><b>Requisito de Admisi\u00f3n\u00a0<\/b><\/h1>\n<h1 style=\"text-align: center;\"><b>ECO COACHING<\/b><\/h1>\n<p>&nbsp;<\/p>\n<p>&nbsp;<\/p>\n<p>&nbsp;<\/p>\n<p><strong>Coaching Ontol\u00f3gico (CCO)<\/strong><\/p>\n<ul>\n<li><span style=\"font-weight: 400;\">Edad m\u00ednima: 18 a\u00f1os al finalizar la cursada.<\/span><\/li>\n<li><span style=\"font-weight: 400;\">T\u00edtulo Secundario<\/span><\/li>\n<li><span style=\"color: #0000ff;\"><a style=\"color: #0000ff;\" href=\"https:\/\/docs.google.com\/forms\/d\/e\/1FAIpQLSf0fMmzVf4yQdx8C3tzcOyPiMOzzHY7aBeilioAtwpMNZkOcw\/viewform\" target=\"_blank\" rel=\"noopener\"><span style=\"font-weight: 400;\">Formulario de inscripci\u00f3n (enviar link)<\/span><\/a><\/span><\/li>\n<\/ul>\n<p>&nbsp;<\/p>\n<p>&nbsp;<\/p>\n<p><strong>Diplomatura en Inteligencia emocional (DIE)<\/strong><\/p>\n<ul>\n<li><span style=\"font-weight: 400;\">Edad m\u00ednima: 18 a\u00f1os al finalizar la cursada.<\/span><\/li>\n<li><span style=\"color: #0000ff;\"><a style=\"color: #0000ff;\" href=\"https:\/\/docs.google.com\/forms\/d\/e\/1FAIpQLSf0fMmzVf4yQdx8C3tzcOyPiMOzzHY7aBeilioAtwpMNZkOcw\/viewform\" target=\"_blank\" rel=\"noopener\"><span style=\"font-weight: 400;\">Formulario de inscripci\u00f3n (enviar link)<\/span><\/a><\/span><\/li>\n<\/ul>\n<p>&nbsp;<\/p>\n<p>&nbsp;<\/p>\n<p>&nbsp;<\/p>\n<p>.<\/p>\n","protected":false},"excerpt":{"rendered":"<p>Requisito de Admisi\u00f3n\u00a0 ECO COACHING &nbsp; &nbsp; &nbsp; Coaching Ontol\u00f3gico (CCO) Edad m\u00ednima: 18 a\u00f1os al finalizar la cursada. T\u00edtulo Secundario Formulario de inscripci\u00f3n (enviar link) &nbsp; &nbsp; Diplomatura en Inteligencia emocional (DIE) Edad m\u00ednima: 18 a\u00f1os al finalizar la cursada. Formulario de inscripci\u00f3n (enviar&#8230;<\/p>\n","protected":false},"author":16,"featured_media":0,"parent":0,"menu_order":0,"comment_status":"closed","ping_status":"closed","template":"","meta":{"footnotes":""},"class_list":["post-3139","page","type-page","status-publish","hentry"],"aioseo_notices":[],"_links":{"self":[{"href":"https:\/\/sic.nodscloud.com\/nodsglobal\/wp-json\/wp\/v2\/pages\/3139","targetHints":{"allow":["GET"]}}],"collection":[{"href":"https:\/\/sic.nodscloud.com\/nodsglobal\/wp-json\/wp\/v2\/pages"}],"about":[{"href":"https:\/\/sic.nodscloud.com\/nodsglobal\/wp-json\/wp\/v2\/types\/page"}],"author":[{"embeddable":true,"href":"https:\/\/sic.nodscloud.com\/nodsglobal\/wp-json\/wp\/v2\/users\/16"}],"replies":[{"embeddable":true,"href":"https:\/\/sic.nodscloud.com\/nodsglobal\/wp-json\/wp\/v2\/comments?post=3139"}],"version-history":[{"count":4,"href":"https:\/\/sic.nodscloud.com\/nodsglobal\/wp-json\/wp\/v2\/pages\/3139\/revisions"}],"predecessor-version":[{"id":3158,"href":"https:\/\/sic.nodscloud.com\/nodsglobal\/wp-json\/wp\/v2\/pages\/3139\/revisions\/3158"}],"wp:attachment":[{"href":"https:\/\/sic.nodscloud.com\/nodsglobal\/wp-json\/wp\/v2\/media?parent=3139"}],"curies":[{"name":"wp","href":"https:\/\/api.w.org\/{rel}","templated":true}]}}