
{"id":3149,"date":"2022-08-29T15:19:28","date_gmt":"2022-08-29T15:19:28","guid":{"rendered":"https:\/\/sic.nodscloud.com\/nodsglobal\/?page_id=3149"},"modified":"2022-09-06T16:25:29","modified_gmt":"2022-09-06T16:25:29","slug":"ecobrochures","status":"publish","type":"page","link":"https:\/\/sic.nodscloud.com\/nodsglobal\/ecobrochures\/","title":{"rendered":"ECO &#8211; Brochures"},"content":{"rendered":"<h1 style=\"text-align: center;\"><strong>Brochures<\/strong><\/h1>\n<h1 style=\"text-align: center;\"><strong>ECO COACHING<\/strong><\/h1>\n<p>&nbsp;<\/p>\n<p>&nbsp;<\/p>\n<p><a href=\"https:\/\/sic.nodscloud.com\/ecocoaching\/wp-content\/uploads\/sites\/25\/2022\/08\/Brochure-CO_23-8-3-1.pdf\" target=\"_blank\" rel=\"noopener\"><span style=\"color: #0000ff;\"><strong>Coaching Ontol\u00f3gico (CCO)<\/strong><\/span><\/a><\/p>\n<p><a href=\"https:\/\/sic.nodscloud.com\/ecocoaching\/wp-content\/uploads\/sites\/25\/2022\/08\/Brochure-DIE_18-8-2-1.pdf\"><span style=\"color: #0000ff;\"><strong>Diplomatura en Inteligencia emocional (DIE)<\/strong><\/span><\/a><\/p>\n<p><strong><span style=\"color: #0000ff;\"><a style=\"color: #0000ff;\" href=\"https:\/\/sic.nodscloud.com\/ecocoaching\/wp-content\/uploads\/sites\/25\/2022\/09\/Diplomatura-en-Metodologi\u0301as-A\u0301giles-1.pdf\" target=\"_blank\" rel=\"noopener\">Diplomatura en Metodolog\u00edas \u00c1giles<\/a><\/span><\/strong><\/p>\n<p><strong><span style=\"color: #0000ff;\"><a style=\"color: #0000ff;\" href=\"https:\/\/sic.nodscloud.com\/ecocoaching\/wp-content\/uploads\/sites\/25\/2022\/09\/Diplomatura-en-Nociones-de-la-Psicologi\u0301a-1.pdf\" target=\"_blank\" rel=\"noopener\">Diplomatura en Nociones de Psicolog\u00eda<\/a><\/span><\/strong><\/p>\n<p>&nbsp;<\/p>\n<p>&nbsp;<\/p>\n<p>&nbsp;<\/p>\n<p>.<\/p>\n","protected":false},"excerpt":{"rendered":"<p>Brochures ECO COACHING &nbsp; &nbsp; Coaching Ontol\u00f3gico (CCO) Diplomatura en Inteligencia emocional (DIE) Diplomatura en Metodolog\u00edas \u00c1giles Diplomatura en Nociones de Psicolog\u00eda &nbsp; &nbsp; &nbsp; .<\/p>\n","protected":false},"author":16,"featured_media":0,"parent":0,"menu_order":0,"comment_status":"closed","ping_status":"closed","template":"","meta":{"footnotes":""},"class_list":["post-3149","page","type-page","status-publish","hentry"],"aioseo_notices":[],"_links":{"self":[{"href":"https:\/\/sic.nodscloud.com\/nodsglobal\/wp-json\/wp\/v2\/pages\/3149","targetHints":{"allow":["GET"]}}],"collection":[{"href":"https:\/\/sic.nodscloud.com\/nodsglobal\/wp-json\/wp\/v2\/pages"}],"about":[{"href":"https:\/\/sic.nodscloud.com\/nodsglobal\/wp-json\/wp\/v2\/types\/page"}],"author":[{"embeddable":true,"href":"https:\/\/sic.nodscloud.com\/nodsglobal\/wp-json\/wp\/v2\/users\/16"}],"replies":[{"embeddable":true,"href":"https:\/\/sic.nodscloud.com\/nodsglobal\/wp-json\/wp\/v2\/comments?post=3149"}],"version-history":[{"count":5,"href":"https:\/\/sic.nodscloud.com\/nodsglobal\/wp-json\/wp\/v2\/pages\/3149\/revisions"}],"predecessor-version":[{"id":3186,"href":"https:\/\/sic.nodscloud.com\/nodsglobal\/wp-json\/wp\/v2\/pages\/3149\/revisions\/3186"}],"wp:attachment":[{"href":"https:\/\/sic.nodscloud.com\/nodsglobal\/wp-json\/wp\/v2\/media?parent=3149"}],"curies":[{"name":"wp","href":"https:\/\/api.w.org\/{rel}","templated":true}]}}