
{"id":3296,"date":"2023-02-15T20:03:30","date_gmt":"2023-02-15T20:03:30","guid":{"rendered":"https:\/\/sic.nodscloud.com\/nodsglobal\/?page_id=3296"},"modified":"2023-12-12T19:34:37","modified_gmt":"2023-12-12T19:34:37","slug":"kennedy-aranceles-por-zona","status":"publish","type":"page","link":"https:\/\/sic.nodscloud.com\/nodsglobal\/kennedy-aranceles-por-zona\/","title":{"rendered":"Kennedy &#8211; Aranceles por Zona"},"content":{"rendered":"<h1 style=\"text-align: center;\"><strong>Aranceles por Zonas<\/strong><\/h1>\n<p>&nbsp;<\/p>\n<div><\/div>\n<h4><strong><span style=\"color: #0000ff;\"><a style=\"color: #0000ff;\" href=\"https:\/\/sic.nodscloud.com\/nodsglobal\/wp-content\/uploads\/sites\/3\/2023\/06\/Oferta-Academica-NUEVOS-VIRTUAL-precios-202301-IC-20221013-desde-el-03.06.23-al-17.06.23-SEGUNDO-SEMESTRE-GRUPO-A.pdf\" target=\"_blank\" rel=\"noopener\">Zona A<\/a>\u00a0<\/span>\u2013<\/strong>\u00a0San Rafael + CABA + Prov. de Buenos Aires<\/h4>\n<p><a href=\"https:\/\/sic.nodscloud.com\/nodsglobal\/wp-content\/uploads\/sites\/3\/2023\/12\/Oferta-Academica-NUEVOS-VIRTUAL-precios-2024-IC-de-06.12.23-al-22.12.23-GRUPO-A.pdf\" target=\"_blank\" rel=\"noopener\"><span style=\"color: #0000ff;\"><strong>TODOS LOS PROGRAMAS Zona A<\/strong><\/span><\/a><\/p>\n<p>&nbsp;<\/p>\n<h4><strong><span style=\"color: #0000ff;\"><a style=\"color: #0000ff;\" href=\"https:\/\/sic.nodscloud.com\/nodsglobal\/wp-content\/uploads\/sites\/3\/2023\/06\/Oferta-Academica-NUEVOS-VIRTUAL-precios-202301-IC-20221013-desde-el-03.06.23-al-17.06.23-SEGUNDO-SEMESTRE-GRUPO-B.pdf\" target=\"_blank\" rel=\"noopener\">Zona B\u00a0<\/a><\/span>\u2013\u00a0<\/strong>Chubut + La Pampa + R\u00edo Negro + Santa Fe + C\u00f3rdoba + Mendoza + San Luis + Tierra del Fuego + Entre R\u00edos + Neuquen + Santa Cruz<\/h4>\n<p><a href=\"https:\/\/sic.nodscloud.com\/nodsglobal\/wp-content\/uploads\/sites\/3\/2023\/12\/Oferta-Academica-NUEVOS-VIRTUAL-precios-2024-IC-de-06.12.23-al-22.12.23-GRUPO-B.pdf\" target=\"_blank\" rel=\"noopener\"><span style=\"color: #0000ff;\"><strong>TODOS LOS PROGRAMAS Zona B<\/strong><\/span><\/a><\/p>\n<p>&nbsp;<\/p>\n<h4><strong><a href=\"https:\/\/sic.nodscloud.com\/nodsglobal\/wp-content\/uploads\/sites\/3\/2023\/06\/Oferta-Academica-NUEVOS-VIRTUAL-precios-202301-IC-20221013-desde-el-03.06.23-al-17.06.23-SEGUNDO-SEMESTRE-GRUPO-C-1.pdf\" target=\"_blank\" rel=\"noopener\"><span style=\"color: #0000ff;\"><span style=\"color: #0000ff;\">Zona<\/span> C\u00a0<\/span><\/a>\u2013<\/strong>\u00a0Catamarca + Formosa + Misiones + San Juan + Chaco + Jujuy + S. del Estero + Tucum\u00e1n + Corrientes + La Rioja + Salta<\/h4>\n<p><strong><a href=\"https:\/\/sic.nodscloud.com\/nodsglobal\/wp-content\/uploads\/sites\/3\/2023\/12\/Oferta-Academica-NUEVOS-VIRTUAL-precios-2024-IC-de-06.12.23-al-22.12.23-GRUPO-C.pdf\" target=\"_blank\" rel=\"noopener\"><span style=\"color: #0000ff;\">TODOS LOS PROGRAMAS Zona C<\/span><\/a><\/strong><\/p>\n<p>&nbsp;<\/p>\n<p>&nbsp;<\/p>\n<p>&nbsp;<\/p>\n<p>&nbsp;<\/p>\n<p>.<\/p>\n","protected":false},"excerpt":{"rendered":"<p>Aranceles por Zonas &nbsp; Zona A\u00a0\u2013\u00a0San Rafael + CABA + Prov. de Buenos Aires TODOS LOS PROGRAMAS Zona A &nbsp; Zona B\u00a0\u2013\u00a0Chubut + La Pampa + R\u00edo Negro + Santa Fe + C\u00f3rdoba + Mendoza + San Luis + Tierra del Fuego + Entre R\u00edos&#8230;<\/p>\n","protected":false},"author":16,"featured_media":0,"parent":0,"menu_order":0,"comment_status":"closed","ping_status":"closed","template":"","meta":{"footnotes":""},"class_list":["post-3296","page","type-page","status-publish","hentry"],"aioseo_notices":[],"_links":{"self":[{"href":"https:\/\/sic.nodscloud.com\/nodsglobal\/wp-json\/wp\/v2\/pages\/3296","targetHints":{"allow":["GET"]}}],"collection":[{"href":"https:\/\/sic.nodscloud.com\/nodsglobal\/wp-json\/wp\/v2\/pages"}],"about":[{"href":"https:\/\/sic.nodscloud.com\/nodsglobal\/wp-json\/wp\/v2\/types\/page"}],"author":[{"embeddable":true,"href":"https:\/\/sic.nodscloud.com\/nodsglobal\/wp-json\/wp\/v2\/users\/16"}],"replies":[{"embeddable":true,"href":"https:\/\/sic.nodscloud.com\/nodsglobal\/wp-json\/wp\/v2\/comments?post=3296"}],"version-history":[{"count":11,"href":"https:\/\/sic.nodscloud.com\/nodsglobal\/wp-json\/wp\/v2\/pages\/3296\/revisions"}],"predecessor-version":[{"id":3850,"href":"https:\/\/sic.nodscloud.com\/nodsglobal\/wp-json\/wp\/v2\/pages\/3296\/revisions\/3850"}],"wp:attachment":[{"href":"https:\/\/sic.nodscloud.com\/nodsglobal\/wp-json\/wp\/v2\/media?parent=3296"}],"curies":[{"name":"wp","href":"https:\/\/api.w.org\/{rel}","templated":true}]}}