
{"id":3338,"date":"2023-05-02T18:55:35","date_gmt":"2023-05-02T18:55:35","guid":{"rendered":"https:\/\/sic.nodscloud.com\/nodsglobal\/?page_id=3338"},"modified":"2023-06-01T19:03:48","modified_gmt":"2023-06-01T19:03:48","slug":"porfolio-academico-posgrado","status":"publish","type":"page","link":"https:\/\/sic.nodscloud.com\/nodsglobal\/porfolio-academico-posgrado\/","title":{"rendered":"Porfolio academico POSGRADO"},"content":{"rendered":"<h1 style=\"text-align: center;\">Portfolio Acad\u00e9mico de POSGRADO<\/h1>\n<h1 style=\"text-align: center;\">Universidad Maza<\/h1>\n<p>&nbsp;<\/p>\n<p>&nbsp;<\/p>\n<p><span style=\"font-weight: 400;\">La Universidad Juan Agust\u00edn Maza nace el 4 de mayo de 1960, en Mendoza, como una sociedad civil sin fines de lucro; convirti\u00e9ndose en la primera universidad privada de la provincia y la novena en ser reconocida oficialmente a nivel nacional. El lema fundacional \u00abHomo res sacra homini\u00bb\u00a0 significa \u00abel hombre es cosa sagrada para el hombre\u00bb, frase que expresa el principio rector y esp\u00edritu que ha guiado el desarrollo y desenvolvimiento institucional. Desde entonces, han pasado 56 a\u00f1os y miles de personas se han formado en nuestra casa de altos estudios bajo las premisas de libertad, independencia intelectual, humanismo, sentido \u00e9tico y solidaridad.<\/span><\/p>\n<p><span style=\"font-weight: 400;\">La dedicada labor de los equipos de gesti\u00f3n y de los docentes ha dado como fruto la probada idoneidad de nuestros graduados.\u00a0<\/span><\/p>\n<p><span style=\"font-weight: 400;\">Toda la comunidad es testigo del crecimiento de la Universidad, especialmente en los \u00faltimos a\u00f1os.<\/span><\/p>\n<p><span style=\"font-weight: 400;\">En 1960 comenz\u00f3 con solo dos Facultades, mientras que en la actualidad cuenta con siete unidades acad\u00e9micas, cinco sedes en la provincia, un colegio secundario, un campo de deportes, un centro universitario de lenguas y un centro universitario de capacitaciones y oficios, adem\u00e1s de un \u00e1rea de educaci\u00f3n a distancia que crece d\u00eda a d\u00eda.<\/span><\/p>\n<p><span style=\"font-weight: 400;\">Hoy, la Universidad Maza tiene presencia en m\u00faltiples proyectos, redes interinstitucionales y asociaciones; estableciendo y fortaleciendo convenios con importantes universidades del mundo, para brindar mejores y mayores oportunidades a estudiantes y egresados.<\/span><\/p>\n<h3><b>Maestr\u00eda en Educaci\u00f3n (Posgrado)<\/b><\/h3>\n<p>&nbsp;<\/p>\n<ul>\n<li style=\"font-weight: 400;\" aria-level=\"1\"><b>Modalidad<\/b><span style=\"font-weight: 400;\">: Virtual\u00a0 &#8211; Sincr\u00f3nica &#8211; Clases por Zoom<\/span><\/li>\n<li style=\"font-weight: 400;\" aria-level=\"1\"><b>Plataforma<\/b> <b>de estudio:<\/b><span style=\"font-weight: 400;\"> U Maza plataforma de la universidad<\/span><\/li>\n<li style=\"font-weight: 400;\" aria-level=\"1\"><b>Duraci\u00f3n:<\/b><span style=\"font-weight: 400;\"> 4 meses (cursa 3 meses)<\/span><\/li>\n<li style=\"font-weight: 400;\" aria-level=\"1\"><b>T\u00edtulo otorgado<\/b><span style=\"font-weight: 400;\">:<\/span> <b>Magister en Educaci\u00f3n<\/b><\/li>\n<li style=\"font-weight: 400;\" aria-level=\"1\"><b>Requisito<\/b><span style=\"font-weight: 400;\">: <\/span><b>Poseer T\u00edtulo de Especialista en Educaci\u00f3n Superior \u00a0 o Especializaci\u00f3n en Docencia de Nivel Superior<\/b><\/li>\n<li style=\"font-weight: 400;\" aria-level=\"1\"><b>Resoluci\u00f3n Ministerial: La carrera de Maestr\u00eda est\u00e1 acreditada por<\/b><\/li>\n<\/ul>\n<p><b>CONEAU seg\u00fan RESFC- 2017-84-APN y resoluci\u00f3n ministerial n\u00b0 990\/18.\u00a0<\/b><\/p>\n<p><a href=\"https:\/\/sic.nodscloud.com\/universidad-maza\/wp-content\/uploads\/sites\/27\/2023\/05\/Res-Ministerial-No1652-2022-Mtr-en-Educ-Sup-A-distancia.pdf\" target=\"_blank\" rel=\"noopener\"><span style=\"color: #0000ff;\">Res Ministerial N\u00ba1652-2022 Mtr en Educ Sup A distancia.pdf<\/span><\/a><\/p>\n<p>&nbsp;<\/p>\n<p>&nbsp;<\/p>\n<p><b>Materias a cursar:<\/b><\/p>\n<ul>\n<li><b>Nuevas Tecnolog\u00edas de la Informaci\u00f3n y las Comunicaciones en la Educaci\u00f3n Superior<\/b><\/li>\n<\/ul>\n<p><span style=\"font-weight: 400;\">Plantea los criterios y estrategias para un uso adecuado de las TIC y su incorporaci\u00f3n en la gesti\u00f3n institucional, la ense\u00f1anza superior y en entornos virtuales de aprendizaje.<\/span><\/p>\n<ul>\n<li><b>Investigaci\u00f3n II. Planificaci\u00f3n y Gesti\u00f3n de Programas y Proyectos<\/b><\/li>\n<\/ul>\n<p><span style=\"font-weight: 400;\">Distingue las caracter\u00edsticas de los planes, programas y proyectos de investigaci\u00f3n y de intervenci\u00f3n en la Educaci\u00f3n Superior. Posibilita la adquisici\u00f3n de herramientas para el an\u00e1lisis, elaboraci\u00f3n, gesti\u00f3n, implementaci\u00f3n y evaluaci\u00f3n de proyectos en el marco de las instituciones de Educaci\u00f3n Superior.<\/span><\/p>\n<ul>\n<li><b>Investigaci\u00f3n III. Taller de Elaboraci\u00f3n del Proyecto de Tesis<\/b><\/li>\n<\/ul>\n<p><span style=\"font-weight: 400;\">Recupera los diferentes paradigmas vigentes en investigaci\u00f3n educativa y desarrolla el dise\u00f1o de un proyecto de investigaci\u00f3n, sus componentes y el rol del investigador.<\/span><\/p>\n<ul>\n<li><b>Tutor\u00edas y Tareas de Investigaci\u00f3n en Instituciones de Educaci\u00f3n Superior<\/b><\/li>\n<\/ul>\n<p><span style=\"font-weight: 400;\">Destinado a la vinculaci\u00f3n y pr\u00e1ctica de los estudiantes en proyectos de intervenci\u00f3n o de investigaci\u00f3n.\u00a0<\/span><\/p>\n<p><b>\u2014&#8212;&#8212;&#8212;&#8212;&#8212;&#8212;&#8212;&#8212;&#8212;&#8212;&#8212;&#8212;&#8212;&#8212;&#8212;&#8212;&#8212;&#8212;&#8212;&#8212;&#8212;&#8212;&#8212;&#8212;&#8212;&#8212;&#8212;&#8212;&#8212;&#8212;&#8212;-<\/b><\/p>\n<p><b>Recibite de Mag\u00edster en Educaci\u00f3n cursando dicho m\u00f3dulo que consiste en 4 materias\u00a0<\/b><\/p>\n<p>&nbsp;<\/p>\n<p>Materias y cronograma:<\/p>\n<p><img fetchpriority=\"high\" decoding=\"async\" class=\"alignnone size-full wp-image-2941\" src=\"https:\/\/sic.nodscloud.com\/universidad-maza\/wp-content\/uploads\/sites\/27\/2023\/05\/cursado.jpg\" alt=\"\" width=\"712\" height=\"384\" \/><\/p>\n<p><b>Cursada virtual<\/b><\/p>\n<p><b>Finalizada la cursada prepara su tesis acompa\u00f1ado del director de tesis &#8211; Se rinde presencial en la UMaza<\/b><\/p>\n<ul>\n<li aria-level=\"1\"><b>El t\u00edtulo se otorga cuando finaliza el pago. Mientras se le da el certificado analitico de finalizacion de la maestria<\/b><\/li>\n<\/ul>\n<p>&nbsp;<\/p>\n<p><b>Listado de Universidades que tienen equivalencia directa <\/b><b>(resaltadas de color)<\/b><b>, el resto de las universidades deben revisar el analitico certificado lo cual demora aproximadamente 15 dias para finalizar el ok por parte de la UMAZA.<\/b><\/p>\n<p>&nbsp;<\/p>\n<p><b>UCASAL -Universidad Cat\u00f3lica de Salta<\/b><\/p>\n<p><span style=\"color: #ff9900;\"><b>Uni. Nacional de San Juan<\/b><\/span><\/p>\n<p><b>UCCUYO -Universidad Cat\u00f3lica de Cuyo \u2013 San Juan<\/b><\/p>\n<p><b>UNLZ \u2013 Universidad de Lomas de Zamora<\/b><\/p>\n<p><b>UNLP \u2013 Universidad Nacional de la Plata<\/b><\/p>\n<p><b>UNAD \u2013 Universidad Nacional Abierta<\/b><\/p>\n<p><span style=\"color: #ff9900;\"><b>UNCUYO \u2013 Universidad Nacional de Cuyo<\/b><\/span><\/p>\n<p><b>UBA- Universidad de Buenos Aires<\/b><\/p>\n<p><b>UNTREF \u2013 Universidad Nacional de Tres de Febrero<\/b><\/p>\n<p><b>UNQ \u2013 Universidad Nacional de Quilmes<\/b><\/p>\n<p><b>UAI- Universidad Abierta Interamericana<\/b><\/p>\n<p><b>UNL -Universidad Nacional del Litoral<\/b><\/p>\n<p><b>SIGLO 21\u00a0<\/b><\/p>\n<p><b>UFLO \u2013 Universidad de Flores\u00a0<\/b><\/p>\n<p>&nbsp;<\/p>\n<p><b>En caso de estar presencial puede realizar consulta a Liz\u00a0<\/b><\/p>\n<p>&nbsp;<\/p>\n<p><span style=\"color: #ff0000;\"><b>Materias a cursar:<\/b><\/span><\/p>\n<ul>\n<li><b>Nuevas Tecnolog\u00edas de la Informaci\u00f3n y las Comunicaciones en la Educaci\u00f3n Superior<\/b><\/li>\n<\/ul>\n<p><span style=\"font-weight: 400;\">Plantea los criterios y estrategias para un uso adecuado de las TIC y su incorporaci\u00f3n en la gesti\u00f3n institucional, la ense\u00f1anza superior y en entornos virtuales de aprendizaje.<\/span><\/p>\n<ul>\n<li><b>Investigaci\u00f3n II. Planificaci\u00f3n y Gesti\u00f3n de Programas y Proyectos<\/b><\/li>\n<\/ul>\n<p><span style=\"font-weight: 400;\">Distingue las caracter\u00edsticas de los planes, programas y proyectos de investigaci\u00f3n y de intervenci\u00f3n en la Educaci\u00f3n Superior. Posibilita la adquisici\u00f3n de herramientas para el an\u00e1lisis, elaboraci\u00f3n, gesti\u00f3n, implementaci\u00f3n y evaluaci\u00f3n de proyectos en el marco de las instituciones de Educaci\u00f3n Superior.<\/span><\/p>\n<ul>\n<li><b>Investigaci\u00f3n III. Taller de Elaboraci\u00f3n del Proyecto de Tesis<\/b><\/li>\n<\/ul>\n<p><span style=\"font-weight: 400;\">Recupera los diferentes paradigmas vigentes en investigaci\u00f3n educativa y desarrolla el dise\u00f1o de un proyecto de investigaci\u00f3n, sus componentes y el rol del investigador.<\/span><\/p>\n<ul>\n<li><b>Tutor\u00edas y Tareas de Investigaci\u00f3n en Instituciones de Educaci\u00f3n Superior<\/b><\/li>\n<\/ul>\n<p><span style=\"font-weight: 400;\">Destinado a la vinculaci\u00f3n y pr\u00e1ctica de los estudiantes en proyectos de intervenci\u00f3n o de investigaci\u00f3n.\u00a0<\/span><\/p>\n<p><b>\u2014&#8212;&#8212;&#8212;&#8212;&#8212;&#8212;&#8212;&#8212;&#8212;&#8212;&#8212;&#8212;&#8212;&#8212;&#8212;&#8212;&#8212;&#8212;&#8212;&#8212;&#8212;&#8212;&#8212;&#8212;&#8212;&#8212;&#8212;&#8212;&#8212;&#8212;&#8212;-<\/b><\/p>\n<p><b>Recibite de Mag\u00edster en Educaci\u00f3n cursando dicho m\u00f3dulo que consiste en 4 materias <\/b><\/p>\n<p>&nbsp;<\/p>\n<p>&nbsp;<\/p>\n","protected":false},"excerpt":{"rendered":"<p>Portfolio Acad\u00e9mico de POSGRADO Universidad Maza &nbsp; &nbsp; La Universidad Juan Agust\u00edn Maza nace el 4 de mayo de 1960, en Mendoza, como una sociedad civil sin fines de lucro; convirti\u00e9ndose en la primera universidad privada de la provincia y la novena en ser reconocida&#8230;<\/p>\n","protected":false},"author":16,"featured_media":0,"parent":0,"menu_order":0,"comment_status":"closed","ping_status":"closed","template":"","meta":{"footnotes":""},"class_list":["post-3338","page","type-page","status-publish","hentry"],"aioseo_notices":[],"_links":{"self":[{"href":"https:\/\/sic.nodscloud.com\/nodsglobal\/wp-json\/wp\/v2\/pages\/3338","targetHints":{"allow":["GET"]}}],"collection":[{"href":"https:\/\/sic.nodscloud.com\/nodsglobal\/wp-json\/wp\/v2\/pages"}],"about":[{"href":"https:\/\/sic.nodscloud.com\/nodsglobal\/wp-json\/wp\/v2\/types\/page"}],"author":[{"embeddable":true,"href":"https:\/\/sic.nodscloud.com\/nodsglobal\/wp-json\/wp\/v2\/users\/16"}],"replies":[{"embeddable":true,"href":"https:\/\/sic.nodscloud.com\/nodsglobal\/wp-json\/wp\/v2\/comments?post=3338"}],"version-history":[{"count":3,"href":"https:\/\/sic.nodscloud.com\/nodsglobal\/wp-json\/wp\/v2\/pages\/3338\/revisions"}],"predecessor-version":[{"id":3405,"href":"https:\/\/sic.nodscloud.com\/nodsglobal\/wp-json\/wp\/v2\/pages\/3338\/revisions\/3405"}],"wp:attachment":[{"href":"https:\/\/sic.nodscloud.com\/nodsglobal\/wp-json\/wp\/v2\/media?parent=3338"}],"curies":[{"name":"wp","href":"https:\/\/api.w.org\/{rel}","templated":true}]}}